{"id":1088,"date":"2023-10-27T09:58:07","date_gmt":"2023-10-27T01:58:07","guid":{"rendered":"https:\/\/www.eggmachinery.com\/?post_type=product&#038;p=1088"},"modified":"2023-10-28T14:46:28","modified_gmt":"2023-10-28T06:46:28","slug":"hard-boiled-egg-cooling-machine","status":"publish","type":"product","link":"https:\/\/www.eggmachinery.com\/fr\/produit\/hard-boiled-egg-cooling-machine\/","title":{"rendered":"Machine \u00e0 refroidir les \u0153ufs durs"},"content":{"rendered":"<p>L'\u0153uf de poule dur est tr\u00e8s chaud apr\u00e8s la cuisson, il doit d'abord \u00eatre refroidi puis \u00e9cal\u00e9, apr\u00e8s refroidissement, il sera tr\u00e8s facile d'enlever la coquille de l'\u0153uf.Soulever les \u0153ufs cuits dans un r\u00e9servoir d'eau froide pour les refroidir, l'eau du robinet ou l'eau glac\u00e9e est utilis\u00e9e pour les refroidir imm\u00e9diatement afin qu'ils soient pr\u00eats pour l'\u00e9calage ult\u00e9rieur ;<\/p>\n<p>Refroidir l'\u0153uf apr\u00e8s l'avoir fait bouillir pr\u00e9sente plusieurs avantages, notamment celui de faciliter son \u00e9pluchage et de r\u00e9duire le risque de surcuisson. En outre, le refroidissement de l'\u0153uf permet d'\u00e9viter que le jaune ne devienne vert en raison d'une r\u00e9action entre le soufre contenu dans le blanc et le fer contenu dans le jaune.<\/p>\n<h4 class=\"SkipGrammarPaint\"><\/h4>","protected":false},"excerpt":{"rendered":"<p>L'\u0153uf de poule dur est tr\u00e8s chaud apr\u00e8s la cuisson, il doit d'abord \u00eatre refroidi, puis la coquille doit \u00eatre enlev\u00e9e. Apr\u00e8s refroidissement, la coquille de l'\u0153uf sera tr\u00e8s facile \u00e0 enlever.<\/p>","protected":false},"featured_media":1091,"template":"","meta":{"_seopress_robots_primary_cat":"none"},"product_cat":[25,19],"product_tag":[],"featured_image_urls":{"full":["https:\/\/www.eggmachinery.com\/wp-content\/uploads\/2023\/04\/egg-cooling-machine.webp",820,680,false],"thumbnail":["https:\/\/www.eggmachinery.com\/wp-content\/uploads\/2023\/04\/egg-cooling-machine-150x150.webp",150,150,true],"medium":["https:\/\/www.eggmachinery.com\/wp-content\/uploads\/2023\/04\/egg-cooling-machine-300x249.webp",300,249,true],"medium_large":["https:\/\/www.eggmachinery.com\/wp-content\/uploads\/2023\/04\/egg-cooling-machine-768x637.webp",768,637,true],"large":["https:\/\/www.eggmachinery.com\/wp-content\/uploads\/2023\/04\/egg-cooling-machine.webp",820,680,false],"1536x1536":["https:\/\/www.eggmachinery.com\/wp-content\/uploads\/2023\/04\/egg-cooling-machine.webp",820,680,false],"2048x2048":["https:\/\/www.eggmachinery.com\/wp-content\/uploads\/2023\/04\/egg-cooling-machine.webp",820,680,false],"trp-custom-language-flag":["https:\/\/www.eggmachinery.com\/wp-content\/uploads\/2023\/04\/egg-cooling-machine.webp",14,12,false],"woocommerce_thumbnail":["https:\/\/www.eggmachinery.com\/wp-content\/uploads\/2023\/04\/egg-cooling-machine-300x249.webp",300,249,true],"woocommerce_single":["https:\/\/www.eggmachinery.com\/wp-content\/uploads\/2023\/04\/egg-cooling-machine-600x498.webp",600,498,true],"woocommerce_gallery_thumbnail":["https:\/\/www.eggmachinery.com\/wp-content\/uploads\/2023\/04\/egg-cooling-machine-100x100.webp",100,100,true]},"post_excerpt_stackable":"<p>The hard boiled chicken egg after cooking is very hot, it should be cool down first and then peel the shell, after cooling, it will be very easily to remove the egg shell.<\/p>\n","category_list":"","author_info":{"name":"","url":""},"comments_num":"0 comments","_links":{"self":[{"href":"https:\/\/www.eggmachinery.com\/fr\/wp-json\/wp\/v2\/product\/1088"}],"collection":[{"href":"https:\/\/www.eggmachinery.com\/fr\/wp-json\/wp\/v2\/product"}],"about":[{"href":"https:\/\/www.eggmachinery.com\/fr\/wp-json\/wp\/v2\/types\/product"}],"wp:featuredmedia":[{"embeddable":true,"href":"https:\/\/www.eggmachinery.com\/fr\/wp-json\/wp\/v2\/media\/1091"}],"wp:attachment":[{"href":"https:\/\/www.eggmachinery.com\/fr\/wp-json\/wp\/v2\/media?parent=1088"}],"wp:term":[{"taxonomy":"product_cat","embeddable":true,"href":"https:\/\/www.eggmachinery.com\/fr\/wp-json\/wp\/v2\/product_cat?post=1088"},{"taxonomy":"product_tag","embeddable":true,"href":"https:\/\/www.eggmachinery.com\/fr\/wp-json\/wp\/v2\/product_tag?post=1088"}],"curies":[{"name":"wp","href":"https:\/\/api.w.org\/{rel}","templated":true}]}}