{"id":1112,"date":"2023-04-11T13:39:31","date_gmt":"2023-04-11T05:39:31","guid":{"rendered":"https:\/\/www.eggmachinery.com\/?post_type=product&#038;p=1112"},"modified":"2023-04-11T13:57:40","modified_gmt":"2023-04-11T05:57:40","slug":"quail-egg-water-tank-feeder","status":"publish","type":"product","link":"https:\/\/www.eggmachinery.com\/fr\/produit\/quail-egg-water-tank-feeder\/","title":{"rendered":"Mangeoire \u00e0 eau pour oeufs de caille"},"content":{"rendered":"<p>R\u00e9servoir d'alimentation d'\u0153ufs de caille pour le trempage et l'\u00e9l\u00e9vation des \u0153ufs de caille<\/p>\n<p>Le r\u00e9servoir d'eau est tremp\u00e9 et sur\u00e9lev\u00e9, les \u0153ufs sont ramass\u00e9s s'ils ne sont pas frais et endommag\u00e9s, et les \u0153ufs sont transport\u00e9s vers la machine \u00e0 bouillir les \u0153ufs de caille.<\/p>","protected":false},"excerpt":{"rendered":"<p>R\u00e9servoir d'alimentation d'\u0153ufs de caille pour le trempage et l'\u00e9l\u00e9vation des \u0153ufs de caille<\/p>\n<p>Le r\u00e9servoir d'eau est tremp\u00e9 et sur\u00e9lev\u00e9, les \u0153ufs sont ramass\u00e9s s'ils ne sont pas frais et endommag\u00e9s, et les \u0153ufs sont transport\u00e9s vers la machine \u00e0 bouillir les \u0153ufs de caille.<\/p>","protected":false},"featured_media":1121,"template":"","meta":{"_seopress_robots_primary_cat":"none"},"product_cat":[15,31],"product_tag":[41],"featured_image_urls":{"full":["https:\/\/www.eggmachinery.com\/wp-content\/uploads\/2023\/04\/quail-egg-water-tank-feeder-1.webp",820,680,false],"thumbnail":["https:\/\/www.eggmachinery.com\/wp-content\/uploads\/2023\/04\/quail-egg-water-tank-feeder-1-150x150.webp",150,150,true],"medium":["https:\/\/www.eggmachinery.com\/wp-content\/uploads\/2023\/04\/quail-egg-water-tank-feeder-1-300x249.webp",300,249,true],"medium_large":["https:\/\/www.eggmachinery.com\/wp-content\/uploads\/2023\/04\/quail-egg-water-tank-feeder-1-768x637.webp",768,637,true],"large":["https:\/\/www.eggmachinery.com\/wp-content\/uploads\/2023\/04\/quail-egg-water-tank-feeder-1.webp",820,680,false],"1536x1536":["https:\/\/www.eggmachinery.com\/wp-content\/uploads\/2023\/04\/quail-egg-water-tank-feeder-1.webp",820,680,false],"2048x2048":["https:\/\/www.eggmachinery.com\/wp-content\/uploads\/2023\/04\/quail-egg-water-tank-feeder-1.webp",820,680,false],"trp-custom-language-flag":["https:\/\/www.eggmachinery.com\/wp-content\/uploads\/2023\/04\/quail-egg-water-tank-feeder-1.webp",14,12,false],"woocommerce_thumbnail":["https:\/\/www.eggmachinery.com\/wp-content\/uploads\/2023\/04\/quail-egg-water-tank-feeder-1-300x249.webp",300,249,true],"woocommerce_single":["https:\/\/www.eggmachinery.com\/wp-content\/uploads\/2023\/04\/quail-egg-water-tank-feeder-1-600x498.webp",600,498,true],"woocommerce_gallery_thumbnail":["https:\/\/www.eggmachinery.com\/wp-content\/uploads\/2023\/04\/quail-egg-water-tank-feeder-1-100x100.webp",100,100,true]},"post_excerpt_stackable":"<p>Quail Egg Water Tank Feeder For Quail Egg Soaking &amp; Elevating<\/p>\n<p>The water tank soaking and elevating, picked the eggs are not fresh and damaged, and the eggs will be transported to the quail egg boiling machine .<\/p>\n","category_list":"","author_info":{"name":"","url":""},"comments_num":"0 comments","_links":{"self":[{"href":"https:\/\/www.eggmachinery.com\/fr\/wp-json\/wp\/v2\/product\/1112"}],"collection":[{"href":"https:\/\/www.eggmachinery.com\/fr\/wp-json\/wp\/v2\/product"}],"about":[{"href":"https:\/\/www.eggmachinery.com\/fr\/wp-json\/wp\/v2\/types\/product"}],"wp:featuredmedia":[{"embeddable":true,"href":"https:\/\/www.eggmachinery.com\/fr\/wp-json\/wp\/v2\/media\/1121"}],"wp:attachment":[{"href":"https:\/\/www.eggmachinery.com\/fr\/wp-json\/wp\/v2\/media?parent=1112"}],"wp:term":[{"taxonomy":"product_cat","embeddable":true,"href":"https:\/\/www.eggmachinery.com\/fr\/wp-json\/wp\/v2\/product_cat?post=1112"},{"taxonomy":"product_tag","embeddable":true,"href":"https:\/\/www.eggmachinery.com\/fr\/wp-json\/wp\/v2\/product_tag?post=1112"}],"curies":[{"name":"wp","href":"https:\/\/api.w.org\/{rel}","templated":true}]}}