{"id":1116,"date":"2023-04-11T13:55:25","date_gmt":"2023-04-11T05:55:25","guid":{"rendered":"https:\/\/www.eggmachinery.com\/?post_type=product&#038;p=1116"},"modified":"2023-04-11T13:55:25","modified_gmt":"2023-04-11T05:55:25","slug":"quail-egg-cooling-machine-for-hard-boiled-eggs","status":"publish","type":"product","link":"https:\/\/www.eggmachinery.com\/fr\/produit\/quail-egg-cooling-machine-for-hard-boiled-eggs\/","title":{"rendered":"Machine \u00e0 refroidir les \u0153ufs de caille durs"},"content":{"rendered":"<p>Machine \u00e0 refroidir les \u0153ufs de caille durs<\/p>\n<p>Les \u0153ufs de caille bouillis entrent dans le r\u00e9servoir de refroidissement, qui est rapidement refroidi par de l'eau glac\u00e9e et transport\u00e9 vers le broyeur.<\/p>\n<p>Il est beaucoup plus facile d'\u00e9caler les \u0153ufs de caille apr\u00e8s leur passage dans l'auge de la machine de refroidissement, car la temp\u00e9rature a baiss\u00e9 et la coquille s'est s\u00e9par\u00e9e de l'int\u00e9rieur de l'\u0153uf.<\/p>","protected":false},"excerpt":{"rendered":"<p>Machine \u00e0 refroidir les \u0153ufs de caille pour les \u0153ufs durs<\/p>\n<p>Le r\u00e9servoir de refroidissement, qui est rapidement amen\u00e9 au broyeur apr\u00e8s avoir \u00e9t\u00e9 rapidement refroidi par de l'eau glac\u00e9e, re\u00e7oit les \u0153ufs de caille cuits.<\/p>\n<p>La temp\u00e9rature a baiss\u00e9 et la coquille s'est s\u00e9par\u00e9e de l'int\u00e9rieur de l'\u0153uf, ce qui facilite grandement l'\u00e9calage des \u0153ufs de caille apr\u00e8s leur passage dans l'auge de la machine de refroidissement.<\/p>","protected":false},"featured_media":1119,"template":"","meta":{"_seopress_robots_primary_cat":""},"product_cat":[26],"product_tag":[42],"featured_image_urls":{"full":["https:\/\/www.eggmachinery.com\/wp-content\/uploads\/2023\/04\/hard-boiled-quail-egg-cooling-machine.webp",820,680,false],"thumbnail":["https:\/\/www.eggmachinery.com\/wp-content\/uploads\/2023\/04\/hard-boiled-quail-egg-cooling-machine-150x150.webp",150,150,true],"medium":["https:\/\/www.eggmachinery.com\/wp-content\/uploads\/2023\/04\/hard-boiled-quail-egg-cooling-machine-300x249.webp",300,249,true],"medium_large":["https:\/\/www.eggmachinery.com\/wp-content\/uploads\/2023\/04\/hard-boiled-quail-egg-cooling-machine-768x637.webp",768,637,true],"large":["https:\/\/www.eggmachinery.com\/wp-content\/uploads\/2023\/04\/hard-boiled-quail-egg-cooling-machine.webp",820,680,false],"1536x1536":["https:\/\/www.eggmachinery.com\/wp-content\/uploads\/2023\/04\/hard-boiled-quail-egg-cooling-machine.webp",820,680,false],"2048x2048":["https:\/\/www.eggmachinery.com\/wp-content\/uploads\/2023\/04\/hard-boiled-quail-egg-cooling-machine.webp",820,680,false],"trp-custom-language-flag":["https:\/\/www.eggmachinery.com\/wp-content\/uploads\/2023\/04\/hard-boiled-quail-egg-cooling-machine.webp",14,12,false],"woocommerce_thumbnail":["https:\/\/www.eggmachinery.com\/wp-content\/uploads\/2023\/04\/hard-boiled-quail-egg-cooling-machine-300x249.webp",300,249,true],"woocommerce_single":["https:\/\/www.eggmachinery.com\/wp-content\/uploads\/2023\/04\/hard-boiled-quail-egg-cooling-machine-600x498.webp",600,498,true],"woocommerce_gallery_thumbnail":["https:\/\/www.eggmachinery.com\/wp-content\/uploads\/2023\/04\/hard-boiled-quail-egg-cooling-machine-100x100.webp",100,100,true]},"post_excerpt_stackable":"<p>Quail Egg Cooling Machine for Hard-Boiled Eggs<\/p>\n<p>The cooling tank, which is promptly brought to the crusher after being rapidly chilled by ice water, receives the cooked quail eggs.<\/p>\n<p>The temperature has lowered and the shell has parted from the interior of the egg, making it much easier to shell quail eggs after they have been through the cooling machine trough.<\/p>\n","category_list":"","author_info":{"name":"","url":""},"comments_num":"0 comments","_links":{"self":[{"href":"https:\/\/www.eggmachinery.com\/fr\/wp-json\/wp\/v2\/product\/1116"}],"collection":[{"href":"https:\/\/www.eggmachinery.com\/fr\/wp-json\/wp\/v2\/product"}],"about":[{"href":"https:\/\/www.eggmachinery.com\/fr\/wp-json\/wp\/v2\/types\/product"}],"wp:featuredmedia":[{"embeddable":true,"href":"https:\/\/www.eggmachinery.com\/fr\/wp-json\/wp\/v2\/media\/1119"}],"wp:attachment":[{"href":"https:\/\/www.eggmachinery.com\/fr\/wp-json\/wp\/v2\/media?parent=1116"}],"wp:term":[{"taxonomy":"product_cat","embeddable":true,"href":"https:\/\/www.eggmachinery.com\/fr\/wp-json\/wp\/v2\/product_cat?post=1116"},{"taxonomy":"product_tag","embeddable":true,"href":"https:\/\/www.eggmachinery.com\/fr\/wp-json\/wp\/v2\/product_tag?post=1116"}],"curies":[{"name":"wp","href":"https:\/\/api.w.org\/{rel}","templated":true}]}}