{"id":1122,"date":"2023-04-11T14:18:13","date_gmt":"2023-04-11T06:18:13","guid":{"rendered":"https:\/\/www.eggmachinery.com\/?post_type=product&#038;p=1122"},"modified":"2023-04-11T14:18:13","modified_gmt":"2023-04-11T06:18:13","slug":"quail-egg-boiling-machine-2","status":"publish","type":"product","link":"https:\/\/www.eggmachinery.com\/fr\/produit\/quail-egg-boiling-machine-2\/","title":{"rendered":"Machine \u00e0 bouillir les \u0153ufs de caille"},"content":{"rendered":"<p>Machine \u00e0 bouillir les oeufs de caille - Cuisson dure des oeufs de caille \u00e0 haute temp\u00e9rature<\/p>\n<p>Une machine \u00e0 bouillir les \u0153ufs de caille est un appareil con\u00e7u pour faire bouillir les \u0153ufs de caille de mani\u00e8re efficace et r\u00e9guli\u00e8re. Il est couramment utilis\u00e9 dans les cuisines commerciales et les installations de transformation des aliments pour gagner du temps et r\u00e9duire les co\u00fbts de main-d'\u0153uvre.<\/p>\n<p>Les \u0153ufs de caille sont cuits \u00e0 haute temp\u00e9rature \u00e0 l'aide de machines sp\u00e9cialis\u00e9es qui centrent les jaunes. Les \u0153ufs de caille peuvent \u00eatre chauff\u00e9s rapidement \u00e0 l'aide de la transmission en spirale et peuvent \u00eatre retourn\u00e9s rapidement pendant la cuisson et chauff\u00e9s uniform\u00e9ment dans la zone de cuisson.<\/p>\n<p><span style=\"font-family: arial;\">Comment utiliser la machine \u00e0 bouillir les \u0153ufs de caille \u00e0 haute temp\u00e9rature ?<\/span><\/p>\n<p>Pour utiliser la machine \u00e0 bouillir les \u0153ufs de caille \u00e0 haute temp\u00e9rature, commencez par remplir le r\u00e9servoir d'eau avec de l'eau propre et mettez la machine en marche. Placez ensuite les \u0153ufs de caille dans le bac pr\u00e9vu \u00e0 cet effet et r\u00e9glez la dur\u00e9e et la temp\u00e9rature d'\u00e9bullition souhait\u00e9es.<\/p>","protected":false},"excerpt":{"rendered":"<p>La machine \u00e0 bouillir les \u0153ufs de caille offre un moyen pratique et efficace de faire bouillir des \u0153ufs de caille en grandes quantit\u00e9s, ce qui permet d'\u00e9conomiser du temps et des efforts. Sa conception compacte et ses fonctions faciles \u00e0 utiliser en font un compl\u00e9ment pr\u00e9cieux \u00e0 toute cuisine commerciale ou installation de transformation des aliments.<\/p>","protected":false},"featured_media":1125,"template":"","meta":{"_seopress_robots_primary_cat":""},"product_cat":[26],"product_tag":[43],"featured_image_urls":{"full":["https:\/\/www.eggmachinery.com\/wp-content\/uploads\/2023\/04\/quail-egg-boiling-machine.webp",820,680,false],"thumbnail":["https:\/\/www.eggmachinery.com\/wp-content\/uploads\/2023\/04\/quail-egg-boiling-machine-150x150.webp",150,150,true],"medium":["https:\/\/www.eggmachinery.com\/wp-content\/uploads\/2023\/04\/quail-egg-boiling-machine-300x249.webp",300,249,true],"medium_large":["https:\/\/www.eggmachinery.com\/wp-content\/uploads\/2023\/04\/quail-egg-boiling-machine-768x637.webp",768,637,true],"large":["https:\/\/www.eggmachinery.com\/wp-content\/uploads\/2023\/04\/quail-egg-boiling-machine.webp",820,680,false],"1536x1536":["https:\/\/www.eggmachinery.com\/wp-content\/uploads\/2023\/04\/quail-egg-boiling-machine.webp",820,680,false],"2048x2048":["https:\/\/www.eggmachinery.com\/wp-content\/uploads\/2023\/04\/quail-egg-boiling-machine.webp",820,680,false],"trp-custom-language-flag":["https:\/\/www.eggmachinery.com\/wp-content\/uploads\/2023\/04\/quail-egg-boiling-machine.webp",14,12,false],"woocommerce_thumbnail":["https:\/\/www.eggmachinery.com\/wp-content\/uploads\/2023\/04\/quail-egg-boiling-machine-300x249.webp",300,249,true],"woocommerce_single":["https:\/\/www.eggmachinery.com\/wp-content\/uploads\/2023\/04\/quail-egg-boiling-machine-600x498.webp",600,498,true],"woocommerce_gallery_thumbnail":["https:\/\/www.eggmachinery.com\/wp-content\/uploads\/2023\/04\/quail-egg-boiling-machine-100x100.webp",100,100,true]},"post_excerpt_stackable":"<p>the Quail Egg Boiling Machine offers a convenient and efficient way to boil quail eggs in large quantities, saving time and effort. Its compact design and easy-to-use features make it a valuable addition to any commercial kitchen or food processing facility.<\/p>\n","category_list":"","author_info":{"name":"","url":""},"comments_num":"0 comments","_links":{"self":[{"href":"https:\/\/www.eggmachinery.com\/fr\/wp-json\/wp\/v2\/product\/1122"}],"collection":[{"href":"https:\/\/www.eggmachinery.com\/fr\/wp-json\/wp\/v2\/product"}],"about":[{"href":"https:\/\/www.eggmachinery.com\/fr\/wp-json\/wp\/v2\/types\/product"}],"wp:featuredmedia":[{"embeddable":true,"href":"https:\/\/www.eggmachinery.com\/fr\/wp-json\/wp\/v2\/media\/1125"}],"wp:attachment":[{"href":"https:\/\/www.eggmachinery.com\/fr\/wp-json\/wp\/v2\/media?parent=1122"}],"wp:term":[{"taxonomy":"product_cat","embeddable":true,"href":"https:\/\/www.eggmachinery.com\/fr\/wp-json\/wp\/v2\/product_cat?post=1122"},{"taxonomy":"product_tag","embeddable":true,"href":"https:\/\/www.eggmachinery.com\/fr\/wp-json\/wp\/v2\/product_tag?post=1122"}],"curies":[{"name":"wp","href":"https:\/\/api.w.org\/{rel}","templated":true}]}}