{"id":1126,"date":"2023-04-11T14:27:30","date_gmt":"2023-04-11T06:27:30","guid":{"rendered":"https:\/\/www.eggmachinery.com\/?post_type=product&#038;p=1126"},"modified":"2023-04-11T14:27:30","modified_gmt":"2023-04-11T06:27:30","slug":"quail-eggs-shell-cracking-machine","status":"publish","type":"product","link":"https:\/\/www.eggmachinery.com\/fr\/produit\/quail-eggs-shell-cracking-machine\/","title":{"rendered":"Machine \u00e0 casser les coquilles d'\u0153ufs de caille"},"content":{"rendered":"<p>Casser la coquille d'un \u0153uf de caille peut s'av\u00e9rer un peu d\u00e9licat pour certains, en particulier pour ceux qui n'ont pas l'habitude de manipuler des \u0153ufs de petite taille. Cependant, avec un peu de pratique et de patience, cela peut devenir un jeu d'enfant.<\/p>\n<p>Tout d'abord, il faut tenir compte du fait que les \u0153ufs de caille sont beaucoup plus petits que les \u0153ufs de poule, ce qui signifie que leur coquille est \u00e9galement plus fine. Il est donc important de manipuler les \u0153ufs de caille avec pr\u00e9caution afin d'\u00e9viter de casser ou de fissurer la coquille.<\/p>\n<p>La m\u00e9thode de cassage des \u0153ufs de caille consiste \u00e0 utiliser un casse-\u0153uf ou un coupe-\u0153uf sp\u00e9cialis\u00e9. Ces outils sont con\u00e7us pour rendre le processus de cassage des \u0153ufs de caille plus facile et plus efficace. Un casse-\u0153uf maintient l'\u0153uf en place tandis qu'une petite lame ou une pointe perfore la coquille, ce qui permet de la casser facilement. Le coupe-\u0153uf de caille, quant \u00e0 lui, est un petit appareil qui ressemble \u00e0 une paire de ciseaux, dont l'une des lames est munie d'une petite cavit\u00e9 en forme de coupe qui s'ins\u00e8re sur le dessus de l'\u0153uf de caille. Lorsque les lames sont ferm\u00e9es, la coquille est proprement coup\u00e9e en deux, ce qui permet d'en extraire facilement le contenu.<\/p>\n<p>Quelle que soit la m\u00e9thode choisie, il est important de faire attention en cassant les \u0153ufs de caille afin d'\u00e9viter tout bris ou d\u00e9versement. Une fois que vous avez r\u00e9ussi \u00e0 casser la coquille, vous pouvez utiliser l'\u0153uf cuit dans une vari\u00e9t\u00e9 de plats d\u00e9licieux, tels que des salades, des soupes ou comme garniture sur d'autres plats. Avec un peu d'entra\u00eenement, casser des \u0153ufs de caille peut devenir une t\u00e2che simple et agr\u00e9able.<\/p>","protected":false},"excerpt":{"rendered":"<p>La machine de cassage de coquilles d'\u0153ufs de caille permet de briser la coquille de mani\u00e8re uniforme, d'am\u00e9liorer l'efficacit\u00e9 et de r\u00e9duire le taux de dommages.<\/p>","protected":false},"featured_media":1129,"template":"","meta":{"_seopress_robots_primary_cat":""},"product_cat":[15],"product_tag":[44],"featured_image_urls":{"full":["https:\/\/www.eggmachinery.com\/wp-content\/uploads\/2023\/04\/Quail-Eggs-Shell-Cracking-machine.webp",820,680,false],"thumbnail":["https:\/\/www.eggmachinery.com\/wp-content\/uploads\/2023\/04\/Quail-Eggs-Shell-Cracking-machine-150x150.webp",150,150,true],"medium":["https:\/\/www.eggmachinery.com\/wp-content\/uploads\/2023\/04\/Quail-Eggs-Shell-Cracking-machine-300x249.webp",300,249,true],"medium_large":["https:\/\/www.eggmachinery.com\/wp-content\/uploads\/2023\/04\/Quail-Eggs-Shell-Cracking-machine-768x637.webp",768,637,true],"large":["https:\/\/www.eggmachinery.com\/wp-content\/uploads\/2023\/04\/Quail-Eggs-Shell-Cracking-machine.webp",820,680,false],"1536x1536":["https:\/\/www.eggmachinery.com\/wp-content\/uploads\/2023\/04\/Quail-Eggs-Shell-Cracking-machine.webp",820,680,false],"2048x2048":["https:\/\/www.eggmachinery.com\/wp-content\/uploads\/2023\/04\/Quail-Eggs-Shell-Cracking-machine.webp",820,680,false],"trp-custom-language-flag":["https:\/\/www.eggmachinery.com\/wp-content\/uploads\/2023\/04\/Quail-Eggs-Shell-Cracking-machine.webp",14,12,false],"woocommerce_thumbnail":["https:\/\/www.eggmachinery.com\/wp-content\/uploads\/2023\/04\/Quail-Eggs-Shell-Cracking-machine-300x249.webp",300,249,true],"woocommerce_single":["https:\/\/www.eggmachinery.com\/wp-content\/uploads\/2023\/04\/Quail-Eggs-Shell-Cracking-machine-600x498.webp",600,498,true],"woocommerce_gallery_thumbnail":["https:\/\/www.eggmachinery.com\/wp-content\/uploads\/2023\/04\/Quail-Eggs-Shell-Cracking-machine-100x100.webp",100,100,true]},"post_excerpt_stackable":"<p>Using the Quail Eggs Shell Cracking machine ,the shell is broken evenly, improve the efficiency and reduce the damage rate.<\/p>\n","category_list":"","author_info":{"name":"","url":""},"comments_num":"0 comments","_links":{"self":[{"href":"https:\/\/www.eggmachinery.com\/fr\/wp-json\/wp\/v2\/product\/1126"}],"collection":[{"href":"https:\/\/www.eggmachinery.com\/fr\/wp-json\/wp\/v2\/product"}],"about":[{"href":"https:\/\/www.eggmachinery.com\/fr\/wp-json\/wp\/v2\/types\/product"}],"wp:featuredmedia":[{"embeddable":true,"href":"https:\/\/www.eggmachinery.com\/fr\/wp-json\/wp\/v2\/media\/1129"}],"wp:attachment":[{"href":"https:\/\/www.eggmachinery.com\/fr\/wp-json\/wp\/v2\/media?parent=1126"}],"wp:term":[{"taxonomy":"product_cat","embeddable":true,"href":"https:\/\/www.eggmachinery.com\/fr\/wp-json\/wp\/v2\/product_cat?post=1126"},{"taxonomy":"product_tag","embeddable":true,"href":"https:\/\/www.eggmachinery.com\/fr\/wp-json\/wp\/v2\/product_tag?post=1126"}],"curies":[{"name":"wp","href":"https:\/\/api.w.org\/{rel}","templated":true}]}}