{"id":2299,"date":"2023-12-01T16:22:31","date_gmt":"2023-12-01T08:22:31","guid":{"rendered":"https:\/\/www.eggmachinery.com\/?post_type=product&#038;p=2299"},"modified":"2023-12-01T16:31:06","modified_gmt":"2023-12-01T08:31:06","slug":"boiled-egg-sterilization-equipment","status":"publish","type":"product","link":"https:\/\/www.eggmachinery.com\/fr\/produit\/boiled-egg-sterilization-equipment\/","title":{"rendered":"\u00c9quipement de st\u00e9rilisation des \u0153ufs durs"},"content":{"rendered":"<h2>Qu'est-ce que l'\u00e9quipement de st\u00e9rilisation des \u0153ufs durs ?<\/h2>\n<p>L'expression \"\u00e9quipement de st\u00e9rilisation des \u0153ufs durs\" d\u00e9signe les machines ou les dispositifs con\u00e7us sp\u00e9cifiquement pour la st\u00e9rilisation des \u0153ufs durs. Ces appareils sont dot\u00e9s de caract\u00e9ristiques et de fonctions qui garantissent que les \u0153ufs subissent un processus de st\u00e9rilisation, impliquant g\u00e9n\u00e9ralement une temp\u00e9rature \u00e9lev\u00e9e et un traitement de courte dur\u00e9e, afin d'\u00e9liminer les micro-organismes et les agents pathog\u00e8nes nocifs, garantissant ainsi la s\u00e9curit\u00e9 et la qualit\u00e9 des \u0153ufs durs. L'\u00e9quipement peut comporter diverses caract\u00e9ristiques technologiques, telles que des syst\u00e8mes de contr\u00f4le automatique, des modes d'\u00e9change de flux d'eau uniformes et des dispositifs de protection de la s\u00e9curit\u00e9, comme indiqu\u00e9 dans les descriptions pr\u00e9c\u00e9dentes. L'objectif est de fournir un environnement efficace et contr\u00f4l\u00e9 pour la st\u00e9rilisation des \u0153ufs durs \u00e0 l'\u00e9chelle commerciale ou industrielle.<\/p>\n<h2><strong>Machine \u00e0 st\u00e9riliser les \u0153ufs \u00e0 la coque Industries concern\u00e9es<\/strong><\/h2>\n<p>La machine de st\u00e9rilisation des \u0153ufs durs convient \u00e0 diverses industries, notamment les h\u00f4tels, les ateliers de confection, les ateliers de mat\u00e9riaux de construction, les ateliers de r\u00e9paration de machines, les usines de fabrication, les usines de produits alimentaires et de boissons, les fermes, les restaurants, la consommation domestique, le commerce de d\u00e9tail, les magasins d'alimentation, les imprimeries, les travaux de construction, l'\u00e9nergie et l'exploitation mini\u00e8re, les magasins de produits alimentaires et de boissons, d'autres entreprises et les soci\u00e9t\u00e9s de publicit\u00e9.<\/p>\n<p>&nbsp;<\/p>\n<p>&nbsp;<\/p>\n<p>&nbsp;<\/p>\n<p><strong>\u00a0<\/strong><\/p>\n<h2><strong>Description de la machine de st\u00e9rilisation des \u0153ufs durs <\/strong><\/h2>\n<p>Il convient \u00e0 divers types de r\u00e9cipients en plastique tels que les bouteilles en PP et les bouteilles en HDPE. Il convient \u00e9galement \u00e0 la st\u00e9rilisation de mat\u00e9riaux d'emballage souples tels que les sacs en papier d'aluminium, les sacs transparents \u00e0 haute temp\u00e9rature, les sacs sous vide \u00e0 haute temp\u00e9rature et autres.<a href=\"https:\/\/www.eggmachinery.com\/fr\/produit\/egg-packing-machine-2\/\"> emballage des \u0153ufs<\/a> utilis\u00e9s pour conserver les aliments et les boissons.<\/p>\n<p>&nbsp;<\/p>\n<p>&nbsp;<\/p>\n<h3><strong>Caract\u00e9ristiques principales de la machine \u00e0 st\u00e9riliser les \u0153ufs durs<\/strong><\/h3>\n<p>- La st\u00e9rilisation \u00e0 haute temp\u00e9rature et \u00e0 court terme permet d'am\u00e9liorer l'efficacit\u00e9 op\u00e9rationnelle.<\/p>\n<p>- Favorise les \u00e9conomies d'\u00e9nergie et la r\u00e9duction des co\u00fbts.<\/p>\n<p>- Le mode d'\u00e9change du flux d'eau uniforme permet d'obtenir une temp\u00e9rature constante, d'\u00e9liminer les angles morts et de garantir la qualit\u00e9 du produit.<\/p>\n<p>- Maintient une temp\u00e9rature stable tout au long du processus de st\u00e9rilisation dans le pot de st\u00e9rilisation, garantissant un taux qualifi\u00e9 de valeur F.<\/p>\n<p>- \u00c9quip\u00e9 d'un syst\u00e8me de contr\u00f4le automatique qui distribue efficacement la chaleur dans la marmite, r\u00e9duisant ainsi la n\u00e9cessit\u00e9 d'une intervention manuelle et d'une allocation des ressources.<\/p>\n<p>- Enregistre jusqu'\u00e0 100 formules de st\u00e9rilisation dans l'ordinateur pour une s\u00e9lection flexible en fonction des diff\u00e9rents mat\u00e9riaux et processus de st\u00e9rilisation.<\/p>\n<p>- Lorsque le courant est r\u00e9tabli apr\u00e8s une panne, le programme informatique revient automatiquement \u00e0 l'\u00e9tat ant\u00e9rieur \u00e0 la panne.<\/p>\n<p>- La pr\u00e9servation de la chaleur du corps du pot minimise les pertes de chaleur, ce qui contribue aux \u00e9conomies d'\u00e9nergie.<\/p>\n<p>- Comprend un syst\u00e8me de simulation de contr\u00f4le de la temp\u00e9rature avec un m\u00e9canisme de chauffage \u00e0 plusieurs niveaux qui peut \u00eatre configur\u00e9.<\/p>\n<p>- Inclut une fonction pour mesurer la valeur F.<\/p>\n<p>- Incorpore un dispositif de protection de s\u00e9curit\u00e9 qui combine plusieurs commandes m\u00e9caniques et \u00e9lectriques afin d'\u00e9liminer les risques potentiels pour la s\u00e9curit\u00e9 de l'\u00e9quipement.<\/p>\n<p>&nbsp;<\/p>\n<h3><strong>Les principales parties<\/strong><\/h3>\n<p>Nom : Pompe \u00e0 eau Marque:Aoli Origine:Chine<\/p>\n<p>Nom:Vanne papillon pneumatique Marque:Boci Origine:Chine<\/p>\n<p>Nom:Valve pneumatique \u00e0 si\u00e8ge d'angle Marque:Boci Origine:Chine<\/p>\n<p>Nom : Ecran tactile Marque:Siemens Origine:Allemagne<\/p>\n<p>Nom : Le module Marque:Siemens Origine:Allemagne<\/p>\n<p>&nbsp;<\/p>\n<h3><strong>Notre service<\/strong><\/h3>\n<p>Service avant-vente<\/p>\n<p>Aide \u00e0 la recherche et au conseil<\/p>\n<p>Service apr\u00e8s-vente<\/p>\n<p>Formation \u00e0 l'installation de la machine, formation \u00e0 l'utilisation de la machine.<\/p>\n<p>Ing\u00e9nieurs disponibles pour l'entretien des machines \u00e0 l'\u00e9tranger<\/p>\n<p>&nbsp;<\/p>\n<h3><strong>Emballage et transport<\/strong><\/h3>\n<p>Dans des circonstances normales, nous utiliserons un film d'emballage PE pour une partie du produit, puis nous utiliserons un emballage en caisse en bois, ou selon les exigences sp\u00e9ciales de l'emballage du client ; en cas d'exportation vers des pays europ\u00e9ens, nous fumigerons les caisses en bois.<\/p>\n<p>Dans des circonstances normales, nous utilisons des camions pour transporter les produits jusqu'au port de Shanghai ; ou selon les exigences du client, nous choisissons le mode de transport le plus pratique et le plus \u00e9conomique.<\/p>","protected":false},"excerpt":{"rendered":"<p>Le pot de st\u00e9rilisation est \u00e9quip\u00e9 d'un r\u00e9servoir d'eau chaude pour stocker l'eau du processus de st\u00e9rilisation, et l'eau chaude<\/p>\n<p>Il est recycl\u00e9, ce qui permet d'\u00e9conomiser de l'\u00e9nergie et d'assurer la continuit\u00e9 du fonctionnement des \u00e9quipements.<\/p>","protected":false},"featured_media":2301,"template":"","meta":{"_seopress_robots_primary_cat":"none"},"product_cat":[89],"product_tag":[],"featured_image_urls":{"full":["https:\/\/www.eggmachinery.com\/wp-content\/uploads\/Boiled-egg-sterilization-equipment.webp",800,476,false],"thumbnail":["https:\/\/www.eggmachinery.com\/wp-content\/uploads\/Boiled-egg-sterilization-equipment-150x150.webp",150,150,true],"medium":["https:\/\/www.eggmachinery.com\/wp-content\/uploads\/Boiled-egg-sterilization-equipment-300x179.webp",300,179,true],"medium_large":["https:\/\/www.eggmachinery.com\/wp-content\/uploads\/Boiled-egg-sterilization-equipment-768x457.webp",768,457,true],"large":["https:\/\/www.eggmachinery.com\/wp-content\/uploads\/Boiled-egg-sterilization-equipment.webp",800,476,false],"1536x1536":["https:\/\/www.eggmachinery.com\/wp-content\/uploads\/Boiled-egg-sterilization-equipment.webp",800,476,false],"2048x2048":["https:\/\/www.eggmachinery.com\/wp-content\/uploads\/Boiled-egg-sterilization-equipment.webp",800,476,false],"trp-custom-language-flag":["https:\/\/www.eggmachinery.com\/wp-content\/uploads\/Boiled-egg-sterilization-equipment.webp",18,12,false],"woocommerce_thumbnail":["https:\/\/www.eggmachinery.com\/wp-content\/uploads\/Boiled-egg-sterilization-equipment-300x179.webp",300,179,true],"woocommerce_single":["https:\/\/www.eggmachinery.com\/wp-content\/uploads\/Boiled-egg-sterilization-equipment-600x357.webp",600,357,true],"woocommerce_gallery_thumbnail":["https:\/\/www.eggmachinery.com\/wp-content\/uploads\/Boiled-egg-sterilization-equipment-100x100.webp",100,100,true]},"post_excerpt_stackable":"<p>The sterilizing pot is equipped with a hot water storage tank for storing sterilizing process water, and the hot water<\/p>\n<p>It is recycled, which saves energy and ensures the continuity of equipment operation.<\/p>\n","category_list":"","author_info":{"name":"","url":""},"comments_num":"0 comments","_links":{"self":[{"href":"https:\/\/www.eggmachinery.com\/fr\/wp-json\/wp\/v2\/product\/2299"}],"collection":[{"href":"https:\/\/www.eggmachinery.com\/fr\/wp-json\/wp\/v2\/product"}],"about":[{"href":"https:\/\/www.eggmachinery.com\/fr\/wp-json\/wp\/v2\/types\/product"}],"wp:featuredmedia":[{"embeddable":true,"href":"https:\/\/www.eggmachinery.com\/fr\/wp-json\/wp\/v2\/media\/2301"}],"wp:attachment":[{"href":"https:\/\/www.eggmachinery.com\/fr\/wp-json\/wp\/v2\/media?parent=2299"}],"wp:term":[{"taxonomy":"product_cat","embeddable":true,"href":"https:\/\/www.eggmachinery.com\/fr\/wp-json\/wp\/v2\/product_cat?post=2299"},{"taxonomy":"product_tag","embeddable":true,"href":"https:\/\/www.eggmachinery.com\/fr\/wp-json\/wp\/v2\/product_tag?post=2299"}],"curies":[{"name":"wp","href":"https:\/\/api.w.org\/{rel}","templated":true}]}}