{"id":26,"date":"2021-04-09T15:25:49","date_gmt":"2021-04-09T15:25:49","guid":{"rendered":"https:\/\/demo.creativethemes.com\/blocksy\/homi\/?post_type=product&#038;p=26"},"modified":"2023-04-01T11:00:39","modified_gmt":"2023-04-01T03:00:39","slug":"liquid-egg-processing-line","status":"publish","type":"product","link":"https:\/\/www.eggmachinery.com\/fr\/produit\/liquid-egg-processing-line\/","title":{"rendered":"Ligne de traitement des \u0153ufs liquides"},"content":{"rendered":"<p>La ligne de traitement des \u0153ufs liquides est une nouvelle machine d'extraction des \u0153ufs liquides. Elle peut \u00eatre utilis\u00e9e pour casser les \u0153ufs de poule et s\u00e9parer le jaune du liquide de l'\u0153uf entier.<\/p>\n<p>Le blanc et le jaune d'\u0153uf seront totalement s\u00e9par\u00e9s, et s'il y a des mauvais \u0153ufs, la machine de traitement des \u0153ufs peut \u00e9galement \u00e9liminer les mauvais \u0153ufs pour \u00e9viter qu'ils ne polluent le bon liquide d'\u0153uf.<\/p>\n<p>Aujourd'hui, la machine industrielle d'extraction de liquide d'\u0153uf est largement utilis\u00e9e dans les usines de produits de boulangerie, les usines de transformation des aliments, l'industrie m\u00e9dicale, etc.<\/p>\n<p>&nbsp;<\/p>","protected":false},"excerpt":{"rendered":"<p>1. en utilisant notre ligne de cassage et de s\u00e9paration des \u0153ufs, le client peut obtenir des \u0153ufs liquides entiers, ainsi que du jaune d'\u0153uf et des prot\u00e9ines s\u00e9par\u00e9s. Ce type de machine peut offrir la meilleure solution pour les \u0153ufs frais et les mauvais \u0153ufs (jaune d'\u0153uf m\u00e9lang\u00e9 \u00e0 du blanc).<\/p>\n<p>2. cette ligne de cassage et de s\u00e9paration des \u0153ufs peut traiter toutes les tailles d'\u0153ufs.<\/p>\n<p>3. il dispose d'une fonction d'urgence automatique. La machine s'arr\u00eate imm\u00e9diatement pour prot\u00e9ger l'op\u00e9rateur.<\/p>\n<p>4. fonctionnement et lavage faciles. Il existe deux m\u00e9thodes pour laver la casseuse d'\u0153ufs. La premi\u00e8re consiste \u00e0 utiliser un jet d'eau \u00e0 haute pression. La seconde consiste \u00e0 retirer la t\u00eate de cassage et le gobelet de s\u00e9paration. Il suffit d'environ 2 minutes pour les retirer.<\/p>\n<p>5.Contr\u00f4leur d'onduleur Schneider, carte plastique suisse, cha\u00eene de transmission japonaise, pi\u00e8ces en nylon import\u00e9es.<\/p>\n<p>6. il est fabriqu\u00e9 en acier inoxydable 304 de qualit\u00e9 alimentaire, durable et hygi\u00e9nique.<\/p>\n<p>7. il est tr\u00e8s efficace et permet d'\u00e9conomiser de la main-d'\u0153uvre, du temps et de l'argent.<\/p>\n<p>8. effet parfait de cassage et de s\u00e9paration, le liquide de l'\u0153uf est compl\u00e8tement s\u00e9par\u00e9 de la coquille.<\/p>","protected":false},"featured_media":720,"template":"","meta":{"_seopress_robots_primary_cat":"none"},"product_cat":[24],"product_tag":[],"featured_image_urls":{"full":["https:\/\/www.eggmachinery.com\/wp-content\/uploads\/2021\/04\/liquid-egg-processing-line.webp",820,680,false],"thumbnail":["https:\/\/www.eggmachinery.com\/wp-content\/uploads\/2021\/04\/liquid-egg-processing-line-150x150.webp",150,150,true],"medium":["https:\/\/www.eggmachinery.com\/wp-content\/uploads\/2021\/04\/liquid-egg-processing-line-300x249.webp",300,249,true],"medium_large":["https:\/\/www.eggmachinery.com\/wp-content\/uploads\/2021\/04\/liquid-egg-processing-line-768x637.webp",768,637,true],"large":["https:\/\/www.eggmachinery.com\/wp-content\/uploads\/2021\/04\/liquid-egg-processing-line.webp",820,680,false],"1536x1536":["https:\/\/www.eggmachinery.com\/wp-content\/uploads\/2021\/04\/liquid-egg-processing-line.webp",820,680,false],"2048x2048":["https:\/\/www.eggmachinery.com\/wp-content\/uploads\/2021\/04\/liquid-egg-processing-line.webp",820,680,false],"trp-custom-language-flag":["https:\/\/www.eggmachinery.com\/wp-content\/uploads\/2021\/04\/liquid-egg-processing-line.webp",14,12,false],"woocommerce_thumbnail":["https:\/\/www.eggmachinery.com\/wp-content\/uploads\/2021\/04\/liquid-egg-processing-line-300x249.webp",300,249,true],"woocommerce_single":["https:\/\/www.eggmachinery.com\/wp-content\/uploads\/2021\/04\/liquid-egg-processing-line-600x498.webp",600,498,true],"woocommerce_gallery_thumbnail":["https:\/\/www.eggmachinery.com\/wp-content\/uploads\/2021\/04\/liquid-egg-processing-line-100x100.webp",100,100,true]},"post_excerpt_stackable":"<p>1.Use our egg breaking&amp;separating line, customer can get whole liquid eggs, also separated egg yolk &amp; protein. This type machine can offer a best solution about fresh egg and bad egg (egg yolk mix white).<\/p>\n<p>2.This egg breaking and separating line can handle all size of eggs.<\/p>\n<p>3.It has automatic emergency function. Machine will stop immediately for protecting operation worker.<\/p>\n<p>4.Easy operation and washing. Two method to wash the egg breaking machine. One is high pressure water jet. second is take out the breaking head and separating cup. Take out them only need around 2 minutes.<\/p>\n<p>5.Schneider inverter controller, Swiss plastic board, Japanese transmission chain, imported nylon parts.<\/p>\n<p>6.It is made of food grade stainless steel 304 material, durable and hygiene.<\/p>\n<p>7.It is high efficient, saves labor, time and cost.<\/p>\n<p>8.Perfect breaking and separating effect, the egg liquid is completely separated from the shell.<\/p>\n","category_list":"","author_info":{"name":"","url":""},"comments_num":"0 comments","_links":{"self":[{"href":"https:\/\/www.eggmachinery.com\/fr\/wp-json\/wp\/v2\/product\/26"}],"collection":[{"href":"https:\/\/www.eggmachinery.com\/fr\/wp-json\/wp\/v2\/product"}],"about":[{"href":"https:\/\/www.eggmachinery.com\/fr\/wp-json\/wp\/v2\/types\/product"}],"wp:featuredmedia":[{"embeddable":true,"href":"https:\/\/www.eggmachinery.com\/fr\/wp-json\/wp\/v2\/media\/720"}],"wp:attachment":[{"href":"https:\/\/www.eggmachinery.com\/fr\/wp-json\/wp\/v2\/media?parent=26"}],"wp:term":[{"taxonomy":"product_cat","embeddable":true,"href":"https:\/\/www.eggmachinery.com\/fr\/wp-json\/wp\/v2\/product_cat?post=26"},{"taxonomy":"product_tag","embeddable":true,"href":"https:\/\/www.eggmachinery.com\/fr\/wp-json\/wp\/v2\/product_tag?post=26"}],"curies":[{"name":"wp","href":"https:\/\/api.w.org\/{rel}","templated":true}]}}