{"id":2637,"date":"2024-01-08T17:00:26","date_gmt":"2024-01-08T09:00:26","guid":{"rendered":"https:\/\/www.eggmachinery.com\/?post_type=product&#038;p=2637"},"modified":"2024-01-24T15:17:04","modified_gmt":"2024-01-24T07:17:04","slug":"chicken-egg-peeling-machine-2","status":"publish","type":"product","link":"https:\/\/www.eggmachinery.com\/fr\/produit\/chicken-egg-peeling-machine-2\/","title":{"rendered":"Machine \u00e0 d\u00e9cortiquer les \u0153ufs de poule"},"content":{"rendered":"<h2><strong>\u00a0Chicken <\/strong><a href=\"https:\/\/www.eggmachinery.com\/fr\/produit\/egg-peeling-machine\/\"><u>Egg Shelling Machine<\/u><\/a><strong>\u00a0Usage Steps<\/strong><\/h2>\n<ol>\n<li>Turn on the water source, power supply and turn on the delivery switch<\/li>\n<li>Pour the cooked eggs into the water tank and adjust the lifting speed\uff08There is a frequency converter in the distribution box that can be adjusted\uff09<\/li>\n<li>Turn on the shell-crushing switch, turn on the water pump switch, and adjust the speed of the shell-crushing so that the shells can be sufficiently crushed (there is a speed regulator in the distribution box that can be adjusted)<\/li>\n<li>Adjust the water flow. When peeling eggs, water is needed to rinse the eggs, which can more effectively remove the eggshells on the surface of the eggs.<\/li>\n<li>Adjust the schedule of shelling (the speed of the hose determines whether the shelling is clean, and it is not easy to be too fast)<\/li>\n<li>Turn on the eggshell transport switch and transport the eggshells out.<\/li>\n<li>Turn on the egg selection transport switch and start selecting bad eggs and eggs that have not been shelled.<\/li>\n<\/ol>\n<p><img decoding=\"async\" loading=\"lazy\" class=\"alignnone size-full wp-image-2899\" src=\"https:\/\/www.eggmachinery.com\/wp-content\/uploads\/industrial-egg-peeling-machine-2.webp\" alt=\"industrial egg peeling machine\" width=\"750\" height=\"750\" srcset=\"https:\/\/www.eggmachinery.com\/wp-content\/uploads\/industrial-egg-peeling-machine-2.webp 750w, https:\/\/www.eggmachinery.com\/wp-content\/uploads\/industrial-egg-peeling-machine-2-300x300.webp 300w, https:\/\/www.eggmachinery.com\/wp-content\/uploads\/industrial-egg-peeling-machine-2-150x150.webp 150w, https:\/\/www.eggmachinery.com\/wp-content\/uploads\/industrial-egg-peeling-machine-2-600x600.webp 600w, https:\/\/www.eggmachinery.com\/wp-content\/uploads\/industrial-egg-peeling-machine-2-100x100.webp 100w\" sizes=\"(max-width: 750px) 100vw, 750px\" \/><img decoding=\"async\" loading=\"lazy\" class=\"alignnone size-full wp-image-2900\" src=\"https:\/\/www.eggmachinery.com\/wp-content\/uploads\/industrial-egg-peeling-machine-3.webp\" alt=\"industrial egg peeling machine\" width=\"750\" height=\"750\" srcset=\"https:\/\/www.eggmachinery.com\/wp-content\/uploads\/industrial-egg-peeling-machine-3.webp 750w, https:\/\/www.eggmachinery.com\/wp-content\/uploads\/industrial-egg-peeling-machine-3-300x300.webp 300w, https:\/\/www.eggmachinery.com\/wp-content\/uploads\/industrial-egg-peeling-machine-3-150x150.webp 150w, https:\/\/www.eggmachinery.com\/wp-content\/uploads\/industrial-egg-peeling-machine-3-600x600.webp 600w, https:\/\/www.eggmachinery.com\/wp-content\/uploads\/industrial-egg-peeling-machine-3-100x100.webp 100w\" sizes=\"(max-width: 750px) 100vw, 750px\" \/><img decoding=\"async\" loading=\"lazy\" class=\"alignnone size-full wp-image-2901\" src=\"https:\/\/www.eggmachinery.com\/wp-content\/uploads\/industrial-egg-peeling-machine-4.webp\" alt=\"industrial egg peeling machine\" width=\"750\" height=\"750\" srcset=\"https:\/\/www.eggmachinery.com\/wp-content\/uploads\/industrial-egg-peeling-machine-4.webp 750w, https:\/\/www.eggmachinery.com\/wp-content\/uploads\/industrial-egg-peeling-machine-4-300x300.webp 300w, https:\/\/www.eggmachinery.com\/wp-content\/uploads\/industrial-egg-peeling-machine-4-150x150.webp 150w, https:\/\/www.eggmachinery.com\/wp-content\/uploads\/industrial-egg-peeling-machine-4-600x600.webp 600w, https:\/\/www.eggmachinery.com\/wp-content\/uploads\/industrial-egg-peeling-machine-4-100x100.webp 100w\" sizes=\"(max-width: 750px) 100vw, 750px\" \/><img decoding=\"async\" loading=\"lazy\" class=\"alignnone size-full wp-image-2902\" src=\"https:\/\/www.eggmachinery.com\/wp-content\/uploads\/industrial-egg-peeling-machine-5.webp\" alt=\"industrial egg peeling machine\" width=\"750\" height=\"750\" srcset=\"https:\/\/www.eggmachinery.com\/wp-content\/uploads\/industrial-egg-peeling-machine-5.webp 750w, https:\/\/www.eggmachinery.com\/wp-content\/uploads\/industrial-egg-peeling-machine-5-300x300.webp 300w, https:\/\/www.eggmachinery.com\/wp-content\/uploads\/industrial-egg-peeling-machine-5-150x150.webp 150w, https:\/\/www.eggmachinery.com\/wp-content\/uploads\/industrial-egg-peeling-machine-5-600x600.webp 600w, https:\/\/www.eggmachinery.com\/wp-content\/uploads\/industrial-egg-peeling-machine-5-100x100.webp 100w\" sizes=\"(max-width: 750px) 100vw, 750px\" \/><img decoding=\"async\" loading=\"lazy\" class=\"alignnone size-full wp-image-2898\" src=\"https:\/\/www.eggmachinery.com\/wp-content\/uploads\/industrial-egg-peeling-machine-1.webp\" alt=\"\" width=\"750\" height=\"750\" srcset=\"https:\/\/www.eggmachinery.com\/wp-content\/uploads\/industrial-egg-peeling-machine-1.webp 750w, https:\/\/www.eggmachinery.com\/wp-content\/uploads\/industrial-egg-peeling-machine-1-300x300.webp 300w, https:\/\/www.eggmachinery.com\/wp-content\/uploads\/industrial-egg-peeling-machine-1-150x150.webp 150w, https:\/\/www.eggmachinery.com\/wp-content\/uploads\/industrial-egg-peeling-machine-1-600x600.webp 600w, https:\/\/www.eggmachinery.com\/wp-content\/uploads\/industrial-egg-peeling-machine-1-100x100.webp 100w\" sizes=\"(max-width: 750px) 100vw, 750px\" \/><img decoding=\"async\" loading=\"lazy\" class=\"alignnone size-full wp-image-2896\" src=\"https:\/\/www.eggmachinery.com\/wp-content\/uploads\/egg-peeling-machine-4.webp\" alt=\"egg peeling machine\" width=\"750\" height=\"750\" srcset=\"https:\/\/www.eggmachinery.com\/wp-content\/uploads\/egg-peeling-machine-4.webp 750w, https:\/\/www.eggmachinery.com\/wp-content\/uploads\/egg-peeling-machine-4-300x300.webp 300w, https:\/\/www.eggmachinery.com\/wp-content\/uploads\/egg-peeling-machine-4-150x150.webp 150w, https:\/\/www.eggmachinery.com\/wp-content\/uploads\/egg-peeling-machine-4-600x600.webp 600w, https:\/\/www.eggmachinery.com\/wp-content\/uploads\/egg-peeling-machine-4-100x100.webp 100w\" sizes=\"(max-width: 750px) 100vw, 750px\" \/><\/p>\n<p><strong>Chicken Egg Shelling Machine Data Sheet <\/strong><\/p>\n<ol>\n<li>Size: 5200*2100*1700<\/li>\n<li>Material: Made of 304 stainless steel, imported oil seals, bearings, and imported rubber shafts.<\/li>\n<li>Output: 8,000 pieces\/hour<\/li>\n<li>Voltage: 380V<\/li>\n<li>Weight: 400Kg<\/li>\n<li>Power: 4.8KW<\/li>\n<\/ol>\n<p><img decoding=\"async\" loading=\"lazy\" class=\"alignnone size-full wp-image-2893\" src=\"https:\/\/www.eggmachinery.com\/wp-content\/uploads\/egg-peeling-machine-1.webp\" alt=\"egg peeling machine\" width=\"750\" height=\"750\" srcset=\"https:\/\/www.eggmachinery.com\/wp-content\/uploads\/egg-peeling-machine-1.webp 750w, https:\/\/www.eggmachinery.com\/wp-content\/uploads\/egg-peeling-machine-1-300x300.webp 300w, https:\/\/www.eggmachinery.com\/wp-content\/uploads\/egg-peeling-machine-1-150x150.webp 150w, https:\/\/www.eggmachinery.com\/wp-content\/uploads\/egg-peeling-machine-1-600x600.webp 600w, https:\/\/www.eggmachinery.com\/wp-content\/uploads\/egg-peeling-machine-1-100x100.webp 100w\" sizes=\"(max-width: 750px) 100vw, 750px\" \/><img decoding=\"async\" loading=\"lazy\" class=\"alignnone size-full wp-image-2894\" src=\"https:\/\/www.eggmachinery.com\/wp-content\/uploads\/egg-peeling-machine-2.webp\" alt=\"egg peeling machine\" width=\"750\" height=\"750\" srcset=\"https:\/\/www.eggmachinery.com\/wp-content\/uploads\/egg-peeling-machine-2.webp 750w, https:\/\/www.eggmachinery.com\/wp-content\/uploads\/egg-peeling-machine-2-300x300.webp 300w, https:\/\/www.eggmachinery.com\/wp-content\/uploads\/egg-peeling-machine-2-150x150.webp 150w, https:\/\/www.eggmachinery.com\/wp-content\/uploads\/egg-peeling-machine-2-600x600.webp 600w, https:\/\/www.eggmachinery.com\/wp-content\/uploads\/egg-peeling-machine-2-100x100.webp 100w\" sizes=\"(max-width: 750px) 100vw, 750px\" \/><\/p>","protected":false},"excerpt":{"rendered":"<p>Chicken egg Shelling machine is a specialized equipment designed for lifting, shelling, and peeling cooked eggs. It finds extensive use in the egg processing industry due to its efficiency and labor-saving features.<\/p>","protected":false},"featured_media":2640,"template":"","meta":{"_seopress_robots_primary_cat":"none"},"product_cat":[19],"product_tag":[92],"featured_image_urls":{"full":["https:\/\/www.eggmachinery.com\/wp-content\/uploads\/chicken-egg-peeling-machine.webp",800,800,false],"thumbnail":["https:\/\/www.eggmachinery.com\/wp-content\/uploads\/chicken-egg-peeling-machine-150x150.webp",150,150,true],"medium":["https:\/\/www.eggmachinery.com\/wp-content\/uploads\/chicken-egg-peeling-machine-300x300.webp",300,300,true],"medium_large":["https:\/\/www.eggmachinery.com\/wp-content\/uploads\/chicken-egg-peeling-machine-768x768.webp",768,768,true],"large":["https:\/\/www.eggmachinery.com\/wp-content\/uploads\/chicken-egg-peeling-machine.webp",800,800,false],"1536x1536":["https:\/\/www.eggmachinery.com\/wp-content\/uploads\/chicken-egg-peeling-machine.webp",800,800,false],"2048x2048":["https:\/\/www.eggmachinery.com\/wp-content\/uploads\/chicken-egg-peeling-machine.webp",800,800,false],"trp-custom-language-flag":["https:\/\/www.eggmachinery.com\/wp-content\/uploads\/chicken-egg-peeling-machine.webp",12,12,false],"woocommerce_thumbnail":["https:\/\/www.eggmachinery.com\/wp-content\/uploads\/chicken-egg-peeling-machine-300x300.webp",300,300,true],"woocommerce_single":["https:\/\/www.eggmachinery.com\/wp-content\/uploads\/chicken-egg-peeling-machine-600x600.webp",600,600,true],"woocommerce_gallery_thumbnail":["https:\/\/www.eggmachinery.com\/wp-content\/uploads\/chicken-egg-peeling-machine-100x100.webp",100,100,true]},"post_excerpt_stackable":"<p>Chicken egg Shelling machine is a specialized equipment designed for lifting, shelling, and peeling cooked eggs. It finds extensive use in the egg processing industry due to its efficiency and labor-saving features.<\/p>\n","category_list":"","author_info":{"name":"","url":""},"comments_num":"0 comments","_links":{"self":[{"href":"https:\/\/www.eggmachinery.com\/fr\/wp-json\/wp\/v2\/product\/2637"}],"collection":[{"href":"https:\/\/www.eggmachinery.com\/fr\/wp-json\/wp\/v2\/product"}],"about":[{"href":"https:\/\/www.eggmachinery.com\/fr\/wp-json\/wp\/v2\/types\/product"}],"wp:featuredmedia":[{"embeddable":true,"href":"https:\/\/www.eggmachinery.com\/fr\/wp-json\/wp\/v2\/media\/2640"}],"wp:attachment":[{"href":"https:\/\/www.eggmachinery.com\/fr\/wp-json\/wp\/v2\/media?parent=2637"}],"wp:term":[{"taxonomy":"product_cat","embeddable":true,"href":"https:\/\/www.eggmachinery.com\/fr\/wp-json\/wp\/v2\/product_cat?post=2637"},{"taxonomy":"product_tag","embeddable":true,"href":"https:\/\/www.eggmachinery.com\/fr\/wp-json\/wp\/v2\/product_tag?post=2637"}],"curies":[{"name":"wp","href":"https:\/\/api.w.org\/{rel}","templated":true}]}}