{"id":2699,"date":"2024-01-13T14:20:30","date_gmt":"2024-01-13T06:20:30","guid":{"rendered":"https:\/\/www.eggmachinery.com\/?post_type=product&#038;p=2699"},"modified":"2024-01-24T14:12:40","modified_gmt":"2024-01-24T06:12:40","slug":"automatic-quail-egg-peeling-machine","status":"publish","type":"product","link":"https:\/\/www.eggmachinery.com\/fr\/produit\/automatic-quail-egg-peeling-machine\/","title":{"rendered":"Machine automatique \u00e0 \u00e9plucher les \u0153ufs de caille"},"content":{"rendered":"<p><strong>Q<\/strong><strong>courrier \u00e9lectronique <\/strong><strong>E<\/strong><strong>gg <\/strong><strong>P<\/strong><strong>e traitement <\/strong><strong>Plantes <\/strong><\/p>\n<p>Usines de traitement des \u0153ufs de caille Introduction :<\/p>\n<p>La cha\u00eene de transformation des \u0153ufs de caille est un syst\u00e8me complet qui comprend divers \u00e9quipements pour la manipulation des \u0153ufs de caille. Elle comprend un \u00e9quipement de trempage \u00e0 basse temp\u00e9rature des \u0153ufs de caille, une machine de cuisson des \u0153ufs, un \u00e9quipement de refroidissement \u00e0 basse temp\u00e9rature, une machine \u00e0 casser les coquilles et une machine \u00e0 \u00e9caler. En outre, la cha\u00eene de traitement peut \u00eatre personnalis\u00e9e avec des fonctions de nettoyage, de s\u00e9chage, d'emballage et autres, en fonction des exigences sp\u00e9cifiques du processus.<\/p>\n<p><img decoding=\"async\" loading=\"lazy\" class=\"alignnone size-full wp-image-2959\" src=\"https:\/\/www.eggmachinery.com\/wp-content\/uploads\/quail-egg-processing-machine-2.webp\" alt=\"quail egg processing machine\" width=\"750\" height=\"750\" srcset=\"https:\/\/www.eggmachinery.com\/wp-content\/uploads\/quail-egg-processing-machine-2.webp 750w, https:\/\/www.eggmachinery.com\/wp-content\/uploads\/quail-egg-processing-machine-2-300x300.webp 300w, https:\/\/www.eggmachinery.com\/wp-content\/uploads\/quail-egg-processing-machine-2-150x150.webp 150w, https:\/\/www.eggmachinery.com\/wp-content\/uploads\/quail-egg-processing-machine-2-600x600.webp 600w, https:\/\/www.eggmachinery.com\/wp-content\/uploads\/quail-egg-processing-machine-2-100x100.webp 100w\" sizes=\"(max-width: 750px) 100vw, 750px\" \/><\/p>\n<p><strong>Fonction de <\/strong><strong>Q<\/strong><strong>courrier \u00e9lectronique <\/strong><strong>E<\/strong><strong>gg <\/strong><strong>P<\/strong><strong>e traitement <\/strong><strong>Plantes<\/strong>\u00a0:<\/p>\n<p>&nbsp;<\/p>\n<ol>\n<li>\u0152ufs de caille \u00e0 bouillir :<\/li>\n<\/ol>\n<p>- Objectif : Am\u00e9liorer l'excentricit\u00e9 du jaune d'\u0153uf et le rendement des produits finis.<\/p>\n<p>&nbsp;<\/p>\n<ol start=\"2\">\n<li>Refroidissement :<\/li>\n<\/ol>\n<p>- M\u00e9thode : Les \u0153ufs de caille cuits sont refroidis \u00e0 l'eau froide.<\/p>\n<p>&nbsp;<\/p>\n<ol start=\"3\">\n<li>Casse de la coquille de l'\u0153uf de caille :<\/li>\n<\/ol>\n<p>- Objectif : Le traitement de bris de coquille est appliqu\u00e9 avant le peeling afin de faciliter le processus de peeling ult\u00e9rieur.<\/p>\n<p>&nbsp;<\/p>\n<ol start=\"4\">\n<li><a href=\"https:\/\/www.eggmachinery.com\/fr\/produit\/quail-egg-peeler-2\/\"><u>D\u00e9corticage<\/u><\/a>:<\/li>\n<\/ol>\n<p>- Proc\u00e9d\u00e9 : Retirer la coquille d'\u0153uf pour obtenir les \u0153ufs pel\u00e9s.<\/p>\n<p>&nbsp;<\/p>\n<ol start=\"5\">\n<li>Convoyeur :<\/li>\n<\/ol>\n<p>- Fonction : S\u00e9lectionner manuellement les \u0153ufs d\u00e9fectueux, laver et transporter les \u0153ufs finis.<\/p>\n<p><img decoding=\"async\" loading=\"lazy\" class=\"alignnone size-full wp-image-2958\" src=\"https:\/\/www.eggmachinery.com\/wp-content\/uploads\/quail-egg-processing-machine-1.webp\" alt=\"quail egg processing machine\" width=\"750\" height=\"750\" srcset=\"https:\/\/www.eggmachinery.com\/wp-content\/uploads\/quail-egg-processing-machine-1.webp 750w, https:\/\/www.eggmachinery.com\/wp-content\/uploads\/quail-egg-processing-machine-1-300x300.webp 300w, https:\/\/www.eggmachinery.com\/wp-content\/uploads\/quail-egg-processing-machine-1-150x150.webp 150w, https:\/\/www.eggmachinery.com\/wp-content\/uploads\/quail-egg-processing-machine-1-600x600.webp 600w, https:\/\/www.eggmachinery.com\/wp-content\/uploads\/quail-egg-processing-machine-1-100x100.webp 100w\" sizes=\"(max-width: 750px) 100vw, 750px\" \/><img decoding=\"async\" loading=\"lazy\" class=\"alignnone size-full wp-image-2960\" src=\"https:\/\/www.eggmachinery.com\/wp-content\/uploads\/quail-egg-processing-machine-3.webp\" alt=\"quail egg processing machine\" width=\"750\" height=\"750\" srcset=\"https:\/\/www.eggmachinery.com\/wp-content\/uploads\/quail-egg-processing-machine-3.webp 750w, https:\/\/www.eggmachinery.com\/wp-content\/uploads\/quail-egg-processing-machine-3-300x300.webp 300w, https:\/\/www.eggmachinery.com\/wp-content\/uploads\/quail-egg-processing-machine-3-150x150.webp 150w, https:\/\/www.eggmachinery.com\/wp-content\/uploads\/quail-egg-processing-machine-3-600x600.webp 600w, https:\/\/www.eggmachinery.com\/wp-content\/uploads\/quail-egg-processing-machine-3-100x100.webp 100w\" sizes=\"(max-width: 750px) 100vw, 750px\" \/><img decoding=\"async\" loading=\"lazy\" class=\"alignnone size-full wp-image-2961\" src=\"https:\/\/www.eggmachinery.com\/wp-content\/uploads\/quail-egg-processing-machine-4.webp\" alt=\"quail egg processing machine\" width=\"750\" height=\"750\" srcset=\"https:\/\/www.eggmachinery.com\/wp-content\/uploads\/quail-egg-processing-machine-4.webp 750w, https:\/\/www.eggmachinery.com\/wp-content\/uploads\/quail-egg-processing-machine-4-300x300.webp 300w, https:\/\/www.eggmachinery.com\/wp-content\/uploads\/quail-egg-processing-machine-4-150x150.webp 150w, https:\/\/www.eggmachinery.com\/wp-content\/uploads\/quail-egg-processing-machine-4-600x600.webp 600w, https:\/\/www.eggmachinery.com\/wp-content\/uploads\/quail-egg-processing-machine-4-100x100.webp 100w\" sizes=\"(max-width: 750px) 100vw, 750px\" \/><\/p>\n<h3><strong>Q<\/strong><strong>courrier \u00e9lectronique <\/strong><strong>E<\/strong><strong>gg <\/strong><strong>P<\/strong><strong>e traitement <\/strong><strong>Plantes <\/strong><strong>Param\u00e8tres techniques :<\/strong><\/h3>\n<p>&nbsp;<\/p>\n<p>- Machine \u00e0 cuire les \u0153ufs de caille :<\/p>\n<p>- Puissance : 370W<\/p>\n<p>- Dimensions : 1000*900*2000 mm<\/p>\n<p>- Poids : 240 KG<\/p>\n<p>&nbsp;<\/p>\n<p>- Machine de refroidissement :<\/p>\n<p>- Puissance : 750W<\/p>\n<p>- Dimensions : 2600*1080*2700 mm<\/p>\n<p>- Poids : 240 KG<\/p>\n<p>&nbsp;<\/p>\n<p>- Machine \u00e0 casser les \u0153ufs de caille :<\/p>\n<p>- Puissance : 750W<\/p>\n<p>- Dimensions : 3000*800*1260 mm<\/p>\n<p>- Poids : 200 KG<\/p>\n<p>&nbsp;<\/p>\n<p>- Machine \u00e0 \u00e9plucher les \u0153ufs de caille :<\/p>\n<p>- Puissance : 550W<\/p>\n<p>- Dimensions : 1100*650*900 mm<\/p>\n<p>- Poids : 80 KG<\/p>\n<p>&nbsp;<\/p>\n<p>- Convoyeur d'\u0153ufs pel\u00e9s :<\/p>\n<p>- Puissance : 140W<\/p>\n<p>- Dimensions : 1500*300*500 mm<\/p>\n<p>- Poids : 60 KG<\/p>\n<p>&nbsp;<\/p>\n<h3><strong>Q<\/strong><strong>courrier \u00e9lectronique <\/strong><strong>E<\/strong><strong>gg <\/strong><strong>P<\/strong><strong>e traitement <\/strong><strong>Plantes <\/strong><strong>Caract\u00e9ristiques du produit :<\/strong><\/h3>\n<p>&nbsp;<\/p>\n<ol>\n<li>Efficacit\u00e9 et r\u00e9duction des co\u00fbts :<\/li>\n<\/ol>\n<p>- Nettoyage rapide et efficace des \u0153ufs, s\u00e9paration des coquilles, am\u00e9lioration de l'efficacit\u00e9 et r\u00e9duction des co\u00fbts de main-d'\u0153uvre.<\/p>\n<p>&nbsp;<\/p>\n<ol start=\"2\">\n<li>Dommages superficiels minimes :<\/li>\n<\/ol>\n<p>- La conception garantit que la surface de l'\u0153uf n'est pas endommag\u00e9e, ce qui se traduit par une grande efficacit\u00e9 et un faible taux d'endommagement.<\/p>\n<p>&nbsp;<\/p>\n<ol start=\"3\">\n<li>L\u00e9ger et durable :<\/li>\n<\/ol>\n<p>- La ligne de traitement est con\u00e7ue avec des mat\u00e9riaux l\u00e9gers, ce qui la rend facile \u00e0 d\u00e9placer, esth\u00e9tique et durable.<\/p>\n<p>&nbsp;<\/p>\n<ol start=\"4\">\n<li>Fabrication d'acier inoxydable :<\/li>\n<\/ol>\n<p>- L'\u00e9quipement est construit en acier inoxydable, ce qui garantit un fonctionnement facile, un faible niveau de bruit et une grande long\u00e9vit\u00e9.<\/p>\n<p>&nbsp;<\/p>\n<ol start=\"5\">\n<li>\u00c9conomie d'\u00e9nergie et protection de l'environnement :<\/li>\n<\/ol>\n<p>- Le syst\u00e8me est \u00e9conome en \u00e9nergie et respectueux de l'environnement, il a une longue dur\u00e9e de vie et n\u00e9cessite peu d'entretien, ce qui le rend rentable.<\/p>\n<p>&nbsp;<\/p>","protected":false},"excerpt":{"rendered":"<p>La cha\u00eene de transformation des \u0153ufs de caille est un syst\u00e8me complet qui comprend divers \u00e9quipements pour la manipulation des \u0153ufs de caille. Elle comprend un \u00e9quipement de trempage \u00e0 basse temp\u00e9rature des \u0153ufs de caille, une machine de cuisson des \u0153ufs, un \u00e9quipement de refroidissement \u00e0 basse temp\u00e9rature, une machine \u00e0 casser les coquilles et une machine \u00e0 \u00e9caler. En outre, la cha\u00eene de traitement peut \u00eatre personnalis\u00e9e avec des fonctions de nettoyage, de s\u00e9chage, d'emballage et autres, en fonction des exigences sp\u00e9cifiques du processus.<\/p>","protected":false},"featured_media":2702,"template":"","meta":{"_seopress_robots_primary_cat":"none"},"product_cat":[26],"product_tag":[],"featured_image_urls":{"full":["https:\/\/www.eggmachinery.com\/wp-content\/uploads\/automatic-quail-egg-peeling-machine.webp",800,800,false],"thumbnail":["https:\/\/www.eggmachinery.com\/wp-content\/uploads\/automatic-quail-egg-peeling-machine-150x150.webp",150,150,true],"medium":["https:\/\/www.eggmachinery.com\/wp-content\/uploads\/automatic-quail-egg-peeling-machine-300x300.webp",300,300,true],"medium_large":["https:\/\/www.eggmachinery.com\/wp-content\/uploads\/automatic-quail-egg-peeling-machine-768x768.webp",768,768,true],"large":["https:\/\/www.eggmachinery.com\/wp-content\/uploads\/automatic-quail-egg-peeling-machine.webp",800,800,false],"1536x1536":["https:\/\/www.eggmachinery.com\/wp-content\/uploads\/automatic-quail-egg-peeling-machine.webp",800,800,false],"2048x2048":["https:\/\/www.eggmachinery.com\/wp-content\/uploads\/automatic-quail-egg-peeling-machine.webp",800,800,false],"trp-custom-language-flag":["https:\/\/www.eggmachinery.com\/wp-content\/uploads\/automatic-quail-egg-peeling-machine.webp",12,12,false],"woocommerce_thumbnail":["https:\/\/www.eggmachinery.com\/wp-content\/uploads\/automatic-quail-egg-peeling-machine-300x300.webp",300,300,true],"woocommerce_single":["https:\/\/www.eggmachinery.com\/wp-content\/uploads\/automatic-quail-egg-peeling-machine-600x600.webp",600,600,true],"woocommerce_gallery_thumbnail":["https:\/\/www.eggmachinery.com\/wp-content\/uploads\/automatic-quail-egg-peeling-machine-100x100.webp",100,100,true]},"post_excerpt_stackable":"<p>The quail egg processing line is a comprehensive system that incorporates various equipment for handling quail eggs. This includes quail egg low-temperature soaking equipment, an egg cooking machine, low-temperature cooling equipment, a shell-breaking machine, and a shelling machine. Additionally, the processing line can be customized with cleaning, drying, packaging, and other functions based on specific process requirements.<\/p>\n","category_list":"","author_info":{"name":"","url":""},"comments_num":"0 comments","_links":{"self":[{"href":"https:\/\/www.eggmachinery.com\/fr\/wp-json\/wp\/v2\/product\/2699"}],"collection":[{"href":"https:\/\/www.eggmachinery.com\/fr\/wp-json\/wp\/v2\/product"}],"about":[{"href":"https:\/\/www.eggmachinery.com\/fr\/wp-json\/wp\/v2\/types\/product"}],"wp:featuredmedia":[{"embeddable":true,"href":"https:\/\/www.eggmachinery.com\/fr\/wp-json\/wp\/v2\/media\/2702"}],"wp:attachment":[{"href":"https:\/\/www.eggmachinery.com\/fr\/wp-json\/wp\/v2\/media?parent=2699"}],"wp:term":[{"taxonomy":"product_cat","embeddable":true,"href":"https:\/\/www.eggmachinery.com\/fr\/wp-json\/wp\/v2\/product_cat?post=2699"},{"taxonomy":"product_tag","embeddable":true,"href":"https:\/\/www.eggmachinery.com\/fr\/wp-json\/wp\/v2\/product_tag?post=2699"}],"curies":[{"name":"wp","href":"https:\/\/api.w.org\/{rel}","templated":true}]}}