{"id":2732,"date":"2024-01-15T16:15:39","date_gmt":"2024-01-15T08:15:39","guid":{"rendered":"https:\/\/www.eggmachinery.com\/?post_type=product&#038;p=2732"},"modified":"2024-01-24T14:47:57","modified_gmt":"2024-01-24T06:47:57","slug":"egg-breaker-yolk-separator-machine","status":"publish","type":"product","link":"https:\/\/www.eggmachinery.com\/fr\/produit\/egg-breaker-yolk-separator-machine\/","title":{"rendered":"Machine \u00e0 casser les \u0153ufs et \u00e0 s\u00e9parer le jaune d'\u0153uf"},"content":{"rendered":"<h2><strong>Nom du produit : Machine automatique \u00e0 casser les \u0153ufs et \u00e0 s\u00e9parer le jaune d'\u0153uf<\/strong><\/h2>\n<h2><strong> <img decoding=\"async\" loading=\"lazy\" class=\"alignnone size-full wp-image-2971\" src=\"https:\/\/www.eggmachinery.com\/wp-content\/uploads\/automatic-egg-breaker-2-1.webp\" alt=\"automatic egg breaker\" width=\"750\" height=\"750\" srcset=\"https:\/\/www.eggmachinery.com\/wp-content\/uploads\/automatic-egg-breaker-2-1.webp 750w, https:\/\/www.eggmachinery.com\/wp-content\/uploads\/automatic-egg-breaker-2-1-300x300.webp 300w, https:\/\/www.eggmachinery.com\/wp-content\/uploads\/automatic-egg-breaker-2-1-150x150.webp 150w, https:\/\/www.eggmachinery.com\/wp-content\/uploads\/automatic-egg-breaker-2-1-600x600.webp 600w, https:\/\/www.eggmachinery.com\/wp-content\/uploads\/automatic-egg-breaker-2-1-100x100.webp 100w\" sizes=\"(max-width: 750px) 100vw, 750px\" \/><\/strong><\/h2>\n<h2><strong>E<\/strong><strong>gg <\/strong><strong>B<\/strong><strong>reaker &amp; <\/strong><strong>Y<\/strong><strong>olk <\/strong><strong>S<\/strong><strong>s\u00e9parateur <\/strong><strong>M<\/strong><strong>machine<\/strong><strong>\u00a0<\/strong><strong>Gamme d'utilisation : Boulangerie, p\u00e2tisserie, p\u00e2tisserie aux \u0153ufs et autres entreprises de production<\/strong><\/h2>\n<p>&nbsp;<\/p>\n<h2><strong>E<\/strong><strong>gg <\/strong><strong>B<\/strong><strong>reaker &amp; <\/strong><strong>Y<\/strong><strong>olk <\/strong><strong>S<\/strong><strong>s\u00e9parateur <\/strong><strong>M<\/strong><strong>machine<\/strong><strong>\u00a0<\/strong><strong>Sp\u00e9cifications :<\/strong><\/h2>\n<p>- Tension : 220V<\/p>\n<p>- Puissance : 500W<\/p>\n<p>- Capacit\u00e9 : 6000pcs\/h<\/p>\n<p>- Mat\u00e9riau de la machine : Acier inoxydable<\/p>\n<p>- Taille de la machine : 1700*1100*1100mm<\/p>\n<p>- Poids de la machine : 200kg<\/p>\n<p><img decoding=\"async\" loading=\"lazy\" class=\"alignnone size-full wp-image-2972\" src=\"https:\/\/www.eggmachinery.com\/wp-content\/uploads\/automatic-egg-breaker-3-1.webp\" alt=\"automatic egg breaker\" width=\"750\" height=\"750\" srcset=\"https:\/\/www.eggmachinery.com\/wp-content\/uploads\/automatic-egg-breaker-3-1.webp 750w, https:\/\/www.eggmachinery.com\/wp-content\/uploads\/automatic-egg-breaker-3-1-300x300.webp 300w, https:\/\/www.eggmachinery.com\/wp-content\/uploads\/automatic-egg-breaker-3-1-150x150.webp 150w, https:\/\/www.eggmachinery.com\/wp-content\/uploads\/automatic-egg-breaker-3-1-600x600.webp 600w, https:\/\/www.eggmachinery.com\/wp-content\/uploads\/automatic-egg-breaker-3-1-100x100.webp 100w\" sizes=\"(max-width: 750px) 100vw, 750px\" \/><img decoding=\"async\" loading=\"lazy\" class=\"alignnone size-full wp-image-2973\" src=\"https:\/\/www.eggmachinery.com\/wp-content\/uploads\/automatic-egg-breaker-4-1.webp\" alt=\"automatic egg breaker\" width=\"750\" height=\"750\" srcset=\"https:\/\/www.eggmachinery.com\/wp-content\/uploads\/automatic-egg-breaker-4-1.webp 750w, https:\/\/www.eggmachinery.com\/wp-content\/uploads\/automatic-egg-breaker-4-1-300x300.webp 300w, https:\/\/www.eggmachinery.com\/wp-content\/uploads\/automatic-egg-breaker-4-1-150x150.webp 150w, https:\/\/www.eggmachinery.com\/wp-content\/uploads\/automatic-egg-breaker-4-1-600x600.webp 600w, https:\/\/www.eggmachinery.com\/wp-content\/uploads\/automatic-egg-breaker-4-1-100x100.webp 100w\" sizes=\"(max-width: 750px) 100vw, 750px\" \/><img decoding=\"async\" loading=\"lazy\" class=\"alignnone size-full wp-image-2974\" src=\"https:\/\/www.eggmachinery.com\/wp-content\/uploads\/automatic-egg-breaker-5-1.webp\" alt=\"automatic egg breaker\" width=\"750\" height=\"750\" srcset=\"https:\/\/www.eggmachinery.com\/wp-content\/uploads\/automatic-egg-breaker-5-1.webp 750w, https:\/\/www.eggmachinery.com\/wp-content\/uploads\/automatic-egg-breaker-5-1-300x300.webp 300w, https:\/\/www.eggmachinery.com\/wp-content\/uploads\/automatic-egg-breaker-5-1-150x150.webp 150w, https:\/\/www.eggmachinery.com\/wp-content\/uploads\/automatic-egg-breaker-5-1-600x600.webp 600w, https:\/\/www.eggmachinery.com\/wp-content\/uploads\/automatic-egg-breaker-5-1-100x100.webp 100w\" sizes=\"(max-width: 750px) 100vw, 750px\" \/><img decoding=\"async\" loading=\"lazy\" class=\"alignnone size-full wp-image-2970\" src=\"https:\/\/www.eggmachinery.com\/wp-content\/uploads\/automatic-egg-breaker-1-1.webp\" alt=\"automatic egg breaker \" width=\"750\" height=\"750\" srcset=\"https:\/\/www.eggmachinery.com\/wp-content\/uploads\/automatic-egg-breaker-1-1.webp 750w, https:\/\/www.eggmachinery.com\/wp-content\/uploads\/automatic-egg-breaker-1-1-300x300.webp 300w, https:\/\/www.eggmachinery.com\/wp-content\/uploads\/automatic-egg-breaker-1-1-150x150.webp 150w, https:\/\/www.eggmachinery.com\/wp-content\/uploads\/automatic-egg-breaker-1-1-600x600.webp 600w, https:\/\/www.eggmachinery.com\/wp-content\/uploads\/automatic-egg-breaker-1-1-100x100.webp 100w\" sizes=\"(max-width: 750px) 100vw, 750px\" \/><\/p>\n<h3><a href=\"https:\/\/www.eggmachinery.com\/fr\/produit\/simple-style-egg-breaking-machine\/\"><u>E<\/u><u>gg <\/u><u>B<\/u><u>reaker &amp; <\/u><u>Y<\/u><u>olk <\/u><u>S<\/u><u>s\u00e9parateur <\/u><u>M<\/u><u>machine<\/u><u>\u00a0<\/u><\/a><strong>Caract\u00e9ristiques :<\/strong><\/h3>\n<ol>\n<li>Production de liquide d'\u0153uf : La machine est con\u00e7ue pour produire des \u0153ufs frais liquides. La coquille d'\u0153uf est ouverte et le blanc et le jaune d'\u0153uf s'\u00e9coulent dans le r\u00e9servoir de liquide d'\u0153uf.<\/li>\n<\/ol>\n<p>&nbsp;<\/p>\n<ol start=\"2\">\n<li>Casse-\u0153uf r\u00e9glable : La hauteur du casse-\u0153uf sp\u00e9cial peut \u00eatre r\u00e9gl\u00e9e en fonction de la taille de l'\u0153uf pour s'assurer que l'\u0153uf est 100% ouvert. Cette caract\u00e9ristique permet \u00e0 la machine de s'adapter \u00e0 diverses sp\u00e9cifications d'\u0153ufs.<\/li>\n<\/ol>\n<p>&nbsp;<\/p>\n<ol start=\"3\">\n<li>Contr\u00f4le par \u00e9cran tactile : L'\u00e9quipement est \u00e9quip\u00e9 d'un panneau de commande \u00e0 \u00e9cran tactile, qui affiche des informations telles que le nombre et la vitesse des \u0153ufs. Cela rend l'op\u00e9ration plus pratique et plus conviviale.<\/li>\n<\/ol>\n<p>&nbsp;<\/p>\n<ol start=\"4\">\n<li>Fonction de cassage continu des coquilles d'\u0153uf : La machine imite le cassage manuel des \u0153ufs pour casser les coquilles en continu. Ce processus garantit un niveau d'hygi\u00e8ne \u00e9lev\u00e9, car le liquide contenu dans les \u0153ufs n'entre pas en contact avec les morceaux d'\u0153ufs cass\u00e9s.<\/li>\n<\/ol>\n<p>&nbsp;<\/p>\n<ol start=\"5\">\n<li>S\u00e9paration en continu du blanc et du jaune d'\u0153uf : La machine utilise une m\u00e9thode de s\u00e9paration par \u00e9cart pour s\u00e9parer en continu les blancs et les jaunes d'\u0153uf. Les composants s\u00e9par\u00e9s sont ensuite dirig\u00e9s vers leurs conteneurs respectifs. La machine de s\u00e9paration du blanc et du jaune d'\u0153uf peut \u00eatre install\u00e9e en fonction des besoins de l'utilisateur.<\/li>\n<\/ol>\n<p>&nbsp;<\/p>\n<p>Dans l'ensemble, cette<a href=\"https:\/\/www.eggmachinery.com\/fr\/produit\/egg-cracker-machine\/\"><u>\u00a0machine \u00e0 casser les \u0153ufs et s\u00e9parateur de jaune d'\u0153uf<\/u><\/a>\u00a0est id\u00e9al pour les boulangeries, les p\u00e2tisseries, les p\u00e2tisseries aux \u0153ufs et d'autres entreprises de production. Il facilite non seulement la production d'\u0153ufs liquides frais, mais garantit \u00e9galement l'hygi\u00e8ne et l'efficacit\u00e9 du processus de cassage et de s\u00e9paration des \u0153ufs. L'\u00e9cran tactile facilite l'utilisation de l'appareil, ce qui en fait un atout pr\u00e9cieux dans les installations de production alimentaire.<\/p>\n<p><img decoding=\"async\" loading=\"lazy\" class=\"alignnone size-full wp-image-2981\" src=\"https:\/\/www.eggmachinery.com\/wp-content\/uploads\/egg-machine-4.webp\" alt=\"egg machine\" width=\"750\" height=\"750\" srcset=\"https:\/\/www.eggmachinery.com\/wp-content\/uploads\/egg-machine-4.webp 750w, https:\/\/www.eggmachinery.com\/wp-content\/uploads\/egg-machine-4-300x300.webp 300w, https:\/\/www.eggmachinery.com\/wp-content\/uploads\/egg-machine-4-150x150.webp 150w, https:\/\/www.eggmachinery.com\/wp-content\/uploads\/egg-machine-4-600x600.webp 600w, https:\/\/www.eggmachinery.com\/wp-content\/uploads\/egg-machine-4-100x100.webp 100w\" sizes=\"(max-width: 750px) 100vw, 750px\" \/><img decoding=\"async\" loading=\"lazy\" class=\"alignnone size-full wp-image-2978\" src=\"https:\/\/www.eggmachinery.com\/wp-content\/uploads\/egg-machine-1-1.webp\" alt=\"egg machine\" width=\"750\" height=\"750\" srcset=\"https:\/\/www.eggmachinery.com\/wp-content\/uploads\/egg-machine-1-1.webp 750w, https:\/\/www.eggmachinery.com\/wp-content\/uploads\/egg-machine-1-1-300x300.webp 300w, https:\/\/www.eggmachinery.com\/wp-content\/uploads\/egg-machine-1-1-150x150.webp 150w, https:\/\/www.eggmachinery.com\/wp-content\/uploads\/egg-machine-1-1-600x600.webp 600w, https:\/\/www.eggmachinery.com\/wp-content\/uploads\/egg-machine-1-1-100x100.webp 100w\" sizes=\"(max-width: 750px) 100vw, 750px\" \/><\/p>","protected":false},"excerpt":{"rendered":"<p>Augmentez l'efficacit\u00e9 et l'hygi\u00e8ne dans la production d'\u0153ufs avec notre casseuse d'\u0153ufs automatique et notre s\u00e9parateur de jaune d'\u0153uf. Con\u00e7ue pour les boulangeries, les p\u00e2tisseries et les p\u00e2tes aux \u0153ufs, cette machine en acier inoxydable est \u00e9quip\u00e9e d'un casse-\u0153uf r\u00e9glable, d'un \u00e9cran de contr\u00f4le tactile et d'une s\u00e9paration continue du blanc et du jaune d'\u0153uf. Faites l'exp\u00e9rience de la commodit\u00e9 et de la qualit\u00e9 avec notre \u00e9quipement de pointe.<\/p>","protected":false},"featured_media":2735,"template":"","meta":{"_seopress_robots_primary_cat":"none"},"product_cat":[18],"product_tag":[],"featured_image_urls":{"full":["https:\/\/www.eggmachinery.com\/wp-content\/uploads\/egg-breaker-yolk-separator-machine.webp",800,800,false],"thumbnail":["https:\/\/www.eggmachinery.com\/wp-content\/uploads\/egg-breaker-yolk-separator-machine-150x150.webp",150,150,true],"medium":["https:\/\/www.eggmachinery.com\/wp-content\/uploads\/egg-breaker-yolk-separator-machine-300x300.webp",300,300,true],"medium_large":["https:\/\/www.eggmachinery.com\/wp-content\/uploads\/egg-breaker-yolk-separator-machine-768x768.webp",768,768,true],"large":["https:\/\/www.eggmachinery.com\/wp-content\/uploads\/egg-breaker-yolk-separator-machine.webp",800,800,false],"1536x1536":["https:\/\/www.eggmachinery.com\/wp-content\/uploads\/egg-breaker-yolk-separator-machine.webp",800,800,false],"2048x2048":["https:\/\/www.eggmachinery.com\/wp-content\/uploads\/egg-breaker-yolk-separator-machine.webp",800,800,false],"trp-custom-language-flag":["https:\/\/www.eggmachinery.com\/wp-content\/uploads\/egg-breaker-yolk-separator-machine.webp",12,12,false],"woocommerce_thumbnail":["https:\/\/www.eggmachinery.com\/wp-content\/uploads\/egg-breaker-yolk-separator-machine-300x300.webp",300,300,true],"woocommerce_single":["https:\/\/www.eggmachinery.com\/wp-content\/uploads\/egg-breaker-yolk-separator-machine-600x600.webp",600,600,true],"woocommerce_gallery_thumbnail":["https:\/\/www.eggmachinery.com\/wp-content\/uploads\/egg-breaker-yolk-separator-machine-100x100.webp",100,100,true]},"post_excerpt_stackable":"<p>Increase efficiency and hygiene in egg production with our Automatic Egg Cracking Machine &amp; Yolk Separator. Designed for bakery, cake factory, and egg pastry production, this stainless steel machine features adjustable egg breaker, touch screen control, and continuous separation of egg white and yolk. Experience convenience and quality with our state-of-the-art equipment.<\/p>\n","category_list":"","author_info":{"name":"","url":""},"comments_num":"0 comments","_links":{"self":[{"href":"https:\/\/www.eggmachinery.com\/fr\/wp-json\/wp\/v2\/product\/2732"}],"collection":[{"href":"https:\/\/www.eggmachinery.com\/fr\/wp-json\/wp\/v2\/product"}],"about":[{"href":"https:\/\/www.eggmachinery.com\/fr\/wp-json\/wp\/v2\/types\/product"}],"wp:featuredmedia":[{"embeddable":true,"href":"https:\/\/www.eggmachinery.com\/fr\/wp-json\/wp\/v2\/media\/2735"}],"wp:attachment":[{"href":"https:\/\/www.eggmachinery.com\/fr\/wp-json\/wp\/v2\/media?parent=2732"}],"wp:term":[{"taxonomy":"product_cat","embeddable":true,"href":"https:\/\/www.eggmachinery.com\/fr\/wp-json\/wp\/v2\/product_cat?post=2732"},{"taxonomy":"product_tag","embeddable":true,"href":"https:\/\/www.eggmachinery.com\/fr\/wp-json\/wp\/v2\/product_tag?post=2732"}],"curies":[{"name":"wp","href":"https:\/\/api.w.org\/{rel}","templated":true}]}}