{"id":2753,"date":"2024-01-16T09:15:20","date_gmt":"2024-01-16T01:15:20","guid":{"rendered":"https:\/\/www.eggmachinery.com\/?post_type=product&#038;p=2753"},"modified":"2024-01-16T09:15:21","modified_gmt":"2024-01-16T01:15:21","slug":"4-rows-egg-breaker-machine","status":"publish","type":"product","link":"https:\/\/www.eggmachinery.com\/fr\/produit\/4-rows-egg-breaker-machine\/","title":{"rendered":"Machine \u00e0 casser les \u0153ufs, 4 rangs"},"content":{"rendered":"<p>La casseuse d'\u0153ufs est un \u00e9quipement sp\u00e9cialis\u00e9 con\u00e7u pour la production efficace d'\u0153ufs frais liquides dans divers environnements de production, notamment les boulangeries, les fabriques de g\u00e2teaux et les p\u00e2tisseries aux \u0153ufs. Voici un aper\u00e7u complet de ses sp\u00e9cifications et de ses caract\u00e9ristiques :<\/p>\n<table style=\"height: 281px;\" width=\"893\">\n<tbody>\n<tr>\n<td><strong><b>Mod\u00e8le<\/b><\/strong><\/td>\n<td><strong><b>H<\/b><\/strong><strong><b>T<\/b><\/strong><strong><b>-S4<\/b><\/strong><\/td>\n<\/tr>\n<tr>\n<td>Capacit\u00e9<\/td>\n<td>10800-12000pcs\/h<\/td>\n<\/tr>\n<tr>\n<td>Tension<\/td>\n<td>220V<\/td>\n<\/tr>\n<tr>\n<td>Puissance<\/td>\n<td>0,3kw<\/td>\n<\/tr>\n<tr>\n<td>Poids<\/td>\n<td>160 kg<\/td>\n<\/tr>\n<tr>\n<td>Taille<\/td>\n<td>1750*1150*1130mm<\/td>\n<\/tr>\n<\/tbody>\n<\/table>\n<p>&nbsp;<\/p>\n<p>&nbsp;<\/p>\n<p>&nbsp;<\/p>\n<h2><strong>\u00a0Gamme d'utilisation de la machine \u00e0 casser les \u0153ufs : Boulangerie, p\u00e2tisserie, p\u00e2tisserie aux \u0153ufs et autres entreprises de production<\/strong><\/h2>\n<p>&nbsp;<\/p>\n<h2><strong>\u00a0Machine \u00e0 casser les \u0153ufs Caract\u00e9ristiques :<\/strong><\/h2>\n<p>&nbsp;<\/p>\n<ol>\n<li>Production d'\u0153ufs liquides :<\/li>\n<\/ol>\n<p>La machine est sp\u00e9cialement con\u00e7ue pour la production d'\u0153ufs frais liquides.<\/p>\n<p>La coquille de l'\u0153uf est ouverte, ce qui facilite l'\u00e9coulement du blanc et du jaune d'\u0153uf dans le r\u00e9servoir d'\u0153ufs liquides.<\/p>\n<p>Les coquilles d'\u0153ufs s\u00e9par\u00e9es sont dirig\u00e9es vers un conteneur sp\u00e9cial.<\/p>\n<p>&nbsp;<\/p>\n<ol start=\"2\">\n<li>Casse-\u0153uf r\u00e9glable :<\/li>\n<\/ol>\n<p>La hauteur du batteur sp\u00e9cial est r\u00e9glable en fonction de la taille de l'\u0153uf \u00e0 battre.<\/p>\n<p>Assure une ouverture 100% de l'\u0153uf, en s'adaptant \u00e0 une vari\u00e9t\u00e9 de sp\u00e9cifications d'\u0153ufs.<\/p>\n<p>&nbsp;<\/p>\n<ol start=\"3\">\n<li>Contr\u00f4le par \u00e9cran tactile :<\/li>\n<\/ol>\n<p>\u00c9quip\u00e9 d'un syst\u00e8me de commande \u00e0 \u00e9cran tactile convivial.<\/p>\n<p>L'\u00e9cran tactile fournit des informations en temps r\u00e9el, notamment le nombre d'\u0153ufs trait\u00e9s, la vitesse des \u0153ufs et l'avancement du processus de cassage des \u0153ufs.<\/p>\n<p>&nbsp;<\/p>\n<ol start=\"4\">\n<li>Fonction de rupture continue de la coquille d'\u0153uf :<\/li>\n<\/ol>\n<p>Simule le battage manuel des \u0153ufs pour casser continuellement les coquilles d'\u0153ufs.<\/p>\n<p>Garantit un niveau d'hygi\u00e8ne \u00e9lev\u00e9 car le liquide \u00e9vite tout contact avec les parties bris\u00e9es de l'\u0153uf.<\/p>\n<p>&nbsp;<\/p>\n<ol start=\"5\">\n<li>S\u00e9paration continue des fonctions du blanc et du jaune d'\u0153uf :<\/li>\n<\/ol>\n<p>Utilise la m\u00e9thode de s\u00e9paration par \u00e9cart pour la s\u00e9paration continue des blancs et des jaunes d'\u0153uf.<\/p>\n<p>D\u00e9verse les blancs et les jaunes d'\u0153ufs s\u00e9par\u00e9s dans leurs r\u00e9cipients respectifs.<\/p>\n<p>Le dispositif de s\u00e9paration du blanc et du jaune d'\u0153uf peut \u00eatre personnalis\u00e9 et install\u00e9 en fonction des besoins sp\u00e9cifiques de la production.<\/p>\n<p>&nbsp;<\/p>\n<p>En r\u00e9sum\u00e9, cette casseuse d'\u0153ufs et ce s\u00e9parateur de jaune d'\u0153uf sont con\u00e7us pour une production de grande capacit\u00e9, le respect des normes d'hygi\u00e8ne et la prise en charge d'un large \u00e9ventail de sp\u00e9cifications d'\u0153ufs. Son \u00e9cran de contr\u00f4le tactile et ses fonctions de s\u00e9paration en continu am\u00e9liorent l'efficacit\u00e9, ce qui en fait un outil polyvalent et indispensable pour le traitement des \u0153ufs dans les environnements de production commerciale.<\/p>\n<p>&nbsp;<\/p>\n<p>&nbsp;<\/p>\n<p>Si vous souhaitez en savoir plus sur les diff\u00e9rents types de Casse-Ongues, veuillez contacter <a href=\"https:\/\/www.eggmachinery.com\/fr\/produit\/egg-breaking-machine\/\"><strong><u><b>ici <\/b><\/u><\/strong><\/a><\/p>\n<p>&nbsp;<\/p>","protected":false},"excerpt":{"rendered":"<p>Vous recherchez une casseuse d'\u0153ufs fiable ? Notre mod\u00e8le HT-S4 offre une grande capacit\u00e9 de production et un syst\u00e8me de contr\u00f4le \u00e0 \u00e9cran tactile pour des informations en temps r\u00e9el. Parfait pour les boulangeries et les p\u00e2tisseries aux \u0153ufs.<\/p>","protected":false},"featured_media":2741,"template":"","meta":{"_seopress_robots_primary_cat":""},"product_cat":[15],"product_tag":[],"featured_image_urls":{"full":["https:\/\/www.eggmachinery.com\/wp-content\/uploads\/egg-breaking-and-separating-machine.webp",800,800,false],"thumbnail":["https:\/\/www.eggmachinery.com\/wp-content\/uploads\/egg-breaking-and-separating-machine-150x150.webp",150,150,true],"medium":["https:\/\/www.eggmachinery.com\/wp-content\/uploads\/egg-breaking-and-separating-machine-300x300.webp",300,300,true],"medium_large":["https:\/\/www.eggmachinery.com\/wp-content\/uploads\/egg-breaking-and-separating-machine-768x768.webp",768,768,true],"large":["https:\/\/www.eggmachinery.com\/wp-content\/uploads\/egg-breaking-and-separating-machine.webp",800,800,false],"1536x1536":["https:\/\/www.eggmachinery.com\/wp-content\/uploads\/egg-breaking-and-separating-machine.webp",800,800,false],"2048x2048":["https:\/\/www.eggmachinery.com\/wp-content\/uploads\/egg-breaking-and-separating-machine.webp",800,800,false],"trp-custom-language-flag":["https:\/\/www.eggmachinery.com\/wp-content\/uploads\/egg-breaking-and-separating-machine.webp",12,12,false],"woocommerce_thumbnail":["https:\/\/www.eggmachinery.com\/wp-content\/uploads\/egg-breaking-and-separating-machine-300x300.webp",300,300,true],"woocommerce_single":["https:\/\/www.eggmachinery.com\/wp-content\/uploads\/egg-breaking-and-separating-machine-600x600.webp",600,600,true],"woocommerce_gallery_thumbnail":["https:\/\/www.eggmachinery.com\/wp-content\/uploads\/egg-breaking-and-separating-machine-100x100.webp",100,100,true]},"post_excerpt_stackable":"<p>Looking for a reliable egg breaker ? Our model HT-S4\u00a0offers high capacity production, and a touch screen control system for real-time information. Perfect for bakeries and egg pastry facilities.<\/p>\n","category_list":"","author_info":{"name":"","url":""},"comments_num":"0 comments","_links":{"self":[{"href":"https:\/\/www.eggmachinery.com\/fr\/wp-json\/wp\/v2\/product\/2753"}],"collection":[{"href":"https:\/\/www.eggmachinery.com\/fr\/wp-json\/wp\/v2\/product"}],"about":[{"href":"https:\/\/www.eggmachinery.com\/fr\/wp-json\/wp\/v2\/types\/product"}],"wp:featuredmedia":[{"embeddable":true,"href":"https:\/\/www.eggmachinery.com\/fr\/wp-json\/wp\/v2\/media\/2741"}],"wp:attachment":[{"href":"https:\/\/www.eggmachinery.com\/fr\/wp-json\/wp\/v2\/media?parent=2753"}],"wp:term":[{"taxonomy":"product_cat","embeddable":true,"href":"https:\/\/www.eggmachinery.com\/fr\/wp-json\/wp\/v2\/product_cat?post=2753"},{"taxonomy":"product_tag","embeddable":true,"href":"https:\/\/www.eggmachinery.com\/fr\/wp-json\/wp\/v2\/product_tag?post=2753"}],"curies":[{"name":"wp","href":"https:\/\/api.w.org\/{rel}","templated":true}]}}