{"id":2779,"date":"2024-01-17T16:19:11","date_gmt":"2024-01-17T08:19:11","guid":{"rendered":"https:\/\/www.eggmachinery.com\/?post_type=product&#038;p=2779"},"modified":"2024-01-24T14:42:54","modified_gmt":"2024-01-24T06:42:54","slug":"5400-eggs-per-hour-egg-breaker","status":"publish","type":"product","link":"https:\/\/www.eggmachinery.com\/fr\/produit\/5400-eggs-per-hour-egg-breaker\/","title":{"rendered":"5400 \u0153ufs par heure Casseuse d'\u0153ufs"},"content":{"rendered":"<p><a href=\"https:\/\/www.eggmachinery.com\/fr\/produit\/simple-style-egg-breaking-machine\/\"><u>Egg breaker<\/u><u>\u00a0<\/u><\/a>is a specialized piece of equipment crafted for the efficient production of fresh egg liquid in diverse production settings, including bakeries, cake factories, and egg pastry facilities. Here&#8217;s a comprehensive overview of its specifications and features:<\/p>\n<p>&nbsp;<\/p>\n<table style=\"height: 395px;\" width=\"750\">\n<tbody>\n<tr>\n<td><strong><b>Production name<\/b><\/strong><\/td>\n<td><strong><b>Egg <\/b><\/strong><strong><b>Breaker <\/b><\/strong><\/td>\n<\/tr>\n<tr>\n<td>Tension<\/td>\n<td>220V<\/td>\n<\/tr>\n<tr>\n<td>Puissance<\/td>\n<td>500W<\/td>\n<\/tr>\n<tr>\n<td>Capacit\u00e9<\/td>\n<td>4500-5400pcs\/h<\/td>\n<\/tr>\n<tr>\n<td>Machine material<\/td>\n<td>Stainless steel<\/td>\n<\/tr>\n<tr>\n<td>Machine size<\/td>\n<td>1700*1100*1100mm<\/td>\n<\/tr>\n<tr>\n<td>Machine weight<\/td>\n<td>140kg<\/td>\n<\/tr>\n<\/tbody>\n<\/table>\n<p>&nbsp;<\/p>\n<p><img decoding=\"async\" loading=\"lazy\" class=\"alignnone size-full wp-image-2971\" src=\"https:\/\/www.eggmachinery.com\/wp-content\/uploads\/automatic-egg-breaker-2-1.webp\" alt=\"automatic egg breaker\" width=\"750\" height=\"750\" srcset=\"https:\/\/www.eggmachinery.com\/wp-content\/uploads\/automatic-egg-breaker-2-1.webp 750w, https:\/\/www.eggmachinery.com\/wp-content\/uploads\/automatic-egg-breaker-2-1-300x300.webp 300w, https:\/\/www.eggmachinery.com\/wp-content\/uploads\/automatic-egg-breaker-2-1-150x150.webp 150w, https:\/\/www.eggmachinery.com\/wp-content\/uploads\/automatic-egg-breaker-2-1-600x600.webp 600w, https:\/\/www.eggmachinery.com\/wp-content\/uploads\/automatic-egg-breaker-2-1-100x100.webp 100w\" sizes=\"(max-width: 750px) 100vw, 750px\" \/><\/p>\n<h2><strong>\u00a0Egg Breaker Use Range: Bakery, cake factory, egg pastry, and other production enterprises<\/strong><\/h2>\n<p>&nbsp;<\/p>\n<h2><strong>\u00a0Egg Breaker Features:<\/strong><\/h2>\n<p>&nbsp;<\/p>\n<p>1.Egg Liquid Production:<\/p>\n<p>La machine est sp\u00e9cialement con\u00e7ue pour la production d'\u0153ufs frais liquides.<\/p>\n<p>La coquille de l'\u0153uf est ouverte, ce qui facilite l'\u00e9coulement du blanc et du jaune d'\u0153uf dans le r\u00e9servoir d'\u0153ufs liquides.<\/p>\n<p>Les coquilles d'\u0153ufs s\u00e9par\u00e9es sont dirig\u00e9es vers un conteneur sp\u00e9cial.<\/p>\n<p>&nbsp;<\/p>\n<p>2.Adjustable Egg Breaker :<\/p>\n<p>La hauteur du batteur sp\u00e9cial est r\u00e9glable en fonction de la taille de l'\u0153uf \u00e0 battre.<\/p>\n<p>Assure une ouverture 100% de l'\u0153uf, en s'adaptant \u00e0 une vari\u00e9t\u00e9 de sp\u00e9cifications d'\u0153ufs.<\/p>\n<p>&nbsp;<\/p>\n<p>3.Touch Screen Control:<\/p>\n<p>\u00c9quip\u00e9 d'un syst\u00e8me de commande \u00e0 \u00e9cran tactile convivial.<\/p>\n<p>L'\u00e9cran tactile fournit des informations en temps r\u00e9el, notamment le nombre d'\u0153ufs trait\u00e9s, la vitesse des \u0153ufs et l'avancement du processus de cassage des \u0153ufs.<\/p>\n<p>&nbsp;<\/p>\n<p>4.Continuous Eggshell Breaking Function:<\/p>\n<p>Simule le battage manuel des \u0153ufs pour casser continuellement les coquilles d'\u0153ufs.<\/p>\n<p>Garantit un niveau d'hygi\u00e8ne \u00e9lev\u00e9 car le liquide \u00e9vite tout contact avec les parties bris\u00e9es de l'\u0153uf.<\/p>\n<p>&nbsp;<\/p>\n<p>5.Continuous Separation of Egg White and Yolk Function:<\/p>\n<p>Utilise la m\u00e9thode de s\u00e9paration par \u00e9cart pour la s\u00e9paration continue des blancs et des jaunes d'\u0153uf.<\/p>\n<p>D\u00e9verse les blancs et les jaunes d'\u0153ufs s\u00e9par\u00e9s dans leurs r\u00e9cipients respectifs.<\/p>\n<p>Le dispositif de s\u00e9paration du blanc et du jaune d'\u0153uf peut \u00eatre personnalis\u00e9 et install\u00e9 en fonction des besoins sp\u00e9cifiques de la production.<\/p>\n<p><img decoding=\"async\" loading=\"lazy\" class=\"alignnone size-full wp-image-2972\" src=\"https:\/\/www.eggmachinery.com\/wp-content\/uploads\/automatic-egg-breaker-3-1.webp\" alt=\"automatic egg breaker\" width=\"750\" height=\"750\" srcset=\"https:\/\/www.eggmachinery.com\/wp-content\/uploads\/automatic-egg-breaker-3-1.webp 750w, https:\/\/www.eggmachinery.com\/wp-content\/uploads\/automatic-egg-breaker-3-1-300x300.webp 300w, https:\/\/www.eggmachinery.com\/wp-content\/uploads\/automatic-egg-breaker-3-1-150x150.webp 150w, https:\/\/www.eggmachinery.com\/wp-content\/uploads\/automatic-egg-breaker-3-1-600x600.webp 600w, https:\/\/www.eggmachinery.com\/wp-content\/uploads\/automatic-egg-breaker-3-1-100x100.webp 100w\" sizes=\"(max-width: 750px) 100vw, 750px\" \/><img decoding=\"async\" loading=\"lazy\" class=\"alignnone size-full wp-image-2973\" src=\"https:\/\/www.eggmachinery.com\/wp-content\/uploads\/automatic-egg-breaker-4-1.webp\" alt=\"automatic egg breaker\" width=\"750\" height=\"750\" srcset=\"https:\/\/www.eggmachinery.com\/wp-content\/uploads\/automatic-egg-breaker-4-1.webp 750w, https:\/\/www.eggmachinery.com\/wp-content\/uploads\/automatic-egg-breaker-4-1-300x300.webp 300w, https:\/\/www.eggmachinery.com\/wp-content\/uploads\/automatic-egg-breaker-4-1-150x150.webp 150w, https:\/\/www.eggmachinery.com\/wp-content\/uploads\/automatic-egg-breaker-4-1-600x600.webp 600w, https:\/\/www.eggmachinery.com\/wp-content\/uploads\/automatic-egg-breaker-4-1-100x100.webp 100w\" sizes=\"(max-width: 750px) 100vw, 750px\" \/><img decoding=\"async\" loading=\"lazy\" class=\"alignnone size-full wp-image-2974\" src=\"https:\/\/www.eggmachinery.com\/wp-content\/uploads\/automatic-egg-breaker-5-1.webp\" alt=\"automatic egg breaker\" width=\"750\" height=\"750\" srcset=\"https:\/\/www.eggmachinery.com\/wp-content\/uploads\/automatic-egg-breaker-5-1.webp 750w, https:\/\/www.eggmachinery.com\/wp-content\/uploads\/automatic-egg-breaker-5-1-300x300.webp 300w, https:\/\/www.eggmachinery.com\/wp-content\/uploads\/automatic-egg-breaker-5-1-150x150.webp 150w, https:\/\/www.eggmachinery.com\/wp-content\/uploads\/automatic-egg-breaker-5-1-600x600.webp 600w, https:\/\/www.eggmachinery.com\/wp-content\/uploads\/automatic-egg-breaker-5-1-100x100.webp 100w\" sizes=\"(max-width: 750px) 100vw, 750px\" \/><img decoding=\"async\" loading=\"lazy\" class=\"alignnone size-full wp-image-2975\" src=\"https:\/\/www.eggmachinery.com\/wp-content\/uploads\/automatic-egg-breaker-6-1.webp\" alt=\"automatic egg breaker\" width=\"750\" height=\"750\" srcset=\"https:\/\/www.eggmachinery.com\/wp-content\/uploads\/automatic-egg-breaker-6-1.webp 750w, https:\/\/www.eggmachinery.com\/wp-content\/uploads\/automatic-egg-breaker-6-1-300x300.webp 300w, https:\/\/www.eggmachinery.com\/wp-content\/uploads\/automatic-egg-breaker-6-1-150x150.webp 150w, https:\/\/www.eggmachinery.com\/wp-content\/uploads\/automatic-egg-breaker-6-1-600x600.webp 600w, https:\/\/www.eggmachinery.com\/wp-content\/uploads\/automatic-egg-breaker-6-1-100x100.webp 100w\" sizes=\"(max-width: 750px) 100vw, 750px\" \/><\/p>\n<p>En r\u00e9sum\u00e9, cette casseuse d'\u0153ufs et ce s\u00e9parateur de jaune d'\u0153uf sont con\u00e7us pour une production de grande capacit\u00e9, le respect des normes d'hygi\u00e8ne et la prise en charge d'un large \u00e9ventail de sp\u00e9cifications d'\u0153ufs. Son \u00e9cran de contr\u00f4le tactile et ses fonctions de s\u00e9paration en continu am\u00e9liorent l'efficacit\u00e9, ce qui en fait un outil polyvalent et indispensable pour le traitement des \u0153ufs dans les environnements de production commerciale.<\/p>\n<p>&nbsp;<\/p>\n<p>&nbsp;<\/p>","protected":false},"excerpt":{"rendered":"<p>Egg breaker is a specialized piece of equipment crafted for the efficient production of fresh egg liquid in diverse production settings, including bakeries, cake factories, and egg pastry facilities<\/p>","protected":false},"featured_media":2782,"template":"","meta":{"_seopress_robots_primary_cat":"none"},"product_cat":[18],"product_tag":[],"featured_image_urls":{"full":["https:\/\/www.eggmachinery.com\/wp-content\/uploads\/egg-breaker-1.webp",800,800,false],"thumbnail":["https:\/\/www.eggmachinery.com\/wp-content\/uploads\/egg-breaker-1-150x150.webp",150,150,true],"medium":["https:\/\/www.eggmachinery.com\/wp-content\/uploads\/egg-breaker-1-300x300.webp",300,300,true],"medium_large":["https:\/\/www.eggmachinery.com\/wp-content\/uploads\/egg-breaker-1-768x768.webp",768,768,true],"large":["https:\/\/www.eggmachinery.com\/wp-content\/uploads\/egg-breaker-1.webp",800,800,false],"1536x1536":["https:\/\/www.eggmachinery.com\/wp-content\/uploads\/egg-breaker-1.webp",800,800,false],"2048x2048":["https:\/\/www.eggmachinery.com\/wp-content\/uploads\/egg-breaker-1.webp",800,800,false],"trp-custom-language-flag":["https:\/\/www.eggmachinery.com\/wp-content\/uploads\/egg-breaker-1.webp",12,12,false],"woocommerce_thumbnail":["https:\/\/www.eggmachinery.com\/wp-content\/uploads\/egg-breaker-1-300x300.webp",300,300,true],"woocommerce_single":["https:\/\/www.eggmachinery.com\/wp-content\/uploads\/egg-breaker-1-600x600.webp",600,600,true],"woocommerce_gallery_thumbnail":["https:\/\/www.eggmachinery.com\/wp-content\/uploads\/egg-breaker-1-100x100.webp",100,100,true]},"post_excerpt_stackable":"<p>Egg breaker is a specialized piece of equipment crafted for the efficient production of fresh egg liquid in diverse production settings, including bakeries, cake factories, and egg pastry facilities<\/p>\n","category_list":"","author_info":{"name":"","url":""},"comments_num":"0 comments","_links":{"self":[{"href":"https:\/\/www.eggmachinery.com\/fr\/wp-json\/wp\/v2\/product\/2779"}],"collection":[{"href":"https:\/\/www.eggmachinery.com\/fr\/wp-json\/wp\/v2\/product"}],"about":[{"href":"https:\/\/www.eggmachinery.com\/fr\/wp-json\/wp\/v2\/types\/product"}],"wp:featuredmedia":[{"embeddable":true,"href":"https:\/\/www.eggmachinery.com\/fr\/wp-json\/wp\/v2\/media\/2782"}],"wp:attachment":[{"href":"https:\/\/www.eggmachinery.com\/fr\/wp-json\/wp\/v2\/media?parent=2779"}],"wp:term":[{"taxonomy":"product_cat","embeddable":true,"href":"https:\/\/www.eggmachinery.com\/fr\/wp-json\/wp\/v2\/product_cat?post=2779"},{"taxonomy":"product_tag","embeddable":true,"href":"https:\/\/www.eggmachinery.com\/fr\/wp-json\/wp\/v2\/product_tag?post=2779"}],"curies":[{"name":"wp","href":"https:\/\/api.w.org\/{rel}","templated":true}]}}