{"id":2786,"date":"2024-01-17T16:36:13","date_gmt":"2024-01-17T08:36:13","guid":{"rendered":"https:\/\/www.eggmachinery.com\/?post_type=product&#038;p=2786"},"modified":"2024-01-23T17:00:31","modified_gmt":"2024-01-23T09:00:31","slug":"12000-eggs-per-hour-egg-breaking-and-separating-machine","status":"publish","type":"product","link":"https:\/\/www.eggmachinery.com\/fr\/produit\/12000-eggs-per-hour-egg-breaking-and-separating-machine\/","title":{"rendered":"12000 oeufs par heure Machine \u00e0 casser et \u00e0 s\u00e9parer les oeufs"},"content":{"rendered":"<h2><strong>Fiche technique de la machine \u00e0 casser et \u00e0 s\u00e9parer les \u0153ufs <\/strong><\/h2>\n<table style=\"height: 348px;\" width=\"690\">\n<tbody>\n<tr>\n<td><strong><b>Mod\u00e8le<\/b><\/strong><\/td>\n<td><strong><b>HL-ES4<\/b><\/strong><\/td>\n<\/tr>\n<tr>\n<td>Capacit\u00e9<\/td>\n<td>10800-12000pcs\/h<\/td>\n<\/tr>\n<tr>\n<td>Tension<\/td>\n<td>220V<\/td>\n<\/tr>\n<tr>\n<td>Puissance<\/td>\n<td>0,3kw<\/td>\n<\/tr>\n<tr>\n<td>Poids<\/td>\n<td>160 kg<\/td>\n<\/tr>\n<tr>\n<td>Taille<\/td>\n<td>1750*1150*1130mm<\/td>\n<\/tr>\n<\/tbody>\n<\/table>\n<p><img decoding=\"async\" loading=\"lazy\" class=\"size-full wp-image-2870\" src=\"https:\/\/www.eggmachinery.com\/wp-content\/uploads\/egg-breaking-machine-5_WH_750x750px.webp\" alt=\"egg breaking machine\" width=\"750\" height=\"750\" srcset=\"https:\/\/www.eggmachinery.com\/wp-content\/uploads\/egg-breaking-machine-5_WH_750x750px.webp 750w, https:\/\/www.eggmachinery.com\/wp-content\/uploads\/egg-breaking-machine-5_WH_750x750px-300x300.webp 300w, https:\/\/www.eggmachinery.com\/wp-content\/uploads\/egg-breaking-machine-5_WH_750x750px-150x150.webp 150w, https:\/\/www.eggmachinery.com\/wp-content\/uploads\/egg-breaking-machine-5_WH_750x750px-600x600.webp 600w, https:\/\/www.eggmachinery.com\/wp-content\/uploads\/egg-breaking-machine-5_WH_750x750px-100x100.webp 100w\" sizes=\"(max-width: 750px) 100vw, 750px\" \/><\/p>\n<p><img decoding=\"async\" loading=\"lazy\" class=\"alignnone size-full wp-image-2871\" src=\"https:\/\/www.eggmachinery.com\/wp-content\/uploads\/egg-breaking-machine-6_WH_750x750px.webp\" alt=\"egg breaking machine\" width=\"750\" height=\"750\" srcset=\"https:\/\/www.eggmachinery.com\/wp-content\/uploads\/egg-breaking-machine-6_WH_750x750px.webp 750w, https:\/\/www.eggmachinery.com\/wp-content\/uploads\/egg-breaking-machine-6_WH_750x750px-300x300.webp 300w, https:\/\/www.eggmachinery.com\/wp-content\/uploads\/egg-breaking-machine-6_WH_750x750px-150x150.webp 150w, https:\/\/www.eggmachinery.com\/wp-content\/uploads\/egg-breaking-machine-6_WH_750x750px-600x600.webp 600w, https:\/\/www.eggmachinery.com\/wp-content\/uploads\/egg-breaking-machine-6_WH_750x750px-100x100.webp 100w\" sizes=\"(max-width: 750px) 100vw, 750px\" \/><img decoding=\"async\" loading=\"lazy\" class=\"alignnone size-full wp-image-2872\" src=\"https:\/\/www.eggmachinery.com\/wp-content\/uploads\/egg-breaking-machine-7_WH_750x750px.webp\" alt=\"egg breaking machine\" width=\"750\" height=\"750\" srcset=\"https:\/\/www.eggmachinery.com\/wp-content\/uploads\/egg-breaking-machine-7_WH_750x750px.webp 750w, https:\/\/www.eggmachinery.com\/wp-content\/uploads\/egg-breaking-machine-7_WH_750x750px-300x300.webp 300w, https:\/\/www.eggmachinery.com\/wp-content\/uploads\/egg-breaking-machine-7_WH_750x750px-150x150.webp 150w, https:\/\/www.eggmachinery.com\/wp-content\/uploads\/egg-breaking-machine-7_WH_750x750px-600x600.webp 600w, https:\/\/www.eggmachinery.com\/wp-content\/uploads\/egg-breaking-machine-7_WH_750x750px-100x100.webp 100w\" sizes=\"(max-width: 750px) 100vw, 750px\" \/><\/p>\n<p>&nbsp;<\/p>\n<h2><strong>Machine \u00e0 casser et \u00e0 s\u00e9parer les \u0153ufs Transport<\/strong><\/h2>\n<p>&nbsp;<\/p>\n<p>La machine de cassage et de s\u00e9paration des \u0153ufs doit payer un certain montant de fret pendant le transport, ce qui augmente indirectement le co\u00fbt de production. Ce co\u00fbt de transport augmentera \u00e9galement le prix de la machine \u00e0 casser et \u00e0 s\u00e9parer les \u0153ufs. Si la distance de transport est trop longue, le co\u00fbt de transport augmentera et le prix de vente sera ajust\u00e9 en cons\u00e9quence.<\/p>\n<p>&nbsp;<\/p>\n<p>Voici tous les \u00e9l\u00e9ments que Diamo Lee vous apporte concernant les facteurs de prix de la machine \u00e0 casser et \u00e0 s\u00e9parer les \u0153ufs. J'esp\u00e8re que cela vous sera utile. Bien s\u00fbr, lorsque vous choisissez un s\u00e9parateur de jaune d'\u0153uf et de blanc d'\u0153uf, le prix n'est qu'une partie, et vous devez le consid\u00e9rer de mani\u00e8re compl\u00e8te avant de faire votre choix. Notre usine produit une vari\u00e9t\u00e9 de produits tels que les crackers aux oeufs, la machine \u00e0 casser et \u00e0 s\u00e9parer les oeufs, etc. Si vous avez des besoins pertinents, veuillez laisser un message pour consultation.<\/p>\n<h2><strong> <img decoding=\"async\" loading=\"lazy\" class=\"alignnone size-full wp-image-2873\" src=\"https:\/\/www.eggmachinery.com\/wp-content\/uploads\/egg-breaking-machine-8_WH_750x750px.webp\" alt=\"egg breaking machine\" width=\"750\" height=\"750\" srcset=\"https:\/\/www.eggmachinery.com\/wp-content\/uploads\/egg-breaking-machine-8_WH_750x750px.webp 750w, https:\/\/www.eggmachinery.com\/wp-content\/uploads\/egg-breaking-machine-8_WH_750x750px-300x300.webp 300w, https:\/\/www.eggmachinery.com\/wp-content\/uploads\/egg-breaking-machine-8_WH_750x750px-150x150.webp 150w, https:\/\/www.eggmachinery.com\/wp-content\/uploads\/egg-breaking-machine-8_WH_750x750px-600x600.webp 600w, https:\/\/www.eggmachinery.com\/wp-content\/uploads\/egg-breaking-machine-8_WH_750x750px-100x100.webp 100w\" sizes=\"(max-width: 750px) 100vw, 750px\" \/><img decoding=\"async\" loading=\"lazy\" class=\"alignnone size-full wp-image-2874\" src=\"https:\/\/www.eggmachinery.com\/wp-content\/uploads\/egg-breaking-machine-9_WH_750x750px.webp\" alt=\"egg breaking machine\" width=\"750\" height=\"750\" srcset=\"https:\/\/www.eggmachinery.com\/wp-content\/uploads\/egg-breaking-machine-9_WH_750x750px.webp 750w, https:\/\/www.eggmachinery.com\/wp-content\/uploads\/egg-breaking-machine-9_WH_750x750px-300x300.webp 300w, https:\/\/www.eggmachinery.com\/wp-content\/uploads\/egg-breaking-machine-9_WH_750x750px-150x150.webp 150w, https:\/\/www.eggmachinery.com\/wp-content\/uploads\/egg-breaking-machine-9_WH_750x750px-600x600.webp 600w, https:\/\/www.eggmachinery.com\/wp-content\/uploads\/egg-breaking-machine-9_WH_750x750px-100x100.webp 100w\" sizes=\"(max-width: 750px) 100vw, 750px\" \/><\/strong><\/h2>\n<p><img decoding=\"async\" loading=\"lazy\" class=\"alignnone size-full wp-image-2875\" src=\"https:\/\/www.eggmachinery.com\/wp-content\/uploads\/egg-breaking-machine-10_WH_750x750px.webp\" alt=\"egg breaking machine\" width=\"750\" height=\"750\" srcset=\"https:\/\/www.eggmachinery.com\/wp-content\/uploads\/egg-breaking-machine-10_WH_750x750px.webp 750w, https:\/\/www.eggmachinery.com\/wp-content\/uploads\/egg-breaking-machine-10_WH_750x750px-300x300.webp 300w, https:\/\/www.eggmachinery.com\/wp-content\/uploads\/egg-breaking-machine-10_WH_750x750px-150x150.webp 150w, https:\/\/www.eggmachinery.com\/wp-content\/uploads\/egg-breaking-machine-10_WH_750x750px-600x600.webp 600w, https:\/\/www.eggmachinery.com\/wp-content\/uploads\/egg-breaking-machine-10_WH_750x750px-100x100.webp 100w\" sizes=\"(max-width: 750px) 100vw, 750px\" \/><\/p>\n<h2><strong>Machine commerciale \u00e0 casser et \u00e0 s\u00e9parer les \u0153ufs Informations relatives \u00e0 l'exp\u00e9dition et \u00e0 la commande<\/strong><\/h2>\n<ol>\n<li>Conteneur de chargement : la machine de cassage et de s\u00e9paration des \u0153ufs peut \u00eatre charg\u00e9e dans des conteneurs \u00e0 diff\u00e9rents endroits, notamment \u00e0 Qingdao, Shanghai, Ningbo, Tianjin, Guangzhou, etc.<\/li>\n<\/ol>\n<p>&nbsp;<\/p>\n<ol start=\"2\">\n<li>M\u00e9thodes d'exp\u00e9dition :Nous proposons plusieurs m\u00e9thodes d'exp\u00e9dition, notamment le service de messagerie, le transport a\u00e9rien et le transport maritime, afin de r\u00e9pondre aux besoins de nos clients.<\/li>\n<\/ol>\n<p>&nbsp;<\/p>\n<ol start=\"3\">\n<li>Options de commande :L'entreprise peut accepter des commandes pour des conteneurs complets ou des conteneurs plus petits, ce qui permet de r\u00e9pondre \u00e0 diff\u00e9rentes \u00e9chelles de demande.<\/li>\n<\/ol>\n<p>&nbsp;<\/p>\n<ol start=\"4\">\n<li>Options de service :Nous proposons diverses options de service telles que EXW (Ex Works), FOB (Free On Board), CIF (Cost, Insurance, Freight), CNF (Cost and Freight), Door to Door, etc.<\/li>\n<\/ol>\n<p>&nbsp;<\/p>\n<p>5. s\u00e9lection de la soci\u00e9t\u00e9 de transport : nous s\u00e9lectionnons la soci\u00e9t\u00e9 de transport la plus \u00e9conomique et la plus fiable afin de garantir la livraison de la machine de cassage et de s\u00e9paration des \u0153ufs dans les d\u00e9lais impartis.<\/p>\n<p>&nbsp;<\/p>\n<ol start=\"6\">\n<li>Informations de suivi Une fois l'envoi exp\u00e9di\u00e9, l'entreprise fournit un num\u00e9ro de suivi au client, ce qui lui permet de suivre l'\u00e9tat de sa commande pendant le transport.<\/li>\n<\/ol>\n<p><img decoding=\"async\" loading=\"lazy\" class=\"alignnone size-full wp-image-2905\" src=\"https:\/\/www.eggmachinery.com\/wp-content\/uploads\/Egg-machine-2.webp\" alt=\"Egg machine\" width=\"750\" height=\"750\" srcset=\"https:\/\/www.eggmachinery.com\/wp-content\/uploads\/Egg-machine-2.webp 750w, https:\/\/www.eggmachinery.com\/wp-content\/uploads\/Egg-machine-2-300x300.webp 300w, https:\/\/www.eggmachinery.com\/wp-content\/uploads\/Egg-machine-2-150x150.webp 150w, https:\/\/www.eggmachinery.com\/wp-content\/uploads\/Egg-machine-2-600x600.webp 600w, https:\/\/www.eggmachinery.com\/wp-content\/uploads\/Egg-machine-2-100x100.webp 100w\" sizes=\"(max-width: 750px) 100vw, 750px\" \/><\/p>","protected":false},"excerpt":{"rendered":"<p>Am\u00e9liorez vos capacit\u00e9s de production avec notre casseuse d'\u0153ufs automatique et notre s\u00e9parateur de jaune d'\u0153uf. Sp\u00e9cialement con\u00e7ue pour les boulangeries, les p\u00e2tisseries et les entreprises de p\u00e2tes aux \u0153ufs, cette machine dispose d'un casse-\u0153uf r\u00e9glable, d'un \u00e9cran de contr\u00f4le tactile et d'une s\u00e9paration continue du blanc et du jaune d'\u0153uf. Sa construction en acier inoxydable garantit l'hygi\u00e8ne, tandis que sa grande capacit\u00e9 et ses fonctions conviviales assurent l'efficacit\u00e9 et la commodit\u00e9. Am\u00e9liorez votre traitement des \u0153ufs avec notre \u00e9quipement haut de gamme.<\/p>","protected":false},"featured_media":2789,"template":"","meta":{"_seopress_robots_primary_cat":"none"},"product_cat":[18],"product_tag":[],"featured_image_urls":{"full":["https:\/\/www.eggmachinery.com\/wp-content\/uploads\/egg-breaking-and-separating-machine-1.webp",800,800,false],"thumbnail":["https:\/\/www.eggmachinery.com\/wp-content\/uploads\/egg-breaking-and-separating-machine-1-150x150.webp",150,150,true],"medium":["https:\/\/www.eggmachinery.com\/wp-content\/uploads\/egg-breaking-and-separating-machine-1-300x300.webp",300,300,true],"medium_large":["https:\/\/www.eggmachinery.com\/wp-content\/uploads\/egg-breaking-and-separating-machine-1-768x768.webp",768,768,true],"large":["https:\/\/www.eggmachinery.com\/wp-content\/uploads\/egg-breaking-and-separating-machine-1.webp",800,800,false],"1536x1536":["https:\/\/www.eggmachinery.com\/wp-content\/uploads\/egg-breaking-and-separating-machine-1.webp",800,800,false],"2048x2048":["https:\/\/www.eggmachinery.com\/wp-content\/uploads\/egg-breaking-and-separating-machine-1.webp",800,800,false],"trp-custom-language-flag":["https:\/\/www.eggmachinery.com\/wp-content\/uploads\/egg-breaking-and-separating-machine-1.webp",12,12,false],"woocommerce_thumbnail":["https:\/\/www.eggmachinery.com\/wp-content\/uploads\/egg-breaking-and-separating-machine-1-300x300.webp",300,300,true],"woocommerce_single":["https:\/\/www.eggmachinery.com\/wp-content\/uploads\/egg-breaking-and-separating-machine-1-600x600.webp",600,600,true],"woocommerce_gallery_thumbnail":["https:\/\/www.eggmachinery.com\/wp-content\/uploads\/egg-breaking-and-separating-machine-1-100x100.webp",100,100,true]},"post_excerpt_stackable":"<p>Enhance your production capabilities with our Automatic Egg Cracking Machine &amp; Yolk Separator. Specifically designed for bakery, cake factory, and egg pastry enterprises, this machine boasts adjustable egg breaker, touch screen control, and continuous separation of egg white and yolk. Its stainless steel construction guarantees hygiene, while its high capacity and user-friendly features ensure efficiency and convenience. Upgrade your egg processing with our top-of-the-line equipment.<\/p>\n","category_list":"","author_info":{"name":"","url":""},"comments_num":"0 comments","_links":{"self":[{"href":"https:\/\/www.eggmachinery.com\/fr\/wp-json\/wp\/v2\/product\/2786"}],"collection":[{"href":"https:\/\/www.eggmachinery.com\/fr\/wp-json\/wp\/v2\/product"}],"about":[{"href":"https:\/\/www.eggmachinery.com\/fr\/wp-json\/wp\/v2\/types\/product"}],"wp:featuredmedia":[{"embeddable":true,"href":"https:\/\/www.eggmachinery.com\/fr\/wp-json\/wp\/v2\/media\/2789"}],"wp:attachment":[{"href":"https:\/\/www.eggmachinery.com\/fr\/wp-json\/wp\/v2\/media?parent=2786"}],"wp:term":[{"taxonomy":"product_cat","embeddable":true,"href":"https:\/\/www.eggmachinery.com\/fr\/wp-json\/wp\/v2\/product_cat?post=2786"},{"taxonomy":"product_tag","embeddable":true,"href":"https:\/\/www.eggmachinery.com\/fr\/wp-json\/wp\/v2\/product_tag?post=2786"}],"curies":[{"name":"wp","href":"https:\/\/api.w.org\/{rel}","templated":true}]}}