{"id":2817,"date":"2024-01-19T09:35:16","date_gmt":"2024-01-19T01:35:16","guid":{"rendered":"https:\/\/www.eggmachinery.com\/?post_type=product&#038;p=2817"},"modified":"2026-03-10T14:45:44","modified_gmt":"2026-03-10T06:45:44","slug":"9500-eggs-per-hour-egg-breaking-machine-for-bakery","status":"publish","type":"product","link":"https:\/\/www.eggmachinery.com\/fr\/produit\/9500-eggs-per-hour-egg-breaking-machine-for-bakery\/","title":{"rendered":"Casseuse d'oeufs 9500 oeufs par heure pour boulangerie"},"content":{"rendered":"<table>\n<tbody>\n<tr>\n<td width=\"169\"><strong><b>Mod\u00e8le<\/b><\/strong><\/td>\n<td width=\"286\"><strong><b>DA-S3<\/b><\/strong><\/td>\n<\/tr>\n<tr>\n<td width=\"169\">Capacit\u00e9<\/td>\n<td width=\"286\">8100-9500pcs\/h<\/td>\n<\/tr>\n<tr>\n<td width=\"169\">Tension<\/td>\n<td width=\"286\">220V<\/td>\n<\/tr>\n<tr>\n<td width=\"169\">Puissance<\/td>\n<td width=\"286\">0,3kw<\/td>\n<\/tr>\n<tr>\n<td width=\"169\">Poids<\/td>\n<td width=\"286\">150 kg<\/td>\n<\/tr>\n<tr>\n<td width=\"169\">Taille<\/td>\n<td width=\"286\">1750*1150*970mm<\/td>\n<\/tr>\n<\/tbody>\n<\/table>\n<p>&nbsp;<\/p>\n<p>&nbsp;<\/p>\n<h2><strong>Machine \u00e0 casser les \u0153ufs <\/strong><strong>Principe de fonctionnement<\/strong><\/h2>\n<p>Le principe de fonctionnement du\u00a0<a href=\"https:\/\/www.eggmachinery.com\/fr\/produit\/simple-style-egg-breaking-machine\/\"><u>machine automatique \u00e0 casser les \u0153ufs et \u00e0 s\u00e9parer le jaune d'\u0153uf<\/u><\/a>\u00a0est bas\u00e9 sur les diff\u00e9rentes densit\u00e9s du blanc d'\u0153uf et du jaune d'\u0153uf. Lorsque les \u0153ufs passent dans le s\u00e9parateur, le blanc et le jaune d'\u0153uf sont s\u00e9par\u00e9s. L'int\u00e9rieur du s\u00e9parateur comprend g\u00e9n\u00e9ralement un s\u00e9parateur rotatif et un filtre. Ces composants travaillent ensemble pour achever le processus de s\u00e9paration des blancs et des jaunes d'\u0153uf.<\/p>\n<p><img decoding=\"async\" loading=\"lazy\" class=\"alignnone size-full wp-image-2869\" src=\"https:\/\/www.eggmachinery.com\/wp-content\/uploads\/egg-breaking-machine-4_WH_750x750px.webp\" alt=\"egg breaking machine \" width=\"750\" height=\"750\" srcset=\"https:\/\/www.eggmachinery.com\/wp-content\/uploads\/egg-breaking-machine-4_WH_750x750px.webp 750w, https:\/\/www.eggmachinery.com\/wp-content\/uploads\/egg-breaking-machine-4_WH_750x750px-300x300.webp 300w, https:\/\/www.eggmachinery.com\/wp-content\/uploads\/egg-breaking-machine-4_WH_750x750px-150x150.webp 150w, https:\/\/www.eggmachinery.com\/wp-content\/uploads\/egg-breaking-machine-4_WH_750x750px-600x600.webp 600w, https:\/\/www.eggmachinery.com\/wp-content\/uploads\/egg-breaking-machine-4_WH_750x750px-100x100.webp 100w\" sizes=\"(max-width: 750px) 100vw, 750px\" \/><\/p>\n<p><img decoding=\"async\" loading=\"lazy\" class=\"size-full wp-image-2876\" src=\"https:\/\/www.eggmachinery.com\/wp-content\/uploads\/egg-breaking-machine-11_WH_750x750px.webp\" alt=\"egg breaking machine \" width=\"750\" height=\"750\" srcset=\"https:\/\/www.eggmachinery.com\/wp-content\/uploads\/egg-breaking-machine-11_WH_750x750px.webp 750w, https:\/\/www.eggmachinery.com\/wp-content\/uploads\/egg-breaking-machine-11_WH_750x750px-300x300.webp 300w, https:\/\/www.eggmachinery.com\/wp-content\/uploads\/egg-breaking-machine-11_WH_750x750px-150x150.webp 150w, https:\/\/www.eggmachinery.com\/wp-content\/uploads\/egg-breaking-machine-11_WH_750x750px-600x600.webp 600w, https:\/\/www.eggmachinery.com\/wp-content\/uploads\/egg-breaking-machine-11_WH_750x750px-100x100.webp 100w\" sizes=\"(max-width: 750px) 100vw, 750px\" \/><\/p>\n<p>&nbsp;<\/p>\n<h3><strong>Machine \u00e0 casser les \u0153ufs <\/strong><strong>Pi\u00e8ces d\u00e9tach\u00e9es <\/strong><strong>W<\/strong><strong>oreille ou <\/strong><strong>F<\/strong><strong>ailure <\/strong><strong>D<\/strong><strong>isplay<\/strong><\/h3>\n<p>Une utilisation prolong\u00e9e entra\u00eene l'usure de certaines pi\u00e8ces, telles que les moteurs, les interrupteurs, etc. V\u00e9rifiez r\u00e9guli\u00e8rement chaque composant. Si vous constatez une usure ou un vieillissement, remplacez-les \u00e0 temps pour maintenir le fonctionnement normal de l'appareil.<\/p>\n<p>&nbsp;<\/p>\n<p>\u200b<\/p>\n<p>&nbsp;<\/p>\n<p>Certains appareils sont configur\u00e9s avec une fonction d'affichage des d\u00e9fauts. Lorsqu'une erreur se produit, l'appareil affiche le code d'erreur correspondant. En fonction du code affich\u00e9, recherchez dans le manuel de l'appareil la m\u00e9thode de d\u00e9pannage correspondante.<\/p>\n<p>&nbsp;<\/p>\n<p><img decoding=\"async\" loading=\"lazy\" class=\"size-full wp-image-2870\" src=\"https:\/\/www.eggmachinery.com\/wp-content\/uploads\/egg-breaking-machine-5_WH_750x750px.webp\" alt=\"egg breaking machine \" width=\"750\" height=\"750\" srcset=\"https:\/\/www.eggmachinery.com\/wp-content\/uploads\/egg-breaking-machine-5_WH_750x750px.webp 750w, https:\/\/www.eggmachinery.com\/wp-content\/uploads\/egg-breaking-machine-5_WH_750x750px-300x300.webp 300w, https:\/\/www.eggmachinery.com\/wp-content\/uploads\/egg-breaking-machine-5_WH_750x750px-150x150.webp 150w, https:\/\/www.eggmachinery.com\/wp-content\/uploads\/egg-breaking-machine-5_WH_750x750px-600x600.webp 600w, https:\/\/www.eggmachinery.com\/wp-content\/uploads\/egg-breaking-machine-5_WH_750x750px-100x100.webp 100w\" sizes=\"(max-width: 750px) 100vw, 750px\" \/><\/p>\n<p><img decoding=\"async\" loading=\"lazy\" class=\"alignnone size-full wp-image-2871\" src=\"https:\/\/www.eggmachinery.com\/wp-content\/uploads\/egg-breaking-machine-6_WH_750x750px.webp\" alt=\"egg breaking machine \" width=\"750\" height=\"750\" srcset=\"https:\/\/www.eggmachinery.com\/wp-content\/uploads\/egg-breaking-machine-6_WH_750x750px.webp 750w, https:\/\/www.eggmachinery.com\/wp-content\/uploads\/egg-breaking-machine-6_WH_750x750px-300x300.webp 300w, https:\/\/www.eggmachinery.com\/wp-content\/uploads\/egg-breaking-machine-6_WH_750x750px-150x150.webp 150w, https:\/\/www.eggmachinery.com\/wp-content\/uploads\/egg-breaking-machine-6_WH_750x750px-600x600.webp 600w, https:\/\/www.eggmachinery.com\/wp-content\/uploads\/egg-breaking-machine-6_WH_750x750px-100x100.webp 100w\" sizes=\"(max-width: 750px) 100vw, 750px\" \/><\/p>\n<p><img decoding=\"async\" loading=\"lazy\" class=\"alignnone size-full wp-image-2872\" src=\"https:\/\/www.eggmachinery.com\/wp-content\/uploads\/egg-breaking-machine-7_WH_750x750px.webp\" alt=\"egg breaking machine \" width=\"750\" height=\"750\" srcset=\"https:\/\/www.eggmachinery.com\/wp-content\/uploads\/egg-breaking-machine-7_WH_750x750px.webp 750w, https:\/\/www.eggmachinery.com\/wp-content\/uploads\/egg-breaking-machine-7_WH_750x750px-300x300.webp 300w, https:\/\/www.eggmachinery.com\/wp-content\/uploads\/egg-breaking-machine-7_WH_750x750px-150x150.webp 150w, https:\/\/www.eggmachinery.com\/wp-content\/uploads\/egg-breaking-machine-7_WH_750x750px-600x600.webp 600w, https:\/\/www.eggmachinery.com\/wp-content\/uploads\/egg-breaking-machine-7_WH_750x750px-100x100.webp 100w\" sizes=\"(max-width: 750px) 100vw, 750px\" \/><\/p>\n<p><img decoding=\"async\" loading=\"lazy\" class=\"alignnone size-full wp-image-2873\" src=\"https:\/\/www.eggmachinery.com\/wp-content\/uploads\/egg-breaking-machine-8_WH_750x750px.webp\" alt=\"egg breaking machine \" width=\"750\" height=\"750\" srcset=\"https:\/\/www.eggmachinery.com\/wp-content\/uploads\/egg-breaking-machine-8_WH_750x750px.webp 750w, https:\/\/www.eggmachinery.com\/wp-content\/uploads\/egg-breaking-machine-8_WH_750x750px-300x300.webp 300w, https:\/\/www.eggmachinery.com\/wp-content\/uploads\/egg-breaking-machine-8_WH_750x750px-150x150.webp 150w, https:\/\/www.eggmachinery.com\/wp-content\/uploads\/egg-breaking-machine-8_WH_750x750px-600x600.webp 600w, https:\/\/www.eggmachinery.com\/wp-content\/uploads\/egg-breaking-machine-8_WH_750x750px-100x100.webp 100w\" sizes=\"(max-width: 750px) 100vw, 750px\" \/><img decoding=\"async\" loading=\"lazy\" class=\"alignnone size-full wp-image-2874\" src=\"https:\/\/www.eggmachinery.com\/wp-content\/uploads\/egg-breaking-machine-9_WH_750x750px.webp\" alt=\"egg breaking machine \" width=\"750\" height=\"750\" srcset=\"https:\/\/www.eggmachinery.com\/wp-content\/uploads\/egg-breaking-machine-9_WH_750x750px.webp 750w, https:\/\/www.eggmachinery.com\/wp-content\/uploads\/egg-breaking-machine-9_WH_750x750px-300x300.webp 300w, https:\/\/www.eggmachinery.com\/wp-content\/uploads\/egg-breaking-machine-9_WH_750x750px-150x150.webp 150w, https:\/\/www.eggmachinery.com\/wp-content\/uploads\/egg-breaking-machine-9_WH_750x750px-600x600.webp 600w, https:\/\/www.eggmachinery.com\/wp-content\/uploads\/egg-breaking-machine-9_WH_750x750px-100x100.webp 100w\" sizes=\"(max-width: 750px) 100vw, 750px\" \/><img decoding=\"async\" loading=\"lazy\" class=\"alignnone size-full wp-image-2875\" src=\"https:\/\/www.eggmachinery.com\/wp-content\/uploads\/egg-breaking-machine-10_WH_750x750px.webp\" alt=\"egg breaking machine \" width=\"750\" height=\"750\" srcset=\"https:\/\/www.eggmachinery.com\/wp-content\/uploads\/egg-breaking-machine-10_WH_750x750px.webp 750w, https:\/\/www.eggmachinery.com\/wp-content\/uploads\/egg-breaking-machine-10_WH_750x750px-300x300.webp 300w, https:\/\/www.eggmachinery.com\/wp-content\/uploads\/egg-breaking-machine-10_WH_750x750px-150x150.webp 150w, https:\/\/www.eggmachinery.com\/wp-content\/uploads\/egg-breaking-machine-10_WH_750x750px-600x600.webp 600w, https:\/\/www.eggmachinery.com\/wp-content\/uploads\/egg-breaking-machine-10_WH_750x750px-100x100.webp 100w\" sizes=\"(max-width: 750px) 100vw, 750px\" \/><\/p>\n<p>&nbsp;<\/p>\n<p>&nbsp;<\/p>\n<p>&nbsp;<\/p>\n<h3><strong>Machine \u00e0 casser et \u00e0 s\u00e9parer les \u0153ufs Transport<\/strong><\/h3>\n<p>&nbsp;<\/p>\n<p>La machine de cassage et de s\u00e9paration des \u0153ufs doit payer un certain montant de fret pendant le transport, ce qui augmente indirectement le co\u00fbt de production. Ce co\u00fbt de transport augmentera \u00e9galement le prix de la machine \u00e0 casser et \u00e0 s\u00e9parer les \u0153ufs. Si la distance de transport est trop longue, le co\u00fbt de transport augmentera et le prix de vente sera ajust\u00e9 en cons\u00e9quence.<\/p>\n<p>&nbsp;<\/p>\n<p>Voici tous les \u00e9l\u00e9ments que Diamo Lee vous apporte concernant les facteurs de prix de la machine \u00e0 casser et \u00e0 s\u00e9parer les \u0153ufs. J'esp\u00e8re que cela vous sera utile. Bien s\u00fbr, lorsque vous choisissez un s\u00e9parateur de jaune d'\u0153uf et de blanc d'\u0153uf, le prix n'est qu'une partie, et vous devez le consid\u00e9rer de mani\u00e8re compl\u00e8te avant de faire votre choix. Notre usine produit une vari\u00e9t\u00e9 de produits tels que les crackers aux oeufs, la machine \u00e0 casser et \u00e0 s\u00e9parer les oeufs, etc. Si vous avez des besoins pertinents, veuillez laisser un message pour consultation.<\/p>\n<h2><strong>\u00a0<\/strong><\/h2>\n<h2><strong>Machine commerciale \u00e0 casser et \u00e0 s\u00e9parer les \u0153ufs Informations relatives \u00e0 l'exp\u00e9dition et \u00e0 la commande<\/strong><\/h2>\n<ol>\n<li>Conteneur de chargement : la machine de cassage et de s\u00e9paration des \u0153ufs peut \u00eatre charg\u00e9e dans des conteneurs \u00e0 diff\u00e9rents endroits, notamment \u00e0 Qingdao, Shanghai, Ningbo, Tianjin, Guangzhou, etc.<\/li>\n<\/ol>\n<p>&nbsp;<\/p>\n<ol start=\"2\">\n<li>M\u00e9thodes d'exp\u00e9dition :Nous proposons plusieurs m\u00e9thodes d'exp\u00e9dition, notamment le service de messagerie, le transport a\u00e9rien et le transport maritime, afin de r\u00e9pondre aux besoins de nos clients.<\/li>\n<\/ol>\n<p>&nbsp;<\/p>\n<ol start=\"3\">\n<li>Options de commande :L'entreprise peut accepter des commandes pour des conteneurs complets ou des conteneurs plus petits, ce qui permet de r\u00e9pondre \u00e0 diff\u00e9rentes \u00e9chelles de demande.<\/li>\n<\/ol>\n<p>&nbsp;<\/p>\n<ol start=\"4\">\n<li>Options de service :Nous proposons diverses options de service telles que EXW (Ex Works), FOB (Free On Board), CIF (Cost, Insurance, Freight), CNF (Cost and Freight), Door to Door, etc.<\/li>\n<\/ol>\n<p>&nbsp;<\/p>\n<p>S\u00e9lection de la soci\u00e9t\u00e9 de transport : Nous s\u00e9lectionnons la soci\u00e9t\u00e9 de transport la plus \u00e9conomique et la plus fiable pour assurer la livraison de la machine de cassage et de s\u00e9paration des \u0153ufs dans les d\u00e9lais impartis.<\/p>\n<p>&nbsp;<\/p>\n<ol start=\"6\">\n<li>Informations de suivi Une fois l'envoi exp\u00e9di\u00e9, l'entreprise fournit un num\u00e9ro de suivi au client, ce qui lui permet de suivre l'\u00e9tat de sa commande pendant le transport.<\/li>\n<\/ol>\n<p><img decoding=\"async\" loading=\"lazy\" class=\"alignnone size-full wp-image-2883\" src=\"https:\/\/www.eggmachinery.com\/wp-content\/uploads\/about-us-6.webp\" alt=\"egg breaking machine\" width=\"750\" height=\"750\" srcset=\"https:\/\/www.eggmachinery.com\/wp-content\/uploads\/about-us-6.webp 750w, https:\/\/www.eggmachinery.com\/wp-content\/uploads\/about-us-6-300x300.webp 300w, https:\/\/www.eggmachinery.com\/wp-content\/uploads\/about-us-6-150x150.webp 150w, https:\/\/www.eggmachinery.com\/wp-content\/uploads\/about-us-6-600x600.webp 600w, https:\/\/www.eggmachinery.com\/wp-content\/uploads\/about-us-6-100x100.webp 100w\" sizes=\"(max-width: 750px) 100vw, 750px\" \/><\/p>","protected":false},"excerpt":{"rendered":"<p>Le principe de fonctionnement du\u00a0<a href=\"https:\/\/www.eggmachinery.com\/fr\/produit\/simple-style-egg-breaking-machine\/\"><u>machine automatique \u00e0 casser les \u0153ufs et \u00e0 s\u00e9parer le jaune d'\u0153uf<\/u><\/a>\u00a0est bas\u00e9 sur les diff\u00e9rentes densit\u00e9s du blanc d'\u0153uf et du jaune d'\u0153uf. Lorsque les \u0153ufs passent dans le s\u00e9parateur, le blanc et le jaune d'\u0153uf sont s\u00e9par\u00e9s. L'int\u00e9rieur du s\u00e9parateur comprend g\u00e9n\u00e9ralement un s\u00e9parateur rotatif et un filtre. Ces composants travaillent ensemble pour achever le processus de s\u00e9paration des blancs et des jaunes d'\u0153uf.<\/p>\n<p>&nbsp;<\/p>","protected":false},"featured_media":2820,"template":"","meta":{"_seopress_robots_primary_cat":"none"},"product_cat":[18],"product_tag":[],"featured_image_urls":{"full":["https:\/\/www.eggmachinery.com\/wp-content\/uploads\/egg-breaking-machine-for-bakery.webp",800,800,false],"thumbnail":["https:\/\/www.eggmachinery.com\/wp-content\/uploads\/egg-breaking-machine-for-bakery-150x150.webp",150,150,true],"medium":["https:\/\/www.eggmachinery.com\/wp-content\/uploads\/egg-breaking-machine-for-bakery-300x300.webp",300,300,true],"medium_large":["https:\/\/www.eggmachinery.com\/wp-content\/uploads\/egg-breaking-machine-for-bakery-768x768.webp",768,768,true],"large":["https:\/\/www.eggmachinery.com\/wp-content\/uploads\/egg-breaking-machine-for-bakery.webp",800,800,false],"1536x1536":["https:\/\/www.eggmachinery.com\/wp-content\/uploads\/egg-breaking-machine-for-bakery.webp",800,800,false],"2048x2048":["https:\/\/www.eggmachinery.com\/wp-content\/uploads\/egg-breaking-machine-for-bakery.webp",800,800,false],"trp-custom-language-flag":["https:\/\/www.eggmachinery.com\/wp-content\/uploads\/egg-breaking-machine-for-bakery.webp",12,12,false],"woocommerce_thumbnail":["https:\/\/www.eggmachinery.com\/wp-content\/uploads\/egg-breaking-machine-for-bakery-300x300.webp",300,300,true],"woocommerce_single":["https:\/\/www.eggmachinery.com\/wp-content\/uploads\/egg-breaking-machine-for-bakery-600x600.webp",600,600,true],"woocommerce_gallery_thumbnail":["https:\/\/www.eggmachinery.com\/wp-content\/uploads\/egg-breaking-machine-for-bakery-100x100.webp",100,100,true]},"post_excerpt_stackable":"<p>The working principle of the\u00a0<a href=\"https:\/\/www.eggmachinery.com\/product\/simple-style-egg-breaking-machine\/\"><u>automatic egg breaker &amp; yolk separator machine<\/u><\/a>\u00a0is based on the different densities of egg white and egg yolk. When the eggs pass through the separator, the egg white and egg yolk are separated separately. The interior of the separator usually includes a rotary separator and a filter. These components work together to complete the process of separating egg whites and yolks.<\/p>\n<p>&nbsp;<\/p>\n","category_list":"","author_info":{"name":"","url":""},"comments_num":"0 comments","_links":{"self":[{"href":"https:\/\/www.eggmachinery.com\/fr\/wp-json\/wp\/v2\/product\/2817"}],"collection":[{"href":"https:\/\/www.eggmachinery.com\/fr\/wp-json\/wp\/v2\/product"}],"about":[{"href":"https:\/\/www.eggmachinery.com\/fr\/wp-json\/wp\/v2\/types\/product"}],"wp:featuredmedia":[{"embeddable":true,"href":"https:\/\/www.eggmachinery.com\/fr\/wp-json\/wp\/v2\/media\/2820"}],"wp:attachment":[{"href":"https:\/\/www.eggmachinery.com\/fr\/wp-json\/wp\/v2\/media?parent=2817"}],"wp:term":[{"taxonomy":"product_cat","embeddable":true,"href":"https:\/\/www.eggmachinery.com\/fr\/wp-json\/wp\/v2\/product_cat?post=2817"},{"taxonomy":"product_tag","embeddable":true,"href":"https:\/\/www.eggmachinery.com\/fr\/wp-json\/wp\/v2\/product_tag?post=2817"}],"curies":[{"name":"wp","href":"https:\/\/api.w.org\/{rel}","templated":true}]}}