{"id":2821,"date":"2024-01-19T10:51:30","date_gmt":"2024-01-19T02:51:30","guid":{"rendered":"https:\/\/www.eggmachinery.com\/?post_type=product&#038;p=2821"},"modified":"2026-03-10T14:43:31","modified_gmt":"2026-03-10T06:43:31","slug":"quail-egg-shelling-machine-2","status":"publish","type":"product","link":"https:\/\/www.eggmachinery.com\/fr\/produit\/quail-egg-shelling-machine-2\/","title":{"rendered":"Machine \u00e0 d\u00e9cortiquer les \u0153ufs de caille"},"content":{"rendered":"<p>La machine \u00e0 \u00e9caler les \u0153ufs de caille joue un r\u00f4le crucial dans la cha\u00eene de production des \u0153ufs de caille. Cette machine est positionn\u00e9e comme une \u00e9tape avant le pelage dans le processus global. Apr\u00e8s avoir \u00e9t\u00e9 cuits et refroidis, les \u0153ufs de caille sont introduits dans la machine \u00e0 \u00e9caler. <a href=\"https:\/\/www.eggmachinery.com\/fr\/produit\/quail-egg-shelling-machine\/\"><u>\u00a0machine \u00e0 \u00e9caler les \u0153ufs de caille <\/u><\/a>Les coquilles d'\u0153uf y sont broy\u00e9es efficacement. Cette \u00e9tape de pr\u00e9paration est essentielle pour le processus d'\u00e9pluchage final.<\/p>\n<p>&nbsp;<\/p>\n<h2><strong>\u00a0Fiche technique de la machine \u00e0 d\u00e9cortiquer les \u0153ufs de caille <\/strong><\/h2>\n<table style=\"height: 309px;\" width=\"729\">\n<tbody>\n<tr>\n<td width=\"165\"><strong>Mod\u00e8le d'article<\/strong><\/td>\n<td width=\"307\"><strong>DA-D30<\/strong><\/td>\n<\/tr>\n<tr>\n<td width=\"165\"><strong>Capacit\u00e9<\/strong><\/td>\n<td width=\"307\"><strong>300kg\/h<\/strong><\/td>\n<\/tr>\n<tr>\n<td width=\"165\"><strong>Puissance<\/strong><\/td>\n<td width=\"307\"><strong>0,55kw<\/strong><\/td>\n<\/tr>\n<tr>\n<td width=\"165\"><strong>Dimension globale<\/strong><\/td>\n<td width=\"307\"><strong>800*900*700MM<\/strong><\/td>\n<\/tr>\n<tr>\n<td width=\"165\"><strong>Poids de la machine<\/strong><\/td>\n<td width=\"307\"><strong>50 kg<\/strong><\/td>\n<\/tr>\n<\/tbody>\n<\/table>\n<p>&nbsp;<\/p>\n<h2><strong>Cl\u00e9 <\/strong><strong>F<\/strong><strong>es caract\u00e9ristiques des <\/strong><strong>T<\/strong><strong>il<\/strong><strong>\u00a0Machine \u00e0 d\u00e9cortiquer les \u0153ufs de caille <\/strong><strong>\u00a0<\/strong><strong>I<\/strong><strong>nclure :<\/strong><\/h2>\n<p>&nbsp;<\/p>\n<ol>\n<li>Outil auxiliaire : La machine est con\u00e7ue comme un dispositif auxiliaire de la machine \u00e0 peler les \u0153ufs de caille, am\u00e9liorant l'efficacit\u00e9 globale du processus de pelage.<\/li>\n<\/ol>\n<p>&nbsp;<\/p>\n<ol start=\"2\">\n<li>Briser la coquille de mani\u00e8re uniforme : La machine est capable de casser les coquilles d'\u0153ufs de caille de mani\u00e8re uniforme, ce qui garantit que les \u0153ufs sont pr\u00eats \u00e0 \u00eatre \u00e9pluch\u00e9s sans que la surface de l'\u0153uf ne soit endommag\u00e9e.<\/li>\n<\/ol>\n<p>&nbsp;<\/p>\n<ol start=\"3\">\n<li>Broyeur de coquilles \u00e9lectrique : La machine \u00e0 \u00e9caler les \u0153ufs de caille est un broyeur de coquilles \u00e9lectrique, ce qui permet d'\u00e9conomiser de la main-d'\u0153uvre par rapport aux m\u00e9thodes manuelles.<\/li>\n<\/ol>\n<p>&nbsp;<\/p>\n<ol start=\"4\">\n<li>Efficacit\u00e9 \u00e9lev\u00e9e et vitesse rapide : la machine fonctionne avec une efficacit\u00e9 et une vitesse \u00e9lev\u00e9es, gr\u00e2ce \u00e0 sa transmission par r\u00e9ducteur. Elle est construite en acier inoxydable, ce qui garantit sa durabilit\u00e9 et son hygi\u00e8ne.<\/li>\n<\/ol>\n<p>&nbsp;<\/p>\n<p>Les principales applications de la machine \u00e0 d\u00e9cortiquer les \u0153ufs de caille se trouvent dans l'industrie alimentaire, en particulier dans des domaines tels que la transformation des \u0153ufs de caille \u00e9pic\u00e9s, l'industrie de la cuisson des \u0153ufs de caille frais et les usines de transformation des \u0153ufs de caille en profondeur.<\/p>\n<p>&nbsp;<\/p>\n<p>Pour obtenir des informations plus d\u00e9taill\u00e9es ou poser des questions, le fabricant propose une proc\u00e9dure de demande de devis (RFQ). Les parties int\u00e9ress\u00e9es peuvent envoyer une demande de renseignements, \u00e9crire un courriel ou appeler directement le fabricant. Le fabricant met l'accent sur la personnalisation et propose des machines \u00e0 \u00e9caler les \u0153ufs de caille, des machines \u00e0 cuire les \u0153ufs de caille, des machines \u00e0 \u00e9caler les \u0153ufs de caille, ainsi que des lignes de traitement d'\u00e9calage des \u0153ufs de caille semi-automatiques et enti\u00e8rement automatiques adapt\u00e9es aux demandes des clients et \u00e0 la situation du site.<\/p>\n<h2><strong>\u00a0<\/strong><\/h2>\n<h2><strong>Pour <\/strong><strong>T<\/strong><strong>tuyau <\/strong><strong>C<\/strong><strong>onsid\u00e9ration de la <\/strong><strong>P<\/strong><strong>achat de <\/strong><strong>t<\/strong><strong>il <\/strong><strong>\u00a0Machine \u00e0 d\u00e9cortiquer les \u0153ufs de caille <\/strong><strong>\u00a0<\/strong><strong>t<\/strong><strong>il <\/strong><strong>M<\/strong><strong>e fabricant <\/strong><strong>O<\/strong><strong>ffers <\/strong><strong>G<\/strong><strong>uidance :<\/strong><\/h2>\n<p>&nbsp;<\/p>\n<ol>\n<li>Informations d\u00e9taill\u00e9es : Pour obtenir des informations plus d\u00e9taill\u00e9es, les parties int\u00e9ress\u00e9es sont invit\u00e9es \u00e0 contacter directement le fabricant par le biais d'une demande de renseignements, d'un courrier \u00e9lectronique ou d'un appel t\u00e9l\u00e9phonique afin d'obtenir un devis officiel.<\/li>\n<\/ol>\n<p>&nbsp;<\/p>\n<ol start=\"2\">\n<li>Ad\u00e9quation : Pour d\u00e9terminer si la machine \u00e0 \u00e9caler les \u0153ufs de caille convient \u00e0 des besoins sp\u00e9cifiques, il faut fournir des exigences et des informations d\u00e9taill\u00e9es sur la situation de production. Le fabricant s'engage \u00e0 offrir la meilleure recommandation possible sur la base de ces informations.<\/li>\n<\/ol>\n<p>&nbsp;<\/p>\n<ol start=\"3\">\n<li>Commande et livraison : Apr\u00e8s confirmation de la commande, le fabricant envoie une facture proforma pour le paiement. Une fois le paiement re\u00e7u, il commence \u00e0 pr\u00e9parer la machine. Les machines peuvent \u00eatre livr\u00e9es au port du pays du client, le fabricant se chargeant des questions d'exportation. Des documents de d\u00e9douanement complets sont fournis pour faciliter le processus de d\u00e9douanement.<\/li>\n<\/ol>\n<p>&nbsp;<\/p>\n<ol start=\"4\">\n<li>Service \u00e0 l'\u00e9tranger : Le fabricant propose des services \u00e0 l'\u00e9tranger, notamment l'envoi d'ing\u00e9nieurs dans les pays des clients pour l'installation et la formation, en particulier pour les clients qui ach\u00e8tent une ligne de production.<\/li>\n<\/ol>\n<p>&nbsp;<\/p>","protected":false},"excerpt":{"rendered":"<p>Am\u00e9liorez votre traitement des \u0153ufs de caille gr\u00e2ce \u00e0 la machine \u00e0 d\u00e9cortiquer les \u0153ufs de caille. Ce dispositif auxiliaire assure un cassage r\u00e9gulier des coquilles et une \u00e9conomie de main-d'\u0153uvre, ce qui en fait un compl\u00e9ment pr\u00e9cieux pour vos op\u00e9rations dans l'industrie alimentaire.<\/p>","protected":false},"featured_media":2824,"template":"","meta":{"_seopress_robots_primary_cat":"none"},"product_cat":[20],"product_tag":[],"featured_image_urls":{"full":["https:\/\/www.eggmachinery.com\/wp-content\/uploads\/quail-egg-shelling-machine-.webp",800,800,false],"thumbnail":["https:\/\/www.eggmachinery.com\/wp-content\/uploads\/quail-egg-shelling-machine--150x150.webp",150,150,true],"medium":["https:\/\/www.eggmachinery.com\/wp-content\/uploads\/quail-egg-shelling-machine--300x300.webp",300,300,true],"medium_large":["https:\/\/www.eggmachinery.com\/wp-content\/uploads\/quail-egg-shelling-machine--768x768.webp",768,768,true],"large":["https:\/\/www.eggmachinery.com\/wp-content\/uploads\/quail-egg-shelling-machine-.webp",800,800,false],"1536x1536":["https:\/\/www.eggmachinery.com\/wp-content\/uploads\/quail-egg-shelling-machine-.webp",800,800,false],"2048x2048":["https:\/\/www.eggmachinery.com\/wp-content\/uploads\/quail-egg-shelling-machine-.webp",800,800,false],"trp-custom-language-flag":["https:\/\/www.eggmachinery.com\/wp-content\/uploads\/quail-egg-shelling-machine-.webp",12,12,false],"woocommerce_thumbnail":["https:\/\/www.eggmachinery.com\/wp-content\/uploads\/quail-egg-shelling-machine--300x300.webp",300,300,true],"woocommerce_single":["https:\/\/www.eggmachinery.com\/wp-content\/uploads\/quail-egg-shelling-machine--600x600.webp",600,600,true],"woocommerce_gallery_thumbnail":["https:\/\/www.eggmachinery.com\/wp-content\/uploads\/quail-egg-shelling-machine--100x100.webp",100,100,true]},"post_excerpt_stackable":"<p>Boost your quail egg processing with the quail egg shelling machine. This auxiliary device ensures even shell breaking and labor-saving operation, making it a valuable addition to your food industry operations.<\/p>\n","category_list":"","author_info":{"name":"","url":""},"comments_num":"0 comments","_links":{"self":[{"href":"https:\/\/www.eggmachinery.com\/fr\/wp-json\/wp\/v2\/product\/2821"}],"collection":[{"href":"https:\/\/www.eggmachinery.com\/fr\/wp-json\/wp\/v2\/product"}],"about":[{"href":"https:\/\/www.eggmachinery.com\/fr\/wp-json\/wp\/v2\/types\/product"}],"wp:featuredmedia":[{"embeddable":true,"href":"https:\/\/www.eggmachinery.com\/fr\/wp-json\/wp\/v2\/media\/2824"}],"wp:attachment":[{"href":"https:\/\/www.eggmachinery.com\/fr\/wp-json\/wp\/v2\/media?parent=2821"}],"wp:term":[{"taxonomy":"product_cat","embeddable":true,"href":"https:\/\/www.eggmachinery.com\/fr\/wp-json\/wp\/v2\/product_cat?post=2821"},{"taxonomy":"product_tag","embeddable":true,"href":"https:\/\/www.eggmachinery.com\/fr\/wp-json\/wp\/v2\/product_tag?post=2821"}],"curies":[{"name":"wp","href":"https:\/\/api.w.org\/{rel}","templated":true}]}}