{"id":283,"date":"2021-04-12T16:42:18","date_gmt":"2021-04-12T08:42:18","guid":{"rendered":"https:\/\/demo.creativethemes.com\/blocksy\/homi\/?post_type=product&#038;p=283"},"modified":"2026-03-10T13:58:55","modified_gmt":"2026-03-10T05:58:55","slug":"egg-breaker-machine","status":"publish","type":"product","link":"https:\/\/www.eggmachinery.com\/fr\/produit\/egg-breaker-machine\/","title":{"rendered":"Machine \u00e0 casser les \u0153ufs"},"content":{"rendered":"<h2><strong><b><a href=\"https:\/\/www.eggmachinery.com\/fr\/produit\/egg-breaking-machine\/\">Machine \u00e0 casser les \u0153ufs<\/a> Description<\/b><\/strong><\/h2>\n<p>Industrial egg breaker machine is new design egg liquid extraction machine. It can be used to crack chicken eggs to get\u00a0 the whole egg liquid.<\/p>\n<p>Aujourd'hui, la machine industrielle d'extraction de liquide d'\u0153uf est largement utilis\u00e9e dans les usines de produits de boulangerie, les usines de transformation des aliments, l'industrie m\u00e9dicale, etc.<\/p>\n<p>&nbsp;<\/p>\n<figure id=\"attachment_751\" aria-describedby=\"caption-attachment-751\" style=\"width: 820px\" class=\"wp-caption alignnone\"><img decoding=\"async\" loading=\"lazy\" class=\"size-full wp-image-751\" src=\"https:\/\/www.eggmachinery.com\/wp-content\/uploads\/2021\/04\/egg-breaker-machine-2.webp\" alt=\"egg breaker machine\" width=\"820\" height=\"680\" srcset=\"https:\/\/www.eggmachinery.com\/wp-content\/uploads\/2021\/04\/egg-breaker-machine-2.webp 820w, https:\/\/www.eggmachinery.com\/wp-content\/uploads\/2021\/04\/egg-breaker-machine-2-300x249.webp 300w, https:\/\/www.eggmachinery.com\/wp-content\/uploads\/2021\/04\/egg-breaker-machine-2-768x637.webp 768w, https:\/\/www.eggmachinery.com\/wp-content\/uploads\/2021\/04\/egg-breaker-machine-2-600x498.webp 600w\" sizes=\"(max-width: 820px) 100vw, 820px\" \/><figcaption id=\"caption-attachment-751\" class=\"wp-caption-text\">machine \u00e0 casser les \u0153ufs<\/figcaption><\/figure>\n<p>&nbsp;<\/p>\n<h2><strong><b>Egg Breaking Machine Working Principle<\/b><\/strong><\/h2>\n<ol>\n<li>Firstly, The worker put the eggs into egg water tank , then roller belt will\u00a0convey the eggs into the <a href=\"https:\/\/www.eggmachinery.com\/fr\/produit\/egg-cleaning-machine\/\">egg washing part.<\/a><\/li>\n<li>Deuxi\u00e8mement, la pulv\u00e9risation d'eau et l'utilisation d'une brosse de lavage sp\u00e9cialis\u00e9e permettent d'\u00e9liminer les salissures.<\/li>\n<li>Apr\u00e8s le lavage, un vent plus fort permet de s\u00e9cher l'\u0153uf autant que possible.<\/li>\n<li>And then the roller belt will convey the eggs into the candling part, the LED light\u00a0\u00a0will come out from under the eggs and the light will penetrate the eggs and at the same time workers can select out stale eggs, cracked eggs, black-cored eggs, mildewed eggs.<\/li>\n<li>Finally, the chicken eggs will be conveyed into the breaking part by the roller belt ,and egg breaking equipment will break the eggs with specialized egg breaking knife, workers should prepare buckets to collect egg yolk.<\/li>\n<\/ol>\n<p><img decoding=\"async\" loading=\"lazy\" class=\"alignnone size-full wp-image-3001\" src=\"https:\/\/www.eggmachinery.com\/wp-content\/uploads\/egg-machine-1_WH_750x750px.webp\" alt=\"egg machine\" width=\"750\" height=\"750\" srcset=\"https:\/\/www.eggmachinery.com\/wp-content\/uploads\/egg-machine-1_WH_750x750px.webp 750w, https:\/\/www.eggmachinery.com\/wp-content\/uploads\/egg-machine-1_WH_750x750px-300x300.webp 300w, https:\/\/www.eggmachinery.com\/wp-content\/uploads\/egg-machine-1_WH_750x750px-150x150.webp 150w, https:\/\/www.eggmachinery.com\/wp-content\/uploads\/egg-machine-1_WH_750x750px-600x600.webp 600w, https:\/\/www.eggmachinery.com\/wp-content\/uploads\/egg-machine-1_WH_750x750px-100x100.webp 100w\" sizes=\"(max-width: 750px) 100vw, 750px\" \/><\/p>\n<p><img decoding=\"async\" loading=\"lazy\" class=\"alignnone size-full wp-image-3003\" src=\"https:\/\/www.eggmachinery.com\/wp-content\/uploads\/egg-machine-3_WH_750x750px.webp\" alt=\"egg machine\" width=\"750\" height=\"750\" srcset=\"https:\/\/www.eggmachinery.com\/wp-content\/uploads\/egg-machine-3_WH_750x750px.webp 750w, https:\/\/www.eggmachinery.com\/wp-content\/uploads\/egg-machine-3_WH_750x750px-300x300.webp 300w, https:\/\/www.eggmachinery.com\/wp-content\/uploads\/egg-machine-3_WH_750x750px-150x150.webp 150w, https:\/\/www.eggmachinery.com\/wp-content\/uploads\/egg-machine-3_WH_750x750px-600x600.webp 600w, https:\/\/www.eggmachinery.com\/wp-content\/uploads\/egg-machine-3_WH_750x750px-100x100.webp 100w\" sizes=\"(max-width: 750px) 100vw, 750px\" \/><img decoding=\"async\" loading=\"lazy\" class=\"alignnone size-full wp-image-3004\" src=\"https:\/\/www.eggmachinery.com\/wp-content\/uploads\/egg-machine-4_WH_750x750px.webp\" alt=\"egg machine\" width=\"750\" height=\"750\" srcset=\"https:\/\/www.eggmachinery.com\/wp-content\/uploads\/egg-machine-4_WH_750x750px.webp 750w, https:\/\/www.eggmachinery.com\/wp-content\/uploads\/egg-machine-4_WH_750x750px-300x300.webp 300w, https:\/\/www.eggmachinery.com\/wp-content\/uploads\/egg-machine-4_WH_750x750px-150x150.webp 150w, https:\/\/www.eggmachinery.com\/wp-content\/uploads\/egg-machine-4_WH_750x750px-600x600.webp 600w, https:\/\/www.eggmachinery.com\/wp-content\/uploads\/egg-machine-4_WH_750x750px-100x100.webp 100w\" sizes=\"(max-width: 750px) 100vw, 750px\" \/><\/p>\n<h3>Automatic Egg Breaking Machine Video<\/h3>\n<p><iframe loading=\"lazy\" title=\"egg breaker price\/Egg breaking equipment\" width=\"1290\" height=\"726\" src=\"https:\/\/www.youtube.com\/embed\/tbW9RmQ_W40?feature=oembed\" frameborder=\"0\" allow=\"accelerometer; autoplay; clipboard-write; encrypted-media; gyroscope; picture-in-picture; web-share\" referrerpolicy=\"strict-origin-when-cross-origin\" allowfullscreen><\/iframe><\/p>","protected":false},"excerpt":{"rendered":"<p>Industrial egg breaker machine is new design egg liquid extraction machine. It can be used to crack chicken eggs to get\u00a0 the whole egg liquid.<\/p>\n<p>Aujourd'hui, la machine industrielle d'extraction de liquide d'\u0153uf est largement utilis\u00e9e dans les usines de produits de boulangerie, les usines de transformation des aliments, l'industrie m\u00e9dicale, etc.<\/p>","protected":false},"featured_media":751,"template":"","meta":{"_seopress_robots_primary_cat":"none"},"product_cat":[18],"product_tag":[],"featured_image_urls":{"full":["https:\/\/www.eggmachinery.com\/wp-content\/uploads\/2021\/04\/egg-breaker-machine-2.webp",820,680,false],"thumbnail":["https:\/\/www.eggmachinery.com\/wp-content\/uploads\/2021\/04\/egg-breaker-machine-2-150x150.webp",150,150,true],"medium":["https:\/\/www.eggmachinery.com\/wp-content\/uploads\/2021\/04\/egg-breaker-machine-2-300x249.webp",300,249,true],"medium_large":["https:\/\/www.eggmachinery.com\/wp-content\/uploads\/2021\/04\/egg-breaker-machine-2-768x637.webp",768,637,true],"large":["https:\/\/www.eggmachinery.com\/wp-content\/uploads\/2021\/04\/egg-breaker-machine-2.webp",820,680,false],"1536x1536":["https:\/\/www.eggmachinery.com\/wp-content\/uploads\/2021\/04\/egg-breaker-machine-2.webp",820,680,false],"2048x2048":["https:\/\/www.eggmachinery.com\/wp-content\/uploads\/2021\/04\/egg-breaker-machine-2.webp",820,680,false],"trp-custom-language-flag":["https:\/\/www.eggmachinery.com\/wp-content\/uploads\/2021\/04\/egg-breaker-machine-2.webp",14,12,false],"woocommerce_thumbnail":["https:\/\/www.eggmachinery.com\/wp-content\/uploads\/2021\/04\/egg-breaker-machine-2-300x249.webp",300,249,true],"woocommerce_single":["https:\/\/www.eggmachinery.com\/wp-content\/uploads\/2021\/04\/egg-breaker-machine-2-600x498.webp",600,498,true],"woocommerce_gallery_thumbnail":["https:\/\/www.eggmachinery.com\/wp-content\/uploads\/2021\/04\/egg-breaker-machine-2-100x100.webp",100,100,true]},"post_excerpt_stackable":"<p>Industrial egg breaker machine is new design egg liquid extraction machine. It can be used to crack chicken eggs to get\u00a0 the whole egg liquid.<\/p>\n<p>Now, Industrial egg liquid extraction machine e are widely used in the bakery products factory, food processing factory, medicine industry and so on.<\/p>\n","category_list":"","author_info":{"name":"","url":""},"comments_num":"0 comments","_links":{"self":[{"href":"https:\/\/www.eggmachinery.com\/fr\/wp-json\/wp\/v2\/product\/283"}],"collection":[{"href":"https:\/\/www.eggmachinery.com\/fr\/wp-json\/wp\/v2\/product"}],"about":[{"href":"https:\/\/www.eggmachinery.com\/fr\/wp-json\/wp\/v2\/types\/product"}],"wp:featuredmedia":[{"embeddable":true,"href":"https:\/\/www.eggmachinery.com\/fr\/wp-json\/wp\/v2\/media\/751"}],"wp:attachment":[{"href":"https:\/\/www.eggmachinery.com\/fr\/wp-json\/wp\/v2\/media?parent=283"}],"wp:term":[{"taxonomy":"product_cat","embeddable":true,"href":"https:\/\/www.eggmachinery.com\/fr\/wp-json\/wp\/v2\/product_cat?post=283"},{"taxonomy":"product_tag","embeddable":true,"href":"https:\/\/www.eggmachinery.com\/fr\/wp-json\/wp\/v2\/product_tag?post=283"}],"curies":[{"name":"wp","href":"https:\/\/api.w.org\/{rel}","templated":true}]}}