{"id":2841,"date":"2024-01-22T13:12:19","date_gmt":"2024-01-22T05:12:19","guid":{"rendered":"https:\/\/www.eggmachinery.com\/?post_type=product&#038;p=2841"},"modified":"2024-01-23T16:50:56","modified_gmt":"2024-01-23T08:50:56","slug":"egg-breaking-machine-2","status":"publish","type":"product","link":"https:\/\/www.eggmachinery.com\/fr\/produit\/egg-breaking-machine-2\/","title":{"rendered":"Casseuse d'\u0153ufs - Mod\u00e8le HT-C300"},"content":{"rendered":"<h2><a href=\"https:\/\/www.eggmachinery.com\/fr\/produit\/egg-cracking-machine\/\"><u>Machine \u00e0 casser les \u0153ufs<\/u><\/a><strong>\u00a0Sp\u00e9cifications :<\/strong><\/h2>\n<p>- Mod\u00e8le : HT-C300<\/p>\n<p>- Tension : 220V\/380V\/415V, alimentation triphas\u00e9e, 2,2kw<\/p>\n<p>- Rendement : 12000 pi\u00e8ces\/heure, 300kg\/heure<\/p>\n<p>- Mat\u00e9riau : Acier inoxydable, la partie en contact avec l'\u0153uf liquide est en acier inoxydable 304.<\/p>\n<p>- Accessoires d'usine : 2 courroies et 1 r\u00e9parateur<\/p>\n<p>- Taille : 900*600*1100mm<\/p>\n<p>- Taille de l'emballage : 1000*800*1400mm<\/p>\n<p>- Poids : 150 kg<\/p>\n<p><img decoding=\"async\" loading=\"lazy\" class=\"alignnone size-full wp-image-2920\" src=\"https:\/\/www.eggmachinery.com\/wp-content\/uploads\/egg-cracking-machine-2.webp\" alt=\"egg cracking machine\" width=\"750\" height=\"750\" srcset=\"https:\/\/www.eggmachinery.com\/wp-content\/uploads\/egg-cracking-machine-2.webp 750w, https:\/\/www.eggmachinery.com\/wp-content\/uploads\/egg-cracking-machine-2-300x300.webp 300w, https:\/\/www.eggmachinery.com\/wp-content\/uploads\/egg-cracking-machine-2-150x150.webp 150w, https:\/\/www.eggmachinery.com\/wp-content\/uploads\/egg-cracking-machine-2-600x600.webp 600w, https:\/\/www.eggmachinery.com\/wp-content\/uploads\/egg-cracking-machine-2-100x100.webp 100w\" sizes=\"(max-width: 750px) 100vw, 750px\" \/><\/p>\n<h2><strong>Machine \u00e0 casser les \u0153ufs Introduction :<\/strong><\/h2>\n<p>La casseuse d'\u0153ufs est con\u00e7ue pour casser les \u0153ufs et s\u00e9parer le liquide de la coquille. En outre, elle peut \u00e9craser la coquille d'\u0153uf en petits morceaux, r\u00e9duisant ainsi le volume des coquilles pour faciliter leur \u00e9vacuation. La machine est capable de casser automatiquement les \u0153ufs entiers et de s\u00e9parer efficacement la coquille et le liquide de l'\u0153uf. Elle trouve des applications dans le traitement des ovoproduits, les usines de g\u00e2teaux, les grandes cantines et d'autres environnements n\u00e9cessitant le traitement simultan\u00e9 d'une grande quantit\u00e9 d'\u0153ufs.<\/p>\n<h3><strong> <img decoding=\"async\" loading=\"lazy\" class=\"alignnone size-full wp-image-2919\" src=\"https:\/\/www.eggmachinery.com\/wp-content\/uploads\/egg-cracking-machine-1.webp\" alt=\"egg cracking machine\" width=\"750\" height=\"750\" srcset=\"https:\/\/www.eggmachinery.com\/wp-content\/uploads\/egg-cracking-machine-1.webp 750w, https:\/\/www.eggmachinery.com\/wp-content\/uploads\/egg-cracking-machine-1-300x300.webp 300w, https:\/\/www.eggmachinery.com\/wp-content\/uploads\/egg-cracking-machine-1-150x150.webp 150w, https:\/\/www.eggmachinery.com\/wp-content\/uploads\/egg-cracking-machine-1-600x600.webp 600w, https:\/\/www.eggmachinery.com\/wp-content\/uploads\/egg-cracking-machine-1-100x100.webp 100w\" sizes=\"(max-width: 750px) 100vw, 750px\" \/><\/strong><\/h3>\n<h3><strong>Machine \u00e0 casser les \u0153ufs Caract\u00e9ristiques :<\/strong><\/h3>\n<ol>\n<li>M\u00e9canisme centrifuge sp\u00e9cial : Con\u00e7u pour des taux de s\u00e9paration \u00e9lev\u00e9s entre le liquide et la coquille de l'\u0153uf.<\/li>\n<li>Mat\u00e9riau : Toutes les pi\u00e8ces sont en acier inoxydable 304# pour faciliter le d\u00e9montage et le nettoyage.<\/li>\n<li>Filtre \u00e0 tamis : Adopte une structure \u00e0 fentes pour une plus grande durabilit\u00e9, emp\u00eachant les blocages et garantissant qu'aucune impuret\u00e9 granuleuse ne reste dans le liquide de l'\u0153uf.<\/li>\n<li>Taux de collecte \u00e9lev\u00e9 : Taux de collecte de 97-99% pour les \u0153ufs liquides.<\/li>\n<li>Capacit\u00e9 \u00e9lev\u00e9e : Traite jusqu'\u00e0 12 000 pcs\/h.<\/li>\n<li>Occupation \u00e9conomique de l'espace : Ne n\u00e9cessite pas d'espace d'atelier important.<\/li>\n<li>Investissement limit\u00e9 : Solution rentable pour la transformation des \u0153ufs.<\/li>\n<\/ol>\n<h3><strong> <img decoding=\"async\" loading=\"lazy\" class=\"alignnone size-full wp-image-2922\" src=\"https:\/\/www.eggmachinery.com\/wp-content\/uploads\/egg-cracking-machine-4.webp\" alt=\"egg cracking machine\" width=\"750\" height=\"750\" srcset=\"https:\/\/www.eggmachinery.com\/wp-content\/uploads\/egg-cracking-machine-4.webp 750w, https:\/\/www.eggmachinery.com\/wp-content\/uploads\/egg-cracking-machine-4-300x300.webp 300w, https:\/\/www.eggmachinery.com\/wp-content\/uploads\/egg-cracking-machine-4-150x150.webp 150w, https:\/\/www.eggmachinery.com\/wp-content\/uploads\/egg-cracking-machine-4-600x600.webp 600w, https:\/\/www.eggmachinery.com\/wp-content\/uploads\/egg-cracking-machine-4-100x100.webp 100w\" sizes=\"(max-width: 750px) 100vw, 750px\" \/><\/strong><\/h3>\n<h3><strong>Directives d'utilisation de la machine \u00e0 casser les \u0153ufs :<\/strong><\/h3>\n<ol>\n<li>Assurez-vous que la machine est plac\u00e9e de mani\u00e8re stable et installez le c\u00e2ble de mise \u00e0 la terre.<\/li>\n<li>V\u00e9rifier et observer le sens de rotation de la machine apr\u00e8s le branchement de l'alimentation \u00e9lectrique. Ajustez-le si n\u00e9cessaire.<\/li>\n<li>\u00c9vitez de verser trop d'\u0153ufs \u00e0 la fois pour \u00e9viter le bourrage et la rupture de la courroie.<\/li>\n<li>Lors du nettoyage de la machine, utilisez une brosse m\u00e9tallique pour nettoyer le baril du filtre et les trous des mailles. En outre, nettoyez la grille du filtre et les r\u00e9sidus de coquille d'\u0153uf dans le noyau du cylindre afin d'\u00e9viter les blocages et d'assurer un fonctionnement r\u00e9gulier.<\/li>\n<\/ol>\n<p><img decoding=\"async\" loading=\"lazy\" class=\"alignnone size-full wp-image-2921\" src=\"https:\/\/www.eggmachinery.com\/wp-content\/uploads\/egg-cracking-machine-3.webp\" alt=\"egg cracking machine\" width=\"750\" height=\"750\" srcset=\"https:\/\/www.eggmachinery.com\/wp-content\/uploads\/egg-cracking-machine-3.webp 750w, https:\/\/www.eggmachinery.com\/wp-content\/uploads\/egg-cracking-machine-3-300x300.webp 300w, https:\/\/www.eggmachinery.com\/wp-content\/uploads\/egg-cracking-machine-3-150x150.webp 150w, https:\/\/www.eggmachinery.com\/wp-content\/uploads\/egg-cracking-machine-3-600x600.webp 600w, https:\/\/www.eggmachinery.com\/wp-content\/uploads\/egg-cracking-machine-3-100x100.webp 100w\" sizes=\"(max-width: 750px) 100vw, 750px\" \/><\/p>\n<p>Note : Il est recommand\u00e9 de suivre les directives fournies pour assurer le bon fonctionnement et l'entretien de la casseuse d'\u0153ufs.<\/p>\n<p><img decoding=\"async\" loading=\"lazy\" class=\"alignnone size-full wp-image-2906\" src=\"https:\/\/www.eggmachinery.com\/wp-content\/uploads\/Egg-machine-3.webp\" alt=\"industrial egg peeling machine\" width=\"750\" height=\"750\" srcset=\"https:\/\/www.eggmachinery.com\/wp-content\/uploads\/Egg-machine-3.webp 750w, https:\/\/www.eggmachinery.com\/wp-content\/uploads\/Egg-machine-3-300x300.webp 300w, https:\/\/www.eggmachinery.com\/wp-content\/uploads\/Egg-machine-3-150x150.webp 150w, https:\/\/www.eggmachinery.com\/wp-content\/uploads\/Egg-machine-3-600x600.webp 600w, https:\/\/www.eggmachinery.com\/wp-content\/uploads\/Egg-machine-3-100x100.webp 100w\" sizes=\"(max-width: 750px) 100vw, 750px\" \/><\/p>","protected":false},"excerpt":{"rendered":"<p>Am\u00e9liorez vos capacit\u00e9s de traitement des \u0153ufs avec la casseuse d'\u0153ufs HT-C300. Son mat\u00e9riau en acier inoxydable et sa conception efficace garantissent sa durabilit\u00e9 et sa facilit\u00e9 d'entretien. Avec sa capacit\u00e9 \u00e0 casser les \u0153ufs, \u00e0 s\u00e9parer le liquide de la coquille et \u00e0 \u00e9craser les coquilles pour faciliter l'\u00e9vacuation, cette machine est un choix fiable pour le traitement des ovoproduits.<\/p>","protected":false},"featured_media":2844,"template":"","meta":{"_seopress_robots_primary_cat":"none"},"product_cat":[29],"product_tag":[],"featured_image_urls":{"full":["https:\/\/www.eggmachinery.com\/wp-content\/uploads\/egg-breaking-machine-for-sale.webp",800,800,false],"thumbnail":["https:\/\/www.eggmachinery.com\/wp-content\/uploads\/egg-breaking-machine-for-sale-150x150.webp",150,150,true],"medium":["https:\/\/www.eggmachinery.com\/wp-content\/uploads\/egg-breaking-machine-for-sale-300x300.webp",300,300,true],"medium_large":["https:\/\/www.eggmachinery.com\/wp-content\/uploads\/egg-breaking-machine-for-sale-768x768.webp",768,768,true],"large":["https:\/\/www.eggmachinery.com\/wp-content\/uploads\/egg-breaking-machine-for-sale.webp",800,800,false],"1536x1536":["https:\/\/www.eggmachinery.com\/wp-content\/uploads\/egg-breaking-machine-for-sale.webp",800,800,false],"2048x2048":["https:\/\/www.eggmachinery.com\/wp-content\/uploads\/egg-breaking-machine-for-sale.webp",800,800,false],"trp-custom-language-flag":["https:\/\/www.eggmachinery.com\/wp-content\/uploads\/egg-breaking-machine-for-sale.webp",12,12,false],"woocommerce_thumbnail":["https:\/\/www.eggmachinery.com\/wp-content\/uploads\/egg-breaking-machine-for-sale-300x300.webp",300,300,true],"woocommerce_single":["https:\/\/www.eggmachinery.com\/wp-content\/uploads\/egg-breaking-machine-for-sale-600x600.webp",600,600,true],"woocommerce_gallery_thumbnail":["https:\/\/www.eggmachinery.com\/wp-content\/uploads\/egg-breaking-machine-for-sale-100x100.webp",100,100,true]},"post_excerpt_stackable":"<p>Upgrade your egg processing capabilities with the HT-C300 Egg Breaking Machine. Its stainless steel material and efficient design guarantee durability and easy maintenance. With its ability to break eggs, separate egg liquid from eggshell, and crush the shells for easy discharge, this machine is a reliable choice for egg product processing<\/p>\n","category_list":"","author_info":{"name":"","url":""},"comments_num":"0 comments","_links":{"self":[{"href":"https:\/\/www.eggmachinery.com\/fr\/wp-json\/wp\/v2\/product\/2841"}],"collection":[{"href":"https:\/\/www.eggmachinery.com\/fr\/wp-json\/wp\/v2\/product"}],"about":[{"href":"https:\/\/www.eggmachinery.com\/fr\/wp-json\/wp\/v2\/types\/product"}],"wp:featuredmedia":[{"embeddable":true,"href":"https:\/\/www.eggmachinery.com\/fr\/wp-json\/wp\/v2\/media\/2844"}],"wp:attachment":[{"href":"https:\/\/www.eggmachinery.com\/fr\/wp-json\/wp\/v2\/media?parent=2841"}],"wp:term":[{"taxonomy":"product_cat","embeddable":true,"href":"https:\/\/www.eggmachinery.com\/fr\/wp-json\/wp\/v2\/product_cat?post=2841"},{"taxonomy":"product_tag","embeddable":true,"href":"https:\/\/www.eggmachinery.com\/fr\/wp-json\/wp\/v2\/product_tag?post=2841"}],"curies":[{"name":"wp","href":"https:\/\/api.w.org\/{rel}","templated":true}]}}