{"id":2845,"date":"2024-01-22T13:32:21","date_gmt":"2024-01-22T05:32:21","guid":{"rendered":"https:\/\/www.eggmachinery.com\/?post_type=product&#038;p=2845"},"modified":"2024-01-22T13:32:22","modified_gmt":"2024-01-22T05:32:22","slug":"quail-egg-boiling-and-cooking-machine","status":"publish","type":"product","link":"https:\/\/www.eggmachinery.com\/fr\/produit\/quail-egg-boiling-and-cooking-machine\/","title":{"rendered":"Machine \u00e0 bouillir et \u00e0 cuire les \u0153ufs de caille"},"content":{"rendered":"<h2><strong>Machine \u00e0 bouillir et \u00e0 cuire les \u0153ufs de caille Sp\u00e9cifications techniques :<\/strong><\/h2>\n<p>Article : Machine \u00e0 cuire les \u0153ufs de caille<\/p>\n<p>Puissance : 370W<\/p>\n<p>Dimensions (mm) : 1000*900*2000<\/p>\n<p>Poids (KG) : 240<\/p>\n<h2><strong>\u00a0<\/strong><\/h2>\n<h2><strong>Machine \u00e0 bouillir et \u00e0 cuire les \u0153ufs de caille Description de la fonction :<\/strong><\/h2>\n<p>La machine \u00e0 bouillir et \u00e0 cuire les \u0153ufs de caille est un appareil multifonctionnel qui int\u00e8gre un \u00e9quipement de trempage \u00e0 basse temp\u00e9rature des \u0153ufs de caille et une machine \u00e0 cuire les \u0153ufs. Il est con\u00e7u pour am\u00e9liorer la qualit\u00e9 et le rendement des produits finis \u00e0 base d'\u0153ufs de caille gr\u00e2ce \u00e0 des caract\u00e9ristiques sp\u00e9cifiques.<\/p>\n<p>&nbsp;<\/p>\n<h3><strong>\u0152ufs de caille \u00e0 bouillir :<\/strong><\/h3>\n<p>La machine est \u00e9quip\u00e9e pour faire bouillir efficacement les \u0153ufs de caille, afin d'am\u00e9liorer l'excentricit\u00e9 du jaune d'\u0153uf et d'accro\u00eetre le rendement global des produits finis \u00e0 base d'\u0153ufs de caille.<\/p>\n<p>&nbsp;<\/p>\n<h3><strong>Caract\u00e9ristiques du produit :<\/strong><\/h3>\n<ol>\n<li>Conception l\u00e9g\u00e8re : L'appareil est l\u00e9ger, ce qui le rend facile \u00e0 d\u00e9placer. Elle allie fonctionnalit\u00e9 et portabilit\u00e9, ce qui permet de l'utiliser dans diff\u00e9rents contextes.<\/li>\n<li>Fabrication en acier inoxydable : Construite en acier inoxydable, la machine est non seulement durable, mais aussi facile \u00e0 utiliser. L'utilisation de l'acier inoxydable garantit l'hygi\u00e8ne et le mat\u00e9riau est r\u00e9sistant \u00e0 la corrosion.<\/li>\n<li>Facilit\u00e9 d'utilisation, faible niveau sonore : La machine est con\u00e7ue pour \u00eatre facile \u00e0 utiliser et pour offrir une exp\u00e9rience conviviale. En outre, elle fonctionne avec un faible niveau de bruit, ce qui contribue \u00e0 un environnement de travail confortable.<\/li>\n<li>\u00c9conomie d'\u00e9nergie et protection de l'environnement : La machine \u00e0 bouillir et \u00e0 cuire les \u0153ufs de caille est con\u00e7ue dans un souci d'efficacit\u00e9 \u00e9nerg\u00e9tique. Elle favorise la durabilit\u00e9 environnementale tout en offrant un fonctionnement rentable.<\/li>\n<li>Longue dur\u00e9e de vie, peu d'entretien : L'accent \u00e9tant mis sur la long\u00e9vit\u00e9, la machine est construite pour avoir une longue dur\u00e9e de vie. Elle ne n\u00e9cessite qu'un entretien minimal, ce qui r\u00e9duit les temps d'arr\u00eat et les co\u00fbts de maintenance.<\/li>\n<\/ol>\n<p>&nbsp;<\/p>\n<p>Remarque : la machine \u00e0 bouillir et \u00e0 cuire les \u0153ufs de caille est une solution polyvalente pour le traitement des \u0153ufs de caille, offrant efficacit\u00e9, durabilit\u00e9 et convivialit\u00e9. Sa conception privil\u00e9gie \u00e0 la fois la fonctionnalit\u00e9 et la facilit\u00e9 d'utilisation, ce qui lui permet de s'adapter \u00e0 divers environnements dans lesquels les \u0153ufs de caille sont utilis\u00e9s. <a href=\"https:\/\/www.eggmachinery.com\/fr\/produit\/boiled-quail-egg-peeler\/\"><u>transformation des \u0153ufs de caille<\/u><\/a>\u00a0est n\u00e9cessaire.<\/p>","protected":false},"excerpt":{"rendered":"<p>Maximisez le rendement des \u0153ufs de caille avec notre machine \u00e0 cuire les \u0153ufs de caille. Conception l\u00e9g\u00e8re et portable pour une plus grande polyvalence. Construction en acier inoxydable pour la durabilit\u00e9 et l'hygi\u00e8ne. Facilit\u00e9 d'utilisation et faible niveau sonore pour une exp\u00e9rience conviviale. Economies d'\u00e9nergie et peu d'entretien pour un traitement efficace et rentable.<\/p>","protected":false},"featured_media":2848,"template":"","meta":{"_seopress_robots_primary_cat":""},"product_cat":[15,30],"product_tag":[],"featured_image_urls":{"full":["https:\/\/www.eggmachinery.com\/wp-content\/uploads\/quail-egg-boiling-machine.webp",800,800,false],"thumbnail":["https:\/\/www.eggmachinery.com\/wp-content\/uploads\/quail-egg-boiling-machine-150x150.webp",150,150,true],"medium":["https:\/\/www.eggmachinery.com\/wp-content\/uploads\/quail-egg-boiling-machine-300x300.webp",300,300,true],"medium_large":["https:\/\/www.eggmachinery.com\/wp-content\/uploads\/quail-egg-boiling-machine-768x768.webp",768,768,true],"large":["https:\/\/www.eggmachinery.com\/wp-content\/uploads\/quail-egg-boiling-machine.webp",800,800,false],"1536x1536":["https:\/\/www.eggmachinery.com\/wp-content\/uploads\/quail-egg-boiling-machine.webp",800,800,false],"2048x2048":["https:\/\/www.eggmachinery.com\/wp-content\/uploads\/quail-egg-boiling-machine.webp",800,800,false],"trp-custom-language-flag":["https:\/\/www.eggmachinery.com\/wp-content\/uploads\/quail-egg-boiling-machine.webp",12,12,false],"woocommerce_thumbnail":["https:\/\/www.eggmachinery.com\/wp-content\/uploads\/quail-egg-boiling-machine-300x300.webp",300,300,true],"woocommerce_single":["https:\/\/www.eggmachinery.com\/wp-content\/uploads\/quail-egg-boiling-machine-600x600.webp",600,600,true],"woocommerce_gallery_thumbnail":["https:\/\/www.eggmachinery.com\/wp-content\/uploads\/quail-egg-boiling-machine-100x100.webp",100,100,true]},"post_excerpt_stackable":"<p>Maximize quail egg yield with our Quail Egg Cooking Machine. Lightweight and portable design for versatility. Stainless steel construction for durability and hygiene. Easy operation and low noise levels for a user-friendly experience. Energy-saving and low maintenance for efficient and cost-effective processing.<\/p>\n","category_list":"","author_info":{"name":"","url":""},"comments_num":"0 comments","_links":{"self":[{"href":"https:\/\/www.eggmachinery.com\/fr\/wp-json\/wp\/v2\/product\/2845"}],"collection":[{"href":"https:\/\/www.eggmachinery.com\/fr\/wp-json\/wp\/v2\/product"}],"about":[{"href":"https:\/\/www.eggmachinery.com\/fr\/wp-json\/wp\/v2\/types\/product"}],"wp:featuredmedia":[{"embeddable":true,"href":"https:\/\/www.eggmachinery.com\/fr\/wp-json\/wp\/v2\/media\/2848"}],"wp:attachment":[{"href":"https:\/\/www.eggmachinery.com\/fr\/wp-json\/wp\/v2\/media?parent=2845"}],"wp:term":[{"taxonomy":"product_cat","embeddable":true,"href":"https:\/\/www.eggmachinery.com\/fr\/wp-json\/wp\/v2\/product_cat?post=2845"},{"taxonomy":"product_tag","embeddable":true,"href":"https:\/\/www.eggmachinery.com\/fr\/wp-json\/wp\/v2\/product_tag?post=2845"}],"curies":[{"name":"wp","href":"https:\/\/api.w.org\/{rel}","templated":true}]}}