{"id":287,"date":"2023-11-13T10:24:34","date_gmt":"2023-11-13T02:24:34","guid":{"rendered":"https:\/\/demo.creativethemes.com\/blocksy\/homi\/?post_type=product&#038;p=287"},"modified":"2023-11-20T14:53:32","modified_gmt":"2023-11-20T06:53:32","slug":"egg-breaker-and-separator","status":"publish","type":"product","link":"https:\/\/www.eggmachinery.com\/fr\/produit\/egg-breaker-and-separator\/","title":{"rendered":"Casse-\u0153uf et s\u00e9parateur d'\u0153ufs"},"content":{"rendered":"<p><iframe loading=\"lazy\" title=\"Casseuse d&#039;\u0153ufs automatique\/Machines \u00e0 casser et \u00e0 s\u00e9parer les \u0153ufs\" width=\"1290\" height=\"726\" src=\"https:\/\/www.youtube.com\/embed\/usJIdsk3tug?feature=oembed\" frameborder=\"0\" allow=\"accelerometer; autoplay; clipboard-write; encrypted-media; gyroscope; picture-in-picture; web-share\" allowfullscreen><\/iframe><\/p>\n<p>&nbsp;<\/p>\n<p><a href=\"https:\/\/www.eggmachinery.com\/fr\/produit\/egg-cracker-machine\/\">Machine industrielle \u00e0 casser les \u0153ufs<\/a> est une machine d'extraction de liquide d'\u0153uf de conception nouvelle. Elle peut \u00eatre utilis\u00e9e pour casser les \u0153ufs de poule et s\u00e9parer le jaune du liquide de l'\u0153uf entier.<\/p>\n<p>Le blanc et le jaune d'\u0153uf seront totalement s\u00e9par\u00e9s, et s'il y a des mauvais \u0153ufs, la machine de traitement des \u0153ufs peut \u00e9galement \u00e9liminer les mauvais \u0153ufs pour \u00e9viter qu'ils ne polluent le bon liquide d'\u0153uf.<\/p>\n<p>Aujourd'hui, la machine industrielle d'extraction de liquide d'\u0153uf est largement utilis\u00e9e dans les usines de produits de boulangerie, les usines de transformation des aliments, l'industrie m\u00e9dicale, etc.<\/p>\n<p>&nbsp;<\/p>\n<h2>Principe de fonctionnement de la machine \u00e0 casser les \u0153ufs<\/h2>\n<ol>\n<li>Tout d'abord, l'ouvrier met les \u0153ufs dans le r\u00e9servoir d'eau, puis la bande \u00e0 rouleaux transporte les \u0153ufs dans la machine. <a href=\"https:\/\/www.eggmachinery.com\/fr\/produit\/egg-cleaning-machine\/\">partie lavage des \u0153ufs<\/a>.<\/li>\n<li>Deuxi\u00e8mement, la pulv\u00e9risation d'eau et l'utilisation d'une brosse de lavage sp\u00e9cialis\u00e9e permettent d'\u00e9liminer les salissures.<\/li>\n<li>Apr\u00e8s le lavage, un vent plus fort permet de s\u00e9cher l'\u0153uf autant que possible.<\/li>\n<li>Ensuite, la bande \u00e0 rouleaux transporte les \u0153ufs dans la partie de mirage, la lumi\u00e8re LED sort de dessous les \u0153ufs et la lumi\u00e8re p\u00e9n\u00e8tre dans les \u0153ufs. En m\u00eame temps, les travailleurs peuvent s\u00e9lectionner les \u0153ufs p\u00e9rim\u00e9s, les \u0153ufs f\u00eal\u00e9s, les \u0153ufs marqu\u00e9s de noir et les \u0153ufs moisis.<\/li>\n<li>Enfin, les \u0153ufs de poule sont achemin\u00e9s vers la partie de cassage par la bande \u00e0 rouleaux, et l'\u00e9quipement de cassage des \u0153ufs casse les \u0153ufs \u00e0 l'aide d'un couteau sp\u00e9cialis\u00e9, le jaune d'\u0153uf et le blanc d'\u0153uf sont s\u00e9par\u00e9s, les travailleurs doivent pr\u00e9parer des seaux pour recueillir le jaune d'\u0153uf.<\/li>\n<\/ol>\n<h2><\/h2>\n<h2>Avantages de la machine \u00e0 casser les \u0153ufs<\/h2>\n<ol>\n<li>Grande capacit\u00e9 : production horaire de 24000 \u0153ufs, 30000 \u0153ufs, 48000 \u0153ufs, 56000 \u0153ufs, taux d'extraction \u00e9lev\u00e9 du liquide des \u0153ufs.<\/li>\n<li>Il n'est pas n\u00e9cessaire d'avoir une personne qui travaille, la ligne enti\u00e8re ne n\u00e9cessite que 1 \u00e0 2 personnes.<\/li>\n<li>Il existe un syst\u00e8me de reconnaissance et de traitement des mauvais \u0153ufs, que le client peut choisir en fonction du co\u00fbt de son investissement.<\/li>\n<li>La nouvelle machine \u00e0 s\u00e9parer les \u0153ufs est fabriqu\u00e9e en acier inoxydable 304 et le coquetier est en nylon r\u00e9sistant \u00e0 la chaleur. Il garantit l'hygi\u00e8ne alimentaire.<\/li>\n<li>La machine \u00e0 s\u00e9parer les \u0153ufs peut \u00eatre nettoy\u00e9e automatiquement.<\/li>\n<li>Les \u00e9l\u00e9ments \u00e9lectriques sont de marque Schneider de renomm\u00e9e mondiale. Le syst\u00e8me de conduite est de marque KMC.<\/li>\n<li>Le syst\u00e8me de contr\u00f4le de la fr\u00e9quence permet d'ajuster la vitesse de travail de la machine \u00e0 casser les \u0153ufs et \u00e0 s\u00e9parer les \u0153ufs.<\/li>\n<li>Les machines de traitement des \u0153ufs connexes peuvent \u00eatre choisies par le client. Il peut s'agir d'un r\u00e9servoir d'eau, d'une machine \u00e0 soulever les \u0153ufs, d'une machine \u00e0 nettoyer les \u0153ufs et d'un d\u00e9tecteur d'\u0153ufs.<\/li>\n<\/ol>\n<p>&nbsp;<\/p>\n<h3><\/h3>\n<h3><strong><b>Description de l'\u00e9quipement de cassage et de s\u00e9paration des \u0153ufs<\/b><\/strong><\/h3>\n<p><strong><b>Il est \u00e9quip\u00e9 d'un r\u00e9servoir d'eau pour les \u0153ufs - - - d'un s\u00e9chage simple par vent fort - - - - d'un cliquetis pour les \u0153ufs - - d'une s\u00e9paration du liquide des \u0153ufs de la coquille. <\/b><\/strong><\/p>\n<p>Le liquide d'\u0153uf est un \u00e9quipement id\u00e9al pour les entreprises de boulangerie. En m\u00eame temps, il peut coop\u00e9rer avec le pasteurisateur pour produire un liquide d'\u0153uf entier de qualit\u00e9,<\/p>\n<p>La fa\u00e7on de frapper les \u0153ufs : Apr\u00e8s que les \u0153ufs dans le clip sont frapp\u00e9s par le m\u00e9tal, la partie inf\u00e9rieure de l'\u0153uf s'ouvre, et le liquide de l'\u0153uf tombe dans le plateau d'\u0153ufs. La batteuse automatique peut r\u00e9pondre aux exigences des \u0153ufs blancs et rouges. Le rendement en jus d'\u0153uf n'est pas inf\u00e9rieur \u00e0 85%. Le taux de r\u00e9ussite de la capture des \u0153ufs avec les griffes n'est pas inf\u00e9rieur \u00e0 99%.<\/p>\n<p>Apr\u00e8s avoir frapp\u00e9 les \u0153ufs, la coquille reste au moins 5 secondes au-dessus du bac de collecte des \u0153ufs afin de garantir que le liquide p\u00e9n\u00e8tre au maximum dans le bac de collecte. La casseuse d'\u0153ufs et le dispositif de collecte du liquide sont expos\u00e9s dans l'espace pour faciliter le nettoyage.<\/p>\n<p><strong><b>2.Application <\/b><\/strong><\/p>\n<p>Le champ d'application du produit liquide \u00e0 base d'\u0153uf est tr\u00e8s large, il peut \u00eatre appliqu\u00e9 \u00e0 toutes sortes de g\u00e2teaux, de pains, de cr\u00e8mes aux \u0153ufs, de vinaigrettes, de cr\u00e8mes glac\u00e9es, de boissons di\u00e9t\u00e9tiques, d'aliments pour nourrissons. Il est pratique et rapide, et peut \u00eatre fourni directement aux magasins de restauration rapide, aux boulangeries et aux restaurants. Le liquide d'\u0153uf est facile \u00e0 transporter et \u00e0 stocker, le cassage m\u00e9canique des \u0153ufs peut am\u00e9liorer le rendement, r\u00e9duire les co\u00fbts de main-d'\u0153uvre et r\u00e9soudre le probl\u00e8me des d\u00e9chets de coquille d'\u0153uf.<\/p>\n<h3><strong><b>\u00a0<\/b><\/strong><\/h3>\n<h3><strong><b>Casse-\u0153uf et s\u00e9parateur d'\u0153ufs <\/b><\/strong><strong><b>Avantages du produit<\/b><\/strong><\/h3>\n<p>1. en utilisant notre machine \u00e0 casser et \u00e0 s\u00e9parer les \u0153ufs, le client peut obtenir des \u0153ufs liquides entiers, ainsi que du jaune d'\u0153uf et des prot\u00e9ines s\u00e9par\u00e9s. Ce type de machine peut offrir la meilleure solution pour les \u0153ufs frais et les mauvais \u0153ufs (jaune d'\u0153uf m\u00e9lang\u00e9 \u00e0 du blanc).<\/p>\n<p>2. ce type de casseuse d'\u0153ufs peut traiter toutes les tailles d'\u0153ufs.<\/p>\n<p>3. il dispose d'une fonction d'urgence automatique. La machine s'arr\u00eate imm\u00e9diatement pour prot\u00e9ger l'op\u00e9rateur.<\/p>\n<p>4. fonctionnement et lavage faciles. Il existe deux m\u00e9thodes pour laver la casseuse d'\u0153ufs. La premi\u00e8re consiste \u00e0 utiliser un jet d'eau \u00e0 haute pression. La seconde consiste \u00e0 retirer la t\u00eate de cassage et le gobelet de s\u00e9paration. Il suffit d'environ 2 minutes pour les retirer.<\/p>\n<p>5.Contr\u00f4leur d'onduleur Schneider, carte plastique suisse, cha\u00eene de transmission japonaise, pi\u00e8ces en nylon import\u00e9es.<\/p>\n<p>6. il est fabriqu\u00e9 en acier inoxydable 304 de qualit\u00e9 alimentaire, durable et hygi\u00e9nique.<\/p>\n<p>7. il est tr\u00e8s efficace et permet d'\u00e9conomiser de la main-d'\u0153uvre, du temps et de l'argent.<\/p>\n<p>8. effet parfait de cassage et de s\u00e9paration, le liquide de l'\u0153uf est compl\u00e8tement s\u00e9par\u00e9 de la coquille.<\/p>\n<p>&nbsp;<\/p>\n<p>Le client peut utiliser la m\u00eame machine pour deux fonctions, en changeant le coquetier pour obtenir le liquide entier ou s\u00e9parer le jaune d'\u0153uf et le blanc d'\u0153uf.<\/p>\n<h3><strong><b>Machine \u00e0 casser et \u00e0 s\u00e9parer les \u0153ufs Emballage <\/b><\/strong><\/h3>\n<p>La machine \u00e0 casser et \u00e0 s\u00e9parer les \u0153ufs est d'abord recouverte d'un film, puis emball\u00e9e dans une caisse en bois sans fumigation. Nous pouvons emballer les machines selon les exigences du client.<\/p>\n<p>&nbsp;<\/p>\n<p><b><\/b><strong><b>Garantie<\/b><\/strong><\/p>\n<p>Nous offrons une garantie d'un an. Les dysfonctionnements qui sont caus\u00e9s par la machine elle-m\u00eame et la qualit\u00e9 seront responsables de notre fabricant.<\/p>\n<p>&nbsp;<\/p>\n<p><b><\/b><strong><b>DEMANDE DE PRIX<\/b><\/strong><\/p>\n<p><strong><b>Q1. Comment nettoyer la casseuse d'\u0153ufs ?<\/b><\/strong><\/p>\n<p>R\u00e9ponses : M\u00e9thode 1. Utilisez le pistolet \u00e0 eau \u00e0 haute pression pour le nettoyer directement.<\/p>\n<p>M\u00e9thode 2. Tous les couteaux et la plaque de collecte peuvent \u00eatre facilement retir\u00e9s pour \u00eatre nettoy\u00e9s.<\/p>\n<p>&nbsp;<\/p>\n<p><strong><b>Q2. Peut-on utiliser la machine directement apr\u00e8s l'avoir re\u00e7ue ?<\/b><\/strong><\/p>\n<p>R\u00e9ponses : Oui. Le client doit simplement connecter le compresseur \u00e9lectrique et le compresseur d'air apr\u00e8s confirmation de la position. La machine \u00e0 casser les \u0153ufs sera test\u00e9e avant d'\u00eatre livr\u00e9e et nous prendrons une vid\u00e9o de test. Si vous avez besoin du manuel d'instructions et de la vid\u00e9o, veuillez contacter notre ing\u00e9nieur commercial.<\/p>\n<p>&nbsp;<\/p>\n<p><strong><b>Q3. Comment peut-on se procurer ce type de casseuse d'\u0153ufs ?<\/b><\/strong><\/p>\n<p>R\u00e9ponses : Passez-nous votre commande. Le d\u00e9lai de production est de 10 jours, vous verrez la vid\u00e9o de test de votre \u00e9quipement et les informations sur l'emballage, apr\u00e8s le transport maritime, vous pourrez recevoir l'\u00e9quipement de casse-\u0153ufs 100% satisfait.<\/p>\n<p>&nbsp;<\/p>\n<p><strong><b>Que4 : Pouvez-vous fournir des services d'ing\u00e9nierie \u00e0 l'\u00e9tranger ?<\/b><\/strong><br \/>\n-Si vous achetez une ligne de production chez nous, nous enverrons un ing\u00e9nieur dans votre pays pour l'installation et la formation.<\/p>\n<p><strong><b>Que 5 : Quel est le service apr\u00e8s-vente de la machine \u00e0 casser et \u00e0 s\u00e9parer les \u0153ufs ?<\/b><\/strong><br \/>\n--La garantie est d'un an, mais nous fournissons un support technique \u00e0 vie. Si un probl\u00e8me survient lors de votre utilisation future, prenez des photos et des vid\u00e9os pour nous montrer le probl\u00e8me, nous vous r\u00e9pondrons dans les 24 heures et nous r\u00e9soudrons vos probl\u00e8mes d\u00e8s que possible.<\/p>","protected":false},"excerpt":{"rendered":"<p>Les s\u00e9parateurs d'\u0153ufs sont utilis\u00e9s pour casser les \u0153ufs et s\u00e9parer les jaunes d'\u0153ufs du liquide. Notre machine est un broyeur et s\u00e9parateur d'\u0153ufs rotatif \u00e0 la pointe de la technologie. Le blanc et le jaune d'\u0153uf seront compl\u00e8tement s\u00e9par\u00e9s. S'il y a de mauvais \u0153ufs, le s\u00e9parateur d'\u0153ufs peut \u00e9galement les retirer pour \u00e9viter qu'ils ne contaminent le bon liquide d'\u0153uf. Les s\u00e9parateurs d'\u0153ufs sont largement utilis\u00e9s dans les usines de transformation des \u0153ufs, les industries de transformation des \u0153ufs en gros et en profondeur, les boulangeries de g\u00e2teaux et de biscuits et d'autres entreprises alimentaires connexes. Il s'agit d'un \u00e9quipement id\u00e9al pour les entreprises qui demandent des \u0153ufs liquides, des jaunes d'\u0153ufs et des produits \u00e0 base de blanc d'\u0153uf.<\/p>\n<p>&nbsp;<\/p>","protected":false},"featured_media":723,"template":"","meta":{"_seopress_robots_primary_cat":"none"},"product_cat":[18],"product_tag":[],"featured_image_urls":{"full":["https:\/\/www.eggmachinery.com\/wp-content\/uploads\/2021\/04\/egg-breaking-and-separating-machine.jpg",820,680,false],"thumbnail":["https:\/\/www.eggmachinery.com\/wp-content\/uploads\/2021\/04\/egg-breaking-and-separating-machine-150x150.jpg",150,150,true],"medium":["https:\/\/www.eggmachinery.com\/wp-content\/uploads\/2021\/04\/egg-breaking-and-separating-machine-300x249.jpg",300,249,true],"medium_large":["https:\/\/www.eggmachinery.com\/wp-content\/uploads\/2021\/04\/egg-breaking-and-separating-machine-768x637.jpg",768,637,true],"large":["https:\/\/www.eggmachinery.com\/wp-content\/uploads\/2021\/04\/egg-breaking-and-separating-machine.jpg",820,680,false],"1536x1536":["https:\/\/www.eggmachinery.com\/wp-content\/uploads\/2021\/04\/egg-breaking-and-separating-machine.jpg",820,680,false],"2048x2048":["https:\/\/www.eggmachinery.com\/wp-content\/uploads\/2021\/04\/egg-breaking-and-separating-machine.jpg",820,680,false],"trp-custom-language-flag":["https:\/\/www.eggmachinery.com\/wp-content\/uploads\/2021\/04\/egg-breaking-and-separating-machine.jpg",14,12,false],"woocommerce_thumbnail":["https:\/\/www.eggmachinery.com\/wp-content\/uploads\/2021\/04\/egg-breaking-and-separating-machine-300x249.jpg",300,249,true],"woocommerce_single":["https:\/\/www.eggmachinery.com\/wp-content\/uploads\/2021\/04\/egg-breaking-and-separating-machine-600x498.jpg",600,498,true],"woocommerce_gallery_thumbnail":["https:\/\/www.eggmachinery.com\/wp-content\/uploads\/2021\/04\/egg-breaking-and-separating-machine-100x100.jpg",100,100,true]},"post_excerpt_stackable":"<p>Egg separators are used to break eggs and then separate the egg yolks from the egg liquid. Our machine is a state-of-the-art rotary egg crusher and separator. The egg white and egg yolk will be completely separated. If there are bad eggs, the egg separator can also remove the bad eggs to prevent the bad eggs from contaminating the good egg liquid. Egg beating separators are widely used in egg processing factories, egg wholesale and egg deep processing industries, cake and biscuit bakeries and other related food companies. It is an ideal equipment for enterprises that demand liquid eggs, egg yolks and egg white products.<\/p>\n<p>&nbsp;<\/p>\n","category_list":"","author_info":{"name":"","url":""},"comments_num":"0 comments","_links":{"self":[{"href":"https:\/\/www.eggmachinery.com\/fr\/wp-json\/wp\/v2\/product\/287"}],"collection":[{"href":"https:\/\/www.eggmachinery.com\/fr\/wp-json\/wp\/v2\/product"}],"about":[{"href":"https:\/\/www.eggmachinery.com\/fr\/wp-json\/wp\/v2\/types\/product"}],"wp:featuredmedia":[{"embeddable":true,"href":"https:\/\/www.eggmachinery.com\/fr\/wp-json\/wp\/v2\/media\/723"}],"wp:attachment":[{"href":"https:\/\/www.eggmachinery.com\/fr\/wp-json\/wp\/v2\/media?parent=287"}],"wp:term":[{"taxonomy":"product_cat","embeddable":true,"href":"https:\/\/www.eggmachinery.com\/fr\/wp-json\/wp\/v2\/product_cat?post=287"},{"taxonomy":"product_tag","embeddable":true,"href":"https:\/\/www.eggmachinery.com\/fr\/wp-json\/wp\/v2\/product_tag?post=287"}],"curies":[{"name":"wp","href":"https:\/\/api.w.org\/{rel}","templated":true}]}}