{"id":3929,"date":"2024-05-13T16:17:37","date_gmt":"2024-05-13T08:17:37","guid":{"rendered":"https:\/\/www.eggmachinery.com\/?post_type=product&#038;p=3929"},"modified":"2026-03-10T14:12:19","modified_gmt":"2026-03-10T06:12:19","slug":"egg-breaking-machine-3","status":"publish","type":"product","link":"https:\/\/www.eggmachinery.com\/fr\/produit\/egg-breaking-machine-3\/","title":{"rendered":"Machine \u00e0 briser les \u0153ufs de l'industrie Capacit\u00e9 de traitement des \u0153ufs liquides 30000eggs\/H"},"content":{"rendered":"<p><img decoding=\"async\" loading=\"lazy\" class=\"size-full wp-image-3933\" src=\"https:\/\/www.eggmachinery.com\/wp-content\/uploads\/egg-breaking-machine-2-1.webp\" alt=\"egg breaking machine\" width=\"750\" height=\"750\" srcset=\"https:\/\/www.eggmachinery.com\/wp-content\/uploads\/egg-breaking-machine-2-1.webp 750w, https:\/\/www.eggmachinery.com\/wp-content\/uploads\/egg-breaking-machine-2-1-300x300.webp 300w, https:\/\/www.eggmachinery.com\/wp-content\/uploads\/egg-breaking-machine-2-1-150x150.webp 150w, https:\/\/www.eggmachinery.com\/wp-content\/uploads\/egg-breaking-machine-2-1-600x600.webp 600w, https:\/\/www.eggmachinery.com\/wp-content\/uploads\/egg-breaking-machine-2-1-100x100.webp 100w\" sizes=\"(max-width: 750px) 100vw, 750px\" \/><\/p>\n<p>&nbsp;<\/p>\n<h3><strong>\u00a0<\/strong><\/h3>\n<figure id=\"attachment_3934\" aria-describedby=\"caption-attachment-3934\" style=\"width: 750px\" class=\"wp-caption alignnone\"><img decoding=\"async\" loading=\"lazy\" class=\"size-full wp-image-3934\" src=\"https:\/\/www.eggmachinery.com\/wp-content\/uploads\/egg-breaking-machine-3-1.webp\" alt=\"egg breaking machine\" width=\"750\" height=\"750\" srcset=\"https:\/\/www.eggmachinery.com\/wp-content\/uploads\/egg-breaking-machine-3-1.webp 750w, https:\/\/www.eggmachinery.com\/wp-content\/uploads\/egg-breaking-machine-3-1-300x300.webp 300w, https:\/\/www.eggmachinery.com\/wp-content\/uploads\/egg-breaking-machine-3-1-150x150.webp 150w, https:\/\/www.eggmachinery.com\/wp-content\/uploads\/egg-breaking-machine-3-1-600x600.webp 600w, https:\/\/www.eggmachinery.com\/wp-content\/uploads\/egg-breaking-machine-3-1-100x100.webp 100w\" sizes=\"(max-width: 750px) 100vw, 750px\" \/><figcaption id=\"caption-attachment-3934\" class=\"wp-caption-text\">machine \u00e0 casser les \u0153ufs<\/figcaption><\/figure>\n<figure id=\"attachment_3935\" aria-describedby=\"caption-attachment-3935\" style=\"width: 750px\" class=\"wp-caption alignnone\"><img decoding=\"async\" loading=\"lazy\" class=\"size-full wp-image-3935\" src=\"https:\/\/www.eggmachinery.com\/wp-content\/uploads\/egg-breaking-machine-4-1.webp\" alt=\"egg breaking machine\" width=\"750\" height=\"750\" srcset=\"https:\/\/www.eggmachinery.com\/wp-content\/uploads\/egg-breaking-machine-4-1.webp 750w, https:\/\/www.eggmachinery.com\/wp-content\/uploads\/egg-breaking-machine-4-1-300x300.webp 300w, https:\/\/www.eggmachinery.com\/wp-content\/uploads\/egg-breaking-machine-4-1-150x150.webp 150w, https:\/\/www.eggmachinery.com\/wp-content\/uploads\/egg-breaking-machine-4-1-600x600.webp 600w, https:\/\/www.eggmachinery.com\/wp-content\/uploads\/egg-breaking-machine-4-1-100x100.webp 100w\" sizes=\"(max-width: 750px) 100vw, 750px\" \/><figcaption id=\"caption-attachment-3935\" class=\"wp-caption-text\">machine \u00e0 casser les \u0153ufs<\/figcaption><\/figure>\n<p>&nbsp;<\/p>\n<figure id=\"attachment_3937\" aria-describedby=\"caption-attachment-3937\" style=\"width: 750px\" class=\"wp-caption alignnone\"><img decoding=\"async\" loading=\"lazy\" class=\"size-full wp-image-3937\" src=\"https:\/\/www.eggmachinery.com\/wp-content\/uploads\/egg-breaking-machine-6-1.webp\" alt=\"egg breaking machine\" width=\"750\" height=\"750\" srcset=\"https:\/\/www.eggmachinery.com\/wp-content\/uploads\/egg-breaking-machine-6-1.webp 750w, https:\/\/www.eggmachinery.com\/wp-content\/uploads\/egg-breaking-machine-6-1-300x300.webp 300w, https:\/\/www.eggmachinery.com\/wp-content\/uploads\/egg-breaking-machine-6-1-150x150.webp 150w, https:\/\/www.eggmachinery.com\/wp-content\/uploads\/egg-breaking-machine-6-1-600x600.webp 600w, https:\/\/www.eggmachinery.com\/wp-content\/uploads\/egg-breaking-machine-6-1-100x100.webp 100w\" sizes=\"(max-width: 750px) 100vw, 750px\" \/><figcaption id=\"caption-attachment-3937\" class=\"wp-caption-text\">machine \u00e0 casser les \u0153ufs<\/figcaption><\/figure>\n<figure id=\"attachment_3938\" aria-describedby=\"caption-attachment-3938\" style=\"width: 750px\" class=\"wp-caption alignnone\"><img decoding=\"async\" loading=\"lazy\" class=\"size-full wp-image-3938\" src=\"https:\/\/www.eggmachinery.com\/wp-content\/uploads\/egg-breaking-machine-7-1.webp\" alt=\"egg breaking machine\" width=\"750\" height=\"750\" srcset=\"https:\/\/www.eggmachinery.com\/wp-content\/uploads\/egg-breaking-machine-7-1.webp 750w, https:\/\/www.eggmachinery.com\/wp-content\/uploads\/egg-breaking-machine-7-1-300x300.webp 300w, https:\/\/www.eggmachinery.com\/wp-content\/uploads\/egg-breaking-machine-7-1-150x150.webp 150w, https:\/\/www.eggmachinery.com\/wp-content\/uploads\/egg-breaking-machine-7-1-600x600.webp 600w, https:\/\/www.eggmachinery.com\/wp-content\/uploads\/egg-breaking-machine-7-1-100x100.webp 100w\" sizes=\"(max-width: 750px) 100vw, 750px\" \/><figcaption id=\"caption-attachment-3938\" class=\"wp-caption-text\">machine \u00e0 casser les \u0153ufs<\/figcaption><\/figure>\n<p><img decoding=\"async\" loading=\"lazy\" class=\"size-full wp-image-3939\" src=\"https:\/\/www.eggmachinery.com\/wp-content\/uploads\/egg-breaking-machine-8-1.webp\" alt=\"egg breaking machine\" width=\"750\" height=\"750\" srcset=\"https:\/\/www.eggmachinery.com\/wp-content\/uploads\/egg-breaking-machine-8-1.webp 750w, https:\/\/www.eggmachinery.com\/wp-content\/uploads\/egg-breaking-machine-8-1-300x300.webp 300w, https:\/\/www.eggmachinery.com\/wp-content\/uploads\/egg-breaking-machine-8-1-150x150.webp 150w, https:\/\/www.eggmachinery.com\/wp-content\/uploads\/egg-breaking-machine-8-1-600x600.webp 600w, https:\/\/www.eggmachinery.com\/wp-content\/uploads\/egg-breaking-machine-8-1-100x100.webp 100w\" sizes=\"(max-width: 750px) 100vw, 750px\" \/><\/p>\n<figure id=\"attachment_3940\" aria-describedby=\"caption-attachment-3940\" style=\"width: 750px\" class=\"wp-caption alignnone\"><img decoding=\"async\" loading=\"lazy\" class=\"size-full wp-image-3940\" src=\"https:\/\/www.eggmachinery.com\/wp-content\/uploads\/egg-breaking-machine-9-1.webp\" alt=\"egg breaking machine\" width=\"750\" height=\"750\" srcset=\"https:\/\/www.eggmachinery.com\/wp-content\/uploads\/egg-breaking-machine-9-1.webp 750w, https:\/\/www.eggmachinery.com\/wp-content\/uploads\/egg-breaking-machine-9-1-300x300.webp 300w, https:\/\/www.eggmachinery.com\/wp-content\/uploads\/egg-breaking-machine-9-1-150x150.webp 150w, https:\/\/www.eggmachinery.com\/wp-content\/uploads\/egg-breaking-machine-9-1-600x600.webp 600w, https:\/\/www.eggmachinery.com\/wp-content\/uploads\/egg-breaking-machine-9-1-100x100.webp 100w\" sizes=\"(max-width: 750px) 100vw, 750px\" \/><figcaption id=\"caption-attachment-3940\" class=\"wp-caption-text\"><a href=\"https:\/\/www.eggmachinery.com\/fr\/produit\/egg-breaker-and-separator\/\"><u>Machine \u00e0 casser les \u0153ufs<\/u><\/a><strong>\u00a0 Principe de fonctionnement<\/strong><br \/>Firstly, The worker put the eggs into egg water tank , then roller belt will convey the eggs into the\u00a0egg washing part.<br \/>Deuxi\u00e8mement, la pulv\u00e9risation d'eau et l'utilisation d'une brosse de lavage sp\u00e9cialis\u00e9e permettent d'\u00e9liminer les salissures.<br \/>Apr\u00e8s le lavage, un vent plus fort permet de s\u00e9cher l'\u0153uf autant que possible.<br \/>Ensuite, la bande \u00e0 rouleaux transporte les \u0153ufs dans la partie de mirage, la lumi\u00e8re LED sort de dessous les \u0153ufs et la lumi\u00e8re p\u00e9n\u00e8tre dans les \u0153ufs. En m\u00eame temps, les travailleurs peuvent s\u00e9lectionner les \u0153ufs p\u00e9rim\u00e9s, les \u0153ufs f\u00eal\u00e9s, les \u0153ufs marqu\u00e9s de noir et les \u0153ufs moisis.<br \/>Enfin, les \u0153ufs de poule sont achemin\u00e9s vers la partie de cassage par la bande \u00e0 rouleaux, et l'\u00e9quipement de cassage des \u0153ufs casse les \u0153ufs \u00e0 l'aide d'un couteau sp\u00e9cialis\u00e9, le jaune d'\u0153uf et le blanc d'\u0153uf sont s\u00e9par\u00e9s, les travailleurs doivent pr\u00e9parer des seaux pour recueillir le jaune d'\u0153uf.<br \/><strong>Avantages de la machine \u00e0 casser les \u0153ufs<\/strong><br \/>Grande capacit\u00e9 : production horaire de 24000 \u0153ufs, 30000 \u0153ufs, 48000 \u0153ufs, 56000 \u0153ufs, taux d'extraction \u00e9lev\u00e9 du liquide des \u0153ufs.<br \/>Il n'est pas n\u00e9cessaire d'avoir une personne qui travaille, la ligne enti\u00e8re ne n\u00e9cessite que 1 \u00e0 2 personnes.<br \/>There&#8217;s recognition and handling system for bad eggs, customer could choose it according to self investment cost.<br \/>La nouvelle machine \u00e0 s\u00e9parer les \u0153ufs est fabriqu\u00e9e en acier inoxydable 304 et le coquetier est en nylon r\u00e9sistant \u00e0 la chaleur. Il garantit l'hygi\u00e8ne alimentaire.<br \/>La machine \u00e0 s\u00e9parer les \u0153ufs peut \u00eatre nettoy\u00e9e automatiquement.<br \/>The electrical elements are world famous brand Driving system is KMC brand.<br \/>Le syst\u00e8me de contr\u00f4le de la fr\u00e9quence permet d'ajuster la vitesse de travail de la machine \u00e0 casser les \u0153ufs et \u00e0 s\u00e9parer les \u0153ufs.<br \/>Les machines de traitement des \u0153ufs connexes peuvent \u00eatre choisies par le client. Il peut s'agir d'un r\u00e9servoir d'eau, d'une machine \u00e0 soulever les \u0153ufs, d'une machine \u00e0 nettoyer les \u0153ufs et d'un d\u00e9tecteur d'\u0153ufs.<br \/><strong>Description de l'\u00e9quipement de cassage et de s\u00e9paration des \u0153ufs<\/strong><br \/>Il est \u00e9quip\u00e9 d'un r\u00e9servoir d'eau pour les \u0153ufs - - - d'un s\u00e9chage simple par vent fort - - - - d'un cliquetis pour les \u0153ufs - - d'une s\u00e9paration du liquide des \u0153ufs de la coquille.<br \/>Le liquide d'\u0153uf est un \u00e9quipement id\u00e9al pour les entreprises de boulangerie. En m\u00eame temps, il peut coop\u00e9rer avec le pasteurisateur pour produire un liquide d'\u0153uf entier de qualit\u00e9,<br \/>La fa\u00e7on de frapper les \u0153ufs : Apr\u00e8s que les \u0153ufs dans le clip sont frapp\u00e9s par le m\u00e9tal, la partie inf\u00e9rieure de l'\u0153uf s'ouvre, et le liquide de l'\u0153uf tombe dans le plateau d'\u0153ufs. La batteuse automatique peut r\u00e9pondre aux exigences des \u0153ufs blancs et rouges. Le rendement en jus d'\u0153uf n'est pas inf\u00e9rieur \u00e0 85%. Le taux de r\u00e9ussite de la capture des \u0153ufs avec les griffes n'est pas inf\u00e9rieur \u00e0 99%.<br \/>Apr\u00e8s avoir frapp\u00e9 les \u0153ufs, la coquille reste au moins 5 secondes au-dessus du bac de collecte des \u0153ufs afin de garantir que le liquide p\u00e9n\u00e8tre au maximum dans le bac de collecte. La casseuse d'\u0153ufs et le dispositif de collecte du liquide sont expos\u00e9s dans l'espace pour faciliter le nettoyage.<br \/><strong>Application<\/strong><br \/>Le champ d'application du produit liquide \u00e0 base d'\u0153uf est tr\u00e8s large, il peut \u00eatre appliqu\u00e9 \u00e0 toutes sortes de g\u00e2teaux, de pains, de cr\u00e8mes aux \u0153ufs, de vinaigrettes, de cr\u00e8mes glac\u00e9es, de boissons di\u00e9t\u00e9tiques, d'aliments pour nourrissons. Il est pratique et rapide, et peut \u00eatre fourni directement aux magasins de restauration rapide, aux boulangeries et aux restaurants. Le liquide d'\u0153uf est facile \u00e0 transporter et \u00e0 stocker, le cassage m\u00e9canique des \u0153ufs peut am\u00e9liorer le rendement, r\u00e9duire les co\u00fbts de main-d'\u0153uvre et r\u00e9soudre le probl\u00e8me des d\u00e9chets de coquille d'\u0153uf.<br \/><strong>Egg Breaker And Separator\u00a0Product advantages<\/strong><br \/>1.Use our<a href=\"https:\/\/www.eggmachinery.com\/fr\/produit\/egg-cracker-machine\/\"><u>\u00a0egg breaking&amp;separating machine<\/u><\/a>, customer can get whole liquid eggs, also separated egg yolk &amp; protein. This type machine can offer a best solution about fresh egg and bad egg (egg yolk mix white).<br \/>2. ce type de casseuse d'\u0153ufs peut traiter toutes les tailles d'\u0153ufs.<br \/>3. il dispose d'une fonction d'urgence automatique. La machine s'arr\u00eate imm\u00e9diatement pour prot\u00e9ger l'op\u00e9rateur.<br \/>4. fonctionnement et lavage faciles. Il existe deux m\u00e9thodes pour laver la casseuse d'\u0153ufs. La premi\u00e8re consiste \u00e0 utiliser un jet d'eau \u00e0 haute pression. La seconde consiste \u00e0 retirer la t\u00eate de cassage et le gobelet de s\u00e9paration. Il suffit d'environ 2 minutes pour les retirer.<br \/>inverter controller, Swiss plastic board, Japanese transmission chain, imported nylon parts.<br \/>6. il est fabriqu\u00e9 en acier inoxydable 304 de qualit\u00e9 alimentaire, durable et hygi\u00e9nique.<br \/>7. il est tr\u00e8s efficace et permet d'\u00e9conomiser de la main-d'\u0153uvre, du temps et de l'argent.<br \/>8. effet parfait de cassage et de s\u00e9paration, le liquide de l'\u0153uf est compl\u00e8tement s\u00e9par\u00e9 de la coquille.<br \/>Le client peut utiliser la m\u00eame machine pour deux fonctions, en changeant le coquetier pour obtenir le liquide entier ou s\u00e9parer le jaune d'\u0153uf et le blanc d'\u0153uf.<br \/><strong>Machine \u00e0 casser et \u00e0 s\u00e9parer les \u0153ufs Emballage<\/strong><br \/>La machine \u00e0 casser et \u00e0 s\u00e9parer les \u0153ufs est d'abord recouverte d'un film, puis emball\u00e9e dans une caisse en bois sans fumigation. Nous pouvons emballer les machines selon les exigences du client.<\/figcaption><\/figure>","protected":false},"excerpt":{"rendered":"<p>Industrial egg breaker machine\u00a0is new design egg liquid extraction machine. It can be used to crack chicken eggs and separate the yolk from the whole egg liquid.<\/p>\n<p>Le blanc et le jaune d'\u0153uf seront totalement s\u00e9par\u00e9s, et s'il y a des mauvais \u0153ufs, la machine de traitement des \u0153ufs peut \u00e9galement \u00e9liminer les mauvais \u0153ufs pour \u00e9viter qu'ils ne polluent le bon liquide d'\u0153uf.<\/p>\n<p>Aujourd'hui, la machine industrielle d'extraction de liquide d'\u0153uf est largement utilis\u00e9e dans les usines de produits de boulangerie, les usines de transformation des aliments, l'industrie m\u00e9dicale, etc.<\/p>","protected":false},"featured_media":3942,"template":"","meta":{"_seopress_robots_primary_cat":"none"},"product_cat":[24],"product_tag":[],"featured_image_urls":{"full":["https:\/\/www.eggmachinery.com\/wp-content\/uploads\/egg-breaking-machine-6.jpg",800,800,false],"thumbnail":["https:\/\/www.eggmachinery.com\/wp-content\/uploads\/egg-breaking-machine-6-150x150.jpg",150,150,true],"medium":["https:\/\/www.eggmachinery.com\/wp-content\/uploads\/egg-breaking-machine-6-300x300.jpg",300,300,true],"medium_large":["https:\/\/www.eggmachinery.com\/wp-content\/uploads\/egg-breaking-machine-6-768x768.jpg",768,768,true],"large":["https:\/\/www.eggmachinery.com\/wp-content\/uploads\/egg-breaking-machine-6.jpg",800,800,false],"1536x1536":["https:\/\/www.eggmachinery.com\/wp-content\/uploads\/egg-breaking-machine-6.jpg",800,800,false],"2048x2048":["https:\/\/www.eggmachinery.com\/wp-content\/uploads\/egg-breaking-machine-6.jpg",800,800,false],"trp-custom-language-flag":["https:\/\/www.eggmachinery.com\/wp-content\/uploads\/egg-breaking-machine-6.jpg",12,12,false],"woocommerce_thumbnail":["https:\/\/www.eggmachinery.com\/wp-content\/uploads\/egg-breaking-machine-6-300x300.jpg",300,300,true],"woocommerce_single":["https:\/\/www.eggmachinery.com\/wp-content\/uploads\/egg-breaking-machine-6-600x600.jpg",600,600,true],"woocommerce_gallery_thumbnail":["https:\/\/www.eggmachinery.com\/wp-content\/uploads\/egg-breaking-machine-6-100x100.jpg",100,100,true]},"post_excerpt_stackable":"<p>Industrial egg breaker machine\u00a0is new design egg liquid extraction machine. It can be used to crack chicken eggs and separate the yolk from the whole egg liquid.<\/p>\n<p>The egg white and egg yolk will be separated totally, and if there is bad eggs, the egg process machine could also remove the bad eggs to avoid the bad eggs pollute the good egg liquid.<\/p>\n<p>Now, Industrial egg liquid extraction machine e are widely used in the bakery products factory, food processing factory, medicine industry and so on.<\/p>\n","category_list":"","author_info":{"name":"","url":""},"comments_num":"0 comments","_links":{"self":[{"href":"https:\/\/www.eggmachinery.com\/fr\/wp-json\/wp\/v2\/product\/3929"}],"collection":[{"href":"https:\/\/www.eggmachinery.com\/fr\/wp-json\/wp\/v2\/product"}],"about":[{"href":"https:\/\/www.eggmachinery.com\/fr\/wp-json\/wp\/v2\/types\/product"}],"wp:featuredmedia":[{"embeddable":true,"href":"https:\/\/www.eggmachinery.com\/fr\/wp-json\/wp\/v2\/media\/3942"}],"wp:attachment":[{"href":"https:\/\/www.eggmachinery.com\/fr\/wp-json\/wp\/v2\/media?parent=3929"}],"wp:term":[{"taxonomy":"product_cat","embeddable":true,"href":"https:\/\/www.eggmachinery.com\/fr\/wp-json\/wp\/v2\/product_cat?post=3929"},{"taxonomy":"product_tag","embeddable":true,"href":"https:\/\/www.eggmachinery.com\/fr\/wp-json\/wp\/v2\/product_tag?post=3929"}],"curies":[{"name":"wp","href":"https:\/\/api.w.org\/{rel}","templated":true}]}}