{"id":3960,"date":"2024-05-13T17:08:49","date_gmt":"2024-05-13T09:08:49","guid":{"rendered":"https:\/\/www.eggmachinery.com\/?post_type=product&#038;p=3960"},"modified":"2024-05-13T17:08:50","modified_gmt":"2024-05-13T09:08:50","slug":"quail-egg-boiling-and-peeling-plants-for-canned-boiled-quail-egg-production","status":"publish","type":"product","link":"https:\/\/www.eggmachinery.com\/fr\/produit\/quail-egg-boiling-and-peeling-plants-for-canned-boiled-quail-egg-production\/","title":{"rendered":"Installations de cuisson et d'\u00e9pluchage d'\u0153ufs de caille pour la production d'\u0153ufs de caille bouillis en conserve"},"content":{"rendered":"<p>&nbsp;<\/p>\n<p>Nous vous pr\u00e9sentons notre usine d'\u00e9pluchage d'\u0153ufs de caille enti\u00e8rement automatique, une solution compl\u00e8te pour un traitement efficace des \u0153ufs de caille, du centrage \u00e0 l'\u00e9pluchage. Ce syst\u00e8me avanc\u00e9 garantit l'uniformit\u00e9 et la qualit\u00e9 tout au long du processus, ce qui permet d'obtenir des \u0153ufs de caille lisses et beaux, pr\u00eats \u00e0 \u00eatre emball\u00e9s.<\/p>\n<h2><strong>\u00a0<\/strong><\/h2>\n<h2><strong>Usine de traitement enti\u00e8rement automatique pour l'\u00e9pluchage des \u0153ufs de caille<\/strong><strong>\u00a0<\/strong><strong>\u00c9tapes de traitement :<\/strong><\/h2>\n<ol>\n<li>Pr\u00e9cuisson de centrage des \u0153ufs de caille : Gr\u00e2ce \u00e0 un \u00e9quipement de pr\u00e9chauffage \u00e0 haute temp\u00e9rature, les \u0153ufs de caille sont chauff\u00e9s uniform\u00e9ment et centr\u00e9s, ce qui les pr\u00e9pare au processus d'\u00e9bullition qui suit.<\/li>\n<\/ol>\n<p>&nbsp;<\/p>\n<ol start=\"2\">\n<li>Cuisson dure des \u0153ufs de caille \u00e0 haute temp\u00e9rature : Les \u0153ufs de caille sont cuits \u00e0 haute temp\u00e9rature \u00e0 l'aide d'une transmission en spirale des \u0153ufs de caille \u00e0 la vapeur, ce qui garantit une cuisson rapide et compl\u00e8te. Les \u0153ufs sont retourn\u00e9s pendant le processus de cuisson afin de garantir un chauffage uniforme et une cuisson homog\u00e8ne.<\/li>\n<\/ol>\n<p>&nbsp;<\/p>\n<ol start=\"3\">\n<li>Refroidissement des \u0153ufs de caille : Apr\u00e8s \u00e9bullition, les \u0153ufs de caille sont rapidement refroidis dans un r\u00e9servoir d'eau glac\u00e9e afin d'interrompre le processus de cuisson et de les pr\u00e9parer pour l'\u00e9tape suivante.<\/li>\n<\/ol>\n<p>&nbsp;<\/p>\n<ol start=\"4\">\n<li>Casse des coquilles d'\u0153ufs de caille : Les \u0153ufs de caille refroidis sont transport\u00e9s vers le broyeur o\u00f9 les coquilles sont bris\u00e9es uniform\u00e9ment, ce qui facilite le processus d'\u00e9pluchage ult\u00e9rieur et r\u00e9duit les taux de dommages.<\/li>\n<\/ol>\n<p>&nbsp;<\/p>\n<ol start=\"5\">\n<li>D\u00e9corticage des \u0153ufs de caille : Au cours de cette derni\u00e8re \u00e9tape, les \u0153ufs de caille cass\u00e9s sont pel\u00e9s. Les \u0153ufs pel\u00e9s sont transport\u00e9s sur une bande pour \u00eatre inspect\u00e9s, ce qui garantit une qualit\u00e9 \u00e9lev\u00e9e et un taux de pelage sup\u00e9rieur \u00e0 98%.<\/li>\n<\/ol>\n<p>&nbsp;<\/p>\n<h2><strong>Usine de traitement enti\u00e8rement automatique pour l'\u00e9pluchage des \u0153ufs de caille<\/strong><strong>\u00a0<\/strong><strong>Options de capacit\u00e9 :<\/strong><\/h2>\n<p>- 300kg\/h<\/p>\n<p>- 600kg\/h<\/p>\n<p>- 1200kg\/h<\/p>\n<p>- 1500kg\/h<\/p>\n<p>&nbsp;<\/p>\n<h3><strong>Usine de traitement enti\u00e8rement automatique pour l'\u00e9pluchage des \u0153ufs de caille<\/strong><strong>\u00a0<\/strong><strong>FAQ :<\/strong><\/h3>\n<ol>\n<li>Informations d\u00e9taill\u00e9es Demande de renseignements : Pour plus d'informations sur notre \u00e9quipement de cuisson d'oeufs de caille et notre ligne de production d'\u00e9calage, veuillez nous contacter directement par demande, par email ou par t\u00e9l\u00e9phone pour recevoir un devis officiel.<\/li>\n<\/ol>\n<p>&nbsp;<\/p>\n<ol start=\"2\">\n<li>\u00c9valuation de l'ad\u00e9quation : Contactez-nous pour nous faire part de vos besoins sp\u00e9cifiques et de votre situation de production, et nous vous fournirons des recommandations sur mesure pour r\u00e9pondre \u00e0 vos besoins.<\/li>\n<\/ol>\n<p>&nbsp;<\/p>\n<ol start=\"3\">\n<li>Service d'ing\u00e9nierie \u00e0 l'\u00e9tranger : Oui, nous proposons un service d'ing\u00e9nierie \u00e0 l'\u00e9tranger pour l'installation et la formation si vous achetez la ligne de production chez nous.<\/li>\n<\/ol>\n<p>&nbsp;<\/p>\n<ol start=\"4\">\n<li>Service apr\u00e8s-vente : Notre garantie couvre une ann\u00e9e et nous fournissons une assistance technique \u00e0 vie. En cas de probl\u00e8me, il vous suffit de nous contacter pour obtenir une assistance rapide.<\/li>\n<\/ol>\n<p>&nbsp;<\/p>\n<h3><strong>Usine de traitement enti\u00e8rement automatique pour l'\u00e9pluchage des \u0153ufs de caille<\/strong><strong>\u00a0<\/strong><strong>Emballage :<\/strong><\/h3>\n<p>Le syst\u00e8me enti\u00e8rement automatique <a href=\"https:\/\/www.eggmachinery.com\/fr\/produit\/quail-egg-peeling-machine\/\"><u>\u00e9plucheuse d'oeufs de caille<\/u><\/a>\u00a0L'usine de traitement est soigneusement recouverte d'un film et emball\u00e9e dans une caisse en bois sans fumigation, ce qui garantit un transport s\u00fbr. Des options d'emballage personnalis\u00e9es sont disponibles sur demande.<\/p>\n<p>&nbsp;<\/p>\n<p>Nous garantissons la livraison dans les d\u00e9lais des <a href=\"https:\/\/www.eggmachinery.com\/fr\/produit\/quail-egg-processing-line\/\"><u>ligne de production d'oeufs de caille<\/u><\/a>\u00a0apr\u00e8s r\u00e9ception du d\u00e9p\u00f4t, ainsi que toute la documentation n\u00e9cessaire au d\u00e9douanement, y compris les contrats de vente, les factures commerciales et les certificats d'origine, le cas \u00e9ch\u00e9ant.<\/p>\n<p>&nbsp;<\/p>\n<figure id=\"attachment_3965\" aria-describedby=\"caption-attachment-3965\" style=\"width: 750px\" class=\"wp-caption alignnone\"><img decoding=\"async\" loading=\"lazy\" class=\"size-full wp-image-3965\" src=\"https:\/\/www.eggmachinery.com\/wp-content\/uploads\/quail-egg-boiling-and-peeling-plant-2.webp\" alt=\"Quail egg boiling and peeling\" width=\"750\" height=\"750\" srcset=\"https:\/\/www.eggmachinery.com\/wp-content\/uploads\/quail-egg-boiling-and-peeling-plant-2.webp 750w, https:\/\/www.eggmachinery.com\/wp-content\/uploads\/quail-egg-boiling-and-peeling-plant-2-300x300.webp 300w, https:\/\/www.eggmachinery.com\/wp-content\/uploads\/quail-egg-boiling-and-peeling-plant-2-150x150.webp 150w, https:\/\/www.eggmachinery.com\/wp-content\/uploads\/quail-egg-boiling-and-peeling-plant-2-600x600.webp 600w, https:\/\/www.eggmachinery.com\/wp-content\/uploads\/quail-egg-boiling-and-peeling-plant-2-100x100.webp 100w\" sizes=\"(max-width: 750px) 100vw, 750px\" \/><figcaption id=\"caption-attachment-3965\" class=\"wp-caption-text\">\u0152ufs de caille \u00e0 bouillir et \u00e0 \u00e9plucher<\/figcaption><\/figure>\n<figure id=\"attachment_3966\" aria-describedby=\"caption-attachment-3966\" style=\"width: 750px\" class=\"wp-caption alignnone\"><img decoding=\"async\" loading=\"lazy\" class=\"size-full wp-image-3966\" src=\"https:\/\/www.eggmachinery.com\/wp-content\/uploads\/quail-egg-boiling-and-peeling-plant-3.webp\" alt=\"Quail egg boiling and peeling\" width=\"750\" height=\"750\" srcset=\"https:\/\/www.eggmachinery.com\/wp-content\/uploads\/quail-egg-boiling-and-peeling-plant-3.webp 750w, https:\/\/www.eggmachinery.com\/wp-content\/uploads\/quail-egg-boiling-and-peeling-plant-3-300x300.webp 300w, https:\/\/www.eggmachinery.com\/wp-content\/uploads\/quail-egg-boiling-and-peeling-plant-3-150x150.webp 150w, https:\/\/www.eggmachinery.com\/wp-content\/uploads\/quail-egg-boiling-and-peeling-plant-3-600x600.webp 600w, https:\/\/www.eggmachinery.com\/wp-content\/uploads\/quail-egg-boiling-and-peeling-plant-3-100x100.webp 100w\" sizes=\"(max-width: 750px) 100vw, 750px\" \/><figcaption id=\"caption-attachment-3966\" class=\"wp-caption-text\">\u0152ufs de caille \u00e0 bouillir et \u00e0 \u00e9plucher<\/figcaption><\/figure>\n<figure id=\"attachment_3968\" aria-describedby=\"caption-attachment-3968\" style=\"width: 750px\" class=\"wp-caption alignnone\"><img decoding=\"async\" loading=\"lazy\" class=\"size-full wp-image-3968\" src=\"https:\/\/www.eggmachinery.com\/wp-content\/uploads\/quail-egg-boiling-and-peeling-plant-5.webp\" alt=\"Quail egg boiling and peeling\" width=\"750\" height=\"750\" srcset=\"https:\/\/www.eggmachinery.com\/wp-content\/uploads\/quail-egg-boiling-and-peeling-plant-5.webp 750w, https:\/\/www.eggmachinery.com\/wp-content\/uploads\/quail-egg-boiling-and-peeling-plant-5-300x300.webp 300w, https:\/\/www.eggmachinery.com\/wp-content\/uploads\/quail-egg-boiling-and-peeling-plant-5-150x150.webp 150w, https:\/\/www.eggmachinery.com\/wp-content\/uploads\/quail-egg-boiling-and-peeling-plant-5-600x600.webp 600w, https:\/\/www.eggmachinery.com\/wp-content\/uploads\/quail-egg-boiling-and-peeling-plant-5-100x100.webp 100w\" sizes=\"(max-width: 750px) 100vw, 750px\" \/><figcaption id=\"caption-attachment-3968\" class=\"wp-caption-text\">\u0152ufs de caille \u00e0 bouillir et \u00e0 \u00e9plucher<\/figcaption><\/figure>\n<figure id=\"attachment_3967\" aria-describedby=\"caption-attachment-3967\" style=\"width: 750px\" class=\"wp-caption alignnone\"><img decoding=\"async\" loading=\"lazy\" class=\"size-full wp-image-3967\" src=\"https:\/\/www.eggmachinery.com\/wp-content\/uploads\/quail-egg-boiling-and-peeling-plant-4.webp\" alt=\"Quail egg boiling and peeling\" width=\"750\" height=\"750\" srcset=\"https:\/\/www.eggmachinery.com\/wp-content\/uploads\/quail-egg-boiling-and-peeling-plant-4.webp 750w, https:\/\/www.eggmachinery.com\/wp-content\/uploads\/quail-egg-boiling-and-peeling-plant-4-300x300.webp 300w, https:\/\/www.eggmachinery.com\/wp-content\/uploads\/quail-egg-boiling-and-peeling-plant-4-150x150.webp 150w, https:\/\/www.eggmachinery.com\/wp-content\/uploads\/quail-egg-boiling-and-peeling-plant-4-600x600.webp 600w, https:\/\/www.eggmachinery.com\/wp-content\/uploads\/quail-egg-boiling-and-peeling-plant-4-100x100.webp 100w\" sizes=\"(max-width: 750px) 100vw, 750px\" \/><figcaption id=\"caption-attachment-3967\" class=\"wp-caption-text\">\u0152ufs de caille \u00e0 bouillir et \u00e0 \u00e9plucher<\/figcaption><\/figure>\n<figure id=\"attachment_3964\" aria-describedby=\"caption-attachment-3964\" style=\"width: 750px\" class=\"wp-caption alignnone\"><img decoding=\"async\" loading=\"lazy\" class=\"size-full wp-image-3964\" src=\"https:\/\/www.eggmachinery.com\/wp-content\/uploads\/quail-egg-boiling-and-peeling-plant-1-1.webp\" alt=\"Quail egg boiling and peeling\" width=\"750\" height=\"750\" srcset=\"https:\/\/www.eggmachinery.com\/wp-content\/uploads\/quail-egg-boiling-and-peeling-plant-1-1.webp 750w, https:\/\/www.eggmachinery.com\/wp-content\/uploads\/quail-egg-boiling-and-peeling-plant-1-1-300x300.webp 300w, https:\/\/www.eggmachinery.com\/wp-content\/uploads\/quail-egg-boiling-and-peeling-plant-1-1-150x150.webp 150w, https:\/\/www.eggmachinery.com\/wp-content\/uploads\/quail-egg-boiling-and-peeling-plant-1-1-600x600.webp 600w, https:\/\/www.eggmachinery.com\/wp-content\/uploads\/quail-egg-boiling-and-peeling-plant-1-1-100x100.webp 100w\" sizes=\"(max-width: 750px) 100vw, 750px\" \/><figcaption id=\"caption-attachment-3964\" class=\"wp-caption-text\">\u0152ufs de caille \u00e0 bouillir et \u00e0 \u00e9plucher<\/figcaption><\/figure>","protected":false},"excerpt":{"rendered":"<p>Installations de cuisson et d'\u00e9pluchage d'\u0153ufs de caille pour la production d'\u0153ufs de caille bouillis en conserve<\/p>","protected":false},"featured_media":3970,"template":"","meta":{"_seopress_robots_primary_cat":""},"product_cat":[26],"product_tag":[],"featured_image_urls":{"full":["https:\/\/www.eggmachinery.com\/wp-content\/uploads\/quail-egg-peeling-machine-5_WH_750x750px.webp",750,750,false],"thumbnail":["https:\/\/www.eggmachinery.com\/wp-content\/uploads\/quail-egg-peeling-machine-5_WH_750x750px-150x150.webp",150,150,true],"medium":["https:\/\/www.eggmachinery.com\/wp-content\/uploads\/quail-egg-peeling-machine-5_WH_750x750px-300x300.webp",300,300,true],"medium_large":["https:\/\/www.eggmachinery.com\/wp-content\/uploads\/quail-egg-peeling-machine-5_WH_750x750px.webp",750,750,false],"large":["https:\/\/www.eggmachinery.com\/wp-content\/uploads\/quail-egg-peeling-machine-5_WH_750x750px.webp",750,750,false],"1536x1536":["https:\/\/www.eggmachinery.com\/wp-content\/uploads\/quail-egg-peeling-machine-5_WH_750x750px.webp",750,750,false],"2048x2048":["https:\/\/www.eggmachinery.com\/wp-content\/uploads\/quail-egg-peeling-machine-5_WH_750x750px.webp",750,750,false],"trp-custom-language-flag":["https:\/\/www.eggmachinery.com\/wp-content\/uploads\/quail-egg-peeling-machine-5_WH_750x750px.webp",12,12,false],"woocommerce_thumbnail":["https:\/\/www.eggmachinery.com\/wp-content\/uploads\/quail-egg-peeling-machine-5_WH_750x750px-300x300.webp",300,300,true],"woocommerce_single":["https:\/\/www.eggmachinery.com\/wp-content\/uploads\/quail-egg-peeling-machine-5_WH_750x750px-600x600.webp",600,600,true],"woocommerce_gallery_thumbnail":["https:\/\/www.eggmachinery.com\/wp-content\/uploads\/quail-egg-peeling-machine-5_WH_750x750px-100x100.webp",100,100,true]},"post_excerpt_stackable":"<p>Quail Egg Boiling and Peeling Plants for Canned Boiled Quail Egg Production<\/p>\n","category_list":"","author_info":{"name":"","url":""},"comments_num":"0 comments","_links":{"self":[{"href":"https:\/\/www.eggmachinery.com\/fr\/wp-json\/wp\/v2\/product\/3960"}],"collection":[{"href":"https:\/\/www.eggmachinery.com\/fr\/wp-json\/wp\/v2\/product"}],"about":[{"href":"https:\/\/www.eggmachinery.com\/fr\/wp-json\/wp\/v2\/types\/product"}],"wp:featuredmedia":[{"embeddable":true,"href":"https:\/\/www.eggmachinery.com\/fr\/wp-json\/wp\/v2\/media\/3970"}],"wp:attachment":[{"href":"https:\/\/www.eggmachinery.com\/fr\/wp-json\/wp\/v2\/media?parent=3960"}],"wp:term":[{"taxonomy":"product_cat","embeddable":true,"href":"https:\/\/www.eggmachinery.com\/fr\/wp-json\/wp\/v2\/product_cat?post=3960"},{"taxonomy":"product_tag","embeddable":true,"href":"https:\/\/www.eggmachinery.com\/fr\/wp-json\/wp\/v2\/product_tag?post=3960"}],"curies":[{"name":"wp","href":"https:\/\/api.w.org\/{rel}","templated":true}]}}