{"id":577,"date":"2023-04-01T10:26:54","date_gmt":"2023-04-01T02:26:54","guid":{"rendered":"https:\/\/demo.creativethemes.com\/blocksy\/homi\/?post_type=product&#038;p=577"},"modified":"2023-04-11T12:48:27","modified_gmt":"2023-04-11T04:48:27","slug":"quail-egg-boiling-and-peeling-processing-line","status":"publish","type":"product","link":"https:\/\/www.eggmachinery.com\/fr\/produit\/quail-egg-boiling-and-peeling-processing-line\/","title":{"rendered":"Ligne de traitement des \u0153ufs de caille par \u00e9bullition et \u00e9pluchage"},"content":{"rendered":"<p>\u00c9quipement de pr\u00e9chauffage pour la cuisson \u00e0 haute temp\u00e9rature, technologie sp\u00e9ciale pour chauffer uniform\u00e9ment les \u0153ufs de caille, centrage du jaune d'\u0153uf, pr\u00e9paration \u00e0 l'\u00e9bullition \u00e0 haute temp\u00e9rature.<\/p>\n<p><iframe loading=\"lazy\" title=\"\u00e9plucheuse automatique d&#039;\u0153ufs de caille\" width=\"1290\" height=\"726\" src=\"https:\/\/www.youtube.com\/embed\/ktkG9q4qRZ0?feature=oembed\" frameborder=\"0\" allow=\"accelerometer; autoplay; clipboard-write; encrypted-media; gyroscope; picture-in-picture; web-share\" allowfullscreen><\/iframe><\/p>\n<p>Gr\u00e2ce \u00e0 la transmission en spirale des \u0153ufs de caille \u00e0 la vapeur, les \u0153ufs de caille peuvent \u00eatre retourn\u00e9s au cours du processus de cuisson, et les \u0153ufs de caille centr\u00e9s provenant de la zone pr\u00e9cuite peuvent \u00eatre chauff\u00e9s uniform\u00e9ment dans la zone de cuisson, de sorte qu'ils peuvent \u00eatre cuits rapidement.<\/p>\n<p>Les \u0153ufs de caille bouillis entrent dans le r\u00e9servoir de refroidissement, qui est rapidement refroidi par de l'eau glac\u00e9e et transport\u00e9 vers le broyeur.<\/p>\n<p>Le processus de cassage de la coquille des \u0153ufs de caille permet de passer plus facilement \u00e0 l'\u00e9tape suivante de l'\u00e9pluchage. Il est utilis\u00e9 avec l'\u00e9plucheuse d'\u0153ufs de caille, la coquille est bris\u00e9e uniform\u00e9ment, ce qui am\u00e9liore l'efficacit\u00e9 et r\u00e9duit le taux d'endommagement.<\/p>\n<p>&nbsp;<\/p>\n<p>Le processus d'\u00e9pluchage des \u0153ufs de caille cass\u00e9s, le tapis roulant de collecte des \u0153ufs pour s\u00e9lectionner les produits non qualifi\u00e9s, le taux d'\u00e9pluchage est sup\u00e9rieur \u00e0 98%, les \u0153ufs de caille finaux sont plus lisses et plus beaux.<\/p>\n<p>&nbsp;<\/p>","protected":false},"excerpt":{"rendered":"<h3><strong><em><b><i>Usine de traitement enti\u00e8rement automatique pour l'\u00e9pluchage des \u0153ufs de caille<\/i><\/b><\/em><\/strong><strong><em><b><i><br \/>\n<\/i><\/b><\/em><\/strong><strong><b><br \/>\n<\/b><\/strong><strong><b>L'usine d'\u00e9pluchage d'\u0153ufs de caille enti\u00e8rement automatique comprend principalement la pr\u00e9cuisson des \u0153ufs de caille centr\u00e9s et la cuisson dure \u00e0 haute temp\u00e9rature des \u0153ufs de caille, le refroidissement des \u0153ufs de caille, le cassage de la coquille des \u0153ufs de caille et l'\u00e9pluchage des \u0153ufs de caille.<\/b><\/strong><\/h3>\n<h3><strong><b>Nous pouvons faire correspondre <\/b><\/strong><strong><b>t<\/b><\/strong><strong><b>Il dispose d'un ensemble complet d'\u00e9quipements halog\u00e8nes et d'\u00e9quipements d'emballage en fonction des exigences technologiques des clients, et peut \u00e9galement concevoir un plan de production en fonction des exigences des clients.<\/b><\/strong><\/h3>","protected":false},"featured_media":743,"template":"","meta":{"_seopress_robots_primary_cat":"none"},"product_cat":[26],"product_tag":[],"featured_image_urls":{"full":["https:\/\/www.eggmachinery.com\/wp-content\/uploads\/2021\/04\/quail-egg-boiling-and-peeling-processing.webp",820,680,false],"thumbnail":["https:\/\/www.eggmachinery.com\/wp-content\/uploads\/2021\/04\/quail-egg-boiling-and-peeling-processing-150x150.webp",150,150,true],"medium":["https:\/\/www.eggmachinery.com\/wp-content\/uploads\/2021\/04\/quail-egg-boiling-and-peeling-processing-300x249.webp",300,249,true],"medium_large":["https:\/\/www.eggmachinery.com\/wp-content\/uploads\/2021\/04\/quail-egg-boiling-and-peeling-processing-768x637.webp",768,637,true],"large":["https:\/\/www.eggmachinery.com\/wp-content\/uploads\/2021\/04\/quail-egg-boiling-and-peeling-processing.webp",820,680,false],"1536x1536":["https:\/\/www.eggmachinery.com\/wp-content\/uploads\/2021\/04\/quail-egg-boiling-and-peeling-processing.webp",820,680,false],"2048x2048":["https:\/\/www.eggmachinery.com\/wp-content\/uploads\/2021\/04\/quail-egg-boiling-and-peeling-processing.webp",820,680,false],"trp-custom-language-flag":["https:\/\/www.eggmachinery.com\/wp-content\/uploads\/2021\/04\/quail-egg-boiling-and-peeling-processing.webp",14,12,false],"woocommerce_thumbnail":["https:\/\/www.eggmachinery.com\/wp-content\/uploads\/2021\/04\/quail-egg-boiling-and-peeling-processing-300x249.webp",300,249,true],"woocommerce_single":["https:\/\/www.eggmachinery.com\/wp-content\/uploads\/2021\/04\/quail-egg-boiling-and-peeling-processing-600x498.webp",600,498,true],"woocommerce_gallery_thumbnail":["https:\/\/www.eggmachinery.com\/wp-content\/uploads\/2021\/04\/quail-egg-boiling-and-peeling-processing-100x100.webp",100,100,true]},"post_excerpt_stackable":"<h3><strong><em><b><i>Fully Auto Quail Egg Peeler Processing Plant<\/i><\/b><\/em><\/strong><strong><em><b><i><br \/>\n<\/i><\/b><\/em><\/strong><strong><b><br \/>\n<\/b><\/strong><strong><b>Fully Auto Quails Egg Peeler Processing Plant mainly includes quail egg centering precooking&amp;high-temperature quail egg hard cooking, quil egg cooling, quail egg shell breaking and quail egg peeling.<\/b><\/strong><\/h3>\n<h3><strong><b>We can match <\/b><\/strong><strong><b>t<\/b><\/strong><strong><b>he related complete set of halogen and packaging equipment according to customers&#8217; technological requirements, also can design size production plan according to customer requirements.<\/b><\/strong><\/h3>\n","category_list":"","author_info":{"name":"","url":""},"comments_num":"0 comments","_links":{"self":[{"href":"https:\/\/www.eggmachinery.com\/fr\/wp-json\/wp\/v2\/product\/577"}],"collection":[{"href":"https:\/\/www.eggmachinery.com\/fr\/wp-json\/wp\/v2\/product"}],"about":[{"href":"https:\/\/www.eggmachinery.com\/fr\/wp-json\/wp\/v2\/types\/product"}],"wp:featuredmedia":[{"embeddable":true,"href":"https:\/\/www.eggmachinery.com\/fr\/wp-json\/wp\/v2\/media\/743"}],"wp:attachment":[{"href":"https:\/\/www.eggmachinery.com\/fr\/wp-json\/wp\/v2\/media?parent=577"}],"wp:term":[{"taxonomy":"product_cat","embeddable":true,"href":"https:\/\/www.eggmachinery.com\/fr\/wp-json\/wp\/v2\/product_cat?post=577"},{"taxonomy":"product_tag","embeddable":true,"href":"https:\/\/www.eggmachinery.com\/fr\/wp-json\/wp\/v2\/product_tag?post=577"}],"curies":[{"name":"wp","href":"https:\/\/api.w.org\/{rel}","templated":true}]}}