{"id":579,"date":"2023-04-01T10:27:24","date_gmt":"2023-04-01T02:27:24","guid":{"rendered":"https:\/\/demo.creativethemes.com\/blocksy\/homi\/?post_type=product&#038;p=579"},"modified":"2024-01-03T10:43:07","modified_gmt":"2024-01-03T02:43:07","slug":"quail-egg-peeler","status":"publish","type":"product","link":"https:\/\/www.eggmachinery.com\/fr\/produit\/quail-egg-peeler\/","title":{"rendered":"\u00c9plucheur d'oeufs de caille"},"content":{"rendered":"<h2>Industrial Boiled Quail Egg Shelling Peeler Machine Data Sheet<\/h2>\n<table>\n<tbody>\n<tr>\n<td width=\"95\">Mod\u00e8le<\/td>\n<td width=\"103\">Capacit\u00e9<\/td>\n<td width=\"191\">Water tank size<\/p>\n<p>(mm)<\/td>\n<td width=\"151\">Peeling machine size<\/p>\n<p>(mm)<\/td>\n<td width=\"124\">Puissance<\/p>\n<p>(kw)<\/td>\n<\/tr>\n<tr>\n<td width=\"95\">HT-LQ3<\/td>\n<td width=\"103\">300kg\/h<\/td>\n<td width=\"191\">2000*1500*840<\/td>\n<td width=\"151\">520*1555*1217<\/td>\n<td width=\"124\">3.2<\/td>\n<\/tr>\n<tr>\n<td width=\"95\">HT-LQ4<\/td>\n<td width=\"103\">400kg\/h<\/td>\n<td width=\"191\">2802*1426*1480<\/td>\n<td width=\"151\">500*1605*1217<\/td>\n<td width=\"124\">3.5<\/td>\n<\/tr>\n<tr>\n<td width=\"95\">HT-LQ5<\/td>\n<td width=\"103\">500kg\/h<\/td>\n<td width=\"191\">2802*1426*1480<\/td>\n<td width=\"151\">500*3210*1217<\/td>\n<td width=\"124\">3.8<\/td>\n<\/tr>\n<\/tbody>\n<\/table>\n<h2><a href=\"https:\/\/www.eggmachinery.com\/fr\/produit\/uail-egg-shell-removing-machine\/\">\u00c9plucheur d'oeufs de caille<\/a> Avantage<\/h2>\n<ol>\n<li>Unique new design peeling system. High peeling rate and lowest breakage.<\/li>\n<li>Importation parts. High quality and durable.<\/li>\n<li>High efficiency. 1 set quail egg peeler machine can replace 3-4 person.<\/li>\n<li>Whole equipment is made of food grade 304ss, hygiene and durable.<\/li>\n<li>It can be fitted with a complete production line. Easy and automatic operation.<\/li>\n<li>We can customize equipment and production line according to your needs.<\/li>\n<\/ol>\n<h3>Quail Egg Peeler Full Moive<\/h3>\n<p><iframe loading=\"lazy\" title=\"quail egg shell remover machine\" width=\"1290\" height=\"726\" src=\"https:\/\/www.youtube.com\/embed\/31qppdeIsSs?feature=oembed\" frameborder=\"0\" allow=\"accelerometer; autoplay; clipboard-write; encrypted-media; gyroscope; picture-in-picture; web-share\" allowfullscreen><\/iframe><\/p>\n<p>The new design quail egg peeler machine is shelled by the friction of rolling rubber and the impact of strong water. The<\/p>\n<p>principle of artificial shelling is imitated. High peeling rate and low damage rate. Equipped with water tank feeding and<\/p>\n<p>multi-column transport, quail eggs feed more evenly and enter the peeler orderly. This is the advantage that other peeling<\/p>\n<p>machines do not have. We are the first manufacturer for this peeling technical at the quail egg process field.<\/p>\n<h3><strong><b><a href=\"https:\/\/www.eggmachinery.com\/fr\/produit\/uail-egg-shell-removing-machine\/\">Machine \u00e0 \u00e9plucher les \u0153ufs de caille<\/a> Paquet <\/b><\/strong><\/h3>\n<p>Nous vous enverrons une bo\u00eete \u00e0 outils contenant un tuyau en caoutchouc, une batte en caoutchouc \u00e9ponge, des roulements et d'autres outils gratuitement avec la machine \u00e0 \u00e9plucher les \u0153ufs de caille.  Nous pouvons emballer les machines selon les exigences du client.<\/p>\n<p>&nbsp;<\/p>\n<h3><strong><b>Best Quail Egg Peeler Warranty<\/b><\/strong><\/h3>\n<p>Nous offrons une garantie d'un an. Les dysfonctionnements qui sont caus\u00e9s par la machine elle-m\u00eame et la qualit\u00e9 seront responsables de notre fabricant.<\/p>\n<p><strong><b>DEMANDE DE PRIX<\/b><\/strong><\/p>\n<ol>\n<li><b><\/b><strong><u><b>Q: This is my first time to import, how can I get the machine?<\/b><\/u><\/strong><\/li>\n<\/ol>\n<p>A: After you confirm the machine to order and pay, we can help you to deliver the machine to your nearest seaport or airport, or door to door to you by express, etc., We are very experienced, please rest assured.<br \/>\n<strong><b>2.\u00a0<\/b><\/strong><strong><u><b>Q: This is my first time to use this machine, is it easy to operate?<\/b><\/u><\/strong><br \/>\nA: This quail egg peeling machine is very easy to operate, it only need one people to operate. And after deliver the machine, we will also provide you the English user manual and simple video for your reference.<br \/>\n<strong><b>3.\u00a0<\/b><\/strong><strong><u><b>Q: How is the quality of the machine?<\/b><\/u><\/strong><br \/>\nA: Our quail egg peeling machine adopts 304 stainless steel materials, 100% copper wire motor, good import rubber hose, use high quality chain, etc., please don\u2019t worry. Besides, we will also send you an extra set spare parts by free together with the machine.<\/p>\n<p><b><\/b><strong><u><b>4.Q: What\u2019s the payment method?<\/b><\/u><\/strong><br \/>\nA: We accept most of the payment method, such as, T\/T, Western Union, Paypal, L\/C, etc.<br \/>\n<strong><b>5. Q:\u00a0<\/b><\/strong><strong><u><b>Why choose us?<\/b><\/u><\/strong><br \/>\nA: We can provide the machine with good quality and best price, also good and professional sale and after-sale service, if the machine has any problems in the future, we will provide the technical help and spare parts according to your need.<\/p>\n<p>&nbsp;<\/p>","protected":false},"excerpt":{"rendered":"<p>Industrial boiled quail egg shelling peeler peeling machine<\/p>\n<p>&nbsp;<\/p>\n<ol>\n<li>Unique new design peeling system. High peeling rate and lowest breakage.<\/li>\n<li>Importation parts. High quality and durable.<\/li>\n<li>PLC touch screen controller system for whole production equipment. The working speed can be adjusted. And each equipment can be controlled independently.<\/li>\n<li>High efficiency. 1 set quail egg peeler machine can replace 3-4 person.<\/li>\n<li>Whole equipment is made of food grade 304ss, hygiene and durable.<\/li>\n<li>It can be fitted with a complete production line. Easy and automatic operation.<\/li>\n<li>We can customize equipment and production line according to your needs.<\/li>\n<\/ol>\n<p>&nbsp;<\/p>\n<p>The new design quail egg peeler machine is shelled by the friction of rolling rubber and the impact of strong water. The<\/p>\n<p>principle of artificial shelling is imitated. High peeling rate and low damage rate. Equipped with water tank feeding and<\/p>\n<p>multi-column transport, quail eggs feed more evenly and enter the peeler orderly. This is the advantage that other peeling<\/p>\n<p>machines do not have. We are the first manufacturer for this peeling technical at the quail egg process field.<\/p>","protected":false},"featured_media":741,"template":"","meta":{"_seopress_robots_primary_cat":"none"},"product_cat":[20],"product_tag":[],"featured_image_urls":{"full":["https:\/\/www.eggmachinery.com\/wp-content\/uploads\/2021\/04\/quail-egg-peeler.webp",820,680,false],"thumbnail":["https:\/\/www.eggmachinery.com\/wp-content\/uploads\/2021\/04\/quail-egg-peeler-150x150.webp",150,150,true],"medium":["https:\/\/www.eggmachinery.com\/wp-content\/uploads\/2021\/04\/quail-egg-peeler-300x249.webp",300,249,true],"medium_large":["https:\/\/www.eggmachinery.com\/wp-content\/uploads\/2021\/04\/quail-egg-peeler-768x637.webp",768,637,true],"large":["https:\/\/www.eggmachinery.com\/wp-content\/uploads\/2021\/04\/quail-egg-peeler.webp",820,680,false],"1536x1536":["https:\/\/www.eggmachinery.com\/wp-content\/uploads\/2021\/04\/quail-egg-peeler.webp",820,680,false],"2048x2048":["https:\/\/www.eggmachinery.com\/wp-content\/uploads\/2021\/04\/quail-egg-peeler.webp",820,680,false],"trp-custom-language-flag":["https:\/\/www.eggmachinery.com\/wp-content\/uploads\/2021\/04\/quail-egg-peeler.webp",14,12,false],"woocommerce_thumbnail":["https:\/\/www.eggmachinery.com\/wp-content\/uploads\/2021\/04\/quail-egg-peeler-300x249.webp",300,249,true],"woocommerce_single":["https:\/\/www.eggmachinery.com\/wp-content\/uploads\/2021\/04\/quail-egg-peeler-600x498.webp",600,498,true],"woocommerce_gallery_thumbnail":["https:\/\/www.eggmachinery.com\/wp-content\/uploads\/2021\/04\/quail-egg-peeler-100x100.webp",100,100,true]},"post_excerpt_stackable":"<p>Industrial boiled quail egg shelling peeler peeling machine<\/p>\n<p>&nbsp;<\/p>\n<ol>\n<li>Unique new design peeling system. High peeling rate and lowest breakage.<\/li>\n<li>Importation parts. High quality and durable.<\/li>\n<li>PLC touch screen controller system for whole production equipment. The working speed can be adjusted. And each equipment can be controlled independently.<\/li>\n<li>High efficiency. 1 set quail egg peeler machine can replace 3-4 person.<\/li>\n<li>Whole equipment is made of food grade 304ss, hygiene and durable.<\/li>\n<li>It can be fitted with a complete production line. Easy and automatic operation.<\/li>\n<li>We can customize equipment and production line according to your needs.<\/li>\n<\/ol>\n<p>&nbsp;<\/p>\n<p>The new design quail egg peeler machine is shelled by the friction of rolling rubber and the impact of strong water. The<\/p>\n<p>principle of artificial shelling is imitated. High peeling rate and low damage rate. Equipped with water tank feeding and<\/p>\n<p>multi-column transport, quail eggs feed more evenly and enter the peeler orderly. This is the advantage that other peeling<\/p>\n<p>machines do not have. We are the first manufacturer for this peeling technical at the quail egg process field.<\/p>\n","category_list":"","author_info":{"name":"","url":""},"comments_num":"0 comments","_links":{"self":[{"href":"https:\/\/www.eggmachinery.com\/fr\/wp-json\/wp\/v2\/product\/579"}],"collection":[{"href":"https:\/\/www.eggmachinery.com\/fr\/wp-json\/wp\/v2\/product"}],"about":[{"href":"https:\/\/www.eggmachinery.com\/fr\/wp-json\/wp\/v2\/types\/product"}],"wp:featuredmedia":[{"embeddable":true,"href":"https:\/\/www.eggmachinery.com\/fr\/wp-json\/wp\/v2\/media\/741"}],"wp:attachment":[{"href":"https:\/\/www.eggmachinery.com\/fr\/wp-json\/wp\/v2\/media?parent=579"}],"wp:term":[{"taxonomy":"product_cat","embeddable":true,"href":"https:\/\/www.eggmachinery.com\/fr\/wp-json\/wp\/v2\/product_cat?post=579"},{"taxonomy":"product_tag","embeddable":true,"href":"https:\/\/www.eggmachinery.com\/fr\/wp-json\/wp\/v2\/product_tag?post=579"}],"curies":[{"name":"wp","href":"https:\/\/api.w.org\/{rel}","templated":true}]}}