{"id":593,"date":"2023-10-27T10:30:10","date_gmt":"2023-10-27T02:30:10","guid":{"rendered":"https:\/\/demo.creativethemes.com\/blocksy\/homi\/?post_type=product&#038;p=593"},"modified":"2024-01-27T15:21:49","modified_gmt":"2024-01-27T07:21:49","slug":"egg-cracker-machine","status":"publish","type":"product","link":"https:\/\/www.eggmachinery.com\/fr\/produit\/egg-cracker-machine\/","title":{"rendered":"Machine \u00e0 craqueler les \u0153ufs"},"content":{"rendered":"<h2><strong><b>Egg Breaker Machine Equipment<\/b><\/strong> Description<\/h2>\n<p>Egg breaker machine is equipped with eggs from water tank &#8211;\u00a0 &#8211; &#8211; simple strong wind drying &#8211; &#8211; &#8211; &#8211; egg knocking &#8211; &#8211; separating egg liquid from eggshell.<\/p>\n<p>The egg liquid \u00a0is an ideal equipment for baking enterprises. At the same time, egg breaker machine can cooperate with pasteurizer to produce qualified whole egg liquid,<\/p>\n<p>La fa\u00e7on de frapper les \u0153ufs : Apr\u00e8s que les \u0153ufs dans le clip sont frapp\u00e9s par le m\u00e9tal, la partie inf\u00e9rieure de l'\u0153uf s'ouvre, et le liquide de l'\u0153uf tombe dans le plateau d'\u0153ufs. La batteuse automatique peut r\u00e9pondre aux exigences des \u0153ufs blancs et rouges. Le rendement en jus d'\u0153uf n'est pas inf\u00e9rieur \u00e0 85%. Le taux de r\u00e9ussite de la capture des \u0153ufs avec les griffes n'est pas inf\u00e9rieur \u00e0 99%.<\/p>\n<p>Apr\u00e8s avoir frapp\u00e9 les \u0153ufs, la coquille reste au moins 5 secondes au-dessus du bac de collecte des \u0153ufs afin de garantir que le liquide p\u00e9n\u00e8tre au maximum dans le bac de collecte. La casseuse d'\u0153ufs et le dispositif de collecte du liquide sont expos\u00e9s dans l'espace pour faciliter le nettoyage.<\/p>\n<p><iframe loading=\"lazy\" title=\"prix de la machine \u00e0 casser les \u0153ufs\" width=\"1290\" height=\"726\" src=\"https:\/\/www.youtube.com\/embed\/_TwMkVhWEPA?feature=oembed\" frameborder=\"0\" allow=\"accelerometer; autoplay; clipboard-write; encrypted-media; gyroscope; picture-in-picture; web-share\" allowfullscreen><\/iframe><\/p>\n<h3>\u00a0Egg Breaking Machine Application<\/h3>\n<p>Le champ d'application du produit liquide \u00e0 base d'\u0153uf est tr\u00e8s large, il peut \u00eatre appliqu\u00e9 \u00e0 toutes sortes de g\u00e2teaux, de pains, de cr\u00e8mes aux \u0153ufs, de vinaigrettes, de cr\u00e8mes glac\u00e9es, de boissons di\u00e9t\u00e9tiques, d'aliments pour nourrissons. Il est pratique et rapide, et peut \u00eatre fourni directement aux magasins de restauration rapide, aux boulangeries et aux restaurants. Le liquide d'\u0153uf est facile \u00e0 transporter et \u00e0 stocker, le cassage m\u00e9canique des \u0153ufs peut am\u00e9liorer le rendement, r\u00e9duire les co\u00fbts de main-d'\u0153uvre et r\u00e9soudre le probl\u00e8me des d\u00e9chets de coquille d'\u0153uf.<\/p>\n<p><img decoding=\"async\" loading=\"lazy\" class=\"alignnone size-full wp-image-2881\" src=\"https:\/\/www.eggmachinery.com\/wp-content\/uploads\/about-us-4.webp\" alt=\"egg breaker machine\" width=\"750\" height=\"750\" srcset=\"https:\/\/www.eggmachinery.com\/wp-content\/uploads\/about-us-4.webp 750w, https:\/\/www.eggmachinery.com\/wp-content\/uploads\/about-us-4-300x300.webp 300w, https:\/\/www.eggmachinery.com\/wp-content\/uploads\/about-us-4-150x150.webp 150w, https:\/\/www.eggmachinery.com\/wp-content\/uploads\/about-us-4-600x600.webp 600w, https:\/\/www.eggmachinery.com\/wp-content\/uploads\/about-us-4-100x100.webp 100w\" sizes=\"(max-width: 750px) 100vw, 750px\" \/><img decoding=\"async\" loading=\"lazy\" class=\"alignnone size-full wp-image-2929\" src=\"https:\/\/www.eggmachinery.com\/wp-content\/uploads\/Industrial-egg-separator-machine-3.webp\" alt=\"Industrial egg separator machine\" width=\"750\" height=\"750\" srcset=\"https:\/\/www.eggmachinery.com\/wp-content\/uploads\/Industrial-egg-separator-machine-3.webp 750w, https:\/\/www.eggmachinery.com\/wp-content\/uploads\/Industrial-egg-separator-machine-3-300x300.webp 300w, https:\/\/www.eggmachinery.com\/wp-content\/uploads\/Industrial-egg-separator-machine-3-150x150.webp 150w, https:\/\/www.eggmachinery.com\/wp-content\/uploads\/Industrial-egg-separator-machine-3-600x600.webp 600w, https:\/\/www.eggmachinery.com\/wp-content\/uploads\/Industrial-egg-separator-machine-3-100x100.webp 100w\" sizes=\"(max-width: 750px) 100vw, 750px\" \/><img decoding=\"async\" loading=\"lazy\" class=\"alignnone size-full wp-image-2928\" src=\"https:\/\/www.eggmachinery.com\/wp-content\/uploads\/Industrial-egg-separator-machine-2.webp\" alt=\"Industrial egg separator machine\" width=\"750\" height=\"750\" srcset=\"https:\/\/www.eggmachinery.com\/wp-content\/uploads\/Industrial-egg-separator-machine-2.webp 750w, https:\/\/www.eggmachinery.com\/wp-content\/uploads\/Industrial-egg-separator-machine-2-300x300.webp 300w, https:\/\/www.eggmachinery.com\/wp-content\/uploads\/Industrial-egg-separator-machine-2-150x150.webp 150w, https:\/\/www.eggmachinery.com\/wp-content\/uploads\/Industrial-egg-separator-machine-2-600x600.webp 600w, https:\/\/www.eggmachinery.com\/wp-content\/uploads\/Industrial-egg-separator-machine-2-100x100.webp 100w\" sizes=\"(max-width: 750px) 100vw, 750px\" \/><\/p>\n<h2>Egg Breaking Machine advantages<\/h2>\n<p>1.Use our egg breaking machine , customer can get whole liquid eggs, also separated egg yolk &amp; protein. This type machine can offer a best solution about fresh egg and bad egg (egg yolk mix white).<\/p>\n<p>2. ce type de casseuse d'\u0153ufs peut traiter toutes les tailles d'\u0153ufs.<\/p>\n<p>3. il dispose d'une fonction d'urgence automatique. La machine s'arr\u00eate imm\u00e9diatement pour prot\u00e9ger l'op\u00e9rateur.<\/p>\n<p>4. fonctionnement et lavage faciles. Il existe deux m\u00e9thodes pour laver la casseuse d'\u0153ufs. La premi\u00e8re consiste \u00e0 utiliser un jet d'eau \u00e0 haute pression. La seconde consiste \u00e0 retirer la t\u00eate de cassage et le gobelet de s\u00e9paration. Il suffit d'environ 2 minutes pour les retirer.<\/p>\n<p>5.Contr\u00f4leur d'onduleur Schneider, carte plastique suisse, cha\u00eene de transmission japonaise, pi\u00e8ces en nylon import\u00e9es.<\/p>\n<p>6. il est fabriqu\u00e9 en acier inoxydable 304 de qualit\u00e9 alimentaire, durable et hygi\u00e9nique.<\/p>\n<p>7. il est tr\u00e8s efficace et permet d'\u00e9conomiser de la main-d'\u0153uvre, du temps et de l'argent.<\/p>\n<p>8. effet parfait de cassage et de s\u00e9paration, le liquide de l'\u0153uf est compl\u00e8tement s\u00e9par\u00e9 de la coquille.<\/p>\n<p><img decoding=\"async\" loading=\"lazy\" class=\"alignnone size-full wp-image-2883\" src=\"https:\/\/www.eggmachinery.com\/wp-content\/uploads\/about-us-6.webp\" alt=\"egg breaking machine\" width=\"750\" height=\"750\" srcset=\"https:\/\/www.eggmachinery.com\/wp-content\/uploads\/about-us-6.webp 750w, https:\/\/www.eggmachinery.com\/wp-content\/uploads\/about-us-6-300x300.webp 300w, https:\/\/www.eggmachinery.com\/wp-content\/uploads\/about-us-6-150x150.webp 150w, https:\/\/www.eggmachinery.com\/wp-content\/uploads\/about-us-6-600x600.webp 600w, https:\/\/www.eggmachinery.com\/wp-content\/uploads\/about-us-6-100x100.webp 100w\" sizes=\"(max-width: 750px) 100vw, 750px\" \/><img decoding=\"async\" loading=\"lazy\" class=\"alignnone size-full wp-image-2868\" src=\"https:\/\/www.eggmachinery.com\/wp-content\/uploads\/egg-breaking-machine-3_WH_750x750px.webp\" alt=\"egg breaking machine\" width=\"750\" height=\"750\" srcset=\"https:\/\/www.eggmachinery.com\/wp-content\/uploads\/egg-breaking-machine-3_WH_750x750px.webp 750w, https:\/\/www.eggmachinery.com\/wp-content\/uploads\/egg-breaking-machine-3_WH_750x750px-300x300.webp 300w, https:\/\/www.eggmachinery.com\/wp-content\/uploads\/egg-breaking-machine-3_WH_750x750px-150x150.webp 150w, https:\/\/www.eggmachinery.com\/wp-content\/uploads\/egg-breaking-machine-3_WH_750x750px-600x600.webp 600w, https:\/\/www.eggmachinery.com\/wp-content\/uploads\/egg-breaking-machine-3_WH_750x750px-100x100.webp 100w\" sizes=\"(max-width: 750px) 100vw, 750px\" \/><img decoding=\"async\" loading=\"lazy\" class=\"alignnone size-full wp-image-2978\" src=\"https:\/\/www.eggmachinery.com\/wp-content\/uploads\/egg-machine-1-1.webp\" alt=\"egg machine\" width=\"750\" height=\"750\" srcset=\"https:\/\/www.eggmachinery.com\/wp-content\/uploads\/egg-machine-1-1.webp 750w, https:\/\/www.eggmachinery.com\/wp-content\/uploads\/egg-machine-1-1-300x300.webp 300w, https:\/\/www.eggmachinery.com\/wp-content\/uploads\/egg-machine-1-1-150x150.webp 150w, https:\/\/www.eggmachinery.com\/wp-content\/uploads\/egg-machine-1-1-600x600.webp 600w, https:\/\/www.eggmachinery.com\/wp-content\/uploads\/egg-machine-1-1-100x100.webp 100w\" sizes=\"(max-width: 750px) 100vw, 750px\" \/><\/p>\n<p>Le client peut utiliser la m\u00eame machine pour deux fonctions, en changeant le coquetier pour obtenir le liquide entier ou s\u00e9parer le jaune d'\u0153uf et le blanc d'\u0153uf.<\/p>\n<h3><strong><b>Egg Cracker Machine Package <\/b><\/strong><\/h3>\n<p>The egg cracker\u00a0 machine will be coated with film firstly, and then packed with free-fumigation wooden case. We could pack machines according to customer requirements.<\/p>\n<p>&nbsp;<\/p>\n<h3><strong><b>Machine \u00e0 craqueler les \u0153ufs <\/b><\/strong><b><\/b><strong><b>Garantie<\/b><\/strong><\/h3>\n<p>Nous offrons une garantie d'un an. Les dysfonctionnements qui sont caus\u00e9s par la machine elle-m\u00eame et la qualit\u00e9 seront responsables de notre fabricant.<\/p>\n<p>&nbsp;<\/p>\n<h3><b><\/b><strong><b>Egg Breaking\u00a0 Machine RFQ<\/b><\/strong><\/h3>\n<p>&nbsp;<\/p>\n<h3><strong><b>Q1. How Can We Clean The Egg Breaking Machine.<\/b><\/strong><\/h3>\n<p>R\u00e9ponses : M\u00e9thode 1. Utilisez le pistolet \u00e0 eau \u00e0 haute pression pour le nettoyer directement.<\/p>\n<p>M\u00e9thode 2. Tous les couteaux et la plaque de collecte peuvent \u00eatre facilement retir\u00e9s pour \u00eatre nettoy\u00e9s.<\/p>\n<h3><\/h3>\n<h3><strong><b>Q2. Can We Use The Machine Directly After Received?<\/b><\/strong><\/h3>\n<p>R\u00e9ponses : Oui. Le client doit simplement connecter le compresseur \u00e9lectrique et le compresseur d'air apr\u00e8s confirmation de la position. La machine \u00e0 casser les \u0153ufs sera test\u00e9e avant d'\u00eatre livr\u00e9e et nous prendrons une vid\u00e9o de test. Si vous avez besoin du manuel d'instructions et de la vid\u00e9o, veuillez contacter notre ing\u00e9nieur commercial.<\/p>\n<h3><\/h3>\n<h3><strong><b>Q3. How Can We Get This <\/b><\/strong><strong><b>Egg Breaking\u00a0 Machine<\/b><\/strong><\/h3>\n<p>R\u00e9ponses : Passez-nous votre commande. Le d\u00e9lai de production est de 10 jours, vous verrez la vid\u00e9o de test de votre \u00e9quipement et les informations sur l'emballage, apr\u00e8s le transport maritime, vous pourrez recevoir l'\u00e9quipement de casse-\u0153ufs 100% satisfait.<\/p>\n<h3><\/h3>\n<p><strong><b>Que4: Can You Provide Engineer Overseas Service?<\/b><\/strong><br \/>\nYES we can offer this service, if you purchase production line from us, we will send enginner go to your countries for installation and tranning.<\/p>\n<p>&nbsp;<\/p>\n<h3>Que 5: How About The After-Sale Service Of T<strong><b>il <\/b><\/strong><strong><b>Egg Breaking\u00a0 Machine<\/b><\/strong><strong><b>?<\/b><\/strong><\/h3>\n<p>La garantie est d'un an, mais nous fournissons un support technique \u00e0 vie. En cas de probl\u00e8me lors de votre utilisation future, prenez des photos et des vid\u00e9os pour nous montrer le probl\u00e8me, nous vous r\u00e9pondrons dans les 24 heures et nous r\u00e9soudrons vos probl\u00e8mes le plus rapidement possible.<\/p>\n<p>&nbsp;<\/p>\n<p>&nbsp;<\/p>\n<p>&nbsp;<\/p>\n<p>&nbsp;<\/p>","protected":false},"excerpt":{"rendered":"<p>Our machine is used to break the egg and then separate the egg yolk from the egg liquid. Our machine is the most advanced rotary type egg breaking and separating machine. The egg white and egg yolk will be separated totally, and if there is bad eggs, the egg breaking and separating machine could also remove the bad eggs to avoid the bad eggs pollute the good egg liquid. Egg breaking&amp;separating machine is widely used in egg processing factory, egg wholesale and deep egg process industry, bakery shop for cake and biscuit and other related food enterprises.etc. It is an ideal equipment for liquid egg, egg yolk, egg white products required enterprises.<\/p>\n<p>&nbsp;<\/p>","protected":false},"featured_media":725,"template":"","meta":{"_seopress_robots_primary_cat":"none"},"product_cat":[18],"product_tag":[],"featured_image_urls":{"full":["https:\/\/www.eggmachinery.com\/wp-content\/uploads\/2021\/04\/egg-breaker-and-separator.webp",820,680,false],"thumbnail":["https:\/\/www.eggmachinery.com\/wp-content\/uploads\/2021\/04\/egg-breaker-and-separator-150x150.webp",150,150,true],"medium":["https:\/\/www.eggmachinery.com\/wp-content\/uploads\/2021\/04\/egg-breaker-and-separator-300x249.webp",300,249,true],"medium_large":["https:\/\/www.eggmachinery.com\/wp-content\/uploads\/2021\/04\/egg-breaker-and-separator-768x637.webp",768,637,true],"large":["https:\/\/www.eggmachinery.com\/wp-content\/uploads\/2021\/04\/egg-breaker-and-separator.webp",820,680,false],"1536x1536":["https:\/\/www.eggmachinery.com\/wp-content\/uploads\/2021\/04\/egg-breaker-and-separator.webp",820,680,false],"2048x2048":["https:\/\/www.eggmachinery.com\/wp-content\/uploads\/2021\/04\/egg-breaker-and-separator.webp",820,680,false],"trp-custom-language-flag":["https:\/\/www.eggmachinery.com\/wp-content\/uploads\/2021\/04\/egg-breaker-and-separator.webp",14,12,false],"woocommerce_thumbnail":["https:\/\/www.eggmachinery.com\/wp-content\/uploads\/2021\/04\/egg-breaker-and-separator-300x249.webp",300,249,true],"woocommerce_single":["https:\/\/www.eggmachinery.com\/wp-content\/uploads\/2021\/04\/egg-breaker-and-separator-600x498.webp",600,498,true],"woocommerce_gallery_thumbnail":["https:\/\/www.eggmachinery.com\/wp-content\/uploads\/2021\/04\/egg-breaker-and-separator-100x100.webp",100,100,true]},"post_excerpt_stackable":"<p>Our machine is used to break the egg and then separate the egg yolk from the egg liquid. Our machine is the most advanced rotary type egg breaking and separating machine. The egg white and egg yolk will be separated totally, and if there is bad eggs, the egg breaking and separating machine could also remove the bad eggs to avoid the bad eggs pollute the good egg liquid. Egg breaking&amp;separating machine is widely used in egg processing factory, egg wholesale and deep egg process industry, bakery shop for cake and biscuit and other related food enterprises.etc. It is an ideal equipment for liquid egg, egg yolk, egg white products required enterprises.<\/p>\n<p>&nbsp;<\/p>\n","category_list":"","author_info":{"name":"","url":""},"comments_num":"0 comments","_links":{"self":[{"href":"https:\/\/www.eggmachinery.com\/fr\/wp-json\/wp\/v2\/product\/593"}],"collection":[{"href":"https:\/\/www.eggmachinery.com\/fr\/wp-json\/wp\/v2\/product"}],"about":[{"href":"https:\/\/www.eggmachinery.com\/fr\/wp-json\/wp\/v2\/types\/product"}],"wp:featuredmedia":[{"embeddable":true,"href":"https:\/\/www.eggmachinery.com\/fr\/wp-json\/wp\/v2\/media\/725"}],"wp:attachment":[{"href":"https:\/\/www.eggmachinery.com\/fr\/wp-json\/wp\/v2\/media?parent=593"}],"wp:term":[{"taxonomy":"product_cat","embeddable":true,"href":"https:\/\/www.eggmachinery.com\/fr\/wp-json\/wp\/v2\/product_cat?post=593"},{"taxonomy":"product_tag","embeddable":true,"href":"https:\/\/www.eggmachinery.com\/fr\/wp-json\/wp\/v2\/product_tag?post=593"}],"curies":[{"name":"wp","href":"https:\/\/api.w.org\/{rel}","templated":true}]}}