{"id":766,"date":"2023-03-23T12:53:39","date_gmt":"2023-03-23T04:53:39","guid":{"rendered":"https:\/\/eggmachinery.com\/?post_type=product&#038;p=766"},"modified":"2023-04-11T12:54:55","modified_gmt":"2023-04-11T04:54:55","slug":"quail-egg-processing-line","status":"publish","type":"product","link":"https:\/\/www.eggmachinery.com\/fr\/produit\/quail-egg-processing-line\/","title":{"rendered":"Ligne de traitement des \u0153ufs de caille"},"content":{"rendered":"<p>1) Nom du produit : Ligne de traitement des \u0153ufs de caille par \u00e9bullition et \u00e9pluchage Machine \u00e0 d\u00e9cortiquer les \u0153ufs de caille<\/p>\n<p>2. application : industrie de transformation des \u0153ufs de caille en profondeur<\/p>\n<p>3. fonction : cuisson, d\u00e9corticage et \u00e9pluchage des cailloux<\/p>\n<p>4. la cha\u00eene de d\u00e9corticage des \u0153ufs de caille comprend diff\u00e9rents syst\u00e8mes de travail. Il s'agit notamment du syst\u00e8me d'alimentation des \u0153ufs de caille, du syst\u00e8me de pr\u00e9cuisson et de centrage du jaune, du syst\u00e8me d'\u00e9bullition des \u0153ufs de caille \u00e0 haute temp\u00e9rature, du syst\u00e8me de refroidissement, du syst\u00e8me d'\u00e9calage et de levage, et du syst\u00e8me d'\u00e9calage des \u0153ufs de caille.<\/p>\n<p>&nbsp;<\/p>\n<p><iframe loading=\"lazy\" title=\"\u00e9plucheuse d&#039;oeufs de caille\" width=\"1290\" height=\"726\" src=\"https:\/\/www.youtube.com\/embed\/r_zUjNc7m0g?feature=oembed\" frameborder=\"0\" allow=\"accelerometer; autoplay; clipboard-write; encrypted-media; gyroscope; picture-in-picture; web-share\" allowfullscreen><\/iframe><\/p>","protected":false},"excerpt":{"rendered":"<p>1) Nom du produit : Ligne de traitement des \u0153ufs de caille par \u00e9bullition et \u00e9pluchage Machine \u00e0 d\u00e9cortiquer les \u0153ufs de caille<\/p>\n<p>2. application : industrie de transformation des \u0153ufs de caille en profondeur<\/p>\n<p>3. fonction : cuisson, d\u00e9corticage et \u00e9pluchage des cailloux<\/p>\n<p>4. la cha\u00eene de d\u00e9corticage des \u0153ufs de caille comprend diff\u00e9rents syst\u00e8mes de travail. Il s'agit notamment du syst\u00e8me d'alimentation des \u0153ufs de caille, du syst\u00e8me de pr\u00e9cuisson et de centrage du jaune, du syst\u00e8me d'\u00e9bullition des \u0153ufs de caille \u00e0 haute temp\u00e9rature, du syst\u00e8me de refroidissement, du syst\u00e8me d'\u00e9calage et de levage, et du syst\u00e8me d'\u00e9calage des \u0153ufs de caille.<\/p>\n<p>Enim neque volutpat ac tincidunt vitae semper. Id semper risus in hendrerit gravida rutrum quisque non tellus.<\/p>","protected":false},"featured_media":765,"template":"","meta":{"_seopress_robots_primary_cat":"none"},"product_cat":[26],"product_tag":[],"featured_image_urls":{"full":["https:\/\/www.eggmachinery.com\/wp-content\/uploads\/2023\/03\/quail-egg-peeler-machine-for-sale-3.webp",820,680,false],"thumbnail":["https:\/\/www.eggmachinery.com\/wp-content\/uploads\/2023\/03\/quail-egg-peeler-machine-for-sale-3-150x150.webp",150,150,true],"medium":["https:\/\/www.eggmachinery.com\/wp-content\/uploads\/2023\/03\/quail-egg-peeler-machine-for-sale-3-300x249.webp",300,249,true],"medium_large":["https:\/\/www.eggmachinery.com\/wp-content\/uploads\/2023\/03\/quail-egg-peeler-machine-for-sale-3-768x637.webp",768,637,true],"large":["https:\/\/www.eggmachinery.com\/wp-content\/uploads\/2023\/03\/quail-egg-peeler-machine-for-sale-3.webp",820,680,false],"1536x1536":["https:\/\/www.eggmachinery.com\/wp-content\/uploads\/2023\/03\/quail-egg-peeler-machine-for-sale-3.webp",820,680,false],"2048x2048":["https:\/\/www.eggmachinery.com\/wp-content\/uploads\/2023\/03\/quail-egg-peeler-machine-for-sale-3.webp",820,680,false],"trp-custom-language-flag":["https:\/\/www.eggmachinery.com\/wp-content\/uploads\/2023\/03\/quail-egg-peeler-machine-for-sale-3.webp",14,12,false],"woocommerce_thumbnail":["https:\/\/www.eggmachinery.com\/wp-content\/uploads\/2023\/03\/quail-egg-peeler-machine-for-sale-3-300x249.webp",300,249,true],"woocommerce_single":["https:\/\/www.eggmachinery.com\/wp-content\/uploads\/2023\/03\/quail-egg-peeler-machine-for-sale-3-600x498.webp",600,498,true],"woocommerce_gallery_thumbnail":["https:\/\/www.eggmachinery.com\/wp-content\/uploads\/2023\/03\/quail-egg-peeler-machine-for-sale-3-100x100.webp",100,100,true]},"post_excerpt_stackable":"<p>1.Product name:Boiling and Peeling Processing Line Quail Egg Shelling Machine<\/p>\n<p>2.Application:Quail egg deep processing industry<\/p>\n<p>3.Function:Cooking\/shelling\/peeling quailegg<\/p>\n<p>4.Quail egg shelling process line includes different working system. Such as quail egg feeding system, precooking&amp;yolk centering system, high temperature boiling quail egg system, cooling system, shelling&amp;lifter system, and quail egg peeling system.<\/p>\n<p>Enim neque volutpat ac tincidunt vitae semper. Id semper risus in hendrerit gravida rutrum quisque non tellus.<\/p>\n","category_list":"","author_info":{"name":"","url":""},"comments_num":"0 comments","_links":{"self":[{"href":"https:\/\/www.eggmachinery.com\/fr\/wp-json\/wp\/v2\/product\/766"}],"collection":[{"href":"https:\/\/www.eggmachinery.com\/fr\/wp-json\/wp\/v2\/product"}],"about":[{"href":"https:\/\/www.eggmachinery.com\/fr\/wp-json\/wp\/v2\/types\/product"}],"wp:featuredmedia":[{"embeddable":true,"href":"https:\/\/www.eggmachinery.com\/fr\/wp-json\/wp\/v2\/media\/765"}],"wp:attachment":[{"href":"https:\/\/www.eggmachinery.com\/fr\/wp-json\/wp\/v2\/media?parent=766"}],"wp:term":[{"taxonomy":"product_cat","embeddable":true,"href":"https:\/\/www.eggmachinery.com\/fr\/wp-json\/wp\/v2\/product_cat?post=766"},{"taxonomy":"product_tag","embeddable":true,"href":"https:\/\/www.eggmachinery.com\/fr\/wp-json\/wp\/v2\/product_tag?post=766"}],"curies":[{"name":"wp","href":"https:\/\/api.w.org\/{rel}","templated":true}]}}