{"id":788,"date":"2023-03-23T16:11:38","date_gmt":"2023-03-23T08:11:38","guid":{"rendered":"https:\/\/eggmachinery.com\/?post_type=product&#038;p=788"},"modified":"2026-03-10T16:08:47","modified_gmt":"2026-03-10T08:08:47","slug":"egg-cleaning-machine","status":"publish","type":"product","link":"https:\/\/www.eggmachinery.com\/fr\/produit\/egg-cleaning-machine\/","title":{"rendered":"Machine \u00e0 nettoyer les \u0153ufs"},"content":{"rendered":"<h2>La machine \u00e0 laver industrielle \u00e0 brosse \u00e0 oeufs peut \u00eatre utilis\u00e9e pour traiter les oeufs de poule et de cane. La machine est enti\u00e8rement fabriqu\u00e9e en acier inoxydable 304. M\u00e9thode de travail automatique avec diff\u00e9rentes fonctions. Telles que le nettoyage des \u0153ufs, le soufflage, la d\u00e9tection de la lumi\u00e8re, la st\u00e9rilisation, la pulv\u00e9risation d'huile et le codage. Chaque fonction a son propre champ d'application.<\/h2>\n<p>&nbsp;<\/p>\n<p>&nbsp;<\/p>\n<p>1) Lavage des \u0153ufs et soufflerie. La conception de notre machine est diff\u00e9rente de celle des autres fournisseurs. Il s'agit d'un syst\u00e8me de pulv\u00e9risation d'eau et d'une brosse amovible qui fonctionnent ensemble.<\/p>\n<p>2) L'eau de nettoyage peut \u00eatre recycl\u00e9e.<\/p>\n<p>3) Les dimensions de la machine \u00e0 laver les brosses \u00e0 \u0153ufs peuvent \u00eatre personnalis\u00e9es en fonction de la taille de l'entrep\u00f4t du client et de ses exigences.<\/p>\n<p>4) La vitesse de travail de la machine \u00e0 laver industrielle pour brosses \u00e0 \u0153ufs peut \u00eatre ajust\u00e9e, et les diff\u00e9rents syst\u00e8mes peuvent \u00eatre contr\u00f4l\u00e9s ind\u00e9pendamment.<\/p>\n<p>5) Fonctionnement facile et s\u00fbr, longue dur\u00e9e de vie.<\/p>\n<p>&nbsp;<\/p>\n<h2>Dispositif d'alimentation en \u0153ufs<\/h2>\n<p>Il s'agit d'un accumulateur d'eau pour les \u0153ufs, \u00e9galement appel\u00e9 r\u00e9servoir d'eau pour le transport des \u0153ufs.<\/p>\n<p><img decoding=\"async\" loading=\"lazy\" class=\"alignnone size-full wp-image-3001\" src=\"https:\/\/www.eggmachinery.com\/wp-content\/uploads\/egg-machine-1_WH_750x750px.webp\" alt=\"egg machine\" width=\"750\" height=\"750\" srcset=\"https:\/\/www.eggmachinery.com\/wp-content\/uploads\/egg-machine-1_WH_750x750px.webp 750w, https:\/\/www.eggmachinery.com\/wp-content\/uploads\/egg-machine-1_WH_750x750px-300x300.webp 300w, https:\/\/www.eggmachinery.com\/wp-content\/uploads\/egg-machine-1_WH_750x750px-150x150.webp 150w, https:\/\/www.eggmachinery.com\/wp-content\/uploads\/egg-machine-1_WH_750x750px-600x600.webp 600w, https:\/\/www.eggmachinery.com\/wp-content\/uploads\/egg-machine-1_WH_750x750px-100x100.webp 100w\" sizes=\"(max-width: 750px) 100vw, 750px\" \/><\/p>\n<h3>Lavage et soufflage des brosses \u00e0 oeufs<\/h3>\n<p>Machine \u00e0 laver les brosses pour nettoyer les \u0153ufs sales. Machine \u00e0 souffler pour s\u00e9cher l'eau de surface des \u0153ufs.<\/p>\n<p><img decoding=\"async\" loading=\"lazy\" class=\"alignnone size-full wp-image-3003\" src=\"https:\/\/www.eggmachinery.com\/wp-content\/uploads\/egg-machine-3_WH_750x750px.webp\" alt=\"egg machine\" width=\"750\" height=\"750\" srcset=\"https:\/\/www.eggmachinery.com\/wp-content\/uploads\/egg-machine-3_WH_750x750px.webp 750w, https:\/\/www.eggmachinery.com\/wp-content\/uploads\/egg-machine-3_WH_750x750px-300x300.webp 300w, https:\/\/www.eggmachinery.com\/wp-content\/uploads\/egg-machine-3_WH_750x750px-150x150.webp 150w, https:\/\/www.eggmachinery.com\/wp-content\/uploads\/egg-machine-3_WH_750x750px-600x600.webp 600w, https:\/\/www.eggmachinery.com\/wp-content\/uploads\/egg-machine-3_WH_750x750px-100x100.webp 100w\" sizes=\"(max-width: 750px) 100vw, 750px\" \/><\/p>\n<h3>St\u00e9rilisation et mirage<\/h3>\n<p>St\u00e9rilisation des \u0153ufs et d\u00e9tecteur de lumi\u00e8re. La fonction du d\u00e9tecteur de lumi\u00e8re est de v\u00e9rifier les mauvais \u0153ufs.<\/p>\n<p>Il y a aussi le codage, la pulv\u00e9risation d'huile et tout autre \u00e9quipement connexe.<\/p>\n<p><img decoding=\"async\" loading=\"lazy\" class=\"alignnone size-full wp-image-3004\" src=\"https:\/\/www.eggmachinery.com\/wp-content\/uploads\/egg-machine-4_WH_750x750px.webp\" alt=\"egg machine\" width=\"750\" height=\"750\" srcset=\"https:\/\/www.eggmachinery.com\/wp-content\/uploads\/egg-machine-4_WH_750x750px.webp 750w, https:\/\/www.eggmachinery.com\/wp-content\/uploads\/egg-machine-4_WH_750x750px-300x300.webp 300w, https:\/\/www.eggmachinery.com\/wp-content\/uploads\/egg-machine-4_WH_750x750px-150x150.webp 150w, https:\/\/www.eggmachinery.com\/wp-content\/uploads\/egg-machine-4_WH_750x750px-600x600.webp 600w, https:\/\/www.eggmachinery.com\/wp-content\/uploads\/egg-machine-4_WH_750x750px-100x100.webp 100w\" sizes=\"(max-width: 750px) 100vw, 750px\" \/><\/p>","protected":false},"excerpt":{"rendered":"<p>La machine \u00e0 laver industrielle \u00e0 brosse \u00e0 oeufs peut \u00eatre utilis\u00e9e pour traiter les oeufs de poule et de cane. La machine est enti\u00e8rement fabriqu\u00e9e en acier inoxydable 304. M\u00e9thode de travail automatique avec diff\u00e9rentes fonctions. Telles que le nettoyage des \u0153ufs, le soufflage, la d\u00e9tection de la lumi\u00e8re, la st\u00e9rilisation, la pulv\u00e9risation d'huile et le codage. Chaque fonction a son propre champ d'application.<\/p>\n<p>&nbsp;<\/p>","protected":false},"featured_media":789,"template":"","meta":{"_seopress_robots_primary_cat":"none"},"product_cat":[27],"product_tag":[],"featured_image_urls":{"full":["https:\/\/www.eggmachinery.com\/wp-content\/uploads\/2023\/03\/egg-cleaning-machine.webp",820,680,false],"thumbnail":["https:\/\/www.eggmachinery.com\/wp-content\/uploads\/2023\/03\/egg-cleaning-machine-150x150.webp",150,150,true],"medium":["https:\/\/www.eggmachinery.com\/wp-content\/uploads\/2023\/03\/egg-cleaning-machine-300x249.webp",300,249,true],"medium_large":["https:\/\/www.eggmachinery.com\/wp-content\/uploads\/2023\/03\/egg-cleaning-machine-768x637.webp",768,637,true],"large":["https:\/\/www.eggmachinery.com\/wp-content\/uploads\/2023\/03\/egg-cleaning-machine.webp",820,680,false],"1536x1536":["https:\/\/www.eggmachinery.com\/wp-content\/uploads\/2023\/03\/egg-cleaning-machine.webp",820,680,false],"2048x2048":["https:\/\/www.eggmachinery.com\/wp-content\/uploads\/2023\/03\/egg-cleaning-machine.webp",820,680,false],"trp-custom-language-flag":["https:\/\/www.eggmachinery.com\/wp-content\/uploads\/2023\/03\/egg-cleaning-machine.webp",14,12,false],"woocommerce_thumbnail":["https:\/\/www.eggmachinery.com\/wp-content\/uploads\/2023\/03\/egg-cleaning-machine-300x249.webp",300,249,true],"woocommerce_single":["https:\/\/www.eggmachinery.com\/wp-content\/uploads\/2023\/03\/egg-cleaning-machine-600x498.webp",600,498,true],"woocommerce_gallery_thumbnail":["https:\/\/www.eggmachinery.com\/wp-content\/uploads\/2023\/03\/egg-cleaning-machine-100x100.webp",100,100,true]},"post_excerpt_stackable":"<p>Industrial egg brush washing machine can be used for process chicken egg and duck egg, machine is made of total stainless steel 304. Automatic working method with different function. Such as egg cleaning, blowing, light detecting, sterilizing, oil spraying and coding. Different function have different application field.<\/p>\n<p>&nbsp;<\/p>\n","category_list":"","author_info":{"name":"","url":""},"comments_num":"0 comments","_links":{"self":[{"href":"https:\/\/www.eggmachinery.com\/fr\/wp-json\/wp\/v2\/product\/788"}],"collection":[{"href":"https:\/\/www.eggmachinery.com\/fr\/wp-json\/wp\/v2\/product"}],"about":[{"href":"https:\/\/www.eggmachinery.com\/fr\/wp-json\/wp\/v2\/types\/product"}],"wp:featuredmedia":[{"embeddable":true,"href":"https:\/\/www.eggmachinery.com\/fr\/wp-json\/wp\/v2\/media\/789"}],"wp:attachment":[{"href":"https:\/\/www.eggmachinery.com\/fr\/wp-json\/wp\/v2\/media?parent=788"}],"wp:term":[{"taxonomy":"product_cat","embeddable":true,"href":"https:\/\/www.eggmachinery.com\/fr\/wp-json\/wp\/v2\/product_cat?post=788"},{"taxonomy":"product_tag","embeddable":true,"href":"https:\/\/www.eggmachinery.com\/fr\/wp-json\/wp\/v2\/product_tag?post=788"}],"curies":[{"name":"wp","href":"https:\/\/api.w.org\/{rel}","templated":true}]}}