{"id":803,"date":"2023-03-23T16:45:59","date_gmt":"2023-03-23T08:45:59","guid":{"rendered":"https:\/\/eggmachinery.com\/?post_type=product&#038;p=803"},"modified":"2023-04-15T13:23:30","modified_gmt":"2023-04-15T05:23:30","slug":"quail-egg-boiling-machine","status":"publish","type":"product","link":"https:\/\/www.eggmachinery.com\/fr\/produit\/quail-egg-boiling-machine\/","title":{"rendered":"Machine \u00e0 bouillir les \u0153ufs de caille"},"content":{"rendered":"<p>Nom de l'\u00e9quipement : Chaudi\u00e8re \u00e0 \u0153ufs de caille<\/p>\n<p>M\u00e9thode de chauffage : chauffage \u00e9lectrique<\/p>\n<p>Caract\u00e9ristiques : L'ensemble de la machine est fabriqu\u00e9 en acier inoxydable, isolation double couche, \u00e9conomie d'\u00e9nergie et protection de l'environnement.<\/p>\n<p>&nbsp;<\/p>\n<div style=\"width: 1280px;\" class=\"wp-video\"><!--[if lt IE 9]><script>document.createElement('video');<\/script><![endif]-->\n<video class=\"wp-video-shortcode\" id=\"video-803-1\" width=\"1280\" height=\"720\" preload=\"metadata\" controls=\"controls\"><source type=\"video\/mp4\" src=\"https:\/\/www.eggmachinery.com\/wp-content\/uploads\/2023\/03\/quail-egg.mp4?_=1\" \/><a href=\"https:\/\/www.eggmachinery.com\/wp-content\/uploads\/2023\/03\/quail-egg.mp4\">https:\/\/www.eggmachinery.com\/wp-content\/uploads\/2023\/03\/quail-egg.mp4<\/a><\/video><\/div>\n<p>Instructions :<\/p>\n<p>&nbsp;<\/p>\n<p>1. Placez le cuiseur \u00e0 \u0153ufs dans un endroit ventil\u00e9 pour assurer la circulation de l'air.<\/p>\n<p>2. Branchez le produit \u00e0 l'alimentation \u00e9lectrique correspondante, raccordez-le \u00e0 l'eau du robinet et ajoutez de l'eau jusqu'\u00e0 ce qu'elle se trouve \u00e0 3 cm en dessous du tube chauffant \u00e9lectrique (si le niveau d'eau n'est pas appropri\u00e9, veuillez ajuster la position de la boule flottante).<\/p>\n<p>3. Faire bouillir l'eau, y verser les \u0153ufs de caille, couvrir avec le couvercle herm\u00e9tique, attendre que l'eau bouillonne \u00e0 nouveau pendant 1 minute, puis arr\u00eater le feu, laisser mijoter pendant 10 minutes sans ouvrir le couvercle, et retirer de la casserole.<\/p>","protected":false},"excerpt":{"rendered":"<p>La machine cuit les \u0153ufs de caille crus par chauffage \u00e9lectrique.<\/p>","protected":false},"featured_media":804,"template":"","meta":{"_seopress_robots_primary_cat":"none"},"product_cat":[30],"product_tag":[],"featured_image_urls":{"full":["https:\/\/www.eggmachinery.com\/wp-content\/uploads\/2023\/03\/quail-egg-boiling-machine.webp",820,680,false],"thumbnail":["https:\/\/www.eggmachinery.com\/wp-content\/uploads\/2023\/03\/quail-egg-boiling-machine-150x150.webp",150,150,true],"medium":["https:\/\/www.eggmachinery.com\/wp-content\/uploads\/2023\/03\/quail-egg-boiling-machine-300x249.webp",300,249,true],"medium_large":["https:\/\/www.eggmachinery.com\/wp-content\/uploads\/2023\/03\/quail-egg-boiling-machine-768x637.webp",768,637,true],"large":["https:\/\/www.eggmachinery.com\/wp-content\/uploads\/2023\/03\/quail-egg-boiling-machine.webp",820,680,false],"1536x1536":["https:\/\/www.eggmachinery.com\/wp-content\/uploads\/2023\/03\/quail-egg-boiling-machine.webp",820,680,false],"2048x2048":["https:\/\/www.eggmachinery.com\/wp-content\/uploads\/2023\/03\/quail-egg-boiling-machine.webp",820,680,false],"trp-custom-language-flag":["https:\/\/www.eggmachinery.com\/wp-content\/uploads\/2023\/03\/quail-egg-boiling-machine.webp",14,12,false],"woocommerce_thumbnail":["https:\/\/www.eggmachinery.com\/wp-content\/uploads\/2023\/03\/quail-egg-boiling-machine-300x249.webp",300,249,true],"woocommerce_single":["https:\/\/www.eggmachinery.com\/wp-content\/uploads\/2023\/03\/quail-egg-boiling-machine-600x498.webp",600,498,true],"woocommerce_gallery_thumbnail":["https:\/\/www.eggmachinery.com\/wp-content\/uploads\/2023\/03\/quail-egg-boiling-machine-100x100.webp",100,100,true]},"post_excerpt_stackable":"<p>The machine cooks raw quail eggs by electric heating<\/p>\n","category_list":"","author_info":{"name":"","url":""},"comments_num":"0 comments","_links":{"self":[{"href":"https:\/\/www.eggmachinery.com\/fr\/wp-json\/wp\/v2\/product\/803"}],"collection":[{"href":"https:\/\/www.eggmachinery.com\/fr\/wp-json\/wp\/v2\/product"}],"about":[{"href":"https:\/\/www.eggmachinery.com\/fr\/wp-json\/wp\/v2\/types\/product"}],"wp:featuredmedia":[{"embeddable":true,"href":"https:\/\/www.eggmachinery.com\/fr\/wp-json\/wp\/v2\/media\/804"}],"wp:attachment":[{"href":"https:\/\/www.eggmachinery.com\/fr\/wp-json\/wp\/v2\/media?parent=803"}],"wp:term":[{"taxonomy":"product_cat","embeddable":true,"href":"https:\/\/www.eggmachinery.com\/fr\/wp-json\/wp\/v2\/product_cat?post=803"},{"taxonomy":"product_tag","embeddable":true,"href":"https:\/\/www.eggmachinery.com\/fr\/wp-json\/wp\/v2\/product_tag?post=803"}],"curies":[{"name":"wp","href":"https:\/\/api.w.org\/{rel}","templated":true}]}}