{"id":806,"date":"2023-03-23T16:54:15","date_gmt":"2023-03-23T08:54:15","guid":{"rendered":"https:\/\/eggmachinery.com\/?post_type=product&#038;p=806"},"modified":"2024-01-24T16:52:12","modified_gmt":"2024-01-24T08:52:12","slug":"quail-egg-sheller","status":"publish","type":"product","link":"https:\/\/www.eggmachinery.com\/fr\/produit\/quail-egg-sheller\/","title":{"rendered":"D\u00e9cortiqueuse d'\u0153ufs de caille"},"content":{"rendered":"<h2>Vid\u00e9o sur la machine \u00e0 \u00e9plucher les \u0153ufs de caille<\/h2>\n<p><iframe loading=\"lazy\" title=\"machine \u00e0 \u00e9plucher les \u0153ufs de caille pour la vente\" width=\"1290\" height=\"726\" src=\"https:\/\/www.youtube.com\/embed\/2-WGmQNgbxk?feature=oembed\" frameborder=\"0\" allow=\"accelerometer; autoplay; clipboard-write; encrypted-media; gyroscope; picture-in-picture; web-share\" allowfullscreen><\/iframe><\/p>\n<h2><strong><b><a href=\"https:\/\/www.eggmachinery.com\/fr\/produit\/quail-egg-shell-removing-machine\/\">D\u00e9cortiqueuse d'\u0153ufs de caille<\/a> Br\u00e8ve description <\/b><\/strong><\/h2>\n<p>La machine \u00e0 peler les \u0153ufs de caille est sp\u00e9cialement con\u00e7ue pour peler les \u0153ufs de caille \u00e0 grande \u00e9chelle. Le mat\u00e9riau en acier inoxydable rend le processus de pelage des \u0153ufs de caille beaucoup plus stable et propre. Il suffit d'introduire les \u0153ufs de caille durs et d'attendre que les \u0153ufs pel\u00e9s sortent de la sortie. L'\u00e9caillage est totalement automatique et ne n\u00e9cessite pas de main-d'\u0153uvre.<\/p>\n<p><img decoding=\"async\" loading=\"lazy\" class=\"alignnone size-full wp-image-2885\" src=\"https:\/\/www.eggmachinery.com\/wp-content\/uploads\/Quail-egg-peeling-machine-2.webp\" alt=\"Quail egg peeling machine\" width=\"750\" height=\"750\" srcset=\"https:\/\/www.eggmachinery.com\/wp-content\/uploads\/Quail-egg-peeling-machine-2.webp 750w, https:\/\/www.eggmachinery.com\/wp-content\/uploads\/Quail-egg-peeling-machine-2-300x300.webp 300w, https:\/\/www.eggmachinery.com\/wp-content\/uploads\/Quail-egg-peeling-machine-2-150x150.webp 150w, https:\/\/www.eggmachinery.com\/wp-content\/uploads\/Quail-egg-peeling-machine-2-600x600.webp 600w, https:\/\/www.eggmachinery.com\/wp-content\/uploads\/Quail-egg-peeling-machine-2-100x100.webp 100w\" sizes=\"(max-width: 750px) 100vw, 750px\" \/><img decoding=\"async\" loading=\"lazy\" class=\"alignnone size-full wp-image-2886\" src=\"https:\/\/www.eggmachinery.com\/wp-content\/uploads\/Quail-egg-peeling-machine-3.webp\" alt=\"Quail egg peeling machine\" width=\"750\" height=\"750\" srcset=\"https:\/\/www.eggmachinery.com\/wp-content\/uploads\/Quail-egg-peeling-machine-3.webp 750w, https:\/\/www.eggmachinery.com\/wp-content\/uploads\/Quail-egg-peeling-machine-3-300x300.webp 300w, https:\/\/www.eggmachinery.com\/wp-content\/uploads\/Quail-egg-peeling-machine-3-150x150.webp 150w, https:\/\/www.eggmachinery.com\/wp-content\/uploads\/Quail-egg-peeling-machine-3-600x600.webp 600w, https:\/\/www.eggmachinery.com\/wp-content\/uploads\/Quail-egg-peeling-machine-3-100x100.webp 100w\" sizes=\"(max-width: 750px) 100vw, 750px\" \/><\/p>\n<h3><strong><b>Machine \u00e0 \u00e9plucher les \u0153ufs de caille <\/b><\/strong><strong><b>Caract\u00e9ristiques <\/b><\/strong><strong><b>\u00a0\u00a0 \u00a0 \u00a0 \u00a0 \u00a0\u00a0<\/b><\/strong><\/h3>\n<ol>\n<li>La machine \u00e0 peler les \u0153ufs de caille peut peler la coquille de l'\u0153uf de caille cuit proprement et rapidement. Elle permet d'am\u00e9liorer les b\u00e9n\u00e9fices et de r\u00e9duire les co\u00fbts de main-d'\u0153uvre.<\/li>\n<\/ol>\n<p>&nbsp;<\/p>\n<ol start=\"2\">\n<li>L'\u00e9conome n'endommage pas la surface de l'\u0153uf de caille et le taux de casse est inf\u00e9rieur \u00e0 2%, ce qui permet de pr\u00e9server la nutrition et le go\u00fbt des \u0153ufs de caille.<\/li>\n<\/ol>\n<p>&nbsp;<\/p>\n<ol start=\"3\">\n<li>La structure de la machine \u00e0 \u00e9caler les \u0153ufs de caille est tr\u00e8s raisonnable, elle est facile \u00e0 d\u00e9placer, \u00e0 nettoyer et \u00e0 entretenir.<\/li>\n<\/ol>\n<p>&nbsp;<\/p>\n<ol start=\"4\">\n<li>L'\u00e9plucheur d'\u0153ufs de caille est fabriqu\u00e9 en acier inoxydable 304 et r\u00e9pond aux normes d'hygi\u00e8ne alimentaire.<\/li>\n<\/ol>\n<p>&nbsp;<\/p>\n<ol start=\"5\">\n<li>La machine \u00e0 peler les \u0153ufs de caille pr\u00e9sente les caract\u00e9ristiques suivantes : haute qualit\u00e9, \u00e9conomie d'\u00e9nergie et protection de l'environnement, longue dur\u00e9e de vie et hautes performances.<\/li>\n<\/ol>\n<p>&nbsp;<\/p>\n<ol start=\"6\">\n<li>Cet \u00e9plucheur d'oeufs de caille est \u00e9quip\u00e9 de notre machine \u00e0 casser les oeufs de caille, ce qui lui permet d'obtenir un meilleur effet d'\u00e9pluchage.<\/li>\n<\/ol>\n<p>&nbsp;<\/p>\n<p><img decoding=\"async\" loading=\"lazy\" class=\"alignnone size-full wp-image-2980\" src=\"https:\/\/www.eggmachinery.com\/wp-content\/uploads\/egg-machine-3-1.webp\" alt=\"\" width=\"750\" height=\"750\" srcset=\"https:\/\/www.eggmachinery.com\/wp-content\/uploads\/egg-machine-3-1.webp 750w, https:\/\/www.eggmachinery.com\/wp-content\/uploads\/egg-machine-3-1-300x300.webp 300w, https:\/\/www.eggmachinery.com\/wp-content\/uploads\/egg-machine-3-1-150x150.webp 150w, https:\/\/www.eggmachinery.com\/wp-content\/uploads\/egg-machine-3-1-600x600.webp 600w, https:\/\/www.eggmachinery.com\/wp-content\/uploads\/egg-machine-3-1-100x100.webp 100w\" sizes=\"(max-width: 750px) 100vw, 750px\" \/><\/p>\n<h3><strong><b>Application de la machine automatique \u00e0 peler les \u0153ufs de caille\u00a0<\/b><\/strong><\/h3>\n<p>Cette machine convient aux industries de transformation des \u0153ufs de caille \u00e9pic\u00e9s et des \u0153ufs de caille bouillis, ainsi qu'\u00e0 d'autres aliments \u00e0 grignoter contenant des \u0153ufs de caille.<\/p>\n<p>&nbsp;<\/p>\n<h3><strong><b><a href=\"https:\/\/www.eggmachinery.com\/fr\/produit\/uail-egg-shell-removing-machine\/\">Machine \u00e0 \u00e9plucher les \u0153ufs de caille<\/a> W<\/b><\/strong><strong><b>Principe de travail<\/b><\/strong><\/h3>\n<p>La machine \u00e0 \u00e9caler les \u0153ufs de caille entra\u00eene l'engrenage par la rotation du moteur, et le m\u00e9canisme entra\u00eene le tampon \u00e9ponge de haut en bas et le tuyau en rotation, g\u00e9n\u00e9rant une friction pour arracher la coquille de l'\u0153uf de caille de la surface afin d'obtenir l'effet d'\u00e9calage.<\/p>\n<h2><img decoding=\"async\" loading=\"lazy\" class=\"alignnone size-full wp-image-2890\" src=\"https:\/\/www.eggmachinery.com\/wp-content\/uploads\/Quail-egg-peeling-machine-7.webp\" alt=\"Quail egg peeling machine\" width=\"750\" height=\"750\" srcset=\"https:\/\/www.eggmachinery.com\/wp-content\/uploads\/Quail-egg-peeling-machine-7.webp 750w, https:\/\/www.eggmachinery.com\/wp-content\/uploads\/Quail-egg-peeling-machine-7-300x300.webp 300w, https:\/\/www.eggmachinery.com\/wp-content\/uploads\/Quail-egg-peeling-machine-7-150x150.webp 150w, https:\/\/www.eggmachinery.com\/wp-content\/uploads\/Quail-egg-peeling-machine-7-600x600.webp 600w, https:\/\/www.eggmachinery.com\/wp-content\/uploads\/Quail-egg-peeling-machine-7-100x100.webp 100w\" sizes=\"(max-width: 750px) 100vw, 750px\" \/><img decoding=\"async\" loading=\"lazy\" class=\"alignnone size-full wp-image-2891\" src=\"https:\/\/www.eggmachinery.com\/wp-content\/uploads\/Quail-egg-peeling-machine-8.webp\" alt=\"Quail egg peeling machine\" width=\"750\" height=\"750\" srcset=\"https:\/\/www.eggmachinery.com\/wp-content\/uploads\/Quail-egg-peeling-machine-8.webp 750w, https:\/\/www.eggmachinery.com\/wp-content\/uploads\/Quail-egg-peeling-machine-8-300x300.webp 300w, https:\/\/www.eggmachinery.com\/wp-content\/uploads\/Quail-egg-peeling-machine-8-150x150.webp 150w, https:\/\/www.eggmachinery.com\/wp-content\/uploads\/Quail-egg-peeling-machine-8-600x600.webp 600w, https:\/\/www.eggmachinery.com\/wp-content\/uploads\/Quail-egg-peeling-machine-8-100x100.webp 100w\" sizes=\"(max-width: 750px) 100vw, 750px\" \/><img decoding=\"async\" loading=\"lazy\" class=\"alignnone size-full wp-image-2884\" src=\"https:\/\/www.eggmachinery.com\/wp-content\/uploads\/Quail-egg-peeling-machine-1.webp\" alt=\"Quail egg peeling machine\" width=\"750\" height=\"750\" srcset=\"https:\/\/www.eggmachinery.com\/wp-content\/uploads\/Quail-egg-peeling-machine-1.webp 750w, https:\/\/www.eggmachinery.com\/wp-content\/uploads\/Quail-egg-peeling-machine-1-300x300.webp 300w, https:\/\/www.eggmachinery.com\/wp-content\/uploads\/Quail-egg-peeling-machine-1-150x150.webp 150w, https:\/\/www.eggmachinery.com\/wp-content\/uploads\/Quail-egg-peeling-machine-1-600x600.webp 600w, https:\/\/www.eggmachinery.com\/wp-content\/uploads\/Quail-egg-peeling-machine-1-100x100.webp 100w\" sizes=\"(max-width: 750px) 100vw, 750px\" \/><\/h2>\n<h2><strong><b>Machine automatique \u00e0 \u00e9plucher les \u0153ufs de caille <\/b><\/strong><strong><b>Paquet <\/b><\/strong><\/h2>\n<p>Nous vous enverrons une bo\u00eete \u00e0 outils contenant un tuyau en caoutchouc, une batte en caoutchouc \u00e9ponge, des roulements et d'autres outils gratuitement avec la machine \u00e0 \u00e9plucher les \u0153ufs de caille.  Nous pouvons emballer les machines selon les exigences du client.<\/p>\n<p>&nbsp;<\/p>\n<h2><strong><b>Machine automatique \u00e0 \u00e9plucher les \u0153ufs de caille <\/b><\/strong><strong><b>Garantie<\/b><\/strong><\/h2>\n<p>Nous offrons une garantie d'un an. Les dysfonctionnements qui sont caus\u00e9s par la machine elle-m\u00eame et la qualit\u00e9 seront responsables de notre fabricant.<\/p>\n<p><img decoding=\"async\" loading=\"lazy\" class=\"alignnone size-full wp-image-2981\" src=\"https:\/\/www.eggmachinery.com\/wp-content\/uploads\/egg-machine-4.webp\" alt=\"egg machine\" width=\"750\" height=\"750\" srcset=\"https:\/\/www.eggmachinery.com\/wp-content\/uploads\/egg-machine-4.webp 750w, https:\/\/www.eggmachinery.com\/wp-content\/uploads\/egg-machine-4-300x300.webp 300w, https:\/\/www.eggmachinery.com\/wp-content\/uploads\/egg-machine-4-150x150.webp 150w, https:\/\/www.eggmachinery.com\/wp-content\/uploads\/egg-machine-4-600x600.webp 600w, https:\/\/www.eggmachinery.com\/wp-content\/uploads\/egg-machine-4-100x100.webp 100w\" sizes=\"(max-width: 750px) 100vw, 750px\" \/><img decoding=\"async\" loading=\"lazy\" class=\"alignnone size-full wp-image-2978\" src=\"https:\/\/www.eggmachinery.com\/wp-content\/uploads\/egg-machine-1-1.webp\" alt=\"egg machine\" width=\"750\" height=\"750\" srcset=\"https:\/\/www.eggmachinery.com\/wp-content\/uploads\/egg-machine-1-1.webp 750w, https:\/\/www.eggmachinery.com\/wp-content\/uploads\/egg-machine-1-1-300x300.webp 300w, https:\/\/www.eggmachinery.com\/wp-content\/uploads\/egg-machine-1-1-150x150.webp 150w, https:\/\/www.eggmachinery.com\/wp-content\/uploads\/egg-machine-1-1-600x600.webp 600w, https:\/\/www.eggmachinery.com\/wp-content\/uploads\/egg-machine-1-1-100x100.webp 100w\" sizes=\"(max-width: 750px) 100vw, 750px\" \/><\/p>\n<p>&nbsp;<\/p>\n<p>&nbsp;<\/p>","protected":false},"excerpt":{"rendered":"<p>La machine \u00e0 peler les \u0153ufs de caille est sp\u00e9cialement con\u00e7ue pour peler les \u0153ufs de caille \u00e0 grande \u00e9chelle. Le mat\u00e9riau en acier inoxydable rend le processus de pelage des \u0153ufs de caille beaucoup plus stable et propre. Il suffit d'introduire les \u0153ufs de caille durs et d'attendre que les \u0153ufs pel\u00e9s sortent de la sortie. L'\u00e9caillage est totalement automatique et ne n\u00e9cessite pas de main-d'\u0153uvre.<\/p>\n<p>Enim neque volutpat ac tincidunt vitae semper. Id semper risus in hendrerit gravida rutrum quisque non tellus.<\/p>","protected":false},"featured_media":807,"template":"","meta":{"_seopress_robots_primary_cat":"none"},"product_cat":[20],"product_tag":[],"featured_image_urls":{"full":["https:\/\/www.eggmachinery.com\/wp-content\/uploads\/2023\/03\/quail-egg-peeling.webp",820,680,false],"thumbnail":["https:\/\/www.eggmachinery.com\/wp-content\/uploads\/2023\/03\/quail-egg-peeling-150x150.webp",150,150,true],"medium":["https:\/\/www.eggmachinery.com\/wp-content\/uploads\/2023\/03\/quail-egg-peeling-300x249.webp",300,249,true],"medium_large":["https:\/\/www.eggmachinery.com\/wp-content\/uploads\/2023\/03\/quail-egg-peeling-768x637.webp",768,637,true],"large":["https:\/\/www.eggmachinery.com\/wp-content\/uploads\/2023\/03\/quail-egg-peeling.webp",820,680,false],"1536x1536":["https:\/\/www.eggmachinery.com\/wp-content\/uploads\/2023\/03\/quail-egg-peeling.webp",820,680,false],"2048x2048":["https:\/\/www.eggmachinery.com\/wp-content\/uploads\/2023\/03\/quail-egg-peeling.webp",820,680,false],"trp-custom-language-flag":["https:\/\/www.eggmachinery.com\/wp-content\/uploads\/2023\/03\/quail-egg-peeling.webp",14,12,false],"woocommerce_thumbnail":["https:\/\/www.eggmachinery.com\/wp-content\/uploads\/2023\/03\/quail-egg-peeling-300x249.webp",300,249,true],"woocommerce_single":["https:\/\/www.eggmachinery.com\/wp-content\/uploads\/2023\/03\/quail-egg-peeling-600x498.webp",600,498,true],"woocommerce_gallery_thumbnail":["https:\/\/www.eggmachinery.com\/wp-content\/uploads\/2023\/03\/quail-egg-peeling-100x100.webp",100,100,true]},"post_excerpt_stackable":"<p>Quail egg peeling machine\u00a0is especially designed for peeling quail eggs in a large scale.The stainless steel material makes the quail egg peeling process much more stable and clean. Just feed the hard boiled quail eggs and then wait for the peeled eggs discharged from the outlet. No labor operation, totally automatic peeling.<\/p>\n<p>Enim neque volutpat ac tincidunt vitae semper. Id semper risus in hendrerit gravida rutrum quisque non tellus.<\/p>\n","category_list":"","author_info":{"name":"","url":""},"comments_num":"0 comments","_links":{"self":[{"href":"https:\/\/www.eggmachinery.com\/fr\/wp-json\/wp\/v2\/product\/806"}],"collection":[{"href":"https:\/\/www.eggmachinery.com\/fr\/wp-json\/wp\/v2\/product"}],"about":[{"href":"https:\/\/www.eggmachinery.com\/fr\/wp-json\/wp\/v2\/types\/product"}],"wp:featuredmedia":[{"embeddable":true,"href":"https:\/\/www.eggmachinery.com\/fr\/wp-json\/wp\/v2\/media\/807"}],"wp:attachment":[{"href":"https:\/\/www.eggmachinery.com\/fr\/wp-json\/wp\/v2\/media?parent=806"}],"wp:term":[{"taxonomy":"product_cat","embeddable":true,"href":"https:\/\/www.eggmachinery.com\/fr\/wp-json\/wp\/v2\/product_cat?post=806"},{"taxonomy":"product_tag","embeddable":true,"href":"https:\/\/www.eggmachinery.com\/fr\/wp-json\/wp\/v2\/product_tag?post=806"}],"curies":[{"name":"wp","href":"https:\/\/api.w.org\/{rel}","templated":true}]}}