{"id":809,"date":"2023-11-06T17:01:35","date_gmt":"2023-11-06T09:01:35","guid":{"rendered":"https:\/\/eggmachinery.com\/?post_type=product&#038;p=809"},"modified":"2024-01-06T16:10:16","modified_gmt":"2024-01-06T08:10:16","slug":"automatic-egg-peeling-machine","status":"publish","type":"product","link":"https:\/\/www.eggmachinery.com\/fr\/produit\/automatic-egg-peeling-machine\/","title":{"rendered":"Machine automatique \u00e0 \u00e9plucher les \u0153ufs"},"content":{"rendered":"<p><iframe loading=\"lazy\" title=\"machine \u00e0 \u00e9plucher les \u0153ufs \u00e0 usage commercial\" width=\"1290\" height=\"726\" src=\"https:\/\/www.youtube.com\/embed\/oUgmiOTgoIM?feature=oembed\" frameborder=\"0\" allow=\"accelerometer; autoplay; clipboard-write; encrypted-media; gyroscope; picture-in-picture; web-share\" allowfullscreen><\/iframe><\/p>\n<h2><strong><b>Cuiseur et \u00e9plucheur d'oeufs durs Technique d'\u00e9pluchage sans \u00e9gratignure :<\/b><\/strong><\/h2>\n<p>Le r\u00e9servoir d'alimentation en eau peut \u00eatre utilis\u00e9 pour refroidir les \u0153ufs durs et transf\u00e9rer automatiquement les \u0153ufs vers la machine \u00e0 \u00e9plucher les \u0153ufs. Le r\u00e9servoir d'alimentation a une capacit\u00e9 de 1200 \u0153ufs.<\/p>\n<p><a href=\"https:\/\/www.eggmachinery.com\/fr\/produit\/chicken-egg-peeling-machine\/\">La ligne d'\u00e9pluchage des \u0153ufs<\/a> comprend un r\u00e9servoir d'eau, une machine \u00e0 \u00e9plucher les \u0153ufs et un convoyeur pour les \u0153ufs \u00e9pluch\u00e9s.<\/p>\n<p>Le concept d'\u00e9pluchage des \u0153ufs est bas\u00e9 sur une technique d'\u00e9pluchage sans \u00e9gratignure. L'\u00e9plucheuse a \u00e9t\u00e9 optimis\u00e9e pour r\u00e9duire \u00e0 presque z\u00e9ro l'impact de la coquille sur l'\u0153uf. L'\u00e9plucheuse traite tous les types d'\u0153ufs, bruns ou blancs, avec un taux de rendement \u00e9lev\u00e9 unique &gt;98%.<\/p>\n<p>&nbsp;<\/p>\n<h2><strong><b><a href=\"https:\/\/www.eggmachinery.com\/fr\/produit\/egg-shelling-machine\/\">\u00a0Machine \u00e0 \u00e9plucher les \u0153ufs de poule<\/a> <\/b><\/strong><strong><b>Flux de travail<\/b><\/strong><\/h2>\n<p>Placer tous les \u0153ufs durs dans le r\u00e9servoir d'alimentation en eau pour les refroidir ;<br \/>\nAcheminement automatique des \u0153ufs refroidis dans la partie de cassage de la coquille ;<br \/>\nPartie \u00e9calage : casser la coquille de l'\u0153uf sans l'ab\u00eemer ;<br \/>\nPartie pelable : Retirer la coquille fissur\u00e9e sous la douche \u00e0 l'eau et le tube en latex import\u00e9 ;<\/p>\n<p>Le convoyeur de collecte permet de collecter les \u0153ufs \u00e9cal\u00e9s et de ramasser les mauvais.<\/p>\n<p>&nbsp;<\/p>\n<h3>\u00c9plucheur d'oeufs durs commercial <strong><b>Pi\u00e8ces pour le cassage des coquilles d'\u0153uf<\/b><\/strong><\/h3>\n<p><strong><b>\u00a0<\/b><\/strong><\/p>\n<p>L'eau est pulv\u00e9ris\u00e9e pour nettoyer ;<\/p>\n<p>Aucun dommage, aucune fissure ;<\/p>\n<p>Les \u0153ufs refroidis sont cass\u00e9s en plusieurs parties, sous un jet d'eau, les \u0153ufs de poule sont cass\u00e9s d\u00e9licatement sans \u00eatre endommag\u00e9s, ce qui constitue l'\u00e9tape de pr\u00e9pelage.<\/p>\n<p>&nbsp;<\/p>\n<h3><strong><b>Machine \u00e0 \u00e9plucher les \u0153ufs de poule<\/b><\/strong><strong><b>\u00c9pluchage de la coquille d'\u0153uf<\/b><\/strong><\/h3>\n<p><strong><b>\u00a0<\/b><\/strong><\/p>\n<p>Le concept d'\u00e9pluchage des \u0153ufs est bas\u00e9 sur une technique d'\u00e9pluchage sans \u00e9gratignure et adopte des rouleaux en caoutchouc import\u00e9s. L'\u00e9plucheuse a \u00e9t\u00e9 optimis\u00e9e pour r\u00e9duire \u00e0 presque z\u00e9ro l'impact de la coquille sur l'\u0153uf. L'\u00e9plucheuse traite tous les types d'\u0153ufs, bruns ou blancs, avec un taux de rendement \u00e9lev\u00e9 unique &gt;98%.<\/p>\n<p>&nbsp;<\/p>\n<p>&nbsp;<\/p>\n<p>&nbsp;<\/p>","protected":false},"excerpt":{"rendered":"<p>L'\u00e9calage rapide et facile des \u0153ufs durs \u00e0 l'aide d'une machine peut vous faire gagner beaucoup de temps et vous \u00e9pargner beaucoup de frustration.<\/p>","protected":false},"featured_media":810,"template":"","meta":{"_seopress_robots_primary_cat":"none"},"product_cat":[19],"product_tag":[],"featured_image_urls":{"full":["https:\/\/www.eggmachinery.com\/wp-content\/uploads\/2023\/03\/automatic-egg-peeling-machine.webp",820,680,false],"thumbnail":["https:\/\/www.eggmachinery.com\/wp-content\/uploads\/2023\/03\/automatic-egg-peeling-machine-150x150.webp",150,150,true],"medium":["https:\/\/www.eggmachinery.com\/wp-content\/uploads\/2023\/03\/automatic-egg-peeling-machine-300x249.webp",300,249,true],"medium_large":["https:\/\/www.eggmachinery.com\/wp-content\/uploads\/2023\/03\/automatic-egg-peeling-machine-768x637.webp",768,637,true],"large":["https:\/\/www.eggmachinery.com\/wp-content\/uploads\/2023\/03\/automatic-egg-peeling-machine.webp",820,680,false],"1536x1536":["https:\/\/www.eggmachinery.com\/wp-content\/uploads\/2023\/03\/automatic-egg-peeling-machine.webp",820,680,false],"2048x2048":["https:\/\/www.eggmachinery.com\/wp-content\/uploads\/2023\/03\/automatic-egg-peeling-machine.webp",820,680,false],"trp-custom-language-flag":["https:\/\/www.eggmachinery.com\/wp-content\/uploads\/2023\/03\/automatic-egg-peeling-machine.webp",14,12,false],"woocommerce_thumbnail":["https:\/\/www.eggmachinery.com\/wp-content\/uploads\/2023\/03\/automatic-egg-peeling-machine-300x249.webp",300,249,true],"woocommerce_single":["https:\/\/www.eggmachinery.com\/wp-content\/uploads\/2023\/03\/automatic-egg-peeling-machine-600x498.webp",600,498,true],"woocommerce_gallery_thumbnail":["https:\/\/www.eggmachinery.com\/wp-content\/uploads\/2023\/03\/automatic-egg-peeling-machine-100x100.webp",100,100,true]},"post_excerpt_stackable":"<p>Peeling boiled eggs quickly and easily with a machine can save you a lot of time and frustration<\/p>\n","category_list":"","author_info":{"name":"","url":""},"comments_num":"0 comments","_links":{"self":[{"href":"https:\/\/www.eggmachinery.com\/fr\/wp-json\/wp\/v2\/product\/809"}],"collection":[{"href":"https:\/\/www.eggmachinery.com\/fr\/wp-json\/wp\/v2\/product"}],"about":[{"href":"https:\/\/www.eggmachinery.com\/fr\/wp-json\/wp\/v2\/types\/product"}],"wp:featuredmedia":[{"embeddable":true,"href":"https:\/\/www.eggmachinery.com\/fr\/wp-json\/wp\/v2\/media\/810"}],"wp:attachment":[{"href":"https:\/\/www.eggmachinery.com\/fr\/wp-json\/wp\/v2\/media?parent=809"}],"wp:term":[{"taxonomy":"product_cat","embeddable":true,"href":"https:\/\/www.eggmachinery.com\/fr\/wp-json\/wp\/v2\/product_cat?post=809"},{"taxonomy":"product_tag","embeddable":true,"href":"https:\/\/www.eggmachinery.com\/fr\/wp-json\/wp\/v2\/product_tag?post=809"}],"curies":[{"name":"wp","href":"https:\/\/api.w.org\/{rel}","templated":true}]}}