{"id":814,"date":"2023-11-12T17:11:39","date_gmt":"2023-11-12T09:11:39","guid":{"rendered":"https:\/\/eggmachinery.com\/?post_type=product&#038;p=814"},"modified":"2023-11-13T15:40:57","modified_gmt":"2023-11-13T07:40:57","slug":"chicken-egg-peeling-machine","status":"publish","type":"product","link":"https:\/\/www.eggmachinery.com\/fr\/produit\/chicken-egg-peeling-machine\/","title":{"rendered":"Machine \u00e0 \u00e9plucher les \u0153ufs de poule"},"content":{"rendered":"<p><iframe loading=\"lazy\" title=\"machine \u00e0 peler les oeufs durs\" width=\"1290\" height=\"726\" src=\"https:\/\/www.youtube.com\/embed\/KxkGkDqIml8?feature=oembed\" frameborder=\"0\" allow=\"accelerometer; autoplay; clipboard-write; encrypted-media; gyroscope; picture-in-picture; web-share\" allowfullscreen><\/iframe><\/p>\n<p>&nbsp;<\/p>\n<h2><strong><b>The Chicken Egg Peeling Machine\u00a0 Product Description<\/b><\/strong><\/h2>\n<p><a href=\"https:\/\/www.eggmachinery.com\/fr\/produit\/hard-boiled-egg-peeler\/\">The chicken egg peeling machine<\/a> is a special equipment for peeling hard cooked chicken eggs, suitable for egg processing users. This egg peeling machine adopts rubber rollers and strong water impact, which greatly reduces egg damage rate. Its structure is very exquisite, imitating the artificial rubbing of eggs, the effect is best. The peeling rate can reach 98.5%, and the final peeled eggs are smooth and beautiful.<\/p>\n<p>&nbsp;<\/p>\n<h2><strong><b>The Chicken Egg Peeling Machine Features<\/b><\/strong><\/h2>\n<p>1. La machine \u00e0 peler les \u0153ufs imite les \u0153ufs frott\u00e9s artificiels, il est facile de peler la coquille de l'\u0153uf.<\/p>\n<p>2. il a le meilleur effet d'\u00e9pluchage et n'ab\u00eeme pas la surface de l'\u0153uf. Les \u0153ufs \u00e9pluch\u00e9s sont lisses et beaux.<\/p>\n<p>3. la machine est fabriqu\u00e9e en acier inoxydable 304, durable et hygi\u00e9nique, facile \u00e0 nettoyer.<br \/>\n4. This <a href=\"https:\/\/www.eggmachinery.com\/fr\/produit\/hard-boiled-egg-peeling-machine\/\">machine \u00e0 \u00e9plucher les \u0153ufs<\/a> includes feeding, shelling, peeling and discharge, automatic operation, save labor.<br \/>\n5. Il adopte des rouleaux en caoutchouc et un fort impact de l'eau, ce qui r\u00e9duit consid\u00e9rablement le taux d'endommagement des \u0153ufs.<br \/>\n6. Grande capacit\u00e9, 5k, 8 k et 10 k \u0153ufs\/heure sont disponibles, convenant aux usines alimentaires, aux restaurants, etc.<br \/>\n7. R\u00e9servoir de circulation d'eau, \u00e9conomisant l'eau et les co\u00fbts.<\/p>\n<p>&nbsp;<\/p>\n<h3><strong><b>The Chicken Egg Peeling Machine Characteristic<\/b><\/strong><\/h3>\n<p>1. machine sp\u00e9ciale pour \u00e9caler les \u0153ufs, haute efficacit\u00e9, faible taux de casse.<br \/>\n2. enti\u00e8rement en acier inoxydable 304, conforme aux normes d'hygi\u00e8ne.<br \/>\n3. adoption d'un syst\u00e8me de recyclage de l'eau, \u00e9conomie d'\u00e9nergie.<br \/>\n4. plus de 98% de taux de pelage, 0,2% de taux d'endommagement.<br \/>\n5. conception sp\u00e9ciale, structure compacte, surface lisse, pas d'\u00e9raflures sur les \u0153ufs.<br \/>\n6. convient aux fabricants d'oeufs \u00e0 la coque, d'oeufs \u00e9pic\u00e9s, d'oeufs en fer et d'oeufs peints en rouge.<\/p>\n<p>&nbsp;<\/p>\n<p><strong><b>\u00a0<\/b><\/strong><\/p>\n<h3><strong><b>Working flow of Chicken Egg Peeling Machine<\/b><\/strong><\/h3>\n<p>Placer tous les \u0153ufs durs dans le r\u00e9servoir d'alimentation en eau pour les refroidir ;<br \/>\nAcheminement automatique des \u0153ufs refroidis dans la partie de cassage de la coquille ;<br \/>\nPartie \u00e9calage : casser la coquille de l'\u0153uf sans l'ab\u00eemer ;<br \/>\nPartie pelable : Retirer la coquille fissur\u00e9e sous la douche \u00e0 l'eau et le tube en latex import\u00e9 ;<\/p>\n<p>Le convoyeur de collecte permet de collecter les \u0153ufs \u00e9cal\u00e9s et de ramasser les mauvais.<\/p>","protected":false},"excerpt":{"rendered":"<p>The chicken egg peeling machine is a special equipment for peeling hard cooked chicken eggs, suitable for egg processing users. This egg peeling machine adopts rubber rollers and strong water impact, which greatly reduces egg damage rate.<\/p>","protected":false},"featured_media":815,"template":"","meta":{"_seopress_robots_primary_cat":"none"},"product_cat":[19],"product_tag":[],"featured_image_urls":{"full":["https:\/\/www.eggmachinery.com\/wp-content\/uploads\/2023\/03\/egg-shell-peeling-machine.webp",820,680,false],"thumbnail":["https:\/\/www.eggmachinery.com\/wp-content\/uploads\/2023\/03\/egg-shell-peeling-machine-150x150.webp",150,150,true],"medium":["https:\/\/www.eggmachinery.com\/wp-content\/uploads\/2023\/03\/egg-shell-peeling-machine-300x249.webp",300,249,true],"medium_large":["https:\/\/www.eggmachinery.com\/wp-content\/uploads\/2023\/03\/egg-shell-peeling-machine-768x637.webp",768,637,true],"large":["https:\/\/www.eggmachinery.com\/wp-content\/uploads\/2023\/03\/egg-shell-peeling-machine.webp",820,680,false],"1536x1536":["https:\/\/www.eggmachinery.com\/wp-content\/uploads\/2023\/03\/egg-shell-peeling-machine.webp",820,680,false],"2048x2048":["https:\/\/www.eggmachinery.com\/wp-content\/uploads\/2023\/03\/egg-shell-peeling-machine.webp",820,680,false],"trp-custom-language-flag":["https:\/\/www.eggmachinery.com\/wp-content\/uploads\/2023\/03\/egg-shell-peeling-machine.webp",14,12,false],"woocommerce_thumbnail":["https:\/\/www.eggmachinery.com\/wp-content\/uploads\/2023\/03\/egg-shell-peeling-machine-300x249.webp",300,249,true],"woocommerce_single":["https:\/\/www.eggmachinery.com\/wp-content\/uploads\/2023\/03\/egg-shell-peeling-machine-600x498.webp",600,498,true],"woocommerce_gallery_thumbnail":["https:\/\/www.eggmachinery.com\/wp-content\/uploads\/2023\/03\/egg-shell-peeling-machine-100x100.webp",100,100,true]},"post_excerpt_stackable":"<p>The chicken egg peeling machine is a special equipment for peeling hard cooked chicken eggs, suitable for egg processing users. This egg peeling machine adopts rubber rollers and strong water impact, which greatly reduces egg damage rate.<\/p>\n","category_list":"","author_info":{"name":"","url":""},"comments_num":"0 comments","_links":{"self":[{"href":"https:\/\/www.eggmachinery.com\/fr\/wp-json\/wp\/v2\/product\/814"}],"collection":[{"href":"https:\/\/www.eggmachinery.com\/fr\/wp-json\/wp\/v2\/product"}],"about":[{"href":"https:\/\/www.eggmachinery.com\/fr\/wp-json\/wp\/v2\/types\/product"}],"wp:featuredmedia":[{"embeddable":true,"href":"https:\/\/www.eggmachinery.com\/fr\/wp-json\/wp\/v2\/media\/815"}],"wp:attachment":[{"href":"https:\/\/www.eggmachinery.com\/fr\/wp-json\/wp\/v2\/media?parent=814"}],"wp:term":[{"taxonomy":"product_cat","embeddable":true,"href":"https:\/\/www.eggmachinery.com\/fr\/wp-json\/wp\/v2\/product_cat?post=814"},{"taxonomy":"product_tag","embeddable":true,"href":"https:\/\/www.eggmachinery.com\/fr\/wp-json\/wp\/v2\/product_tag?post=814"}],"curies":[{"name":"wp","href":"https:\/\/api.w.org\/{rel}","templated":true}]}}