{"id":817,"date":"2023-03-24T16:18:12","date_gmt":"2023-03-24T08:18:12","guid":{"rendered":"https:\/\/eggmachinery.com\/?post_type=product&#038;p=817"},"modified":"2026-03-10T16:41:22","modified_gmt":"2026-03-10T08:41:22","slug":"uail-egg-shell-removing-machine","status":"publish","type":"product","link":"https:\/\/www.eggmachinery.com\/fr\/produit\/uail-egg-shell-removing-machine\/","title":{"rendered":"Machine \u00e0 enlever les coquilles d'\u0153ufs de caille"},"content":{"rendered":"<h2>Industrial boiled quail egg shelling peeler peeling machine<\/h2>\n<ol>\n<li>Unique new design peeling system. High peeling rate and lowest breakage.<\/li>\n<li>Importation parts. High quality and durable.<\/li>\n<li>High efficiency. 1 set quail egg peeler machine can replace 3-4 person.<\/li>\n<li>Whole equipment is made of food grade 304ss, hygiene and durable.<\/li>\n<li>It can be fitted with a complete production line. Easy and automatic operation.<\/li>\n<li>We can customize equipment and production line according to your needs.<\/li>\n<\/ol>\n<h2><\/h2>\n<h2><a href=\"https:\/\/www.eggmachinery.com\/fr\/categorie-produit\/quail-egg-shelling-machine\/\">Machine \u00e0 \u00e9plucher les \u0153ufs de caille<\/a> Introduction<\/h2>\n<p>The new design quail egg peeler machine is shelled by the friction of rolling rubber and the impact of strong water. The<\/p>\n<p>principle of artificial shelling is imitated. High peeling rate and low damage rate. Equipped with water tank feeding and<\/p>\n<p>multi-column transport, quail eggs feed more evenly and enter the peeler orderly. This is the advantage that other peeling<\/p>\n<p>machines do not have. We are the first manufacturer for this peeling technical at the quail egg process field.<\/p>\n<p>Machine is made by sus304 material, automatic operation and controller system, peeling eggshell rate can reach98%.\u00a0Less than 2% damage rate.<\/p>\n<h3><img decoding=\"async\" loading=\"lazy\" class=\"alignnone size-full wp-image-3001\" src=\"https:\/\/www.eggmachinery.com\/wp-content\/uploads\/egg-machine-1_WH_750x750px.webp\" alt=\"egg machine\" width=\"750\" height=\"750\" srcset=\"https:\/\/www.eggmachinery.com\/wp-content\/uploads\/egg-machine-1_WH_750x750px.webp 750w, https:\/\/www.eggmachinery.com\/wp-content\/uploads\/egg-machine-1_WH_750x750px-300x300.webp 300w, https:\/\/www.eggmachinery.com\/wp-content\/uploads\/egg-machine-1_WH_750x750px-150x150.webp 150w, https:\/\/www.eggmachinery.com\/wp-content\/uploads\/egg-machine-1_WH_750x750px-600x600.webp 600w, https:\/\/www.eggmachinery.com\/wp-content\/uploads\/egg-machine-1_WH_750x750px-100x100.webp 100w\" sizes=\"(max-width: 750px) 100vw, 750px\" \/><\/h3>\n<h3>Quail Egg Shell Removing Machine Advantages<\/h3>\n<p>New design, stable working with good performance, high peeling rate and lowest damage for eggs<\/p>\n<p>The cooled quail eggs are broken shells first and then peeled. The\u00a0quail\u00a0egg peeling \u00a0machine adopts latex tube and strong water impact, which greatly reduces the breakage rate of eggs. The structure is simple and the failure rate is small.<\/p>\n<p>1. The main body of the equipment and related accessories are made of SUS304 material, which is not easy to corrode, safe and hygienic<br \/>\n2. Imported chains are used, filled with food-grade grease to improve their carrying capacity and wear resistance<br \/>\n3. Polymer bearings, using imported raw materials, improve their mechanical strength, stiffness, hardness, and contain solid lubricants, which are more wear-resistant<br \/>\n4. Special rubber hose for peeling machine, using imported raw materials, thickened 3.5MM, not easy to age, wear-resistant, and has a long service life<\/p>\n<p>5.Perfect quality control system, from the procurement of accessories to the production process, there are special personnel responsible for inspection and acceptance. Before leaving the factory, the equipment is tested as a whole to check the operation of all aspects. The equipment must run smoothly, without failure, and meet the product requirements before leaving the factory<\/p>\n<h3><img decoding=\"async\" loading=\"lazy\" class=\"alignnone size-full wp-image-3003\" src=\"https:\/\/www.eggmachinery.com\/wp-content\/uploads\/egg-machine-3_WH_750x750px.webp\" alt=\"egg machine\" width=\"750\" height=\"750\" srcset=\"https:\/\/www.eggmachinery.com\/wp-content\/uploads\/egg-machine-3_WH_750x750px.webp 750w, https:\/\/www.eggmachinery.com\/wp-content\/uploads\/egg-machine-3_WH_750x750px-300x300.webp 300w, https:\/\/www.eggmachinery.com\/wp-content\/uploads\/egg-machine-3_WH_750x750px-150x150.webp 150w, https:\/\/www.eggmachinery.com\/wp-content\/uploads\/egg-machine-3_WH_750x750px-600x600.webp 600w, https:\/\/www.eggmachinery.com\/wp-content\/uploads\/egg-machine-3_WH_750x750px-100x100.webp 100w\" sizes=\"(max-width: 750px) 100vw, 750px\" \/><\/h3>\n<h3>Quail Egg Shell Removing Machine Data Sheet<\/h3>\n<table>\n<tbody>\n<tr>\n<td width=\"95\">Mod\u00e8le<\/td>\n<td width=\"103\">Capacit\u00e9<\/td>\n<td width=\"191\">Water tank size<\/p>\n<p>(mm)<\/td>\n<td width=\"151\">Peeling machine size<\/p>\n<p>(mm)<\/td>\n<td width=\"124\">Puissance<\/p>\n<p>(kw)<\/td>\n<\/tr>\n<tr>\n<td width=\"95\">HT-LQ3<\/td>\n<td width=\"103\">300kg\/h<\/td>\n<td width=\"191\">2000*1500*840<\/td>\n<td width=\"151\">520*1555*1217<\/td>\n<td width=\"124\">3.2<\/td>\n<\/tr>\n<tr>\n<td width=\"95\">HT-LQ4<\/td>\n<td width=\"103\">400kg\/h<\/td>\n<td width=\"191\">2802*1426*1480<\/td>\n<td width=\"151\">500*1605*1217<\/td>\n<td width=\"124\">3.5<\/td>\n<\/tr>\n<tr>\n<td width=\"95\">HT-LQ5<\/td>\n<td width=\"103\">500kg\/h<\/td>\n<td width=\"191\">2802*1426*1480<\/td>\n<td width=\"151\">500*3210*1217<\/td>\n<td width=\"124\">3.8<\/td>\n<\/tr>\n<\/tbody>\n<\/table>\n<p><img decoding=\"async\" loading=\"lazy\" class=\"alignnone size-full wp-image-3004\" src=\"https:\/\/www.eggmachinery.com\/wp-content\/uploads\/egg-machine-4_WH_750x750px.webp\" alt=\"egg machine\" width=\"750\" height=\"750\" srcset=\"https:\/\/www.eggmachinery.com\/wp-content\/uploads\/egg-machine-4_WH_750x750px.webp 750w, https:\/\/www.eggmachinery.com\/wp-content\/uploads\/egg-machine-4_WH_750x750px-300x300.webp 300w, https:\/\/www.eggmachinery.com\/wp-content\/uploads\/egg-machine-4_WH_750x750px-150x150.webp 150w, https:\/\/www.eggmachinery.com\/wp-content\/uploads\/egg-machine-4_WH_750x750px-600x600.webp 600w, https:\/\/www.eggmachinery.com\/wp-content\/uploads\/egg-machine-4_WH_750x750px-100x100.webp 100w\" sizes=\"(max-width: 750px) 100vw, 750px\" \/><\/p>","protected":false},"excerpt":{"rendered":"<p>New design, stable working with good performance, high peeling rate and lowest damage for eggs.The cooled quail eggs are broken shells first and then peeled. The\u00a0quail\u00a0egg peeling \u00a0machine adopts latex tube and strong water impact, which greatly reduces the breakage rate of eggs. The structure is simple and the failure rate is small.<\/p>","protected":false},"featured_media":818,"template":"","meta":{"_seopress_robots_primary_cat":"none"},"product_cat":[20],"product_tag":[],"featured_image_urls":{"full":["https:\/\/www.eggmachinery.com\/wp-content\/uploads\/2023\/03\/quail-egg-peeling-machine.webp",312,245,false],"thumbnail":["https:\/\/www.eggmachinery.com\/wp-content\/uploads\/2023\/03\/quail-egg-peeling-machine-150x150.webp",150,150,true],"medium":["https:\/\/www.eggmachinery.com\/wp-content\/uploads\/2023\/03\/quail-egg-peeling-machine-300x236.webp",300,236,true],"medium_large":["https:\/\/www.eggmachinery.com\/wp-content\/uploads\/2023\/03\/quail-egg-peeling-machine.webp",312,245,false],"large":["https:\/\/www.eggmachinery.com\/wp-content\/uploads\/2023\/03\/quail-egg-peeling-machine.webp",312,245,false],"1536x1536":["https:\/\/www.eggmachinery.com\/wp-content\/uploads\/2023\/03\/quail-egg-peeling-machine.webp",312,245,false],"2048x2048":["https:\/\/www.eggmachinery.com\/wp-content\/uploads\/2023\/03\/quail-egg-peeling-machine.webp",312,245,false],"trp-custom-language-flag":["https:\/\/www.eggmachinery.com\/wp-content\/uploads\/2023\/03\/quail-egg-peeling-machine.webp",15,12,false],"woocommerce_thumbnail":["https:\/\/www.eggmachinery.com\/wp-content\/uploads\/2023\/03\/quail-egg-peeling-machine-300x236.webp",300,236,true],"woocommerce_single":["https:\/\/www.eggmachinery.com\/wp-content\/uploads\/2023\/03\/quail-egg-peeling-machine.webp",312,245,false],"woocommerce_gallery_thumbnail":["https:\/\/www.eggmachinery.com\/wp-content\/uploads\/2023\/03\/quail-egg-peeling-machine-100x100.webp",100,100,true]},"post_excerpt_stackable":"<p>New design, stable working with good performance, high peeling rate and lowest damage for eggs.The cooled quail eggs are broken shells first and then peeled. The\u00a0quail\u00a0egg peeling \u00a0machine adopts latex tube and strong water impact, which greatly reduces the breakage rate of eggs. The structure is simple and the failure rate is small.<\/p>\n","category_list":"","author_info":{"name":"","url":""},"comments_num":"0 comments","_links":{"self":[{"href":"https:\/\/www.eggmachinery.com\/fr\/wp-json\/wp\/v2\/product\/817"}],"collection":[{"href":"https:\/\/www.eggmachinery.com\/fr\/wp-json\/wp\/v2\/product"}],"about":[{"href":"https:\/\/www.eggmachinery.com\/fr\/wp-json\/wp\/v2\/types\/product"}],"wp:featuredmedia":[{"embeddable":true,"href":"https:\/\/www.eggmachinery.com\/fr\/wp-json\/wp\/v2\/media\/818"}],"wp:attachment":[{"href":"https:\/\/www.eggmachinery.com\/fr\/wp-json\/wp\/v2\/media?parent=817"}],"wp:term":[{"taxonomy":"product_cat","embeddable":true,"href":"https:\/\/www.eggmachinery.com\/fr\/wp-json\/wp\/v2\/product_cat?post=817"},{"taxonomy":"product_tag","embeddable":true,"href":"https:\/\/www.eggmachinery.com\/fr\/wp-json\/wp\/v2\/product_tag?post=817"}],"curies":[{"name":"wp","href":"https:\/\/api.w.org\/{rel}","templated":true}]}}