{"id":823,"date":"2023-03-24T10:23:30","date_gmt":"2023-03-24T02:23:30","guid":{"rendered":"https:\/\/eggmachinery.com\/?post_type=product&#038;p=823"},"modified":"2023-04-01T12:55:24","modified_gmt":"2023-04-01T04:55:24","slug":"egg-shell-conveying-machine","status":"publish","type":"product","link":"https:\/\/www.eggmachinery.com\/fr\/produit\/egg-shell-conveying-machine\/","title":{"rendered":"Machine de transport de coquilles d'\u0153ufs"},"content":{"rendered":"<p>Les coquilles d'\u0153uf peuvent \u00eatre transport\u00e9es de l'atelier A \u00e0 l'atelier B gr\u00e2ce \u00e0 ce dispositif.<\/p>","protected":false},"excerpt":{"rendered":"<p>Les coquilles d'\u0153uf peuvent \u00eatre transport\u00e9es de l'atelier A \u00e0 l'atelier B gr\u00e2ce \u00e0 ce dispositif.<\/p>","protected":false},"featured_media":824,"template":"","meta":{"_seopress_robots_primary_cat":"none"},"product_cat":[32],"product_tag":[],"featured_image_urls":{"full":["https:\/\/www.eggmachinery.com\/wp-content\/uploads\/2023\/03\/egg-shell-conveying.webp",820,680,false],"thumbnail":["https:\/\/www.eggmachinery.com\/wp-content\/uploads\/2023\/03\/egg-shell-conveying-150x150.webp",150,150,true],"medium":["https:\/\/www.eggmachinery.com\/wp-content\/uploads\/2023\/03\/egg-shell-conveying-300x249.webp",300,249,true],"medium_large":["https:\/\/www.eggmachinery.com\/wp-content\/uploads\/2023\/03\/egg-shell-conveying-768x637.webp",768,637,true],"large":["https:\/\/www.eggmachinery.com\/wp-content\/uploads\/2023\/03\/egg-shell-conveying.webp",820,680,false],"1536x1536":["https:\/\/www.eggmachinery.com\/wp-content\/uploads\/2023\/03\/egg-shell-conveying.webp",820,680,false],"2048x2048":["https:\/\/www.eggmachinery.com\/wp-content\/uploads\/2023\/03\/egg-shell-conveying.webp",820,680,false],"trp-custom-language-flag":["https:\/\/www.eggmachinery.com\/wp-content\/uploads\/2023\/03\/egg-shell-conveying.webp",14,12,false],"woocommerce_thumbnail":["https:\/\/www.eggmachinery.com\/wp-content\/uploads\/2023\/03\/egg-shell-conveying-300x249.webp",300,249,true],"woocommerce_single":["https:\/\/www.eggmachinery.com\/wp-content\/uploads\/2023\/03\/egg-shell-conveying-600x498.webp",600,498,true],"woocommerce_gallery_thumbnail":["https:\/\/www.eggmachinery.com\/wp-content\/uploads\/2023\/03\/egg-shell-conveying-100x100.webp",100,100,true]},"post_excerpt_stackable":"<p>Egg shells can be transported from workshop A to workshop B through this device<\/p>\n","category_list":"","author_info":{"name":"","url":""},"comments_num":"0 comments","_links":{"self":[{"href":"https:\/\/www.eggmachinery.com\/fr\/wp-json\/wp\/v2\/product\/823"}],"collection":[{"href":"https:\/\/www.eggmachinery.com\/fr\/wp-json\/wp\/v2\/product"}],"about":[{"href":"https:\/\/www.eggmachinery.com\/fr\/wp-json\/wp\/v2\/types\/product"}],"wp:featuredmedia":[{"embeddable":true,"href":"https:\/\/www.eggmachinery.com\/fr\/wp-json\/wp\/v2\/media\/824"}],"wp:attachment":[{"href":"https:\/\/www.eggmachinery.com\/fr\/wp-json\/wp\/v2\/media?parent=823"}],"wp:term":[{"taxonomy":"product_cat","embeddable":true,"href":"https:\/\/www.eggmachinery.com\/fr\/wp-json\/wp\/v2\/product_cat?post=823"},{"taxonomy":"product_tag","embeddable":true,"href":"https:\/\/www.eggmachinery.com\/fr\/wp-json\/wp\/v2\/product_tag?post=823"}],"curies":[{"name":"wp","href":"https:\/\/api.w.org\/{rel}","templated":true}]}}