{"id":825,"date":"2023-03-24T10:27:49","date_gmt":"2023-03-24T02:27:49","guid":{"rendered":"https:\/\/eggmachinery.com\/?post_type=product&#038;p=825"},"modified":"2023-04-11T12:57:38","modified_gmt":"2023-04-11T04:57:38","slug":"quail-egg-boiling-and-shelling-line","status":"publish","type":"product","link":"https:\/\/www.eggmachinery.com\/fr\/produit\/quail-egg-boiling-and-shelling-line\/","title":{"rendered":"Ligne d'\u00e9bullition et de d\u00e9corticage des \u0153ufs de caille"},"content":{"rendered":"<h3><strong><em><b><i>Main features of\u00a0quail eggs cooking equipment\/quail eggs peeling production line<\/i><\/b><\/em><\/strong><\/h3>\n<p>1) Simple structure in linear type ,easy in installation and maintation.<\/p>\n<p>2) Adopting advanced world famous brand components in pneumatic parts ,electric parts and operation parts.<\/p>\n<p>3) Turn-key production line design.<\/p>\n<p>4) Running in a high automatization and intellectualization, no pollution<\/p>","protected":false},"excerpt":{"rendered":"<h3><strong><b>Fully Auto Quails Egg Peeler Processing Plant mainly includes high-temperature quail egg hard cooking, quil egg cooling, quail egg shell breaking and quail egg peeling.<\/b><\/strong><\/h3>\n<h3><strong><b>Nous pouvons faire correspondre <\/b><\/strong><strong><b>t<\/b><\/strong><strong><b>Il dispose d'un ensemble complet d'\u00e9quipements halog\u00e8nes et d'\u00e9quipements d'emballage en fonction des exigences technologiques des clients, et peut \u00e9galement concevoir un plan de production en fonction des exigences des clients.<\/b><\/strong><\/h3>\n<p>&nbsp;<\/p>\n[embed]https:\/\/youtu.be\/ng4CCCYu_og[\/embed]\n<p>&nbsp;<\/p>","protected":false},"featured_media":826,"template":"","meta":{"_seopress_robots_primary_cat":"none"},"product_cat":[26],"product_tag":[],"featured_image_urls":{"full":["https:\/\/www.eggmachinery.com\/wp-content\/uploads\/2023\/03\/quail-egg-boiling-and-shelling.webp",820,680,false],"thumbnail":["https:\/\/www.eggmachinery.com\/wp-content\/uploads\/2023\/03\/quail-egg-boiling-and-shelling-150x150.webp",150,150,true],"medium":["https:\/\/www.eggmachinery.com\/wp-content\/uploads\/2023\/03\/quail-egg-boiling-and-shelling-300x249.webp",300,249,true],"medium_large":["https:\/\/www.eggmachinery.com\/wp-content\/uploads\/2023\/03\/quail-egg-boiling-and-shelling-768x637.webp",768,637,true],"large":["https:\/\/www.eggmachinery.com\/wp-content\/uploads\/2023\/03\/quail-egg-boiling-and-shelling.webp",820,680,false],"1536x1536":["https:\/\/www.eggmachinery.com\/wp-content\/uploads\/2023\/03\/quail-egg-boiling-and-shelling.webp",820,680,false],"2048x2048":["https:\/\/www.eggmachinery.com\/wp-content\/uploads\/2023\/03\/quail-egg-boiling-and-shelling.webp",820,680,false],"trp-custom-language-flag":["https:\/\/www.eggmachinery.com\/wp-content\/uploads\/2023\/03\/quail-egg-boiling-and-shelling.webp",14,12,false],"woocommerce_thumbnail":["https:\/\/www.eggmachinery.com\/wp-content\/uploads\/2023\/03\/quail-egg-boiling-and-shelling-300x249.webp",300,249,true],"woocommerce_single":["https:\/\/www.eggmachinery.com\/wp-content\/uploads\/2023\/03\/quail-egg-boiling-and-shelling-600x498.webp",600,498,true],"woocommerce_gallery_thumbnail":["https:\/\/www.eggmachinery.com\/wp-content\/uploads\/2023\/03\/quail-egg-boiling-and-shelling-100x100.webp",100,100,true]},"post_excerpt_stackable":"<h3><strong><b>Fully Auto Quails Egg Peeler Processing Plant mainly includes high-temperature quail egg hard cooking, quil egg cooling, quail egg shell breaking and quail egg peeling.<\/b><\/strong><\/h3>\n<h3><strong><b>We can match <\/b><\/strong><strong><b>t<\/b><\/strong><strong><b>he related complete set of halogen and packaging equipment according to customers&#8217; technological requirements, also can design size production plan according to customer requirements.<\/b><\/strong><\/h3>\n<p>&nbsp;<\/p>\n[embed]https:\/\/youtu.be\/ng4CCCYu_og[\/embed]\n<p>&nbsp;<\/p>\n","category_list":"","author_info":{"name":"","url":""},"comments_num":"0 comments","_links":{"self":[{"href":"https:\/\/www.eggmachinery.com\/fr\/wp-json\/wp\/v2\/product\/825"}],"collection":[{"href":"https:\/\/www.eggmachinery.com\/fr\/wp-json\/wp\/v2\/product"}],"about":[{"href":"https:\/\/www.eggmachinery.com\/fr\/wp-json\/wp\/v2\/types\/product"}],"wp:featuredmedia":[{"embeddable":true,"href":"https:\/\/www.eggmachinery.com\/fr\/wp-json\/wp\/v2\/media\/826"}],"wp:attachment":[{"href":"https:\/\/www.eggmachinery.com\/fr\/wp-json\/wp\/v2\/media?parent=825"}],"wp:term":[{"taxonomy":"product_cat","embeddable":true,"href":"https:\/\/www.eggmachinery.com\/fr\/wp-json\/wp\/v2\/product_cat?post=825"},{"taxonomy":"product_tag","embeddable":true,"href":"https:\/\/www.eggmachinery.com\/fr\/wp-json\/wp\/v2\/product_tag?post=825"}],"curies":[{"name":"wp","href":"https:\/\/api.w.org\/{rel}","templated":true}]}}