{"id":827,"date":"2023-11-15T10:35:59","date_gmt":"2023-11-15T02:35:59","guid":{"rendered":"https:\/\/eggmachinery.com\/?post_type=product&#038;p=827"},"modified":"2023-11-29T16:29:51","modified_gmt":"2023-11-29T08:29:51","slug":"egg-packer-machine","status":"publish","type":"product","link":"https:\/\/www.eggmachinery.com\/fr\/produit\/egg-packer-machine\/","title":{"rendered":"Machine \u00e0 emballer les \u0153ufs"},"content":{"rendered":"<h2>Cette machine de remplissage est une machine de remplissage d'\u0153ufs liquides.<\/h2>\n<h2>Cette machine de remplissage d'\u0153ufs liquides pr\u00e9sente les caract\u00e9ristiques suivantes !<\/h2>\n<p>1. \u00c9conomie de main-d'\u0153uvre : Un appareil ne n\u00e9cessite qu'une seule personne pour fonctionner, et les pr\u00e9parations connexes peuvent \u00e9galement \u00eatre effectu\u00e9es lorsque l'appareil est en train de se remplir. Une seule personne suppl\u00e9mentaire est n\u00e9cessaire pour coop\u00e9rer \u00e0 l'emballage, au scellage et \u00e0 la palettisation afin de terminer la production !<\/p>\n<p>2. Rapidit\u00e9 : si l'on prend l'exemple du remplissage de 10 litres d'\u0153ufs liquides, l'appareil peut produire 180 \u00e0 200 sachets par heure !<\/p>\n<h3><\/h3>\n<h2>Si vous souhaitez pr\u00e9parer des \u0153ufs \u00e9cal\u00e9s et cuits en barrique, veuillez cliquer\uff1a<a href=\"https:\/\/www.eggmachinery.com\/fr\/produit\/egg-packing-machine-2\/\"><u>Emballage des \u0153ufs durs <\/u><\/a><\/h2>\n<h3>Si vous avez besoin d'emballer des \u0153ufs \u00e9pluch\u00e9s et cuits dans des sacs, cliquez ici : <a href=\"https:\/\/www.eggmachinery.com\/fr\/produit\/egg-packing-machine-for-sale\/\"><u>Emballage des \u0153ufs cuits <\/u><\/a><\/h3>\n<h3><\/h3>\n<p><iframe loading=\"lazy\" title=\"machine \u00e0 emballer les \u0153ufs liquides\" width=\"1290\" height=\"726\" src=\"https:\/\/www.youtube.com\/embed\/Otb3tNLNQx4?feature=oembed\" frameborder=\"0\" allow=\"accelerometer; autoplay; clipboard-write; encrypted-media; gyroscope; picture-in-picture; web-share\" allowfullscreen><\/iframe><\/p>","protected":false},"excerpt":{"rendered":"<p>Cette machine de remplissage est une machine de remplissage d'\u0153ufs liquides.<\/p>\n<p>Cette machine de remplissage d'\u0153ufs liquides pr\u00e9sente les caract\u00e9ristiques suivantes !<\/p>\n<p>1. \u00c9conomie de main-d'\u0153uvre : Un appareil ne n\u00e9cessite qu'une seule personne pour fonctionner, et les pr\u00e9parations connexes peuvent \u00e9galement \u00eatre effectu\u00e9es lorsque l'appareil est en train de se remplir. Une seule personne suppl\u00e9mentaire est n\u00e9cessaire pour coop\u00e9rer \u00e0 l'emballage, au scellage et \u00e0 la palettisation afin de terminer la production !<\/p>\n<p>2. Rapidit\u00e9 : si l'on prend l'exemple du remplissage de 10 litres d'\u0153ufs liquides, l'appareil peut produire 180 \u00e0 200 sachets par heure !<\/p>","protected":false},"featured_media":828,"template":"","meta":{"_seopress_robots_primary_cat":"none"},"product_cat":[33],"product_tag":[],"featured_image_urls":{"full":["https:\/\/www.eggmachinery.com\/wp-content\/uploads\/2023\/03\/Egg-Packing-Machine.webp",820,680,false],"thumbnail":["https:\/\/www.eggmachinery.com\/wp-content\/uploads\/2023\/03\/Egg-Packing-Machine-150x150.webp",150,150,true],"medium":["https:\/\/www.eggmachinery.com\/wp-content\/uploads\/2023\/03\/Egg-Packing-Machine-300x249.webp",300,249,true],"medium_large":["https:\/\/www.eggmachinery.com\/wp-content\/uploads\/2023\/03\/Egg-Packing-Machine-768x637.webp",768,637,true],"large":["https:\/\/www.eggmachinery.com\/wp-content\/uploads\/2023\/03\/Egg-Packing-Machine.webp",820,680,false],"1536x1536":["https:\/\/www.eggmachinery.com\/wp-content\/uploads\/2023\/03\/Egg-Packing-Machine.webp",820,680,false],"2048x2048":["https:\/\/www.eggmachinery.com\/wp-content\/uploads\/2023\/03\/Egg-Packing-Machine.webp",820,680,false],"trp-custom-language-flag":["https:\/\/www.eggmachinery.com\/wp-content\/uploads\/2023\/03\/Egg-Packing-Machine.webp",14,12,false],"woocommerce_thumbnail":["https:\/\/www.eggmachinery.com\/wp-content\/uploads\/2023\/03\/Egg-Packing-Machine-300x249.webp",300,249,true],"woocommerce_single":["https:\/\/www.eggmachinery.com\/wp-content\/uploads\/2023\/03\/Egg-Packing-Machine-600x498.webp",600,498,true],"woocommerce_gallery_thumbnail":["https:\/\/www.eggmachinery.com\/wp-content\/uploads\/2023\/03\/Egg-Packing-Machine-100x100.webp",100,100,true]},"post_excerpt_stackable":"<p>This filling machine is an egg liquid filling machine.<\/p>\n<p>This egg liquid filling machine has the following characteristics!<\/p>\n<p>1. Labor saving: One device only needs one person to operate, and related preparations can also be done when the device is filling. Only one more person is needed to cooperate with packing, sealing and palletizing to complete the production!<\/p>\n<p>2. Fast speed: Take filling 10 liters of egg liquid as an example, it can produce 180 to 200 bags per hour!<\/p>\n","category_list":"","author_info":{"name":"","url":""},"comments_num":"0 comments","_links":{"self":[{"href":"https:\/\/www.eggmachinery.com\/fr\/wp-json\/wp\/v2\/product\/827"}],"collection":[{"href":"https:\/\/www.eggmachinery.com\/fr\/wp-json\/wp\/v2\/product"}],"about":[{"href":"https:\/\/www.eggmachinery.com\/fr\/wp-json\/wp\/v2\/types\/product"}],"wp:featuredmedia":[{"embeddable":true,"href":"https:\/\/www.eggmachinery.com\/fr\/wp-json\/wp\/v2\/media\/828"}],"wp:attachment":[{"href":"https:\/\/www.eggmachinery.com\/fr\/wp-json\/wp\/v2\/media?parent=827"}],"wp:term":[{"taxonomy":"product_cat","embeddable":true,"href":"https:\/\/www.eggmachinery.com\/fr\/wp-json\/wp\/v2\/product_cat?post=827"},{"taxonomy":"product_tag","embeddable":true,"href":"https:\/\/www.eggmachinery.com\/fr\/wp-json\/wp\/v2\/product_tag?post=827"}],"curies":[{"name":"wp","href":"https:\/\/api.w.org\/{rel}","templated":true}]}}