{"id":832,"date":"2023-03-24T10:45:12","date_gmt":"2023-03-24T02:45:12","guid":{"rendered":"https:\/\/eggmachinery.com\/?post_type=product&#038;p=832"},"modified":"2023-04-01T12:50:38","modified_gmt":"2023-04-01T04:50:38","slug":"egg-powder-processing-equipment","status":"publish","type":"product","link":"https:\/\/www.eggmachinery.com\/fr\/produit\/egg-powder-processing-equipment\/","title":{"rendered":"\u00c9quipement de traitement de la poudre d'\u0153uf"},"content":{"rendered":"<p>La machine de fabrication de poudre d'\u0153uf est largement utilis\u00e9e dans le processus de formation des liquides et dans l'industrie du s\u00e9chage. La machine de production de poudre d'\u0153uf adopte la technologie de s\u00e9chage par atomisation pour pulv\u00e9riser le mat\u00e9riau liquide dans un brouillard et le faire s\u00e9cher par contact avec de l'air chaud. Elle est principalement utilis\u00e9e pour le s\u00e9chage de certains liquides sensibles \u00e0 la chaleur, de suspensions et de liquides visqueux, tels que les \u0153ufs liquides, les tanins, le lait et les m\u00e9dicaments. Il est \u00e9galement utilis\u00e9 pour s\u00e9cher les carburants, les produits interm\u00e9diaires, la poudre de savon et les sels inorganiques.<\/p>\n<p>Par cons\u00e9quent, le s\u00e9chage par atomisation est l'une des technologies les plus recherch\u00e9es lorsque la taille et la distribution des particules des produits finaux, leur teneur en eau r\u00e9siduelle, la densit\u00e9 de stockage et la forme des particules r\u00e9pondent \u00e0 des normes de pr\u00e9cision.<\/p>","protected":false},"excerpt":{"rendered":"<p>La machine de fabrication de poudre d'\u0153uf est largement utilis\u00e9e dans le processus de formation des liquides et dans l'industrie du s\u00e9chage. La machine de production de poudre d'\u0153uf adopte la technologie de s\u00e9chage par atomisation pour pulv\u00e9riser le mat\u00e9riau liquide dans un brouillard et le faire s\u00e9cher par contact avec de l'air chaud. Elle est principalement utilis\u00e9e pour le s\u00e9chage de certains liquides sensibles \u00e0 la chaleur, de suspensions et de liquides visqueux, tels que les \u0153ufs liquides, les tanins, le lait et les m\u00e9dicaments. Il est \u00e9galement utilis\u00e9 pour s\u00e9cher les carburants, les produits interm\u00e9diaires, la poudre de savon et les sels inorganiques.<\/p>\n<p>Par cons\u00e9quent, le s\u00e9chage par atomisation est l'une des technologies les plus recherch\u00e9es lorsque la taille et la distribution des particules des produits finaux, leur teneur en eau r\u00e9siduelle, la densit\u00e9 de stockage et la forme des particules r\u00e9pondent \u00e0 des normes de pr\u00e9cision.<\/p>","protected":false},"featured_media":833,"template":"","meta":{"_seopress_robots_primary_cat":"none"},"product_cat":[34,35],"product_tag":[],"featured_image_urls":{"full":["https:\/\/www.eggmachinery.com\/wp-content\/uploads\/2023\/03\/Egg-powder-processing-equipment.webp",820,680,false],"thumbnail":["https:\/\/www.eggmachinery.com\/wp-content\/uploads\/2023\/03\/Egg-powder-processing-equipment-150x150.webp",150,150,true],"medium":["https:\/\/www.eggmachinery.com\/wp-content\/uploads\/2023\/03\/Egg-powder-processing-equipment-300x249.webp",300,249,true],"medium_large":["https:\/\/www.eggmachinery.com\/wp-content\/uploads\/2023\/03\/Egg-powder-processing-equipment-768x637.webp",768,637,true],"large":["https:\/\/www.eggmachinery.com\/wp-content\/uploads\/2023\/03\/Egg-powder-processing-equipment.webp",820,680,false],"1536x1536":["https:\/\/www.eggmachinery.com\/wp-content\/uploads\/2023\/03\/Egg-powder-processing-equipment.webp",820,680,false],"2048x2048":["https:\/\/www.eggmachinery.com\/wp-content\/uploads\/2023\/03\/Egg-powder-processing-equipment.webp",820,680,false],"trp-custom-language-flag":["https:\/\/www.eggmachinery.com\/wp-content\/uploads\/2023\/03\/Egg-powder-processing-equipment.webp",14,12,false],"woocommerce_thumbnail":["https:\/\/www.eggmachinery.com\/wp-content\/uploads\/2023\/03\/Egg-powder-processing-equipment-300x249.webp",300,249,true],"woocommerce_single":["https:\/\/www.eggmachinery.com\/wp-content\/uploads\/2023\/03\/Egg-powder-processing-equipment-600x498.webp",600,498,true],"woocommerce_gallery_thumbnail":["https:\/\/www.eggmachinery.com\/wp-content\/uploads\/2023\/03\/Egg-powder-processing-equipment-100x100.webp",100,100,true]},"post_excerpt_stackable":"<p>Egg powder making machine \u00a0is widely used in liquid forming process and drying industry. The egg powder machine adopt spray drying technology to spray the liquid material into a fog, make it dry by contacting with hot air. It is mainly used for drying some heat-sensitive liquids, suspensions, and viscous liquids, such as liquid eggs, tannins, milk and drugs. Also used for drying fuel, intermediates, soap powder and inorganic salts.<\/p>\n<p>Therefore, the spray drying is one of the most desired technologies when the particle size and distribution of the final products, their residual water contents, and the stocking density and the particle shape can meet the precision standards.<\/p>\n","category_list":"","author_info":{"name":"","url":""},"comments_num":"0 comments","_links":{"self":[{"href":"https:\/\/www.eggmachinery.com\/fr\/wp-json\/wp\/v2\/product\/832"}],"collection":[{"href":"https:\/\/www.eggmachinery.com\/fr\/wp-json\/wp\/v2\/product"}],"about":[{"href":"https:\/\/www.eggmachinery.com\/fr\/wp-json\/wp\/v2\/types\/product"}],"wp:featuredmedia":[{"embeddable":true,"href":"https:\/\/www.eggmachinery.com\/fr\/wp-json\/wp\/v2\/media\/833"}],"wp:attachment":[{"href":"https:\/\/www.eggmachinery.com\/fr\/wp-json\/wp\/v2\/media?parent=832"}],"wp:term":[{"taxonomy":"product_cat","embeddable":true,"href":"https:\/\/www.eggmachinery.com\/fr\/wp-json\/wp\/v2\/product_cat?post=832"},{"taxonomy":"product_tag","embeddable":true,"href":"https:\/\/www.eggmachinery.com\/fr\/wp-json\/wp\/v2\/product_tag?post=832"}],"curies":[{"name":"wp","href":"https:\/\/api.w.org\/{rel}","templated":true}]}}