{"id":837,"date":"2023-03-24T15:49:46","date_gmt":"2023-03-24T07:49:46","guid":{"rendered":"https:\/\/eggmachinery.com\/?post_type=product&#038;p=837"},"modified":"2023-04-01T12:48:08","modified_gmt":"2023-04-01T04:48:08","slug":"egg-inspection-conveyor","status":"publish","type":"product","link":"https:\/\/www.eggmachinery.com\/fr\/produit\/egg-inspection-conveyor\/","title":{"rendered":"Convoyeur d'inspection des \u0153ufs"},"content":{"rendered":"<p>Nom : Convoyeur d'inspection<\/p>\n<p>Fonction :Les \u0153ufs de caille ou les \u0153ufs \u00e9pluch\u00e9s tombent sur le convoyeur de sortie pour le contr\u00f4le de la qualit\u00e9.<\/p>\n<p>Le cadre principal est enti\u00e8rement fabriqu\u00e9 en acier inoxydable SUS304 de qualit\u00e9 alimentaire.<\/p>\n<p>La plaque de la machine est une plaque SUS304 de 2,0 mm, et le tube de support du corps est de 38*38*2,0 mm, l'ensemble de la machine est lisse et sans bavures. Le dispositif de transport adopte un tube en acier inoxydable SUS304 pour le transport. La fonction de pulv\u00e9risation d'eau automatique permet d'\u00e9liminer les particules fines \u00e0 la surface de l'\u0153uf.<\/p>","protected":false},"excerpt":{"rendered":"<p>Les \u0153ufs de caille d\u00e9cortiqu\u00e9s ou les \u0153ufs tombent sur le convoyeur de sortie pour le contr\u00f4le de la qualit\u00e9. La fonction de pulv\u00e9risation d'eau automatique permet d'\u00e9liminer les particules fines \u00e0 la surface des \u0153ufs.<\/p>","protected":false},"featured_media":838,"template":"","meta":{"_seopress_robots_primary_cat":"none"},"product_cat":[36],"product_tag":[],"featured_image_urls":{"full":["https:\/\/www.eggmachinery.com\/wp-content\/uploads\/2023\/03\/egg-inspection-conveyor.webp",820,680,false],"thumbnail":["https:\/\/www.eggmachinery.com\/wp-content\/uploads\/2023\/03\/egg-inspection-conveyor-150x150.webp",150,150,true],"medium":["https:\/\/www.eggmachinery.com\/wp-content\/uploads\/2023\/03\/egg-inspection-conveyor-300x249.webp",300,249,true],"medium_large":["https:\/\/www.eggmachinery.com\/wp-content\/uploads\/2023\/03\/egg-inspection-conveyor-768x637.webp",768,637,true],"large":["https:\/\/www.eggmachinery.com\/wp-content\/uploads\/2023\/03\/egg-inspection-conveyor.webp",820,680,false],"1536x1536":["https:\/\/www.eggmachinery.com\/wp-content\/uploads\/2023\/03\/egg-inspection-conveyor.webp",820,680,false],"2048x2048":["https:\/\/www.eggmachinery.com\/wp-content\/uploads\/2023\/03\/egg-inspection-conveyor.webp",820,680,false],"trp-custom-language-flag":["https:\/\/www.eggmachinery.com\/wp-content\/uploads\/2023\/03\/egg-inspection-conveyor.webp",14,12,false],"woocommerce_thumbnail":["https:\/\/www.eggmachinery.com\/wp-content\/uploads\/2023\/03\/egg-inspection-conveyor-300x249.webp",300,249,true],"woocommerce_single":["https:\/\/www.eggmachinery.com\/wp-content\/uploads\/2023\/03\/egg-inspection-conveyor-600x498.webp",600,498,true],"woocommerce_gallery_thumbnail":["https:\/\/www.eggmachinery.com\/wp-content\/uploads\/2023\/03\/egg-inspection-conveyor-100x100.webp",100,100,true]},"post_excerpt_stackable":"<p>The peeled quail eggs\u00a0 or eggs fall on the discharged conveyor for quality control.The automatic water spray function can wash away the fine particles on the egg surface<\/p>\n","category_list":"","author_info":{"name":"","url":""},"comments_num":"0 comments","_links":{"self":[{"href":"https:\/\/www.eggmachinery.com\/fr\/wp-json\/wp\/v2\/product\/837"}],"collection":[{"href":"https:\/\/www.eggmachinery.com\/fr\/wp-json\/wp\/v2\/product"}],"about":[{"href":"https:\/\/www.eggmachinery.com\/fr\/wp-json\/wp\/v2\/types\/product"}],"wp:featuredmedia":[{"embeddable":true,"href":"https:\/\/www.eggmachinery.com\/fr\/wp-json\/wp\/v2\/media\/838"}],"wp:attachment":[{"href":"https:\/\/www.eggmachinery.com\/fr\/wp-json\/wp\/v2\/media?parent=837"}],"wp:term":[{"taxonomy":"product_cat","embeddable":true,"href":"https:\/\/www.eggmachinery.com\/fr\/wp-json\/wp\/v2\/product_cat?post=837"},{"taxonomy":"product_tag","embeddable":true,"href":"https:\/\/www.eggmachinery.com\/fr\/wp-json\/wp\/v2\/product_tag?post=837"}],"curies":[{"name":"wp","href":"https:\/\/api.w.org\/{rel}","templated":true}]}}