{"id":88,"date":"2023-11-19T16:09:26","date_gmt":"2023-11-19T08:09:26","guid":{"rendered":"https:\/\/demo.creativethemes.com\/blocksy\/homi\/?post_type=product&#038;p=88"},"modified":"2023-11-21T10:30:34","modified_gmt":"2023-11-21T02:30:34","slug":"egg-shelling-machine","status":"publish","type":"product","link":"https:\/\/www.eggmachinery.com\/fr\/produit\/egg-shelling-machine\/","title":{"rendered":"Machine \u00e0 d\u00e9cortiquer les \u0153ufs"},"content":{"rendered":"<h2><strong><b><a href=\"https:\/\/www.eggmachinery.com\/fr\/produit\/chicken-egg-peeling-machine\/\">\u00a0Machine \u00e0 \u00e9plucher les \u0153ufs<\/a> Vid\u00e9o<\/b><\/strong><\/h2>\n<p>La machine \u00e0 peler les \u0153ufs de poule est un \u00e9quipement sp\u00e9cial pour peler les \u0153ufs de poule cuits durs, adapt\u00e9 aux utilisateurs de la transformation des \u0153ufs. Cette machine \u00e0 peler les \u0153ufs adopte des rouleaux en caoutchouc et un fort impact d'eau, ce qui r\u00e9duit consid\u00e9rablement le taux d'endommagement des \u0153ufs. Sa structure est tr\u00e8s exquise, imitant le frottement artificiel des \u0153ufs, l'effet est meilleur. Le taux d'\u00e9pluchage peut atteindre 98,5%, et les \u0153ufs \u00e9pluch\u00e9s finaux sont lisses et beaux.<\/p>\n<div style=\"width: 1290px;\" class=\"wp-video\"><!--[if lt IE 9]><script>document.createElement('video');<\/script><![endif]-->\n<video class=\"wp-video-shortcode\" id=\"video-88-1\" width=\"1290\" height=\"726\" preload=\"metadata\" controls=\"controls\"><source type=\"video\/mp4\" src=\"https:\/\/www.eggmachinery.com\/wp-content\/uploads\/2023\/03\/egg-peeling-machine-video-2.mp4?_=1\" \/><a href=\"https:\/\/www.eggmachinery.com\/wp-content\/uploads\/2023\/03\/egg-peeling-machine-video-2.mp4\">https:\/\/www.eggmachinery.com\/wp-content\/uploads\/2023\/03\/egg-peeling-machine-video-2.mp4<\/a><\/video><\/div>\n<p>&nbsp;<\/p>\n<h2><strong><b>Machine \u00e0 \u00e9plucher les \u0153ufs <\/b><\/strong><strong><b>Caract\u00e9ristiques<\/b><\/strong><\/h2>\n<p><b><\/b><br \/>\n1. La machine \u00e0 peler les \u0153ufs imite les \u0153ufs frott\u00e9s artificiels, il est facile de peler la coquille de l'\u0153uf.<\/p>\n<p>2. il a le meilleur effet d'\u00e9pluchage et n'ab\u00eeme pas la surface de l'\u0153uf. Les \u0153ufs \u00e9pluch\u00e9s sont lisses et beaux.<\/p>\n<p>3. la machine est fabriqu\u00e9e en acier inoxydable 304, durable et hygi\u00e9nique, facile \u00e0 nettoyer.<br \/>\n4. Cette machine \u00e0 \u00e9caler les \u0153ufs comprend l'alimentation, l'\u00e9calage, le pelage et le d\u00e9chargement. Son fonctionnement automatique permet d'\u00e9conomiser de la main-d'\u0153uvre.<br \/>\n5. Il adopte des rouleaux en caoutchouc et un fort impact de l'eau, ce qui r\u00e9duit consid\u00e9rablement le taux d'endommagement des \u0153ufs.<br \/>\n6. Grande capacit\u00e9, 5k, 8 k et 10 k \u0153ufs\/heure sont disponibles, convenant aux usines alimentaires, aux restaurants, etc.<br \/>\n7. R\u00e9servoir de circulation d'eau, \u00e9conomisant l'eau et les co\u00fbts.<\/p>\n<p>&nbsp;<\/p>\n<p>&nbsp;<\/p>\n<h3><strong><b>Caract\u00e9ristiques de la machine \u00e0 \u00e9plucher les \u0153ufs durs<\/b><\/strong><\/h3>\n<p>1. machine sp\u00e9ciale pour \u00e9caler les \u0153ufs, haute efficacit\u00e9, faible taux de casse.<br \/>\n2. enti\u00e8rement en acier inoxydable 304, conforme aux normes d'hygi\u00e8ne.<br \/>\n3. adoption d'un syst\u00e8me de recyclage de l'eau, \u00e9conomie d'\u00e9nergie.<br \/>\n4. plus de 98% de taux de pelage, 0,2% de taux d'endommagement.<br \/>\n5. conception sp\u00e9ciale, structure compacte, surface lisse, pas d'\u00e9raflures sur les \u0153ufs.<br \/>\n6. convient aux fabricants d'oeufs \u00e0 la coque, d'oeufs \u00e9pic\u00e9s, d'oeufs en fer et d'oeufs peints en rouge.<\/p>\n<p>&nbsp;<\/p>\n<p><strong><b>\u00a0<\/b><\/strong><\/p>\n<p><strong><b>Fonctionnement de la machine \u00e0 \u00e9plucher les \u0153ufs de poule<\/b><\/strong><\/p>\n<p>Placer tous les \u0153ufs durs dans le r\u00e9servoir d'alimentation en eau pour les refroidir ;<br \/>\nAcheminement automatique des \u0153ufs refroidis dans la partie de cassage de la coquille ;<br \/>\nPartie \u00e9calage : casser la coquille de l'\u0153uf sans l'ab\u00eemer ;<br \/>\nPartie pelable : Retirer la coquille craquel\u00e9e sous une douche d'eau et<a href=\"https:\/\/www.eggmachinery.com\/fr\/produit\/rubber-roller-tube-for-egg-machine\/\"> tube en latex import\u00e9<\/a>;<\/p>\n<p>Le convoyeur de collecte permet de collecter les \u0153ufs \u00e9cal\u00e9s et de ramasser les mauvais.<\/p>","protected":false},"excerpt":{"rendered":"<p>La machine \u00e0 peler les \u0153ufs de poule est un \u00e9quipement sp\u00e9cial pour peler les \u0153ufs de poule cuits durs. Elle convient aux utilisateurs d'\u0153ufs.<\/p>","protected":false},"featured_media":722,"template":"","meta":{"_seopress_robots_primary_cat":"none"},"product_cat":[19],"product_tag":[],"featured_image_urls":{"full":["https:\/\/www.eggmachinery.com\/wp-content\/uploads\/2021\/04\/egg-shelling-machine.webp",820,680,false],"thumbnail":["https:\/\/www.eggmachinery.com\/wp-content\/uploads\/2021\/04\/egg-shelling-machine-150x150.webp",150,150,true],"medium":["https:\/\/www.eggmachinery.com\/wp-content\/uploads\/2021\/04\/egg-shelling-machine-300x249.webp",300,249,true],"medium_large":["https:\/\/www.eggmachinery.com\/wp-content\/uploads\/2021\/04\/egg-shelling-machine-768x637.webp",768,637,true],"large":["https:\/\/www.eggmachinery.com\/wp-content\/uploads\/2021\/04\/egg-shelling-machine.webp",820,680,false],"1536x1536":["https:\/\/www.eggmachinery.com\/wp-content\/uploads\/2021\/04\/egg-shelling-machine.webp",820,680,false],"2048x2048":["https:\/\/www.eggmachinery.com\/wp-content\/uploads\/2021\/04\/egg-shelling-machine.webp",820,680,false],"trp-custom-language-flag":["https:\/\/www.eggmachinery.com\/wp-content\/uploads\/2021\/04\/egg-shelling-machine.webp",14,12,false],"woocommerce_thumbnail":["https:\/\/www.eggmachinery.com\/wp-content\/uploads\/2021\/04\/egg-shelling-machine-300x249.webp",300,249,true],"woocommerce_single":["https:\/\/www.eggmachinery.com\/wp-content\/uploads\/2021\/04\/egg-shelling-machine-600x498.webp",600,498,true],"woocommerce_gallery_thumbnail":["https:\/\/www.eggmachinery.com\/wp-content\/uploads\/2021\/04\/egg-shelling-machine-100x100.webp",100,100,true]},"post_excerpt_stackable":"<p>The chicken egg peeling machine is a special equipment for peeling hard cooked chicken eggs, suitable for egg processing users.<\/p>\n","category_list":"","author_info":{"name":"","url":""},"comments_num":"0 comments","_links":{"self":[{"href":"https:\/\/www.eggmachinery.com\/fr\/wp-json\/wp\/v2\/product\/88"}],"collection":[{"href":"https:\/\/www.eggmachinery.com\/fr\/wp-json\/wp\/v2\/product"}],"about":[{"href":"https:\/\/www.eggmachinery.com\/fr\/wp-json\/wp\/v2\/types\/product"}],"wp:featuredmedia":[{"embeddable":true,"href":"https:\/\/www.eggmachinery.com\/fr\/wp-json\/wp\/v2\/media\/722"}],"wp:attachment":[{"href":"https:\/\/www.eggmachinery.com\/fr\/wp-json\/wp\/v2\/media?parent=88"}],"wp:term":[{"taxonomy":"product_cat","embeddable":true,"href":"https:\/\/www.eggmachinery.com\/fr\/wp-json\/wp\/v2\/product_cat?post=88"},{"taxonomy":"product_tag","embeddable":true,"href":"https:\/\/www.eggmachinery.com\/fr\/wp-json\/wp\/v2\/product_tag?post=88"}],"curies":[{"name":"wp","href":"https:\/\/api.w.org\/{rel}","templated":true}]}}