{"id":2160,"date":"2023-11-17T15:47:15","date_gmt":"2023-11-17T07:47:15","guid":{"rendered":"https:\/\/www.eggmachinery.com\/?post_type=product&#038;p=2160"},"modified":"2024-01-24T14:19:18","modified_gmt":"2024-01-24T06:19:18","slug":"vacuum-egg-sucker-machine","status":"publish","type":"product","link":"https:\/\/www.eggmachinery.com\/tr\/urun\/vacuum-egg-sucker-machine\/","title":{"rendered":"Vacuum Egg Sucker Machine"},"content":{"rendered":"<h2><strong><a href=\"https:\/\/www.eggmachinery.com\/tr\/30pcs-egg-sucker-machine-vacuum-egg-collecting-machine-egg-suction-machine\/\">Vakumlu Yumurta Kald\u0131r\u0131c\u0131<\/a> Giri\u015f <\/strong><\/h2>\n<p>&nbsp;<\/p>\n<p>Vakum mekanizmas\u0131 ile donat\u0131lm\u0131\u015f yar\u0131 otomatik yumurta kald\u0131r\u0131c\u0131, yumurtalar\u0131n nazik\u00e7e ta\u015f\u0131nmas\u0131 i\u00e7in \u00f6zel olarak \u00fcretilmi\u015ftir. Yumurta kald\u0131r\u0131c\u0131 \u00fcnitesi bir veya iki yumurta kald\u0131rma kafas\u0131 i\u00e7erir ve her biri yumurtalar\u0131n kolay tak\u0131lmas\u0131 veya b\u0131rak\u0131lmas\u0131 i\u00e7in bir tutamak anahtar\u0131na sahiptir. Ayr\u0131ca, zikzak tepsilerle sorunsuz \u00e7al\u0131\u015fmay\u0131 sa\u011flayan d\u00f6ner kafal\u0131 yumurta kald\u0131r\u0131c\u0131lar da sunulmaktad\u0131r.<\/p>\n<p><img decoding=\"async\" loading=\"lazy\" class=\"alignnone size-full wp-image-2964\" src=\"https:\/\/www.eggmachinery.com\/wp-content\/uploads\/vacuum-egg-lifter-2.webp\" alt=\"vacuum egg lifter\" width=\"750\" height=\"750\" srcset=\"https:\/\/www.eggmachinery.com\/wp-content\/uploads\/vacuum-egg-lifter-2.webp 750w, https:\/\/www.eggmachinery.com\/wp-content\/uploads\/vacuum-egg-lifter-2-300x300.webp 300w, https:\/\/www.eggmachinery.com\/wp-content\/uploads\/vacuum-egg-lifter-2-150x150.webp 150w, https:\/\/www.eggmachinery.com\/wp-content\/uploads\/vacuum-egg-lifter-2-600x600.webp 600w, https:\/\/www.eggmachinery.com\/wp-content\/uploads\/vacuum-egg-lifter-2-100x100.webp 100w\" sizes=\"(max-width: 750px) 100vw, 750px\" \/><\/p>\n<ol>\n<li>Minimizes egg damage rates.<\/li>\n<li>Enhances efficiency and ensures the safe transfer of eggs.<\/li>\n<li>Mitigates the risk of contamination from hands.<\/li>\n<li>Various configurations are offered for chicken, duck, and turkey eggs.<\/li>\n<\/ol>\n<p>&nbsp;<\/p>\n<h2><a href=\"https:\/\/www.eggmachinery.com\/tr\/30pcs-egg-sucker-machine-vacuum-egg-collecting-machine-egg-suction-machine\/\"><strong>Vacuum Egg Sucker Machine <\/strong><\/a><strong>\u015eartname<\/strong><\/h2>\n<table style=\"height: 241px;\" width=\"713\">\n<tbody>\n<tr>\n<td>Gerilim<\/td>\n<td>220v<\/td>\n<\/tr>\n<tr>\n<td>G\u00fc\u00e7<\/td>\n<td>550w<\/td>\n<\/tr>\n<tr>\n<td>Kapasite<\/td>\n<td>30-60 adet\/zaman<\/td>\n<\/tr>\n<tr>\n<td>Boyut<\/td>\n<td>300*300*300mm<\/td>\n<\/tr>\n<tr>\n<td>A\u011f\u0131rl\u0131k<\/td>\n<td>25kg<\/td>\n<\/tr>\n<\/tbody>\n<\/table>\n<p><img decoding=\"async\" loading=\"lazy\" class=\"alignnone size-full wp-image-2965\" src=\"https:\/\/www.eggmachinery.com\/wp-content\/uploads\/vacuum-egg-lifter-3.webp\" alt=\"vacuum egg lifter\" width=\"750\" height=\"750\" srcset=\"https:\/\/www.eggmachinery.com\/wp-content\/uploads\/vacuum-egg-lifter-3.webp 750w, https:\/\/www.eggmachinery.com\/wp-content\/uploads\/vacuum-egg-lifter-3-300x300.webp 300w, https:\/\/www.eggmachinery.com\/wp-content\/uploads\/vacuum-egg-lifter-3-150x150.webp 150w, https:\/\/www.eggmachinery.com\/wp-content\/uploads\/vacuum-egg-lifter-3-600x600.webp 600w, https:\/\/www.eggmachinery.com\/wp-content\/uploads\/vacuum-egg-lifter-3-100x100.webp 100w\" sizes=\"(max-width: 750px) 100vw, 750px\" \/><img decoding=\"async\" loading=\"lazy\" class=\"alignnone size-full wp-image-2966\" src=\"https:\/\/www.eggmachinery.com\/wp-content\/uploads\/vacuum-egg-lifter-4.webp\" alt=\"vacuum egg lifter\" width=\"750\" height=\"750\" srcset=\"https:\/\/www.eggmachinery.com\/wp-content\/uploads\/vacuum-egg-lifter-4.webp 750w, https:\/\/www.eggmachinery.com\/wp-content\/uploads\/vacuum-egg-lifter-4-300x300.webp 300w, https:\/\/www.eggmachinery.com\/wp-content\/uploads\/vacuum-egg-lifter-4-150x150.webp 150w, https:\/\/www.eggmachinery.com\/wp-content\/uploads\/vacuum-egg-lifter-4-600x600.webp 600w, https:\/\/www.eggmachinery.com\/wp-content\/uploads\/vacuum-egg-lifter-4-100x100.webp 100w\" sizes=\"(max-width: 750px) 100vw, 750px\" \/><img decoding=\"async\" loading=\"lazy\" class=\"alignnone size-full wp-image-2967\" src=\"https:\/\/www.eggmachinery.com\/wp-content\/uploads\/vacuum-egg-lifter-5.webp\" alt=\"vacuum egg lifter\" width=\"750\" height=\"750\" srcset=\"https:\/\/www.eggmachinery.com\/wp-content\/uploads\/vacuum-egg-lifter-5.webp 750w, https:\/\/www.eggmachinery.com\/wp-content\/uploads\/vacuum-egg-lifter-5-300x300.webp 300w, https:\/\/www.eggmachinery.com\/wp-content\/uploads\/vacuum-egg-lifter-5-150x150.webp 150w, https:\/\/www.eggmachinery.com\/wp-content\/uploads\/vacuum-egg-lifter-5-600x600.webp 600w, https:\/\/www.eggmachinery.com\/wp-content\/uploads\/vacuum-egg-lifter-5-100x100.webp 100w\" sizes=\"(max-width: 750px) 100vw, 750px\" \/><img decoding=\"async\" loading=\"lazy\" class=\"alignnone size-full wp-image-2968\" src=\"https:\/\/www.eggmachinery.com\/wp-content\/uploads\/vacuum-egg-lifter-6.webp\" alt=\"vacuum egg lifter\" width=\"750\" height=\"750\" srcset=\"https:\/\/www.eggmachinery.com\/wp-content\/uploads\/vacuum-egg-lifter-6.webp 750w, https:\/\/www.eggmachinery.com\/wp-content\/uploads\/vacuum-egg-lifter-6-300x300.webp 300w, https:\/\/www.eggmachinery.com\/wp-content\/uploads\/vacuum-egg-lifter-6-150x150.webp 150w, https:\/\/www.eggmachinery.com\/wp-content\/uploads\/vacuum-egg-lifter-6-600x600.webp 600w, https:\/\/www.eggmachinery.com\/wp-content\/uploads\/vacuum-egg-lifter-6-100x100.webp 100w\" sizes=\"(max-width: 750px) 100vw, 750px\" \/><\/p>","protected":false},"excerpt":{"rendered":"<p>Vacuum Egg Lifter. This system comprises an operational hand and a vacuum pump. The operational process is ideal for tray-type eggs, with a standard specification of 30 eggs per tray.<\/p>","protected":false},"featured_media":2163,"template":"","meta":{"_seopress_robots_primary_cat":"none"},"product_cat":[15],"product_tag":[],"featured_image_urls":{"full":["https:\/\/www.eggmachinery.com\/wp-content\/uploads\/Egg-sucker-machine-1.webp",750,750,false],"thumbnail":["https:\/\/www.eggmachinery.com\/wp-content\/uploads\/Egg-sucker-machine-1-150x150.webp",150,150,true],"medium":["https:\/\/www.eggmachinery.com\/wp-content\/uploads\/Egg-sucker-machine-1-300x300.webp",300,300,true],"medium_large":["https:\/\/www.eggmachinery.com\/wp-content\/uploads\/Egg-sucker-machine-1.webp",750,750,false],"large":["https:\/\/www.eggmachinery.com\/wp-content\/uploads\/Egg-sucker-machine-1.webp",750,750,false],"1536x1536":["https:\/\/www.eggmachinery.com\/wp-content\/uploads\/Egg-sucker-machine-1.webp",750,750,false],"2048x2048":["https:\/\/www.eggmachinery.com\/wp-content\/uploads\/Egg-sucker-machine-1.webp",750,750,false],"trp-custom-language-flag":["https:\/\/www.eggmachinery.com\/wp-content\/uploads\/Egg-sucker-machine-1.webp",12,12,false],"woocommerce_thumbnail":["https:\/\/www.eggmachinery.com\/wp-content\/uploads\/Egg-sucker-machine-1-300x300.webp",300,300,true],"woocommerce_single":["https:\/\/www.eggmachinery.com\/wp-content\/uploads\/Egg-sucker-machine-1-600x600.webp",600,600,true],"woocommerce_gallery_thumbnail":["https:\/\/www.eggmachinery.com\/wp-content\/uploads\/Egg-sucker-machine-1-100x100.webp",100,100,true]},"post_excerpt_stackable":"<p>Vacuum Egg Lifter. This system comprises an operational hand and a vacuum pump. The operational process is ideal for tray-type eggs, with a standard specification of 30 eggs per tray.<\/p>\n","category_list":"","author_info":{"name":"","url":""},"comments_num":"0 comments","_links":{"self":[{"href":"https:\/\/www.eggmachinery.com\/tr\/wp-json\/wp\/v2\/product\/2160"}],"collection":[{"href":"https:\/\/www.eggmachinery.com\/tr\/wp-json\/wp\/v2\/product"}],"about":[{"href":"https:\/\/www.eggmachinery.com\/tr\/wp-json\/wp\/v2\/types\/product"}],"wp:featuredmedia":[{"embeddable":true,"href":"https:\/\/www.eggmachinery.com\/tr\/wp-json\/wp\/v2\/media\/2163"}],"wp:attachment":[{"href":"https:\/\/www.eggmachinery.com\/tr\/wp-json\/wp\/v2\/media?parent=2160"}],"wp:term":[{"taxonomy":"product_cat","embeddable":true,"href":"https:\/\/www.eggmachinery.com\/tr\/wp-json\/wp\/v2\/product_cat?post=2160"},{"taxonomy":"product_tag","embeddable":true,"href":"https:\/\/www.eggmachinery.com\/tr\/wp-json\/wp\/v2\/product_tag?post=2160"}],"curies":[{"name":"wp","href":"https:\/\/api.w.org\/{rel}","templated":true}]}}