{"id":2652,"date":"2024-01-10T11:05:27","date_gmt":"2024-01-10T03:05:27","guid":{"rendered":"https:\/\/www.eggmachinery.com\/?post_type=product&#038;p=2652"},"modified":"2026-03-10T15:07:07","modified_gmt":"2026-03-10T07:07:07","slug":"5000-eggs-per-hour-chicken-egg-peeler","status":"publish","type":"product","link":"https:\/\/www.eggmachinery.com\/tr\/urun\/5000-eggs-per-hour-chicken-egg-peeler\/","title":{"rendered":"5000 Eggs Per Hour Chicken Egg Peeler"},"content":{"rendered":"<h2><a href=\"https:\/\/www.eggmachinery.com\/tr\/urun\/commercial-hard-boiled-egg-peeler\/\"><u>5000 <\/u><u>E<\/u><u>ggs <\/u><u>C<\/u><u>hicken <\/u><u>E<\/u><u>gg <\/u><u>P<\/u><u>eeler <\/u><u>M<\/u><u>achine<\/u><\/a><strong>\u00a0<\/strong><strong>D<\/strong><strong>ata <\/strong><strong>S<\/strong><strong>heet<\/strong><\/h2>\n<p><img decoding=\"async\" loading=\"lazy\" class=\"alignnone size-full wp-image-2896\" src=\"https:\/\/www.eggmachinery.com\/wp-content\/uploads\/egg-peeling-machine-4.webp\" alt=\"egg peeling machine\" width=\"750\" height=\"750\" srcset=\"https:\/\/www.eggmachinery.com\/wp-content\/uploads\/egg-peeling-machine-4.webp 750w, https:\/\/www.eggmachinery.com\/wp-content\/uploads\/egg-peeling-machine-4-300x300.webp 300w, https:\/\/www.eggmachinery.com\/wp-content\/uploads\/egg-peeling-machine-4-150x150.webp 150w, https:\/\/www.eggmachinery.com\/wp-content\/uploads\/egg-peeling-machine-4-600x600.webp 600w, https:\/\/www.eggmachinery.com\/wp-content\/uploads\/egg-peeling-machine-4-100x100.webp 100w\" sizes=\"(max-width: 750px) 100vw, 750px\" \/><\/p>\n<p>&nbsp;<\/p>\n<p>Size : 2800*900*1210 MM<\/p>\n<p>&nbsp;<\/p>\n<p>&nbsp;<\/p>\n<p>Material The entire machine is constructed from 304 stainless steel. The panel thickness is 1.2mm, and the bracket thickness is 3.0mm.<\/p>\n<p>&nbsp;<\/p>\n<p>&nbsp;<\/p>\n<p>Output Capable of peeling5,000 pieces per hour.<\/p>\n<p>&nbsp;<\/p>\n<p>&nbsp;<\/p>\n<p>Voltage 220V, Power: 3.5KW<\/p>\n<p>&nbsp;<\/p>\n<p>&nbsp;<\/p>\n<p>Weight 1800Kg<\/p>\n<p>&nbsp;<\/p>\n<h2><strong>C<\/strong><strong>hicken <\/strong><strong>E<\/strong><strong>gg <\/strong><strong>P<\/strong><strong>eeler <\/strong><strong>M<\/strong><strong>achine<\/strong><strong>\u00a0Product Features<\/strong><\/h2>\n<ol>\n<li>Efficient Separation :The <a href=\"https:\/\/www.eggmachinery.com\/tr\/urun\/commercial-egg-peeling-machine\/\"><u>yumurta soyucu <\/u><\/a>can quickly and cleanly separate eggs from their shells, significantly improving efficiency and reducing labor costs in the egg processing process.<\/li>\n<\/ol>\n<p>&nbsp;<\/p>\n<ol start=\"2\">\n<li>Gentle on Eggs: This machine ensures that the surface of the egg remains undamaged during the peeling process. It achieves high efficiency with a low damage rate, preserving the overall quality of the peeled eggs.<\/li>\n<\/ol>\n<p>&nbsp;<\/p>\n<ol start=\"3\">\n<li>Stainless Steel Construction: The egg peeler is constructed using stainless steel, providing durability, ease of operation, and low noise levels. The use of stainless steel ensures hygiene and facilitates easy cleaning of the equipment.<\/li>\n<\/ol>\n<p>&nbsp;<\/p>\n<p>&nbsp;<\/p>\n<h2><strong>C<\/strong><strong>hicken <\/strong><strong>E<\/strong><strong>gg <\/strong><strong>P<\/strong><strong>eeler <\/strong><strong>M<\/strong><strong>achine<\/strong><strong>\u00a0usage steps<\/strong><\/h2>\n<p>&nbsp;<\/p>\n<p>Turn on the water source, power supply and turn on the delivery switch<\/p>\n<p>Pour the cooked eggs into the water tank and adjust the lifting speed\uff08There is a frequency converter in the distribution box that can be adjusted\uff09<\/p>\n<p>Turn on the shell-crushing switch, turn on the water pump switch, and adjust the speed of the shell-crushing so that the shells can be sufficiently crushed (there is a speed regulator in the distribution box that can be adjusted)<\/p>\n<p>Adjust the water flow. When peeling eggs, water is needed to rinse the eggs, which can more effectively remove the eggshells on the surface of the eggs.<\/p>\n<p>Adjust the schedule of shelling (the speed of the hose determines whether the shelling is clean, and it is not easy to be too fast)<\/p>\n<p>Turn on the eggshell transport switch and transport the eggshells out.<\/p>\n<p>Turn on the egg selection transport switch and start selecting bad eggs and eggs that have not been shelled.<\/p>\n<p><img decoding=\"async\" loading=\"lazy\" class=\"alignnone size-full wp-image-2893\" src=\"https:\/\/www.eggmachinery.com\/wp-content\/uploads\/egg-peeling-machine-1.webp\" alt=\"egg peeling machine\" width=\"750\" height=\"750\" srcset=\"https:\/\/www.eggmachinery.com\/wp-content\/uploads\/egg-peeling-machine-1.webp 750w, https:\/\/www.eggmachinery.com\/wp-content\/uploads\/egg-peeling-machine-1-300x300.webp 300w, https:\/\/www.eggmachinery.com\/wp-content\/uploads\/egg-peeling-machine-1-150x150.webp 150w, https:\/\/www.eggmachinery.com\/wp-content\/uploads\/egg-peeling-machine-1-600x600.webp 600w, https:\/\/www.eggmachinery.com\/wp-content\/uploads\/egg-peeling-machine-1-100x100.webp 100w\" sizes=\"(max-width: 750px) 100vw, 750px\" \/><img decoding=\"async\" loading=\"lazy\" class=\"alignnone size-full wp-image-2894\" src=\"https:\/\/www.eggmachinery.com\/wp-content\/uploads\/egg-peeling-machine-2.webp\" alt=\"egg peeling machine\" width=\"750\" height=\"750\" srcset=\"https:\/\/www.eggmachinery.com\/wp-content\/uploads\/egg-peeling-machine-2.webp 750w, https:\/\/www.eggmachinery.com\/wp-content\/uploads\/egg-peeling-machine-2-300x300.webp 300w, https:\/\/www.eggmachinery.com\/wp-content\/uploads\/egg-peeling-machine-2-150x150.webp 150w, https:\/\/www.eggmachinery.com\/wp-content\/uploads\/egg-peeling-machine-2-600x600.webp 600w, https:\/\/www.eggmachinery.com\/wp-content\/uploads\/egg-peeling-machine-2-100x100.webp 100w\" sizes=\"(max-width: 750px) 100vw, 750px\" \/><\/p>\n<p>&nbsp;<\/p>\n<h2><strong>Boiled Egg Peeling Technique<\/strong><\/h2>\n<ol>\n<li>For optimal results, use fresh eggs aged 2-3 days in summer or 4-5 days in winter.<\/li>\n<li>Heat water to about 85 degrees and pour it into the eggs, stirring and boiling with high heat.<\/li>\n<li>After boiling, remove damaged eggs. Simmer gently for 15-20 minutes, then cool the eggs in cold water.<\/li>\n<li>After 15 minutes, pour the cooled eggs into the egg shelling machine, soaking them in cold water.<\/li>\n<li>Connect the power supply and water supply, starting with the pump and then the machine, while controlling the water flow moderately.<\/li>\n<\/ol>\n<p>&nbsp;<\/p>\n<p>&nbsp;<\/p>\n<h3><strong>C<\/strong><strong>hicken <\/strong><strong>E<\/strong><strong>gg <\/strong><strong>P<\/strong><strong>eeler <\/strong><strong>M<\/strong><strong>achine<\/strong><strong>\u00a0Shipping and Ordering Information<\/strong><\/h3>\n<ol>\n<li>Loading Container :The egg peeler can be loaded into containers at various locations, including Qingdao, Shanghai, Ningbo, Tianjin, Guangzhou, etc.<\/li>\n<\/ol>\n<p>&nbsp;<\/p>\n<ol start=\"2\">\n<li>Nakliye Y\u00f6ntemleri: M\u00fc\u015fteri ihtiya\u00e7lar\u0131na g\u00f6re esneklik sa\u011flayan kurye hizmeti, hava ta\u015f\u0131mac\u0131l\u0131\u011f\u0131 ve deniz ta\u015f\u0131mac\u0131l\u0131\u011f\u0131 dahil olmak \u00fczere birden fazla nakliye y\u00f6ntemi sunuyoruz.<\/li>\n<\/ol>\n<p>&nbsp;<\/p>\n<ol start=\"3\">\n<li>Sipari\u015f Se\u00e7enekleri: \u015eirket, hem tam konteyner kargo y\u00fck\u00fc hem de daha az konteyner y\u00fck\u00fc i\u00e7in sipari\u015f kabul edebilir ve farkl\u0131 talep \u00f6l\u00e7eklerini kar\u015f\u0131layabilir.<\/li>\n<\/ol>\n<p>&nbsp;<\/p>\n<ol start=\"4\">\n<li>Servis Se\u00e7enekleri: EXW (Ex Works), FOB (Free On Board), CIF (Cost, Insurance, Freight), CNF (Cost and Freight), Door to Door gibi \u00e7e\u015fitli servis se\u00e7enekleri sunmaktay\u0131z.<\/li>\n<\/ol>\n<p>&nbsp;<\/p>\n<ol start=\"5\">\n<li>Shipping Company Selection :We ensure the selection of the most economical and reliable shipping company to ensure timely delivery of the egg peeler machine.<\/li>\n<\/ol>\n<p>&nbsp;<\/p>\n<ol start=\"6\">\n<li>Takip Bilgileri Sevkiyat g\u00f6nderildikten sonra, \u015firket m\u00fc\u015fteriye bir takip numaras\u0131 vererek, nakliye s\u0131ras\u0131nda sipari\u015flerinin durumunu izlemelerine olanak tan\u0131r.<\/li>\n<\/ol>\n<p><img decoding=\"async\" loading=\"lazy\" class=\"alignnone size-full wp-image-2979\" src=\"https:\/\/www.eggmachinery.com\/wp-content\/uploads\/egg-machine-2-1.webp\" alt=\"egg machine\" width=\"750\" height=\"750\" srcset=\"https:\/\/www.eggmachinery.com\/wp-content\/uploads\/egg-machine-2-1.webp 750w, https:\/\/www.eggmachinery.com\/wp-content\/uploads\/egg-machine-2-1-300x300.webp 300w, https:\/\/www.eggmachinery.com\/wp-content\/uploads\/egg-machine-2-1-150x150.webp 150w, https:\/\/www.eggmachinery.com\/wp-content\/uploads\/egg-machine-2-1-600x600.webp 600w, https:\/\/www.eggmachinery.com\/wp-content\/uploads\/egg-machine-2-1-100x100.webp 100w\" sizes=\"(max-width: 750px) 100vw, 750px\" \/><img decoding=\"async\" loading=\"lazy\" class=\"alignnone size-full wp-image-2978\" src=\"https:\/\/www.eggmachinery.com\/wp-content\/uploads\/egg-machine-1-1.webp\" alt=\"egg machine\" width=\"750\" height=\"750\" srcset=\"https:\/\/www.eggmachinery.com\/wp-content\/uploads\/egg-machine-1-1.webp 750w, https:\/\/www.eggmachinery.com\/wp-content\/uploads\/egg-machine-1-1-300x300.webp 300w, https:\/\/www.eggmachinery.com\/wp-content\/uploads\/egg-machine-1-1-150x150.webp 150w, https:\/\/www.eggmachinery.com\/wp-content\/uploads\/egg-machine-1-1-600x600.webp 600w, https:\/\/www.eggmachinery.com\/wp-content\/uploads\/egg-machine-1-1-100x100.webp 100w\" sizes=\"(max-width: 750px) 100vw, 750px\" \/><img decoding=\"async\" loading=\"lazy\" class=\"alignnone size-full wp-image-2878\" src=\"https:\/\/www.eggmachinery.com\/wp-content\/uploads\/about-us-1.webp\" alt=\"egg breaking machine\" width=\"750\" height=\"750\" srcset=\"https:\/\/www.eggmachinery.com\/wp-content\/uploads\/about-us-1.webp 750w, https:\/\/www.eggmachinery.com\/wp-content\/uploads\/about-us-1-300x300.webp 300w, https:\/\/www.eggmachinery.com\/wp-content\/uploads\/about-us-1-150x150.webp 150w, https:\/\/www.eggmachinery.com\/wp-content\/uploads\/about-us-1-600x600.webp 600w, https:\/\/www.eggmachinery.com\/wp-content\/uploads\/about-us-1-100x100.webp 100w\" sizes=\"(max-width: 750px) 100vw, 750px\" \/><\/p>\n<p>In summary, the chicken egg peeler machine\u00a0offers efficiency, precision, and durability in the egg processing industry, making it a valuable asset for businesses involved in the production of boiled and processed eggs.<\/p>\n<p>&nbsp;<\/p>\n<p>&nbsp;<\/p>\n<p>&nbsp;<\/p>\n<p>&nbsp;<\/p>\n<p>&nbsp;<\/p>","protected":false},"excerpt":{"rendered":"<p>To use the Chicken Egg Peeler Machine, follow these steps:<\/p>\n<ol>\n<li>Activate the water source, power supply, and delivery switch.<\/li>\n<li>Pour cooked eggs into the water tank and adjust the lifting speed using the frequency converter.<\/li>\n<li>Switch on the shell-crushing and water pump switches, adjusting shell-crushing speed with the regulator for thorough shell removal.<\/li>\n<li>Fine-tune water flow for effective egg rinsing during peeling.<\/li>\n<li>Adjust shelling schedule, considering hose speed for optimal cleanliness without rushing.<\/li>\n<li>Engage the eggshell transport switch to remove crushed shells.<\/li>\n<li>Activate the egg selection transport switch to identify and remove defective or unshelled eggs.<\/li>\n<\/ol>","protected":false},"featured_media":2657,"template":"","meta":{"_seopress_robots_primary_cat":"none"},"product_cat":[19],"product_tag":[],"featured_image_urls":{"full":["https:\/\/www.eggmachinery.com\/wp-content\/uploads\/5000-eggs-per-hour-chicken-egg-peeler-machine.webp",800,800,false],"thumbnail":["https:\/\/www.eggmachinery.com\/wp-content\/uploads\/5000-eggs-per-hour-chicken-egg-peeler-machine-150x150.webp",150,150,true],"medium":["https:\/\/www.eggmachinery.com\/wp-content\/uploads\/5000-eggs-per-hour-chicken-egg-peeler-machine-300x300.webp",300,300,true],"medium_large":["https:\/\/www.eggmachinery.com\/wp-content\/uploads\/5000-eggs-per-hour-chicken-egg-peeler-machine-768x768.webp",768,768,true],"large":["https:\/\/www.eggmachinery.com\/wp-content\/uploads\/5000-eggs-per-hour-chicken-egg-peeler-machine.webp",800,800,false],"1536x1536":["https:\/\/www.eggmachinery.com\/wp-content\/uploads\/5000-eggs-per-hour-chicken-egg-peeler-machine.webp",800,800,false],"2048x2048":["https:\/\/www.eggmachinery.com\/wp-content\/uploads\/5000-eggs-per-hour-chicken-egg-peeler-machine.webp",800,800,false],"trp-custom-language-flag":["https:\/\/www.eggmachinery.com\/wp-content\/uploads\/5000-eggs-per-hour-chicken-egg-peeler-machine.webp",12,12,false],"woocommerce_thumbnail":["https:\/\/www.eggmachinery.com\/wp-content\/uploads\/5000-eggs-per-hour-chicken-egg-peeler-machine-300x300.webp",300,300,true],"woocommerce_single":["https:\/\/www.eggmachinery.com\/wp-content\/uploads\/5000-eggs-per-hour-chicken-egg-peeler-machine-600x600.webp",600,600,true],"woocommerce_gallery_thumbnail":["https:\/\/www.eggmachinery.com\/wp-content\/uploads\/5000-eggs-per-hour-chicken-egg-peeler-machine-100x100.webp",100,100,true]},"post_excerpt_stackable":"<p>To use the Chicken Egg Peeler Machine, follow these steps:<\/p>\n<ol>\n<li>Activate the water source, power supply, and delivery switch.<\/li>\n<li>Pour cooked eggs into the water tank and adjust the lifting speed using the frequency converter.<\/li>\n<li>Switch on the shell-crushing and water pump switches, adjusting shell-crushing speed with the regulator for thorough shell removal.<\/li>\n<li>Fine-tune water flow for effective egg rinsing during peeling.<\/li>\n<li>Adjust shelling schedule, considering hose speed for optimal cleanliness without rushing.<\/li>\n<li>Engage the eggshell transport switch to remove crushed shells.<\/li>\n<li>Activate the egg selection transport switch to identify and remove defective or unshelled eggs.<\/li>\n<\/ol>\n","category_list":"","author_info":{"name":"","url":""},"comments_num":"0 comments","_links":{"self":[{"href":"https:\/\/www.eggmachinery.com\/tr\/wp-json\/wp\/v2\/product\/2652"}],"collection":[{"href":"https:\/\/www.eggmachinery.com\/tr\/wp-json\/wp\/v2\/product"}],"about":[{"href":"https:\/\/www.eggmachinery.com\/tr\/wp-json\/wp\/v2\/types\/product"}],"wp:featuredmedia":[{"embeddable":true,"href":"https:\/\/www.eggmachinery.com\/tr\/wp-json\/wp\/v2\/media\/2657"}],"wp:attachment":[{"href":"https:\/\/www.eggmachinery.com\/tr\/wp-json\/wp\/v2\/media?parent=2652"}],"wp:term":[{"taxonomy":"product_cat","embeddable":true,"href":"https:\/\/www.eggmachinery.com\/tr\/wp-json\/wp\/v2\/product_cat?post=2652"},{"taxonomy":"product_tag","embeddable":true,"href":"https:\/\/www.eggmachinery.com\/tr\/wp-json\/wp\/v2\/product_tag?post=2652"}],"curies":[{"name":"wp","href":"https:\/\/api.w.org\/{rel}","templated":true}]}}