{"id":2817,"date":"2024-01-19T09:35:16","date_gmt":"2024-01-19T01:35:16","guid":{"rendered":"https:\/\/www.eggmachinery.com\/?post_type=product&#038;p=2817"},"modified":"2026-03-10T14:45:44","modified_gmt":"2026-03-10T06:45:44","slug":"9500-eggs-per-hour-egg-breaking-machine-for-bakery","status":"publish","type":"product","link":"https:\/\/www.eggmachinery.com\/tr\/urun\/9500-eggs-per-hour-egg-breaking-machine-for-bakery\/","title":{"rendered":"F\u0131r\u0131n i\u00e7in Saatte 9500 Yumurta Yumurta K\u0131rma Makinesi"},"content":{"rendered":"<table>\n<tbody>\n<tr>\n<td width=\"169\"><strong><b>Model<\/b><\/strong><\/td>\n<td width=\"286\"><strong><b>DA-S3<\/b><\/strong><\/td>\n<\/tr>\n<tr>\n<td width=\"169\">Kapasite<\/td>\n<td width=\"286\">8100-9500 adet\/saat<\/td>\n<\/tr>\n<tr>\n<td width=\"169\">Gerilim<\/td>\n<td width=\"286\">220V<\/td>\n<\/tr>\n<tr>\n<td width=\"169\">G\u00fc\u00e7<\/td>\n<td width=\"286\">0.3kw<\/td>\n<\/tr>\n<tr>\n<td width=\"169\">A\u011f\u0131rl\u0131k<\/td>\n<td width=\"286\">150kg<\/td>\n<\/tr>\n<tr>\n<td width=\"169\">Boyut<\/td>\n<td width=\"286\">1750*1150*970mm<\/td>\n<\/tr>\n<\/tbody>\n<\/table>\n<p>&nbsp;<\/p>\n<p>&nbsp;<\/p>\n<h2><strong>Yumurta K\u0131rma Makinesi <\/strong><strong>\u00c7al\u0131\u015fma Prensibi<\/strong><\/h2>\n<p>\u00c7al\u0131\u015fma prensibi\u00a0<a href=\"https:\/\/www.eggmachinery.com\/tr\/urun\/simple-style-egg-breaking-machine\/\"><u>otomatik yumurta k\u0131rma ve yumurta sar\u0131s\u0131 ay\u0131rma makinesi<\/u><\/a>\u00a0yumurta ak\u0131 ve yumurta sar\u0131s\u0131n\u0131n farkl\u0131 yo\u011funluklar\u0131na dayanmaktad\u0131r. Yumurtalar separat\u00f6rden ge\u00e7erken yumurta ak\u0131 ve yumurta sar\u0131s\u0131 ayr\u0131 ayr\u0131 ayr\u0131l\u0131r. Separat\u00f6r\u00fcn i\u00e7 k\u0131sm\u0131nda genellikle bir d\u00f6ner ay\u0131r\u0131c\u0131 ve bir filtre bulunur. Bu bile\u015fenler yumurta ak\u0131 ve sar\u0131s\u0131n\u0131 ay\u0131rma i\u015flemini tamamlamak i\u00e7in birlikte \u00e7al\u0131\u015f\u0131r.<\/p>\n<p><img decoding=\"async\" loading=\"lazy\" class=\"alignnone size-full wp-image-2869\" src=\"https:\/\/www.eggmachinery.com\/wp-content\/uploads\/egg-breaking-machine-4_WH_750x750px.webp\" alt=\"egg breaking machine \" width=\"750\" height=\"750\" srcset=\"https:\/\/www.eggmachinery.com\/wp-content\/uploads\/egg-breaking-machine-4_WH_750x750px.webp 750w, https:\/\/www.eggmachinery.com\/wp-content\/uploads\/egg-breaking-machine-4_WH_750x750px-300x300.webp 300w, https:\/\/www.eggmachinery.com\/wp-content\/uploads\/egg-breaking-machine-4_WH_750x750px-150x150.webp 150w, https:\/\/www.eggmachinery.com\/wp-content\/uploads\/egg-breaking-machine-4_WH_750x750px-600x600.webp 600w, https:\/\/www.eggmachinery.com\/wp-content\/uploads\/egg-breaking-machine-4_WH_750x750px-100x100.webp 100w\" sizes=\"(max-width: 750px) 100vw, 750px\" \/><\/p>\n<p><img decoding=\"async\" loading=\"lazy\" class=\"size-full wp-image-2876\" src=\"https:\/\/www.eggmachinery.com\/wp-content\/uploads\/egg-breaking-machine-11_WH_750x750px.webp\" alt=\"egg breaking machine \" width=\"750\" height=\"750\" srcset=\"https:\/\/www.eggmachinery.com\/wp-content\/uploads\/egg-breaking-machine-11_WH_750x750px.webp 750w, https:\/\/www.eggmachinery.com\/wp-content\/uploads\/egg-breaking-machine-11_WH_750x750px-300x300.webp 300w, https:\/\/www.eggmachinery.com\/wp-content\/uploads\/egg-breaking-machine-11_WH_750x750px-150x150.webp 150w, https:\/\/www.eggmachinery.com\/wp-content\/uploads\/egg-breaking-machine-11_WH_750x750px-600x600.webp 600w, https:\/\/www.eggmachinery.com\/wp-content\/uploads\/egg-breaking-machine-11_WH_750x750px-100x100.webp 100w\" sizes=\"(max-width: 750px) 100vw, 750px\" \/><\/p>\n<p>&nbsp;<\/p>\n<h3><strong>Yumurta K\u0131rma Makinesi <\/strong><strong>Par\u00e7alar <\/strong><strong>W<\/strong><strong>kulak veya <\/strong><strong>F<\/strong><strong>ailure <\/strong><strong>D<\/strong><strong>isplay<\/strong><\/h3>\n<p>Uzun s\u00fcreli kullan\u0131m, motorlar, anahtarlar vb. gibi baz\u0131 par\u00e7alar\u0131n a\u015f\u0131nmas\u0131na ve y\u0131pranmas\u0131na neden olacakt\u0131r. Her bir bile\u015feni d\u00fczenli olarak kontrol edin. A\u015f\u0131nma veya eskime tespit edilirse, ekipman\u0131n normal \u00e7al\u0131\u015fmas\u0131n\u0131 s\u00fcrd\u00fcrmek i\u00e7in zaman\u0131nda de\u011fi\u015ftirin.<\/p>\n<p>&nbsp;<\/p>\n<p>\u200b<\/p>\n<p>&nbsp;<\/p>\n<p>Baz\u0131 cihazlar bir hata g\u00f6r\u00fcnt\u00fcleme fonksiyonu ile yap\u0131land\u0131r\u0131lm\u0131\u015ft\u0131r. Bir hata olu\u015ftu\u011funda, cihaz ilgili hata kodunu g\u00f6r\u00fcnt\u00fcleyecektir. G\u00f6r\u00fcnt\u00fclenen koda g\u00f6re, cihaz k\u0131lavuzunda arama yap\u0131n ve ilgili sorun giderme y\u00f6ntemini bulun.<\/p>\n<p>&nbsp;<\/p>\n<p><img decoding=\"async\" loading=\"lazy\" class=\"size-full wp-image-2870\" src=\"https:\/\/www.eggmachinery.com\/wp-content\/uploads\/egg-breaking-machine-5_WH_750x750px.webp\" alt=\"egg breaking machine \" width=\"750\" height=\"750\" srcset=\"https:\/\/www.eggmachinery.com\/wp-content\/uploads\/egg-breaking-machine-5_WH_750x750px.webp 750w, https:\/\/www.eggmachinery.com\/wp-content\/uploads\/egg-breaking-machine-5_WH_750x750px-300x300.webp 300w, https:\/\/www.eggmachinery.com\/wp-content\/uploads\/egg-breaking-machine-5_WH_750x750px-150x150.webp 150w, https:\/\/www.eggmachinery.com\/wp-content\/uploads\/egg-breaking-machine-5_WH_750x750px-600x600.webp 600w, https:\/\/www.eggmachinery.com\/wp-content\/uploads\/egg-breaking-machine-5_WH_750x750px-100x100.webp 100w\" sizes=\"(max-width: 750px) 100vw, 750px\" \/><\/p>\n<p><img decoding=\"async\" loading=\"lazy\" class=\"alignnone size-full wp-image-2871\" src=\"https:\/\/www.eggmachinery.com\/wp-content\/uploads\/egg-breaking-machine-6_WH_750x750px.webp\" alt=\"egg breaking machine \" width=\"750\" height=\"750\" srcset=\"https:\/\/www.eggmachinery.com\/wp-content\/uploads\/egg-breaking-machine-6_WH_750x750px.webp 750w, https:\/\/www.eggmachinery.com\/wp-content\/uploads\/egg-breaking-machine-6_WH_750x750px-300x300.webp 300w, https:\/\/www.eggmachinery.com\/wp-content\/uploads\/egg-breaking-machine-6_WH_750x750px-150x150.webp 150w, https:\/\/www.eggmachinery.com\/wp-content\/uploads\/egg-breaking-machine-6_WH_750x750px-600x600.webp 600w, https:\/\/www.eggmachinery.com\/wp-content\/uploads\/egg-breaking-machine-6_WH_750x750px-100x100.webp 100w\" sizes=\"(max-width: 750px) 100vw, 750px\" \/><\/p>\n<p><img decoding=\"async\" loading=\"lazy\" class=\"alignnone size-full wp-image-2872\" src=\"https:\/\/www.eggmachinery.com\/wp-content\/uploads\/egg-breaking-machine-7_WH_750x750px.webp\" alt=\"egg breaking machine \" width=\"750\" height=\"750\" srcset=\"https:\/\/www.eggmachinery.com\/wp-content\/uploads\/egg-breaking-machine-7_WH_750x750px.webp 750w, https:\/\/www.eggmachinery.com\/wp-content\/uploads\/egg-breaking-machine-7_WH_750x750px-300x300.webp 300w, https:\/\/www.eggmachinery.com\/wp-content\/uploads\/egg-breaking-machine-7_WH_750x750px-150x150.webp 150w, https:\/\/www.eggmachinery.com\/wp-content\/uploads\/egg-breaking-machine-7_WH_750x750px-600x600.webp 600w, https:\/\/www.eggmachinery.com\/wp-content\/uploads\/egg-breaking-machine-7_WH_750x750px-100x100.webp 100w\" sizes=\"(max-width: 750px) 100vw, 750px\" \/><\/p>\n<p><img decoding=\"async\" loading=\"lazy\" class=\"alignnone size-full wp-image-2873\" src=\"https:\/\/www.eggmachinery.com\/wp-content\/uploads\/egg-breaking-machine-8_WH_750x750px.webp\" alt=\"egg breaking machine \" width=\"750\" height=\"750\" srcset=\"https:\/\/www.eggmachinery.com\/wp-content\/uploads\/egg-breaking-machine-8_WH_750x750px.webp 750w, https:\/\/www.eggmachinery.com\/wp-content\/uploads\/egg-breaking-machine-8_WH_750x750px-300x300.webp 300w, https:\/\/www.eggmachinery.com\/wp-content\/uploads\/egg-breaking-machine-8_WH_750x750px-150x150.webp 150w, https:\/\/www.eggmachinery.com\/wp-content\/uploads\/egg-breaking-machine-8_WH_750x750px-600x600.webp 600w, https:\/\/www.eggmachinery.com\/wp-content\/uploads\/egg-breaking-machine-8_WH_750x750px-100x100.webp 100w\" sizes=\"(max-width: 750px) 100vw, 750px\" \/><img decoding=\"async\" loading=\"lazy\" class=\"alignnone size-full wp-image-2874\" src=\"https:\/\/www.eggmachinery.com\/wp-content\/uploads\/egg-breaking-machine-9_WH_750x750px.webp\" alt=\"egg breaking machine \" width=\"750\" height=\"750\" srcset=\"https:\/\/www.eggmachinery.com\/wp-content\/uploads\/egg-breaking-machine-9_WH_750x750px.webp 750w, https:\/\/www.eggmachinery.com\/wp-content\/uploads\/egg-breaking-machine-9_WH_750x750px-300x300.webp 300w, https:\/\/www.eggmachinery.com\/wp-content\/uploads\/egg-breaking-machine-9_WH_750x750px-150x150.webp 150w, https:\/\/www.eggmachinery.com\/wp-content\/uploads\/egg-breaking-machine-9_WH_750x750px-600x600.webp 600w, https:\/\/www.eggmachinery.com\/wp-content\/uploads\/egg-breaking-machine-9_WH_750x750px-100x100.webp 100w\" sizes=\"(max-width: 750px) 100vw, 750px\" \/><img decoding=\"async\" loading=\"lazy\" class=\"alignnone size-full wp-image-2875\" src=\"https:\/\/www.eggmachinery.com\/wp-content\/uploads\/egg-breaking-machine-10_WH_750x750px.webp\" alt=\"egg breaking machine \" width=\"750\" height=\"750\" srcset=\"https:\/\/www.eggmachinery.com\/wp-content\/uploads\/egg-breaking-machine-10_WH_750x750px.webp 750w, https:\/\/www.eggmachinery.com\/wp-content\/uploads\/egg-breaking-machine-10_WH_750x750px-300x300.webp 300w, https:\/\/www.eggmachinery.com\/wp-content\/uploads\/egg-breaking-machine-10_WH_750x750px-150x150.webp 150w, https:\/\/www.eggmachinery.com\/wp-content\/uploads\/egg-breaking-machine-10_WH_750x750px-600x600.webp 600w, https:\/\/www.eggmachinery.com\/wp-content\/uploads\/egg-breaking-machine-10_WH_750x750px-100x100.webp 100w\" sizes=\"(max-width: 750px) 100vw, 750px\" \/><\/p>\n<p>&nbsp;<\/p>\n<p>&nbsp;<\/p>\n<p>&nbsp;<\/p>\n<h3><strong>Yumurta K\u0131rma ve Ay\u0131rma Makinesi Ta\u015f\u0131mac\u0131l\u0131\u011f\u0131<\/strong><\/h3>\n<p>&nbsp;<\/p>\n<p>Yumurta K\u0131rma ve Ay\u0131rma Makinesinin nakliye s\u0131ras\u0131nda belirli bir miktar navlun \u00f6demesi gerekir, bu da dolayl\u0131 olarak \u00fcretim maliyetini art\u0131r\u0131r. Bu nakliye maliyeti Yumurta K\u0131rma ve Ay\u0131rma Makinesinin fiyat\u0131n\u0131 da art\u0131racakt\u0131r. Nakliye mesafesinin \u00e7ok uzun olmas\u0131 durumunda nakliye maliyeti artacak ve sat\u0131\u015f fiyat\u0131 da buna g\u00f6re ayarlanabilecektir.<\/p>\n<p>&nbsp;<\/p>\n<p>Yukar\u0131da, Diamo Lee'nin Yumurta K\u0131rma ve Ay\u0131rma Makinesi fiyat fakt\u00f6rleri hakk\u0131nda size getirdi\u011fi t\u00fcm fakt\u00f6rler yer almaktad\u0131r. Umar\u0131m size yard\u0131mc\u0131 olur. Tabii ki, bir yumurta sar\u0131s\u0131 ve yumurta ak\u0131 ay\u0131r\u0131c\u0131 se\u00e7erken, fiyat bunun sadece bir par\u00e7as\u0131d\u0131r ve se\u00e7iminizi yapmadan \u00f6nce kapsaml\u0131 bir \u015fekilde d\u00fc\u015f\u00fcnmelisiniz. Fabrikam\u0131z yumurta krakeri, Yumurta K\u0131rma ve Ay\u0131rma Makinesi gibi \u00e7e\u015fitli \u00fcr\u00fcnler \u00fcretmektedir. \u0130lgili ihtiya\u00e7lar\u0131n\u0131z varsa, l\u00fctfen dan\u0131\u015fma i\u00e7in bir mesaj b\u0131rak\u0131n.<\/p>\n<h2><strong>\u00a0<\/strong><\/h2>\n<h2><strong>Ticari Yumurta K\u0131rma ve Ay\u0131rma Makinesi Nakliye ve Sipari\u015f Bilgileri<\/strong><\/h2>\n<ol>\n<li>Konteyner Y\u00fckleme: Yumurta K\u0131rma ve Ay\u0131rma Makinesi, Qingdao, \u015eangay, Ningbo, Tianjin, Guangzhou vb. dahil olmak \u00fczere \u00e7e\u015fitli yerlerde konteynerlere y\u00fcklenebilir.<\/li>\n<\/ol>\n<p>&nbsp;<\/p>\n<ol start=\"2\">\n<li>Nakliye Y\u00f6ntemleri: M\u00fc\u015fteri ihtiya\u00e7lar\u0131na g\u00f6re esneklik sa\u011flayan kurye hizmeti, hava ta\u015f\u0131mac\u0131l\u0131\u011f\u0131 ve deniz ta\u015f\u0131mac\u0131l\u0131\u011f\u0131 dahil olmak \u00fczere birden fazla nakliye y\u00f6ntemi sunuyoruz.<\/li>\n<\/ol>\n<p>&nbsp;<\/p>\n<ol start=\"3\">\n<li>Sipari\u015f Se\u00e7enekleri: \u015eirket, hem tam konteyner kargo y\u00fck\u00fc hem de daha az konteyner y\u00fck\u00fc i\u00e7in sipari\u015f kabul edebilir ve farkl\u0131 talep \u00f6l\u00e7eklerini kar\u015f\u0131layabilir.<\/li>\n<\/ol>\n<p>&nbsp;<\/p>\n<ol start=\"4\">\n<li>Servis Se\u00e7enekleri: EXW (Ex Works), FOB (Free On Board), CIF (Cost, Insurance, Freight), CNF (Cost and Freight), Door to Door gibi \u00e7e\u015fitli servis se\u00e7enekleri sunmaktay\u0131z.<\/li>\n<\/ol>\n<p>&nbsp;<\/p>\n<p>Nakliye \u015eirketi Se\u00e7imi: Yumurta K\u0131rma ve Ay\u0131rma Makinesinin zaman\u0131nda teslim edilmesini sa\u011flamak i\u00e7in en ekonomik ve g\u00fcvenilir nakliye \u015firketinin se\u00e7ilmesini sa\u011fl\u0131yoruz<\/p>\n<p>&nbsp;<\/p>\n<ol start=\"6\">\n<li>Takip Bilgileri Sevkiyat g\u00f6nderildikten sonra, \u015firket m\u00fc\u015fteriye bir takip numaras\u0131 vererek, nakliye s\u0131ras\u0131nda sipari\u015flerinin durumunu izlemelerine olanak tan\u0131r.<\/li>\n<\/ol>\n<p><img decoding=\"async\" loading=\"lazy\" class=\"alignnone size-full wp-image-2883\" src=\"https:\/\/www.eggmachinery.com\/wp-content\/uploads\/about-us-6.webp\" alt=\"egg breaking machine\" width=\"750\" height=\"750\" srcset=\"https:\/\/www.eggmachinery.com\/wp-content\/uploads\/about-us-6.webp 750w, https:\/\/www.eggmachinery.com\/wp-content\/uploads\/about-us-6-300x300.webp 300w, https:\/\/www.eggmachinery.com\/wp-content\/uploads\/about-us-6-150x150.webp 150w, https:\/\/www.eggmachinery.com\/wp-content\/uploads\/about-us-6-600x600.webp 600w, https:\/\/www.eggmachinery.com\/wp-content\/uploads\/about-us-6-100x100.webp 100w\" sizes=\"(max-width: 750px) 100vw, 750px\" \/><\/p>","protected":false},"excerpt":{"rendered":"<p>\u00c7al\u0131\u015fma prensibi\u00a0<a href=\"https:\/\/www.eggmachinery.com\/tr\/urun\/simple-style-egg-breaking-machine\/\"><u>otomatik yumurta k\u0131rma ve yumurta sar\u0131s\u0131 ay\u0131rma makinesi<\/u><\/a>\u00a0yumurta ak\u0131 ve yumurta sar\u0131s\u0131n\u0131n farkl\u0131 yo\u011funluklar\u0131na dayanmaktad\u0131r. Yumurtalar separat\u00f6rden ge\u00e7erken yumurta ak\u0131 ve yumurta sar\u0131s\u0131 ayr\u0131 ayr\u0131 ayr\u0131l\u0131r. Separat\u00f6r\u00fcn i\u00e7 k\u0131sm\u0131nda genellikle bir d\u00f6ner ay\u0131r\u0131c\u0131 ve bir filtre bulunur. Bu bile\u015fenler yumurta ak\u0131 ve sar\u0131s\u0131n\u0131 ay\u0131rma i\u015flemini tamamlamak i\u00e7in birlikte \u00e7al\u0131\u015f\u0131r.<\/p>\n<p>&nbsp;<\/p>","protected":false},"featured_media":2820,"template":"","meta":{"_seopress_robots_primary_cat":"none"},"product_cat":[18],"product_tag":[],"featured_image_urls":{"full":["https:\/\/www.eggmachinery.com\/wp-content\/uploads\/egg-breaking-machine-for-bakery.webp",800,800,false],"thumbnail":["https:\/\/www.eggmachinery.com\/wp-content\/uploads\/egg-breaking-machine-for-bakery-150x150.webp",150,150,true],"medium":["https:\/\/www.eggmachinery.com\/wp-content\/uploads\/egg-breaking-machine-for-bakery-300x300.webp",300,300,true],"medium_large":["https:\/\/www.eggmachinery.com\/wp-content\/uploads\/egg-breaking-machine-for-bakery-768x768.webp",768,768,true],"large":["https:\/\/www.eggmachinery.com\/wp-content\/uploads\/egg-breaking-machine-for-bakery.webp",800,800,false],"1536x1536":["https:\/\/www.eggmachinery.com\/wp-content\/uploads\/egg-breaking-machine-for-bakery.webp",800,800,false],"2048x2048":["https:\/\/www.eggmachinery.com\/wp-content\/uploads\/egg-breaking-machine-for-bakery.webp",800,800,false],"trp-custom-language-flag":["https:\/\/www.eggmachinery.com\/wp-content\/uploads\/egg-breaking-machine-for-bakery.webp",12,12,false],"woocommerce_thumbnail":["https:\/\/www.eggmachinery.com\/wp-content\/uploads\/egg-breaking-machine-for-bakery-300x300.webp",300,300,true],"woocommerce_single":["https:\/\/www.eggmachinery.com\/wp-content\/uploads\/egg-breaking-machine-for-bakery-600x600.webp",600,600,true],"woocommerce_gallery_thumbnail":["https:\/\/www.eggmachinery.com\/wp-content\/uploads\/egg-breaking-machine-for-bakery-100x100.webp",100,100,true]},"post_excerpt_stackable":"<p>The working principle of the\u00a0<a href=\"https:\/\/www.eggmachinery.com\/product\/simple-style-egg-breaking-machine\/\"><u>automatic egg breaker &amp; yolk separator machine<\/u><\/a>\u00a0is based on the different densities of egg white and egg yolk. When the eggs pass through the separator, the egg white and egg yolk are separated separately. The interior of the separator usually includes a rotary separator and a filter. These components work together to complete the process of separating egg whites and yolks.<\/p>\n<p>&nbsp;<\/p>\n","category_list":"","author_info":{"name":"","url":""},"comments_num":"0 comments","_links":{"self":[{"href":"https:\/\/www.eggmachinery.com\/tr\/wp-json\/wp\/v2\/product\/2817"}],"collection":[{"href":"https:\/\/www.eggmachinery.com\/tr\/wp-json\/wp\/v2\/product"}],"about":[{"href":"https:\/\/www.eggmachinery.com\/tr\/wp-json\/wp\/v2\/types\/product"}],"wp:featuredmedia":[{"embeddable":true,"href":"https:\/\/www.eggmachinery.com\/tr\/wp-json\/wp\/v2\/media\/2820"}],"wp:attachment":[{"href":"https:\/\/www.eggmachinery.com\/tr\/wp-json\/wp\/v2\/media?parent=2817"}],"wp:term":[{"taxonomy":"product_cat","embeddable":true,"href":"https:\/\/www.eggmachinery.com\/tr\/wp-json\/wp\/v2\/product_cat?post=2817"},{"taxonomy":"product_tag","embeddable":true,"href":"https:\/\/www.eggmachinery.com\/tr\/wp-json\/wp\/v2\/product_tag?post=2817"}],"curies":[{"name":"wp","href":"https:\/\/api.w.org\/{rel}","templated":true}]}}