{"id":3947,"date":"2024-05-13T16:32:28","date_gmt":"2024-05-13T08:32:28","guid":{"rendered":"https:\/\/www.eggmachinery.com\/?post_type=product&#038;p=3947"},"modified":"2026-03-13T10:08:07","modified_gmt":"2026-03-13T02:08:07","slug":"20-000eggs-h-hard-boiled-egg-processing-machine-plant-for-egg-company-and-food-process-facotry","status":"publish","type":"product","link":"https:\/\/www.eggmachinery.com\/tr\/urun\/20-000eggs-h-hard-boiled-egg-processing-machine-plant-for-egg-company-and-food-process-facotry\/","title":{"rendered":"Yumurta \u015eirketi ve G\u0131da \u0130\u015fleme Tesisi i\u00e7in 20.000 Yumurta \/ H Sert Ha\u015flanm\u0131\u015f Yumurta \u0130\u015fleme Makinesi Tesisi"},"content":{"rendered":"<figure id=\"attachment_3952\" aria-describedby=\"caption-attachment-3952\" style=\"width: 750px\" class=\"wp-caption alignnone\"><img decoding=\"async\" loading=\"lazy\" class=\"size-full wp-image-3952\" src=\"https:\/\/www.eggmachinery.com\/wp-content\/uploads\/Egg-boiling-and-peeling-processing-line-3_WH_750x750px.webp\" alt=\"Egg boiling and peeling processing line\" width=\"750\" height=\"750\" srcset=\"https:\/\/www.eggmachinery.com\/wp-content\/uploads\/Egg-boiling-and-peeling-processing-line-3_WH_750x750px.webp 750w, https:\/\/www.eggmachinery.com\/wp-content\/uploads\/Egg-boiling-and-peeling-processing-line-3_WH_750x750px-300x300.webp 300w, https:\/\/www.eggmachinery.com\/wp-content\/uploads\/Egg-boiling-and-peeling-processing-line-3_WH_750x750px-150x150.webp 150w, https:\/\/www.eggmachinery.com\/wp-content\/uploads\/Egg-boiling-and-peeling-processing-line-3_WH_750x750px-600x600.webp 600w, https:\/\/www.eggmachinery.com\/wp-content\/uploads\/Egg-boiling-and-peeling-processing-line-3_WH_750x750px-100x100.webp 100w\" sizes=\"(max-width: 750px) 100vw, 750px\" \/><figcaption id=\"caption-attachment-3952\" class=\"wp-caption-text\">Egg boiling and peeling processing line<\/figcaption><\/figure>\n<figure id=\"attachment_3953\" aria-describedby=\"caption-attachment-3953\" style=\"width: 750px\" class=\"wp-caption alignnone\"><img decoding=\"async\" loading=\"lazy\" class=\"size-full wp-image-3953\" src=\"https:\/\/www.eggmachinery.com\/wp-content\/uploads\/Egg-boiling-and-peeling-processing-line-4_WH_750x750px.webp\" alt=\"Egg boiling and peeling processing line\" width=\"750\" height=\"750\" srcset=\"https:\/\/www.eggmachinery.com\/wp-content\/uploads\/Egg-boiling-and-peeling-processing-line-4_WH_750x750px.webp 750w, https:\/\/www.eggmachinery.com\/wp-content\/uploads\/Egg-boiling-and-peeling-processing-line-4_WH_750x750px-300x300.webp 300w, https:\/\/www.eggmachinery.com\/wp-content\/uploads\/Egg-boiling-and-peeling-processing-line-4_WH_750x750px-150x150.webp 150w, https:\/\/www.eggmachinery.com\/wp-content\/uploads\/Egg-boiling-and-peeling-processing-line-4_WH_750x750px-600x600.webp 600w, https:\/\/www.eggmachinery.com\/wp-content\/uploads\/Egg-boiling-and-peeling-processing-line-4_WH_750x750px-100x100.webp 100w\" sizes=\"(max-width: 750px) 100vw, 750px\" \/><figcaption id=\"caption-attachment-3953\" class=\"wp-caption-text\">Egg boiling and peeling processing line<\/figcaption><\/figure>\n<figure id=\"attachment_3956\" aria-describedby=\"caption-attachment-3956\" style=\"width: 750px\" class=\"wp-caption alignnone\"><img decoding=\"async\" loading=\"lazy\" class=\"size-full wp-image-3956\" src=\"https:\/\/www.eggmachinery.com\/wp-content\/uploads\/Egg-boiling-and-peeling-processing-line-8_WH_750x750px.webp\" alt=\"Egg boiling and peeling processing line\" width=\"750\" height=\"750\" srcset=\"https:\/\/www.eggmachinery.com\/wp-content\/uploads\/Egg-boiling-and-peeling-processing-line-8_WH_750x750px.webp 750w, https:\/\/www.eggmachinery.com\/wp-content\/uploads\/Egg-boiling-and-peeling-processing-line-8_WH_750x750px-300x300.webp 300w, https:\/\/www.eggmachinery.com\/wp-content\/uploads\/Egg-boiling-and-peeling-processing-line-8_WH_750x750px-150x150.webp 150w, https:\/\/www.eggmachinery.com\/wp-content\/uploads\/Egg-boiling-and-peeling-processing-line-8_WH_750x750px-600x600.webp 600w, https:\/\/www.eggmachinery.com\/wp-content\/uploads\/Egg-boiling-and-peeling-processing-line-8_WH_750x750px-100x100.webp 100w\" sizes=\"(max-width: 750px) 100vw, 750px\" \/><figcaption id=\"caption-attachment-3956\" class=\"wp-caption-text\">Egg boiling and peeling processing line<\/figcaption><\/figure>\n<figure id=\"attachment_3954\" aria-describedby=\"caption-attachment-3954\" style=\"width: 750px\" class=\"wp-caption alignnone\"><img decoding=\"async\" loading=\"lazy\" class=\"size-full wp-image-3954\" src=\"https:\/\/www.eggmachinery.com\/wp-content\/uploads\/Egg-boiling-and-peeling-processing-line-5_WH_750x750px.webp\" alt=\"Egg boiling and peeling processing line\" width=\"750\" height=\"750\" srcset=\"https:\/\/www.eggmachinery.com\/wp-content\/uploads\/Egg-boiling-and-peeling-processing-line-5_WH_750x750px.webp 750w, https:\/\/www.eggmachinery.com\/wp-content\/uploads\/Egg-boiling-and-peeling-processing-line-5_WH_750x750px-300x300.webp 300w, https:\/\/www.eggmachinery.com\/wp-content\/uploads\/Egg-boiling-and-peeling-processing-line-5_WH_750x750px-150x150.webp 150w, https:\/\/www.eggmachinery.com\/wp-content\/uploads\/Egg-boiling-and-peeling-processing-line-5_WH_750x750px-600x600.webp 600w, https:\/\/www.eggmachinery.com\/wp-content\/uploads\/Egg-boiling-and-peeling-processing-line-5_WH_750x750px-100x100.webp 100w\" sizes=\"(max-width: 750px) 100vw, 750px\" \/><figcaption id=\"caption-attachment-3954\" class=\"wp-caption-text\">Egg boiling and peeling processing line<\/figcaption><\/figure>\n<figure id=\"attachment_3955\" aria-describedby=\"caption-attachment-3955\" style=\"width: 750px\" class=\"wp-caption alignnone\"><img decoding=\"async\" loading=\"lazy\" class=\"size-full wp-image-3955\" src=\"https:\/\/www.eggmachinery.com\/wp-content\/uploads\/Egg-boiling-and-peeling-processing-line-6_WH_750x750px.webp\" alt=\"Egg boiling and peeling processing line\" width=\"750\" height=\"750\" srcset=\"https:\/\/www.eggmachinery.com\/wp-content\/uploads\/Egg-boiling-and-peeling-processing-line-6_WH_750x750px.webp 750w, https:\/\/www.eggmachinery.com\/wp-content\/uploads\/Egg-boiling-and-peeling-processing-line-6_WH_750x750px-300x300.webp 300w, https:\/\/www.eggmachinery.com\/wp-content\/uploads\/Egg-boiling-and-peeling-processing-line-6_WH_750x750px-150x150.webp 150w, https:\/\/www.eggmachinery.com\/wp-content\/uploads\/Egg-boiling-and-peeling-processing-line-6_WH_750x750px-600x600.webp 600w, https:\/\/www.eggmachinery.com\/wp-content\/uploads\/Egg-boiling-and-peeling-processing-line-6_WH_750x750px-100x100.webp 100w\" sizes=\"(max-width: 750px) 100vw, 750px\" \/><figcaption id=\"caption-attachment-3955\" class=\"wp-caption-text\">Egg boiling and peeling processing line<\/figcaption><\/figure>\n<figure id=\"attachment_3951\" aria-describedby=\"caption-attachment-3951\" style=\"width: 750px\" class=\"wp-caption alignnone\"><img decoding=\"async\" loading=\"lazy\" class=\"size-full wp-image-3951\" src=\"https:\/\/www.eggmachinery.com\/wp-content\/uploads\/Egg-boiling-and-peeling-processing-line-2_WH_750x750px.webp\" alt=\"Egg boiling and peeling processing line\" width=\"750\" height=\"750\" srcset=\"https:\/\/www.eggmachinery.com\/wp-content\/uploads\/Egg-boiling-and-peeling-processing-line-2_WH_750x750px.webp 750w, https:\/\/www.eggmachinery.com\/wp-content\/uploads\/Egg-boiling-and-peeling-processing-line-2_WH_750x750px-300x300.webp 300w, https:\/\/www.eggmachinery.com\/wp-content\/uploads\/Egg-boiling-and-peeling-processing-line-2_WH_750x750px-150x150.webp 150w, https:\/\/www.eggmachinery.com\/wp-content\/uploads\/Egg-boiling-and-peeling-processing-line-2_WH_750x750px-600x600.webp 600w, https:\/\/www.eggmachinery.com\/wp-content\/uploads\/Egg-boiling-and-peeling-processing-line-2_WH_750x750px-100x100.webp 100w\" sizes=\"(max-width: 750px) 100vw, 750px\" \/><figcaption id=\"caption-attachment-3951\" class=\"wp-caption-text\">Egg boiling and peeling processing line<\/figcaption><\/figure>\n<figure id=\"attachment_3957\" aria-describedby=\"caption-attachment-3957\" style=\"width: 750px\" class=\"wp-caption alignnone\"><img decoding=\"async\" loading=\"lazy\" class=\"size-full wp-image-3957\" src=\"https:\/\/www.eggmachinery.com\/wp-content\/uploads\/Egg-boiling-and-peeling-processing-line-9_WH_750x750px.webp\" alt=\"Egg boiling and peeling processing line\" width=\"750\" height=\"750\" srcset=\"https:\/\/www.eggmachinery.com\/wp-content\/uploads\/Egg-boiling-and-peeling-processing-line-9_WH_750x750px.webp 750w, https:\/\/www.eggmachinery.com\/wp-content\/uploads\/Egg-boiling-and-peeling-processing-line-9_WH_750x750px-300x300.webp 300w, https:\/\/www.eggmachinery.com\/wp-content\/uploads\/Egg-boiling-and-peeling-processing-line-9_WH_750x750px-150x150.webp 150w, https:\/\/www.eggmachinery.com\/wp-content\/uploads\/Egg-boiling-and-peeling-processing-line-9_WH_750x750px-600x600.webp 600w, https:\/\/www.eggmachinery.com\/wp-content\/uploads\/Egg-boiling-and-peeling-processing-line-9_WH_750x750px-100x100.webp 100w\" sizes=\"(max-width: 750px) 100vw, 750px\" \/><figcaption id=\"caption-attachment-3957\" class=\"wp-caption-text\">Egg boiling and peeling processing line<\/figcaption><\/figure>","protected":false},"excerpt":{"rendered":"<p>Yumurta \u015eirketi ve G\u0131da \u0130\u015fleme Tesisi i\u00e7in 20.000 Yumurta \/ H Sert Ha\u015flanm\u0131\u015f Yumurta \u0130\u015fleme Makinesi Tesisi<\/p>","protected":false},"featured_media":3953,"template":"","meta":{"_seopress_robots_primary_cat":"none"},"product_cat":[25],"product_tag":[],"featured_image_urls":{"full":["https:\/\/www.eggmachinery.com\/wp-content\/uploads\/Egg-boiling-and-peeling-processing-line-4_WH_750x750px.webp",750,750,false],"thumbnail":["https:\/\/www.eggmachinery.com\/wp-content\/uploads\/Egg-boiling-and-peeling-processing-line-4_WH_750x750px-150x150.webp",150,150,true],"medium":["https:\/\/www.eggmachinery.com\/wp-content\/uploads\/Egg-boiling-and-peeling-processing-line-4_WH_750x750px-300x300.webp",300,300,true],"medium_large":["https:\/\/www.eggmachinery.com\/wp-content\/uploads\/Egg-boiling-and-peeling-processing-line-4_WH_750x750px.webp",750,750,false],"large":["https:\/\/www.eggmachinery.com\/wp-content\/uploads\/Egg-boiling-and-peeling-processing-line-4_WH_750x750px.webp",750,750,false],"1536x1536":["https:\/\/www.eggmachinery.com\/wp-content\/uploads\/Egg-boiling-and-peeling-processing-line-4_WH_750x750px.webp",750,750,false],"2048x2048":["https:\/\/www.eggmachinery.com\/wp-content\/uploads\/Egg-boiling-and-peeling-processing-line-4_WH_750x750px.webp",750,750,false],"trp-custom-language-flag":["https:\/\/www.eggmachinery.com\/wp-content\/uploads\/Egg-boiling-and-peeling-processing-line-4_WH_750x750px.webp",12,12,false],"woocommerce_thumbnail":["https:\/\/www.eggmachinery.com\/wp-content\/uploads\/Egg-boiling-and-peeling-processing-line-4_WH_750x750px-300x300.webp",300,300,true],"woocommerce_single":["https:\/\/www.eggmachinery.com\/wp-content\/uploads\/Egg-boiling-and-peeling-processing-line-4_WH_750x750px-600x600.webp",600,600,true],"woocommerce_gallery_thumbnail":["https:\/\/www.eggmachinery.com\/wp-content\/uploads\/Egg-boiling-and-peeling-processing-line-4_WH_750x750px-100x100.webp",100,100,true]},"post_excerpt_stackable":"<p>20.000eggs\/H Hard Boiled Egg Processing Machine Plant for Egg Company and Food Process Facotry<\/p>\n","category_list":"","author_info":{"name":"","url":""},"comments_num":"0 comments","_links":{"self":[{"href":"https:\/\/www.eggmachinery.com\/tr\/wp-json\/wp\/v2\/product\/3947"}],"collection":[{"href":"https:\/\/www.eggmachinery.com\/tr\/wp-json\/wp\/v2\/product"}],"about":[{"href":"https:\/\/www.eggmachinery.com\/tr\/wp-json\/wp\/v2\/types\/product"}],"wp:featuredmedia":[{"embeddable":true,"href":"https:\/\/www.eggmachinery.com\/tr\/wp-json\/wp\/v2\/media\/3953"}],"wp:attachment":[{"href":"https:\/\/www.eggmachinery.com\/tr\/wp-json\/wp\/v2\/media?parent=3947"}],"wp:term":[{"taxonomy":"product_cat","embeddable":true,"href":"https:\/\/www.eggmachinery.com\/tr\/wp-json\/wp\/v2\/product_cat?post=3947"},{"taxonomy":"product_tag","embeddable":true,"href":"https:\/\/www.eggmachinery.com\/tr\/wp-json\/wp\/v2\/product_tag?post=3947"}],"curies":[{"name":"wp","href":"https:\/\/api.w.org\/{rel}","templated":true}]}}