{"id":814,"date":"2023-11-12T17:11:39","date_gmt":"2023-11-12T09:11:39","guid":{"rendered":"https:\/\/eggmachinery.com\/?post_type=product&#038;p=814"},"modified":"2023-11-13T15:40:57","modified_gmt":"2023-11-13T07:40:57","slug":"chicken-egg-peeling-machine","status":"publish","type":"product","link":"https:\/\/www.eggmachinery.com\/tr\/urun\/chicken-egg-peeling-machine\/","title":{"rendered":"Tavuk Yumurtas\u0131 Soyma Makinesi"},"content":{"rendered":"<p><iframe loading=\"lazy\" title=\"ha\u015flanm\u0131\u015f yumurta soyma makinesi\" width=\"1290\" height=\"726\" src=\"https:\/\/www.youtube.com\/embed\/KxkGkDqIml8?feature=oembed\" frameborder=\"0\" allow=\"accelerometer; autoplay; clipboard-write; encrypted-media; gyroscope; picture-in-picture; web-share\" allowfullscreen><\/iframe><\/p>\n<p>&nbsp;<\/p>\n<h2><strong><b>The Chicken Egg Peeling Machine\u00a0 Product Description<\/b><\/strong><\/h2>\n<p><a href=\"https:\/\/www.eggmachinery.com\/tr\/urun\/hard-boiled-egg-peeler\/\">The chicken egg peeling machine<\/a> is a special equipment for peeling hard cooked chicken eggs, suitable for egg processing users. This egg peeling machine adopts rubber rollers and strong water impact, which greatly reduces egg damage rate. Its structure is very exquisite, imitating the artificial rubbing of eggs, the effect is best. The peeling rate can reach 98.5%, and the final peeled eggs are smooth and beautiful.<\/p>\n<p>&nbsp;<\/p>\n<h2><strong><b>The Chicken Egg Peeling Machine Features<\/b><\/strong><\/h2>\n<p>1. The egg peeling machine imitates the artificial rubbing eggs, it is easy to peel off the egg shell.<\/p>\n<p>2.It has the best peeling effect and will not damage the egg surface. The peeled eggs are smooth and beautiful.<\/p>\n<p>3.The machine is made of full 304 stainless steel, durable and hygeian, easy to clean.<br \/>\n4. This <a href=\"https:\/\/www.eggmachinery.com\/tr\/urun\/hard-boiled-egg-peeling-machine\/\">yumurta soyma maki\u0307nesi\u0307<\/a> includes feeding, shelling, peeling and discharge, automatic operation, save labor.<br \/>\n5. It adopts rubber rollers and strong water impact, which greatly reduces egg damage rate.<br \/>\n6. Large capacity,5k, 8 k and 10 k eggs\/hour are available, suitable for food factory, restaurant, etc.<br \/>\n7. Water circulating tank, save water and cost.<\/p>\n<p>&nbsp;<\/p>\n<h3><strong><b>The Chicken Egg Peeling Machine Characteristic<\/b><\/strong><\/h3>\n<p>1.Special machine for shelling egg , high efficiency, low breakage rate.<br \/>\n2.Fully made of 304 stainless steel, comply to hygienic standard.<br \/>\n3.Adopt water recycling system, energy saving.<br \/>\n4.More than 98% peeling rate, 0.2% damage rate.<br \/>\n5.Special design , compact structure , smooth surface, no scuffing on eggs.<br \/>\n6.Suitable for manufactures of boiled egg, spiced corned eggs, iron egg and red painted egg products .<\/p>\n<p>&nbsp;<\/p>\n<p><strong><b>\u00a0<\/b><\/strong><\/p>\n<h3><strong><b>Working flow of Chicken Egg Peeling Machine<\/b><\/strong><\/h3>\n<p>Put all the boiled eggs in the water feeding tank for cooling;<br \/>\nConveying cooled eggs automatically into shell cracking part;<br \/>\nShelling part: break eggshell without damage the eggs;<br \/>\nPeeling part: Remove the cracked shell under water shower and imported latex tubing;<\/p>\n<p>Collecting conveyor will collect the peeled eggs and pick up the bad ones.<\/p>","protected":false},"excerpt":{"rendered":"<p>The chicken egg peeling machine is a special equipment for peeling hard cooked chicken eggs, suitable for egg processing users. This egg peeling machine adopts rubber rollers and strong water impact, which greatly reduces egg damage rate.<\/p>","protected":false},"featured_media":815,"template":"","meta":{"_seopress_robots_primary_cat":"none"},"product_cat":[19],"product_tag":[],"featured_image_urls":{"full":["https:\/\/www.eggmachinery.com\/wp-content\/uploads\/2023\/03\/egg-shell-peeling-machine.webp",820,680,false],"thumbnail":["https:\/\/www.eggmachinery.com\/wp-content\/uploads\/2023\/03\/egg-shell-peeling-machine-150x150.webp",150,150,true],"medium":["https:\/\/www.eggmachinery.com\/wp-content\/uploads\/2023\/03\/egg-shell-peeling-machine-300x249.webp",300,249,true],"medium_large":["https:\/\/www.eggmachinery.com\/wp-content\/uploads\/2023\/03\/egg-shell-peeling-machine-768x637.webp",768,637,true],"large":["https:\/\/www.eggmachinery.com\/wp-content\/uploads\/2023\/03\/egg-shell-peeling-machine.webp",820,680,false],"1536x1536":["https:\/\/www.eggmachinery.com\/wp-content\/uploads\/2023\/03\/egg-shell-peeling-machine.webp",820,680,false],"2048x2048":["https:\/\/www.eggmachinery.com\/wp-content\/uploads\/2023\/03\/egg-shell-peeling-machine.webp",820,680,false],"trp-custom-language-flag":["https:\/\/www.eggmachinery.com\/wp-content\/uploads\/2023\/03\/egg-shell-peeling-machine.webp",14,12,false],"woocommerce_thumbnail":["https:\/\/www.eggmachinery.com\/wp-content\/uploads\/2023\/03\/egg-shell-peeling-machine-300x249.webp",300,249,true],"woocommerce_single":["https:\/\/www.eggmachinery.com\/wp-content\/uploads\/2023\/03\/egg-shell-peeling-machine-600x498.webp",600,498,true],"woocommerce_gallery_thumbnail":["https:\/\/www.eggmachinery.com\/wp-content\/uploads\/2023\/03\/egg-shell-peeling-machine-100x100.webp",100,100,true]},"post_excerpt_stackable":"<p>The chicken egg peeling machine is a special equipment for peeling hard cooked chicken eggs, suitable for egg processing users. This egg peeling machine adopts rubber rollers and strong water impact, which greatly reduces egg damage rate.<\/p>\n","category_list":"","author_info":{"name":"","url":""},"comments_num":"0 comments","_links":{"self":[{"href":"https:\/\/www.eggmachinery.com\/tr\/wp-json\/wp\/v2\/product\/814"}],"collection":[{"href":"https:\/\/www.eggmachinery.com\/tr\/wp-json\/wp\/v2\/product"}],"about":[{"href":"https:\/\/www.eggmachinery.com\/tr\/wp-json\/wp\/v2\/types\/product"}],"wp:featuredmedia":[{"embeddable":true,"href":"https:\/\/www.eggmachinery.com\/tr\/wp-json\/wp\/v2\/media\/815"}],"wp:attachment":[{"href":"https:\/\/www.eggmachinery.com\/tr\/wp-json\/wp\/v2\/media?parent=814"}],"wp:term":[{"taxonomy":"product_cat","embeddable":true,"href":"https:\/\/www.eggmachinery.com\/tr\/wp-json\/wp\/v2\/product_cat?post=814"},{"taxonomy":"product_tag","embeddable":true,"href":"https:\/\/www.eggmachinery.com\/tr\/wp-json\/wp\/v2\/product_tag?post=814"}],"curies":[{"name":"wp","href":"https:\/\/api.w.org\/{rel}","templated":true}]}}